{"id":2518,"date":"2022-12-07T09:10:13","date_gmt":"2022-12-07T09:10:13","guid":{"rendered":"https:\/\/www.metalwireforms.com\/?post_type=product&#038;p=2518"},"modified":"2022-12-07T09:14:22","modified_gmt":"2022-12-07T09:14:22","slug":"custom-services-steel-wire-forming-mobile-phone-holder","status":"publish","type":"product","link":"https:\/\/www.metalwireforms.com\/es\/producto\/custom-services-steel-wire-forming-mobile-phone-holder","title":{"rendered":"Servicios a medida Conformado de alambre de acero Soporte para tel\u00e9fono m\u00f3vil"},"content":{"rendered":"<figure id=\"attachment_2523\" aria-describedby=\"caption-attachment-2523\" style=\"width: 1000px\" class=\"wp-caption alignnone\"><img fetchpriority=\"high\" decoding=\"async\" class=\"size-full wp-image-2523\" src=\"https:\/\/www.metalwireforms.com\/wp-content\/uploads\/2022\/12\/steel-wire-bracket-7.jpg\" alt=\"soporte de alambre de acero (7)\" width=\"1000\" height=\"563\" srcset=\"https:\/\/www.metalwireforms.com\/wp-content\/uploads\/2022\/12\/steel-wire-bracket-7.jpg 1000w, https:\/\/www.metalwireforms.com\/wp-content\/uploads\/2022\/12\/steel-wire-bracket-7-300x169.jpg 300w, https:\/\/www.metalwireforms.com\/wp-content\/uploads\/2022\/12\/steel-wire-bracket-7-150x84.jpg 150w, https:\/\/www.metalwireforms.com\/wp-content\/uploads\/2022\/12\/steel-wire-bracket-7-768x432.jpg 768w, https:\/\/www.metalwireforms.com\/wp-content\/uploads\/2022\/12\/steel-wire-bracket-7-18x10.jpg 18w, https:\/\/www.metalwireforms.com\/wp-content\/uploads\/2022\/12\/steel-wire-bracket-7-800x450.jpg 800w, https:\/\/www.metalwireforms.com\/wp-content\/uploads\/2022\/12\/steel-wire-bracket-7-600x338.jpg 600w\" sizes=\"(max-width: 1000px) 100vw, 1000px\" \/><figcaption id=\"caption-attachment-2523\" class=\"wp-caption-text\">soporte de alambre de acero (7)<\/figcaption><\/figure>\n<h3>Caracter\u00edstica<\/h3>\n<p>Nuestra m\u00e1quina dobladora de alambre met\u00e1lico CNC est\u00e1 especializada en la producci\u00f3n de varias piezas dobladoras de metal bidimensionales y tridimensionales, con alta precisi\u00f3n de m\u00e1quina y producci\u00f3n estable. Adopta un servomotor de marca japonesa y un sistema de control de alta calidad. La operaci\u00f3n es conveniente y r\u00e1pida.<\/p>\n<h3>M\u00e1quina<\/h3>\n<p>1. Durante el procesamiento, la torsi\u00f3n interna de la m\u00e1quina no se puede subir ni bajar, mientras que la torsi\u00f3n externa se puede subir o bajar por separado a izquierda y derecha para el procesamiento. 2. El alambr\u00f3n no puede retirarse de la ranura de doblado, y la torsi\u00f3n interna puede utilizarse como ranura de doblado de doble capa o clavo de doblado, lo que resulta m\u00e1s r\u00e1pido y estable.<br \/>\n2. El cabezal de torsi\u00f3n puede desplazarse de izquierda a derecha en su conjunto. 3. La torsi\u00f3n interna se puede procesar exc\u00e9ntricamente, y el muelle de torsi\u00f3n se puede procesar. Se pueden utilizar \u00e1ngulos R cada vez m\u00e1s flexibles.<br \/>\n3. El cortador puede moverse hacia delante y hacia atr\u00e1s. El cortador puede moverse hacia adelante y hacia atr\u00e1s, por lo que es m\u00e1s r\u00e1pido y estable cuando procesa productos cortos. Al procesar productos largos, tiene m\u00e1s espacio para retroceder hacia atr\u00e1s, de modo que los productos no toquen el cortador.<br \/>\n4. Se utilizan 3-4 pares de alimentador de alambre, y el motor del alimentador de alambre se fija en la base inferior para reducir el peso de la caja del alimentador de alambre, de modo que el alambre gira m\u00e1s r\u00e1pido, m\u00e1s ligero, y el \u00e1ngulo es m\u00e1s preciso y estable.<\/p>","protected":false},"excerpt":{"rendered":"<p>El alambre que forma los productos de hardware producidos por nuestra f\u00e1brica son ampliamente utilizados en autom\u00f3viles, maquinaria, refrigeraci\u00f3n, barcos, locomotoras, aeroespacial, control de voz, iluminaci\u00f3n, comunicaciones, regalos, electr\u00f3nica, juguetes, hogar, seguridad, artes de pesca, joyer\u00eda, fotoel\u00e9ctrica, aparatos el\u00e9ctricos, instrumentaci\u00f3n, detecci\u00f3n de la investigaci\u00f3n militar y otros campos.<\/p>","protected":false},"featured_media":2519,"template":"","meta":{"ocean_post_layout":"","ocean_both_sidebars_style":"","ocean_both_sidebars_content_width":0,"ocean_both_sidebars_sidebars_width":0,"ocean_sidebar":"0","ocean_second_sidebar":"0","ocean_disable_margins":"enable","ocean_add_body_class":"","ocean_shortcode_before_top_bar":"","ocean_shortcode_after_top_bar":"","ocean_shortcode_before_header":"","ocean_shortcode_after_header":"","ocean_has_shortcode":"","ocean_shortcode_after_title":"","ocean_shortcode_before_footer_widgets":"","ocean_shortcode_after_footer_widgets":"","ocean_shortcode_before_footer_bottom":"","ocean_shortcode_after_footer_bottom":"","ocean_display_top_bar":"default","ocean_display_header":"default","ocean_header_style":"","ocean_center_header_left_menu":"0","ocean_custom_header_template":"0","ocean_custom_logo":0,"ocean_custom_retina_logo":0,"ocean_custom_logo_max_width":0,"ocean_custom_logo_tablet_max_width":0,"ocean_custom_logo_mobile_max_width":0,"ocean_custom_logo_max_height":0,"ocean_custom_logo_tablet_max_height":0,"ocean_custom_logo_mobile_max_height":0,"ocean_header_custom_menu":"0","ocean_menu_typo_font_family":"0","ocean_menu_typo_font_subset":"","ocean_menu_typo_font_size":0,"ocean_menu_typo_font_size_tablet":0,"ocean_menu_typo_font_size_mobile":0,"ocean_menu_typo_font_size_unit":"px","ocean_menu_typo_font_weight":"","ocean_menu_typo_font_weight_tablet":"","ocean_menu_typo_font_weight_mobile":"","ocean_menu_typo_transform":"","ocean_menu_typo_transform_tablet":"","ocean_menu_typo_transform_mobile":"","ocean_menu_typo_line_height":0,"ocean_menu_typo_line_height_tablet":0,"ocean_menu_typo_line_height_mobile":0,"ocean_menu_typo_line_height_unit":"","ocean_menu_typo_spacing":0,"ocean_menu_typo_spacing_tablet":0,"ocean_menu_typo_spacing_mobile":0,"ocean_menu_typo_spacing_unit":"","ocean_menu_link_color":"","ocean_menu_link_color_hover":"","ocean_menu_link_color_active":"","ocean_menu_link_background":"","ocean_menu_link_hover_background":"","ocean_menu_link_active_background":"","ocean_menu_social_links_bg":"","ocean_menu_social_hover_links_bg":"","ocean_menu_social_links_color":"","ocean_menu_social_hover_links_color":"","ocean_disable_title":"default","ocean_disable_heading":"default","ocean_post_title":"","ocean_post_subheading":"","ocean_post_title_style":"","ocean_post_title_background_color":"","ocean_post_title_background":0,"ocean_post_title_bg_image_position":"","ocean_post_title_bg_image_attachment":"","ocean_post_title_bg_image_repeat":"","ocean_post_title_bg_image_size":"","ocean_post_title_height":0,"ocean_post_title_bg_overlay":0.5,"ocean_post_title_bg_overlay_color":"","ocean_disable_breadcrumbs":"default","ocean_breadcrumbs_color":"","ocean_breadcrumbs_separator_color":"","ocean_breadcrumbs_links_color":"","ocean_breadcrumbs_links_hover_color":"","ocean_display_footer_widgets":"default","ocean_display_footer_bottom":"default","ocean_custom_footer_template":"0","ofc_meta_disable_footer_callout":"","ofc_meta_callout_button_url":"","ofc_meta_callout_button_txt":"","ofc_meta_callout_text":"","osh_disable_topbar_sticky":"default","osh_disable_header_sticky":"default","osh_sticky_header_style":"default","osh_sticky_header_effect":"","osh_custom_sticky_logo":0,"osh_custom_retina_sticky_logo":0,"osh_custom_sticky_logo_height":0,"osh_background_color":"","osh_links_color":"","osh_links_hover_color":"","osh_links_active_color":"","osh_links_bg_color":"","osh_links_hover_bg_color":"","osh_links_active_bg_color":"","osh_menu_social_links_color":"","osh_menu_social_hover_links_color":""},"product_brand":[],"product_cat":[35,147],"product_tag":[214,211,212],"class_list":{"0":"post-2518","1":"product","2":"type-product","3":"status-publish","4":"has-post-thumbnail","6":"product_cat-custom-wire-brackets","7":"product_cat-custom-wire-forms","8":"product_tag-phone-holder","9":"product_tag-wire-forming-bracket","10":"product_tag-wire-steel-bracket","12":"entry","13":"has-media","15":"first","16":"instock","17":"shipping-taxable","18":"product-type-external","19":"col","20":"span_1_of_3","21":"owp-content-center","22":"owp-thumbs-layout-horizontal","23":"owp-btn-very-big","24":"owp-tabs-layout-horizontal","25":"circle-sale"},"_links":{"self":[{"href":"https:\/\/www.metalwireforms.com\/es\/wp-json\/wp\/v2\/product\/2518","targetHints":{"allow":["GET"]}}],"collection":[{"href":"https:\/\/www.metalwireforms.com\/es\/wp-json\/wp\/v2\/product"}],"about":[{"href":"https:\/\/www.metalwireforms.com\/es\/wp-json\/wp\/v2\/types\/product"}],"version-history":[{"count":1,"href":"https:\/\/www.metalwireforms.com\/es\/wp-json\/wp\/v2\/product\/2518\/revisions"}],"predecessor-version":[{"id":2524,"href":"https:\/\/www.metalwireforms.com\/es\/wp-json\/wp\/v2\/product\/2518\/revisions\/2524"}],"wp:featuredmedia":[{"embeddable":true,"href":"https:\/\/www.metalwireforms.com\/es\/wp-json\/wp\/v2\/media\/2519"}],"wp:attachment":[{"href":"https:\/\/www.metalwireforms.com\/es\/wp-json\/wp\/v2\/media?parent=2518"}],"wp:term":[{"taxonomy":"product_brand","embeddable":true,"href":"https:\/\/www.metalwireforms.com\/es\/wp-json\/wp\/v2\/product_brand?post=2518"},{"taxonomy":"product_cat","embeddable":true,"href":"https:\/\/www.metalwireforms.com\/es\/wp-json\/wp\/v2\/product_cat?post=2518"},{"taxonomy":"product_tag","embeddable":true,"href":"https:\/\/www.metalwireforms.com\/es\/wp-json\/wp\/v2\/product_tag?post=2518"}],"curies":[{"name":"wp","href":"https:\/\/api.w.org\/{rel}","templated":true}]}}