{"id":2506,"date":"2022-12-02T09:19:09","date_gmt":"2022-12-02T09:19:09","guid":{"rendered":"https:\/\/www.metalwireforms.com\/?post_type=product&#038;p=2506"},"modified":"2022-12-02T09:27:31","modified_gmt":"2022-12-02T09:27:31","slug":"custom-metal-wire-crafts-stainless-wire-forming-parts","status":"publish","type":"product","link":"https:\/\/www.metalwireforms.com\/es\/producto\/custom-metal-wire-crafts-stainless-wire-forming-parts","title":{"rendered":"Artesan\u00eda de alambre met\u00e1lico a medida Piezas de conformaci\u00f3n de alambre inoxidable"},"content":{"rendered":"<figure id=\"attachment_2489\" aria-describedby=\"caption-attachment-2489\" style=\"width: 1000px\" class=\"wp-caption alignnone\"><img fetchpriority=\"high\" decoding=\"async\" class=\"size-full wp-image-2489\" src=\"https:\/\/www.metalwireforms.com\/wp-content\/uploads\/2022\/11\/Wire-Forming-Crafts-5.jpg\" alt=\"Manualidades con alambre (5)\" width=\"1000\" height=\"563\" srcset=\"https:\/\/www.metalwireforms.com\/wp-content\/uploads\/2022\/11\/Wire-Forming-Crafts-5.jpg 1000w, https:\/\/www.metalwireforms.com\/wp-content\/uploads\/2022\/11\/Wire-Forming-Crafts-5-300x169.jpg 300w, https:\/\/www.metalwireforms.com\/wp-content\/uploads\/2022\/11\/Wire-Forming-Crafts-5-150x84.jpg 150w, https:\/\/www.metalwireforms.com\/wp-content\/uploads\/2022\/11\/Wire-Forming-Crafts-5-768x432.jpg 768w, https:\/\/www.metalwireforms.com\/wp-content\/uploads\/2022\/11\/Wire-Forming-Crafts-5-18x10.jpg 18w, https:\/\/www.metalwireforms.com\/wp-content\/uploads\/2022\/11\/Wire-Forming-Crafts-5-800x450.jpg 800w, https:\/\/www.metalwireforms.com\/wp-content\/uploads\/2022\/11\/Wire-Forming-Crafts-5-600x338.jpg 600w\" sizes=\"(max-width: 1000px) 100vw, 1000px\" \/><figcaption id=\"caption-attachment-2489\" class=\"wp-caption-text\">Manualidades con alambre (5)<\/figcaption><\/figure>\n<h3>Caracter\u00edstica<\/h3>\n<p>Las artesan\u00edas de alambre met\u00e1lico est\u00e1n hechas de materiales de alta calidad, fabricadas estrictamente, resistentes a las altas temperaturas y a la oxidaci\u00f3n, y pueden conservarse en buen estado durante mucho tiempo.<br \/>\nEl alambre de acero tiene un buen rendimiento en el tratamiento de superficies, una estructura estable, un color brillante, no es f\u00e1cil de oxidar y tiene un tacto suave.<br \/>\nHay varios tipos de artesan\u00edas de formaci\u00f3n de alambre, y apoyan la personalizaci\u00f3n. Bienvenido a procesar y personalizar con dibujos y muestras.<br \/>\nMejoramos constantemente los equipos de producci\u00f3n para garantizar la buena calidad de los productos, los bajos costes de producci\u00f3n, la rapidez de entrega y ofrecer a los clientes servicios considerados. Todos nuestros productos cumplen las normas internacionales de calidad y son muy elogiados en diversos mercados de todo el mundo.<\/p>\n<h3>Ventajas<\/h3>\n<p>Somos una empresa especializada en la conformaci\u00f3n de productos de alambre met\u00e1lico, tubo de hierro y acero inoxidable. Podemos fabricar componentes de soldadura como apliques de luz, estanter\u00edas de exposici\u00f3n, productos a prueba de explosiones, soportes en codo, relojes de hierro, estanter\u00edas, cestas de fruta, perchas para joyas, y diversos productos met\u00e1licos como accesorios de potencia de estampaci\u00f3n, soportes en forma de U, estanter\u00edas plegables. La f\u00e1brica puede aplicar diversos procesos de producci\u00f3n, como doblado, plegado, punzonado, encabezado, soldadura en hilera, soldadura por arco de arg\u00f3n, soldadura por puntos y soldadura de protecci\u00f3n.<\/p>","protected":false},"excerpt":{"rendered":"<p>Para los productos de conformado de alambre no est\u00e1ndar, los clientes deben proporcionarnos dibujos o muestras del producto. El tiempo para hacer muestras se determina en base a la dificultad del proceso de producci\u00f3n de sus dibujos. Si es simple, por lo general podemos hacer muestras dentro de 2 d\u00edas de acuerdo a sus requerimientos.<\/p>","protected":false},"featured_media":2512,"template":"","meta":{"ocean_post_layout":"","ocean_both_sidebars_style":"","ocean_both_sidebars_content_width":0,"ocean_both_sidebars_sidebars_width":0,"ocean_sidebar":"0","ocean_second_sidebar":"0","ocean_disable_margins":"enable","ocean_add_body_class":"","ocean_shortcode_before_top_bar":"","ocean_shortcode_after_top_bar":"","ocean_shortcode_before_header":"","ocean_shortcode_after_header":"","ocean_has_shortcode":"","ocean_shortcode_after_title":"","ocean_shortcode_before_footer_widgets":"","ocean_shortcode_after_footer_widgets":"","ocean_shortcode_before_footer_bottom":"","ocean_shortcode_after_footer_bottom":"","ocean_display_top_bar":"default","ocean_display_header":"default","ocean_header_style":"","ocean_center_header_left_menu":"0","ocean_custom_header_template":"0","ocean_custom_logo":0,"ocean_custom_retina_logo":0,"ocean_custom_logo_max_width":0,"ocean_custom_logo_tablet_max_width":0,"ocean_custom_logo_mobile_max_width":0,"ocean_custom_logo_max_height":0,"ocean_custom_logo_tablet_max_height":0,"ocean_custom_logo_mobile_max_height":0,"ocean_header_custom_menu":"0","ocean_menu_typo_font_family":"0","ocean_menu_typo_font_subset":"","ocean_menu_typo_font_size":0,"ocean_menu_typo_font_size_tablet":0,"ocean_menu_typo_font_size_mobile":0,"ocean_menu_typo_font_size_unit":"px","ocean_menu_typo_font_weight":"","ocean_menu_typo_font_weight_tablet":"","ocean_menu_typo_font_weight_mobile":"","ocean_menu_typo_transform":"","ocean_menu_typo_transform_tablet":"","ocean_menu_typo_transform_mobile":"","ocean_menu_typo_line_height":0,"ocean_menu_typo_line_height_tablet":0,"ocean_menu_typo_line_height_mobile":0,"ocean_menu_typo_line_height_unit":"","ocean_menu_typo_spacing":0,"ocean_menu_typo_spacing_tablet":0,"ocean_menu_typo_spacing_mobile":0,"ocean_menu_typo_spacing_unit":"","ocean_menu_link_color":"","ocean_menu_link_color_hover":"","ocean_menu_link_color_active":"","ocean_menu_link_background":"","ocean_menu_link_hover_background":"","ocean_menu_link_active_background":"","ocean_menu_social_links_bg":"","ocean_menu_social_hover_links_bg":"","ocean_menu_social_links_color":"","ocean_menu_social_hover_links_color":"","ocean_disable_title":"default","ocean_disable_heading":"default","ocean_post_title":"","ocean_post_subheading":"","ocean_post_title_style":"","ocean_post_title_background_color":"","ocean_post_title_background":0,"ocean_post_title_bg_image_position":"","ocean_post_title_bg_image_attachment":"","ocean_post_title_bg_image_repeat":"","ocean_post_title_bg_image_size":"","ocean_post_title_height":0,"ocean_post_title_bg_overlay":0.5,"ocean_post_title_bg_overlay_color":"","ocean_disable_breadcrumbs":"default","ocean_breadcrumbs_color":"","ocean_breadcrumbs_separator_color":"","ocean_breadcrumbs_links_color":"","ocean_breadcrumbs_links_hover_color":"","ocean_display_footer_widgets":"default","ocean_display_footer_bottom":"default","ocean_custom_footer_template":"0","ofc_meta_disable_footer_callout":"","ofc_meta_callout_button_url":"","ofc_meta_callout_button_txt":"","ofc_meta_callout_text":"","osh_disable_topbar_sticky":"default","osh_disable_header_sticky":"default","osh_sticky_header_style":"default","osh_sticky_header_effect":"","osh_custom_sticky_logo":0,"osh_custom_retina_sticky_logo":0,"osh_custom_sticky_logo_height":0,"osh_background_color":"","osh_links_color":"","osh_links_hover_color":"","osh_links_active_color":"","osh_links_bg_color":"","osh_links_hover_bg_color":"","osh_links_active_bg_color":"","osh_menu_social_links_color":"","osh_menu_social_hover_links_color":""},"product_brand":[],"product_cat":[147,156],"product_tag":[213,101,102],"class_list":{"0":"post-2506","1":"product","2":"type-product","3":"status-publish","4":"has-post-thumbnail","6":"product_cat-custom-wire-forms","7":"product_cat-wire-forming-crafts","8":"product_tag-steel-wire-crafts","9":"product_tag-wire-bending","10":"product_tag-wire-forming","12":"entry","13":"has-media","15":"first","16":"instock","17":"shipping-taxable","18":"product-type-external","19":"col","20":"span_1_of_3","21":"owp-content-center","22":"owp-thumbs-layout-horizontal","23":"owp-btn-very-big","24":"owp-tabs-layout-horizontal","25":"circle-sale"},"_links":{"self":[{"href":"https:\/\/www.metalwireforms.com\/es\/wp-json\/wp\/v2\/product\/2506","targetHints":{"allow":["GET"]}}],"collection":[{"href":"https:\/\/www.metalwireforms.com\/es\/wp-json\/wp\/v2\/product"}],"about":[{"href":"https:\/\/www.metalwireforms.com\/es\/wp-json\/wp\/v2\/types\/product"}],"version-history":[{"count":3,"href":"https:\/\/www.metalwireforms.com\/es\/wp-json\/wp\/v2\/product\/2506\/revisions"}],"predecessor-version":[{"id":2513,"href":"https:\/\/www.metalwireforms.com\/es\/wp-json\/wp\/v2\/product\/2506\/revisions\/2513"}],"wp:featuredmedia":[{"embeddable":true,"href":"https:\/\/www.metalwireforms.com\/es\/wp-json\/wp\/v2\/media\/2512"}],"wp:attachment":[{"href":"https:\/\/www.metalwireforms.com\/es\/wp-json\/wp\/v2\/media?parent=2506"}],"wp:term":[{"taxonomy":"product_brand","embeddable":true,"href":"https:\/\/www.metalwireforms.com\/es\/wp-json\/wp\/v2\/product_brand?post=2506"},{"taxonomy":"product_cat","embeddable":true,"href":"https:\/\/www.metalwireforms.com\/es\/wp-json\/wp\/v2\/product_cat?post=2506"},{"taxonomy":"product_tag","embeddable":true,"href":"https:\/\/www.metalwireforms.com\/es\/wp-json\/wp\/v2\/product_tag?post=2506"}],"curies":[{"name":"wp","href":"https:\/\/api.w.org\/{rel}","templated":true}]}}