{"id":2500,"date":"2022-11-28T08:49:45","date_gmt":"2022-11-28T08:49:45","guid":{"rendered":"https:\/\/www.metalwireforms.com\/?post_type=product&#038;p=2500"},"modified":"2022-11-28T08:53:36","modified_gmt":"2022-11-28T08:53:36","slug":"custom-steel-bracket-wire-forming-bending-spring-clip","status":"publish","type":"product","link":"https:\/\/www.metalwireforms.com\/es\/producto\/custom-steel-bracket-wire-forming-bending-spring-clip","title":{"rendered":"Soporte de acero a medida que forma el alambre doblando la pinza del muelle"},"content":{"rendered":"<figure id=\"attachment_2413\" aria-describedby=\"caption-attachment-2413\" style=\"width: 1000px\" class=\"wp-caption alignnone\"><img fetchpriority=\"high\" decoding=\"async\" class=\"size-full wp-image-2413\" src=\"https:\/\/www.metalwireforms.com\/wp-content\/uploads\/2022\/10\/Electrophoretic-spring-8.jpg\" alt=\"Muelle electrofor\u00e9tico (8)\" width=\"1000\" height=\"563\" srcset=\"https:\/\/www.metalwireforms.com\/wp-content\/uploads\/2022\/10\/Electrophoretic-spring-8.jpg 1000w, https:\/\/www.metalwireforms.com\/wp-content\/uploads\/2022\/10\/Electrophoretic-spring-8-300x169.jpg 300w, https:\/\/www.metalwireforms.com\/wp-content\/uploads\/2022\/10\/Electrophoretic-spring-8-150x84.jpg 150w, https:\/\/www.metalwireforms.com\/wp-content\/uploads\/2022\/10\/Electrophoretic-spring-8-768x432.jpg 768w, https:\/\/www.metalwireforms.com\/wp-content\/uploads\/2022\/10\/Electrophoretic-spring-8-18x10.jpg 18w, https:\/\/www.metalwireforms.com\/wp-content\/uploads\/2022\/10\/Electrophoretic-spring-8-800x450.jpg 800w, https:\/\/www.metalwireforms.com\/wp-content\/uploads\/2022\/10\/Electrophoretic-spring-8-600x338.jpg 600w\" sizes=\"(max-width: 1000px) 100vw, 1000px\" \/><figcaption id=\"caption-attachment-2413\" class=\"wp-caption-text\">Muelle electrofor\u00e9tico (8)<\/figcaption><\/figure>\n<h3>Caracter\u00edstica<\/h3>\n<p>1. Material: alambre de acero inoxidable, alambre para muelles, alambre de hierro, acero para muelles, acero al carbono, barra redonda, etc.<br \/>\n2. Tama\u00f1o: La m\u00e1quina puede producir alambre de acero o barra redonda con un di\u00e1metro de 0,1-30 mm, y se pueden personalizar dibujos o muestras no est\u00e1ndar.<br \/>\n3. Tratamiento de superficies: galvanoplastia, pulido, electroforesis, pulverizaci\u00f3n de pl\u00e1sticos, etc.<br \/>\n4. Cantidad m\u00ednima de pedido: ilimitada, con una capacidad anual de 10 millones.<br \/>\n5. M\u00e1quinas de procesamiento: m\u00e1quina de muelles, prensa de muelles, m\u00e1quina herramienta CNC, punz\u00f3n, m\u00e1quina de conformado de alambre, soldadura por arco de arg\u00f3n, etc.<br \/>\n6. Uso: artesan\u00eda, juguetes, electr\u00f3nica, equipos deportivos y de fitness, autom\u00f3viles, ganchos para soportes de cocina y ba\u00f1o, accesorios de ferreter\u00eda, moldes, art\u00edculos de primera necesidad, accesorios, etc.<\/p>\n<h3>Ventajas<\/h3>\n<p>Utilizamos m\u00e1quinas avanzadas de doblado de alambre para la producci\u00f3n. La m\u00e1quina formadora de alambre CNC adopta un dise\u00f1o sin levas, con velocidad de ajuste r\u00e1pido, alta precisi\u00f3n y buena estabilidad. La m\u00e1quina dobladora adopta un servo motor Panasonic japon\u00e9s y un motor reductor Ross alem\u00e1n. El estante de alambre adopta soporte el\u00e9ctrico, que tiene alta capacidad de soporte, entrega de alambre m\u00e1s estable y depuraci\u00f3n m\u00e1s conveniente. La computadora industrial de la m\u00e1quina tiene una interfaz en chino e ingl\u00e9s, que es f\u00e1cil de operar. Un estudiante de secundaria sin ninguna experiencia de operaci\u00f3n puede programar de forma independiente y cambiar el dinero despu\u00e9s de s\u00f3lo aprender 4 horas.<br \/>\nCon la actualizaci\u00f3n t\u00e9cnica y las funciones completas, la m\u00e1quina puede completar las dificultades t\u00e9cnicas que las m\u00e1quinas de doblado de alambre CNC ordinarias y las m\u00e1quinas de resortes no pueden completar. Es aplicable a la producci\u00f3n de formaci\u00f3n de alambre de metal, resortes de doble tensi\u00f3n, resortes rectos, resortes de forma especial y piezas de autom\u00f3viles, y otros dif\u00edciles de flexi\u00f3n artesanal.<\/p>","protected":false},"excerpt":{"rendered":"<p>Destacamos en la producci\u00f3n de productos dif\u00edciles de acero inoxidable y otros productos met\u00e1licos de estampaci\u00f3n y estirado. El alambre que forma productos de hardware producidos por nuestra f\u00e1brica son ampliamente utilizados en autom\u00f3viles, maquinaria, refrigeraci\u00f3n, barcos, locomotoras, aeroespacial, control de voz, iluminaci\u00f3n, comunicaciones, regalos, electr\u00f3nica, juguetes, hogar, seguridad, artes de pesca, joyer\u00eda, fotoel\u00e9ctrica, aparatos el\u00e9ctricos, instrumentaci\u00f3n, detecci\u00f3n de la investigaci\u00f3n militar y otros campos.<\/p>","protected":false},"featured_media":2501,"template":"","meta":{"ocean_post_layout":"","ocean_both_sidebars_style":"","ocean_both_sidebars_content_width":0,"ocean_both_sidebars_sidebars_width":0,"ocean_sidebar":"0","ocean_second_sidebar":"0","ocean_disable_margins":"enable","ocean_add_body_class":"","ocean_shortcode_before_top_bar":"","ocean_shortcode_after_top_bar":"","ocean_shortcode_before_header":"","ocean_shortcode_after_header":"","ocean_has_shortcode":"","ocean_shortcode_after_title":"","ocean_shortcode_before_footer_widgets":"","ocean_shortcode_after_footer_widgets":"","ocean_shortcode_before_footer_bottom":"","ocean_shortcode_after_footer_bottom":"","ocean_display_top_bar":"default","ocean_display_header":"default","ocean_header_style":"","ocean_center_header_left_menu":"0","ocean_custom_header_template":"0","ocean_custom_logo":0,"ocean_custom_retina_logo":0,"ocean_custom_logo_max_width":0,"ocean_custom_logo_tablet_max_width":0,"ocean_custom_logo_mobile_max_width":0,"ocean_custom_logo_max_height":0,"ocean_custom_logo_tablet_max_height":0,"ocean_custom_logo_mobile_max_height":0,"ocean_header_custom_menu":"0","ocean_menu_typo_font_family":"0","ocean_menu_typo_font_subset":"","ocean_menu_typo_font_size":0,"ocean_menu_typo_font_size_tablet":0,"ocean_menu_typo_font_size_mobile":0,"ocean_menu_typo_font_size_unit":"px","ocean_menu_typo_font_weight":"","ocean_menu_typo_font_weight_tablet":"","ocean_menu_typo_font_weight_mobile":"","ocean_menu_typo_transform":"","ocean_menu_typo_transform_tablet":"","ocean_menu_typo_transform_mobile":"","ocean_menu_typo_line_height":0,"ocean_menu_typo_line_height_tablet":0,"ocean_menu_typo_line_height_mobile":0,"ocean_menu_typo_line_height_unit":"","ocean_menu_typo_spacing":0,"ocean_menu_typo_spacing_tablet":0,"ocean_menu_typo_spacing_mobile":0,"ocean_menu_typo_spacing_unit":"","ocean_menu_link_color":"","ocean_menu_link_color_hover":"","ocean_menu_link_color_active":"","ocean_menu_link_background":"","ocean_menu_link_hover_background":"","ocean_menu_link_active_background":"","ocean_menu_social_links_bg":"","ocean_menu_social_hover_links_bg":"","ocean_menu_social_links_color":"","ocean_menu_social_hover_links_color":"","ocean_disable_title":"default","ocean_disable_heading":"default","ocean_post_title":"","ocean_post_subheading":"","ocean_post_title_style":"","ocean_post_title_background_color":"","ocean_post_title_background":0,"ocean_post_title_bg_image_position":"","ocean_post_title_bg_image_attachment":"","ocean_post_title_bg_image_repeat":"","ocean_post_title_bg_image_size":"","ocean_post_title_height":0,"ocean_post_title_bg_overlay":0.5,"ocean_post_title_bg_overlay_color":"","ocean_disable_breadcrumbs":"default","ocean_breadcrumbs_color":"","ocean_breadcrumbs_separator_color":"","ocean_breadcrumbs_links_color":"","ocean_breadcrumbs_links_hover_color":"","ocean_display_footer_widgets":"default","ocean_display_footer_bottom":"default","ocean_custom_footer_template":"0","ofc_meta_disable_footer_callout":"","ofc_meta_callout_button_url":"","ofc_meta_callout_button_txt":"","ofc_meta_callout_text":"","osh_disable_topbar_sticky":"default","osh_disable_header_sticky":"default","osh_sticky_header_style":"default","osh_sticky_header_effect":"","osh_custom_sticky_logo":0,"osh_custom_retina_sticky_logo":0,"osh_custom_sticky_logo_height":0,"osh_background_color":"","osh_links_color":"","osh_links_hover_color":"","osh_links_active_color":"","osh_links_bg_color":"","osh_links_hover_bg_color":"","osh_links_active_bg_color":"","osh_menu_social_links_color":"","osh_menu_social_hover_links_color":""},"product_brand":[],"product_cat":[147,35],"product_tag":[114,211,212],"class_list":{"0":"post-2500","1":"product","2":"type-product","3":"status-publish","4":"has-post-thumbnail","6":"product_cat-custom-wire-forms","7":"product_cat-custom-wire-brackets","8":"product_tag-spring-clip","9":"product_tag-wire-forming-bracket","10":"product_tag-wire-steel-bracket","12":"entry","13":"has-media","15":"first","16":"instock","17":"shipping-taxable","18":"product-type-external","19":"col","20":"span_1_of_3","21":"owp-content-center","22":"owp-thumbs-layout-horizontal","23":"owp-btn-very-big","24":"owp-tabs-layout-horizontal","25":"circle-sale"},"_links":{"self":[{"href":"https:\/\/www.metalwireforms.com\/es\/wp-json\/wp\/v2\/product\/2500","targetHints":{"allow":["GET"]}}],"collection":[{"href":"https:\/\/www.metalwireforms.com\/es\/wp-json\/wp\/v2\/product"}],"about":[{"href":"https:\/\/www.metalwireforms.com\/es\/wp-json\/wp\/v2\/types\/product"}],"version-history":[{"count":1,"href":"https:\/\/www.metalwireforms.com\/es\/wp-json\/wp\/v2\/product\/2500\/revisions"}],"predecessor-version":[{"id":2505,"href":"https:\/\/www.metalwireforms.com\/es\/wp-json\/wp\/v2\/product\/2500\/revisions\/2505"}],"wp:featuredmedia":[{"embeddable":true,"href":"https:\/\/www.metalwireforms.com\/es\/wp-json\/wp\/v2\/media\/2501"}],"wp:attachment":[{"href":"https:\/\/www.metalwireforms.com\/es\/wp-json\/wp\/v2\/media?parent=2500"}],"wp:term":[{"taxonomy":"product_brand","embeddable":true,"href":"https:\/\/www.metalwireforms.com\/es\/wp-json\/wp\/v2\/product_brand?post=2500"},{"taxonomy":"product_cat","embeddable":true,"href":"https:\/\/www.metalwireforms.com\/es\/wp-json\/wp\/v2\/product_cat?post=2500"},{"taxonomy":"product_tag","embeddable":true,"href":"https:\/\/www.metalwireforms.com\/es\/wp-json\/wp\/v2\/product_tag?post=2500"}],"curies":[{"name":"wp","href":"https:\/\/api.w.org\/{rel}","templated":true}]}}