{"id":2467,"date":"2022-11-02T08:04:37","date_gmt":"2022-11-02T08:04:37","guid":{"rendered":"https:\/\/www.metalwireforms.com\/?post_type=product&#038;p=2467"},"modified":"2022-11-02T08:09:13","modified_gmt":"2022-11-02T08:09:13","slug":"factory-customized-3d-metal-wire-bracket-bending-forming","status":"publish","type":"product","link":"https:\/\/www.metalwireforms.com\/es\/producto\/factory-customized-3d-metal-wire-bracket-bending-forming","title":{"rendered":"F\u00e1brica personalizada 3D soporte de alambre de metal de flexi\u00f3n que forma"},"content":{"rendered":"<figure id=\"attachment_2413\" aria-describedby=\"caption-attachment-2413\" style=\"width: 1000px\" class=\"wp-caption alignnone\"><img fetchpriority=\"high\" decoding=\"async\" class=\"size-full wp-image-2413\" src=\"https:\/\/www.metalwireforms.com\/wp-content\/uploads\/2022\/10\/Electrophoretic-spring-8.jpg\" alt=\"Muelle electrofor\u00e9tico (8)\" width=\"1000\" height=\"563\" srcset=\"https:\/\/www.metalwireforms.com\/wp-content\/uploads\/2022\/10\/Electrophoretic-spring-8.jpg 1000w, https:\/\/www.metalwireforms.com\/wp-content\/uploads\/2022\/10\/Electrophoretic-spring-8-300x169.jpg 300w, https:\/\/www.metalwireforms.com\/wp-content\/uploads\/2022\/10\/Electrophoretic-spring-8-150x84.jpg 150w, https:\/\/www.metalwireforms.com\/wp-content\/uploads\/2022\/10\/Electrophoretic-spring-8-768x432.jpg 768w, https:\/\/www.metalwireforms.com\/wp-content\/uploads\/2022\/10\/Electrophoretic-spring-8-18x10.jpg 18w, https:\/\/www.metalwireforms.com\/wp-content\/uploads\/2022\/10\/Electrophoretic-spring-8-800x450.jpg 800w, https:\/\/www.metalwireforms.com\/wp-content\/uploads\/2022\/10\/Electrophoretic-spring-8-600x338.jpg 600w\" sizes=\"(max-width: 1000px) 100vw, 1000px\" \/><figcaption id=\"caption-attachment-2413\" class=\"wp-caption-text\">Muelle electrofor\u00e9tico (8)<\/figcaption><\/figure>\n<h3>Caracter\u00edstica<\/h3>\n<p>Tratamiento de superficie: zinc blanco, zinc azul, zinc de color, zinc negro, \u00f3xido negro, n\u00edquel negro, cromo, chapado en oro, chapado en cobre, electroforesis negra, pintura.<br \/>\nPrincipales materiales: acero al carbono, acero inoxidable, acero para muelles, acero al carbono, cobre fosforado, bronce, cobre de berilio.<br \/>\n\u00c1mbito de producci\u00f3n: Podemos producir varios resortes de compresi\u00f3n de alta precisi\u00f3n con un di\u00e1metro de alambre de 0,06-20 mm, resortes de extensi\u00f3n, resortes de forma especial, resortes de torsi\u00f3n, resortes de desplazamiento, resortes de toque, resortes de bater\u00eda, resortes de alambre plano, resortes rectangulares, resortes de formaci\u00f3n de alambre, resortes de procesamiento de flexi\u00f3n, bolas de resorte, bobinas de resortes, clips de resortes de toque, resortes de onda, resortes de clip, resortes de torre, alambres de hueso, hojas de resortes, resortes de monedas, resortes de muelle, resortes de sof\u00e1.<\/p>\n<h3>Aplicaci\u00f3n<\/h3>\n<p>La f\u00e1brica cuenta con muchos expertos en tecnolog\u00eda de fabricaci\u00f3n de resortes, que pueden personalizar y producir varios resortes de precisi\u00f3n, resortes de forma especial y dif\u00edciles para los clientes. Al mismo tiempo, proporcionamos a los clientes diversas soluciones de muelles de alta calidad y rentables, como muelles de presi\u00f3n, muelles de tracci\u00f3n, muelles de torsi\u00f3n, muelles de molde, muelles rectangulares, muelles de suspensi\u00f3n y diversos muelles de acero inoxidable. Tambi\u00e9n ofrecemos todo tipo de pasadores, ganchos y soportes met\u00e1licos. Los productos se utilizan ampliamente en fijaciones industriales, piezas de barcos, industria de las nuevas energ\u00edas, industria petroqu\u00edmica, fijaciones para la decoraci\u00f3n de edificios e industria electr\u00f3nica.<\/p>","protected":false},"excerpt":{"rendered":"<p>Los productos de formaci\u00f3n de alambre 3D incluyen principalmente alambre de hierro, alambre de acero inoxidable, alambre de cobre, alambre de aluminio y otros productos de formaci\u00f3n de alambre met\u00e1lico. Varias piezas de forma irregular, como cuadrado, redondo, hex\u00e1gono, elipse, varias hebillas, varios ganchos y varillas de alambre con diferentes di\u00e1metros de anillo y arcos. El error de longitud de conformaci\u00f3n es inferior a 1 mm.<\/p>","protected":false},"featured_media":2469,"template":"","meta":{"ocean_post_layout":"","ocean_both_sidebars_style":"","ocean_both_sidebars_content_width":0,"ocean_both_sidebars_sidebars_width":0,"ocean_sidebar":"0","ocean_second_sidebar":"0","ocean_disable_margins":"enable","ocean_add_body_class":"","ocean_shortcode_before_top_bar":"","ocean_shortcode_after_top_bar":"","ocean_shortcode_before_header":"","ocean_shortcode_after_header":"","ocean_has_shortcode":"","ocean_shortcode_after_title":"","ocean_shortcode_before_footer_widgets":"","ocean_shortcode_after_footer_widgets":"","ocean_shortcode_before_footer_bottom":"","ocean_shortcode_after_footer_bottom":"","ocean_display_top_bar":"default","ocean_display_header":"default","ocean_header_style":"","ocean_center_header_left_menu":"0","ocean_custom_header_template":"0","ocean_custom_logo":0,"ocean_custom_retina_logo":0,"ocean_custom_logo_max_width":0,"ocean_custom_logo_tablet_max_width":0,"ocean_custom_logo_mobile_max_width":0,"ocean_custom_logo_max_height":0,"ocean_custom_logo_tablet_max_height":0,"ocean_custom_logo_mobile_max_height":0,"ocean_header_custom_menu":"0","ocean_menu_typo_font_family":"0","ocean_menu_typo_font_subset":"","ocean_menu_typo_font_size":0,"ocean_menu_typo_font_size_tablet":0,"ocean_menu_typo_font_size_mobile":0,"ocean_menu_typo_font_size_unit":"px","ocean_menu_typo_font_weight":"","ocean_menu_typo_font_weight_tablet":"","ocean_menu_typo_font_weight_mobile":"","ocean_menu_typo_transform":"","ocean_menu_typo_transform_tablet":"","ocean_menu_typo_transform_mobile":"","ocean_menu_typo_line_height":0,"ocean_menu_typo_line_height_tablet":0,"ocean_menu_typo_line_height_mobile":0,"ocean_menu_typo_line_height_unit":"","ocean_menu_typo_spacing":0,"ocean_menu_typo_spacing_tablet":0,"ocean_menu_typo_spacing_mobile":0,"ocean_menu_typo_spacing_unit":"","ocean_menu_link_color":"","ocean_menu_link_color_hover":"","ocean_menu_link_color_active":"","ocean_menu_link_background":"","ocean_menu_link_hover_background":"","ocean_menu_link_active_background":"","ocean_menu_social_links_bg":"","ocean_menu_social_hover_links_bg":"","ocean_menu_social_links_color":"","ocean_menu_social_hover_links_color":"","ocean_disable_title":"default","ocean_disable_heading":"default","ocean_post_title":"","ocean_post_subheading":"","ocean_post_title_style":"","ocean_post_title_background_color":"","ocean_post_title_background":0,"ocean_post_title_bg_image_position":"","ocean_post_title_bg_image_attachment":"","ocean_post_title_bg_image_repeat":"","ocean_post_title_bg_image_size":"","ocean_post_title_height":0,"ocean_post_title_bg_overlay":0.5,"ocean_post_title_bg_overlay_color":"","ocean_disable_breadcrumbs":"default","ocean_breadcrumbs_color":"","ocean_breadcrumbs_separator_color":"","ocean_breadcrumbs_links_color":"","ocean_breadcrumbs_links_hover_color":"","ocean_display_footer_widgets":"default","ocean_display_footer_bottom":"default","ocean_custom_footer_template":"0","ofc_meta_disable_footer_callout":"","ofc_meta_callout_button_url":"","ofc_meta_callout_button_txt":"","ofc_meta_callout_text":"","osh_disable_topbar_sticky":"default","osh_disable_header_sticky":"default","osh_sticky_header_style":"default","osh_sticky_header_effect":"","osh_custom_sticky_logo":0,"osh_custom_retina_sticky_logo":0,"osh_custom_sticky_logo_height":0,"osh_background_color":"","osh_links_color":"","osh_links_hover_color":"","osh_links_active_color":"","osh_links_bg_color":"","osh_links_hover_bg_color":"","osh_links_active_bg_color":"","osh_menu_social_links_color":"","osh_menu_social_hover_links_color":""},"product_brand":[],"product_cat":[147,35],"product_tag":[206,207,208],"class_list":{"0":"post-2467","1":"product","2":"type-product","3":"status-publish","4":"has-post-thumbnail","6":"product_cat-custom-wire-forms","7":"product_cat-custom-wire-brackets","8":"product_tag-3d-wire-bending","9":"product_tag-3d-wire-forming","10":"product_tag-custom-wire-forms","12":"entry","13":"has-media","15":"first","16":"instock","17":"shipping-taxable","18":"product-type-external","19":"col","20":"span_1_of_3","21":"owp-content-center","22":"owp-thumbs-layout-horizontal","23":"owp-btn-very-big","24":"owp-tabs-layout-horizontal","25":"circle-sale"},"_links":{"self":[{"href":"https:\/\/www.metalwireforms.com\/es\/wp-json\/wp\/v2\/product\/2467","targetHints":{"allow":["GET"]}}],"collection":[{"href":"https:\/\/www.metalwireforms.com\/es\/wp-json\/wp\/v2\/product"}],"about":[{"href":"https:\/\/www.metalwireforms.com\/es\/wp-json\/wp\/v2\/types\/product"}],"version-history":[{"count":1,"href":"https:\/\/www.metalwireforms.com\/es\/wp-json\/wp\/v2\/product\/2467\/revisions"}],"predecessor-version":[{"id":2472,"href":"https:\/\/www.metalwireforms.com\/es\/wp-json\/wp\/v2\/product\/2467\/revisions\/2472"}],"wp:featuredmedia":[{"embeddable":true,"href":"https:\/\/www.metalwireforms.com\/es\/wp-json\/wp\/v2\/media\/2469"}],"wp:attachment":[{"href":"https:\/\/www.metalwireforms.com\/es\/wp-json\/wp\/v2\/media?parent=2467"}],"wp:term":[{"taxonomy":"product_brand","embeddable":true,"href":"https:\/\/www.metalwireforms.com\/es\/wp-json\/wp\/v2\/product_brand?post=2467"},{"taxonomy":"product_cat","embeddable":true,"href":"https:\/\/www.metalwireforms.com\/es\/wp-json\/wp\/v2\/product_cat?post=2467"},{"taxonomy":"product_tag","embeddable":true,"href":"https:\/\/www.metalwireforms.com\/es\/wp-json\/wp\/v2\/product_tag?post=2467"}],"curies":[{"name":"wp","href":"https:\/\/api.w.org\/{rel}","templated":true}]}}