{"id":2458,"date":"2022-10-31T08:42:13","date_gmt":"2022-10-31T08:42:13","guid":{"rendered":"https:\/\/www.metalwireforms.com\/?post_type=product&#038;p=2458"},"modified":"2022-10-31T08:48:22","modified_gmt":"2022-10-31T08:48:22","slug":"customized-u-shaped-304-stainless-steel-flat-pipe-clamps","status":"publish","type":"product","link":"https:\/\/www.metalwireforms.com\/es\/producto\/customized-u-shaped-304-stainless-steel-flat-pipe-clamps","title":{"rendered":"Abrazaderas de tubo de acero inoxidable 304 planas en forma de U personalizadas"},"content":{"rendered":"<figure id=\"attachment_2459\" aria-describedby=\"caption-attachment-2459\" style=\"width: 1000px\" class=\"wp-caption alignnone\"><img fetchpriority=\"high\" decoding=\"async\" class=\"size-full wp-image-2459\" src=\"https:\/\/www.metalwireforms.com\/wp-content\/uploads\/2022\/10\/Customized-pipe-clamp-5.jpg\" alt=\"Abrazadera de tubo a medida (5)\" width=\"1000\" height=\"563\" srcset=\"https:\/\/www.metalwireforms.com\/wp-content\/uploads\/2022\/10\/Customized-pipe-clamp-5.jpg 1000w, https:\/\/www.metalwireforms.com\/wp-content\/uploads\/2022\/10\/Customized-pipe-clamp-5-300x169.jpg 300w, https:\/\/www.metalwireforms.com\/wp-content\/uploads\/2022\/10\/Customized-pipe-clamp-5-150x84.jpg 150w, https:\/\/www.metalwireforms.com\/wp-content\/uploads\/2022\/10\/Customized-pipe-clamp-5-768x432.jpg 768w, https:\/\/www.metalwireforms.com\/wp-content\/uploads\/2022\/10\/Customized-pipe-clamp-5-18x10.jpg 18w, https:\/\/www.metalwireforms.com\/wp-content\/uploads\/2022\/10\/Customized-pipe-clamp-5-800x450.jpg 800w, https:\/\/www.metalwireforms.com\/wp-content\/uploads\/2022\/10\/Customized-pipe-clamp-5-600x338.jpg 600w\" sizes=\"(max-width: 1000px) 100vw, 1000px\" \/><figcaption id=\"caption-attachment-2459\" class=\"wp-caption-text\">Abrazadera de tubo a medida (5)<\/figcaption><\/figure>\n<h3>Caracter\u00edstica<\/h3>\n<p>Las abrazaderas para tubos pueden fabricarse de acuerdo con las normas internacionales, como las americanas, alemanas, japonesas, brit\u00e1nicas, francesas, australianas y otras normas internacionales, as\u00ed como con la personalizaci\u00f3n no est\u00e1ndar.<br \/>\nLos productos son perforados y moldeados por nuestra dobladora hidr\u00e1ulica de una sola vez, muy suave y sin rebabas.<br \/>\nEl di\u00e1metro interior de la tuber\u00eda es exacto, lo que puede ser personalizado con precisi\u00f3n en base a los dibujos del cliente para instalar y comprimir la tuber\u00eda de manera efectiva.<br \/>\nLos materiales pueden seleccionarse a voluntad, como acero al carbono, acero inoxidable 201, acero inoxidable 304, acero inoxidable 316, cobre, etc. Por favor, seleccione de acuerdo con el entorno de uso del producto.<br \/>\nLa abrazadera de tubo personalizada puede elegir m\u00faltiples procesos de tratamiento de superficie, como la galvanoplastia, la pintura, la oxidaci\u00f3n qu\u00edmica, la pulverizaci\u00f3n t\u00e9rmica y otros m\u00e9todos f\u00edsicos y qu\u00edmicos.<\/p>\n<h3>Aplicaci\u00f3n<\/h3>\n<p>La empresa est\u00e1 especializada en el mecanizado y la estampaci\u00f3n de diversos metales. La empresa cuenta con personal de gesti\u00f3n profesional y equipos t\u00e9cnicos para satisfacer las necesidades de los clientes con productos profesionales y diversificados, y se ha convertido en proveedor de muchas grandes empresas gracias a su gran capacidad log\u00edstica en la regi\u00f3n.<br \/>\nLos productos de la empresa, especialmente los productos met\u00e1licos planos, son ampliamente utilizados en el mecanismo de gesti\u00f3n flexible de las empresas de la industria ligera y pesada, como el petr\u00f3leo, la industria qu\u00edmica, el puente, la impresi\u00f3n textil y el te\u00f1ido, el hardware mec\u00e1nico, el tratamiento m\u00e9dico, la decoraci\u00f3n, la construcci\u00f3n naval, etc., un gran n\u00famero de profesionales, equipos de producci\u00f3n avanzados, garant\u00eda de calidad perfecta, y la red de comercializaci\u00f3n en toda la regi\u00f3n, formando un sistema de apoyo al desarrollo sostenible y r\u00e1pido. En la actualidad, nuestros productos de formaci\u00f3n de alambre met\u00e1lico se han vendido en todo el mundo.<\/p>","protected":false},"excerpt":{"rendered":"<p>Estamos equipados con m\u00e1quinas dobladoras CNC 2D y 3D, m\u00e1quinas dobladoras hidr\u00e1ulicas, m\u00e1quinas dobladoras mec\u00e1nicas, que pueden ser subdivididas en m\u00e1quinas dobladoras CNC, m\u00e1quinas formadoras de resortes, m\u00e1quinas formadoras de hebillas, m\u00e1quinas formadoras de asas, m\u00e1quinas formadoras de anillos, etc. Y puede fabricar varias piezas met\u00e1licas con alambres redondos, alambres planos, alambres cuadrados y tubos como materia prima.<\/p>","protected":false},"featured_media":2460,"template":"","meta":{"ocean_post_layout":"","ocean_both_sidebars_style":"","ocean_both_sidebars_content_width":0,"ocean_both_sidebars_sidebars_width":0,"ocean_sidebar":"0","ocean_second_sidebar":"0","ocean_disable_margins":"enable","ocean_add_body_class":"","ocean_shortcode_before_top_bar":"","ocean_shortcode_after_top_bar":"","ocean_shortcode_before_header":"","ocean_shortcode_after_header":"","ocean_has_shortcode":"","ocean_shortcode_after_title":"","ocean_shortcode_before_footer_widgets":"","ocean_shortcode_after_footer_widgets":"","ocean_shortcode_before_footer_bottom":"","ocean_shortcode_after_footer_bottom":"","ocean_display_top_bar":"default","ocean_display_header":"default","ocean_header_style":"","ocean_center_header_left_menu":"0","ocean_custom_header_template":"0","ocean_custom_logo":0,"ocean_custom_retina_logo":0,"ocean_custom_logo_max_width":0,"ocean_custom_logo_tablet_max_width":0,"ocean_custom_logo_mobile_max_width":0,"ocean_custom_logo_max_height":0,"ocean_custom_logo_tablet_max_height":0,"ocean_custom_logo_mobile_max_height":0,"ocean_header_custom_menu":"0","ocean_menu_typo_font_family":"0","ocean_menu_typo_font_subset":"","ocean_menu_typo_font_size":0,"ocean_menu_typo_font_size_tablet":0,"ocean_menu_typo_font_size_mobile":0,"ocean_menu_typo_font_size_unit":"px","ocean_menu_typo_font_weight":"","ocean_menu_typo_font_weight_tablet":"","ocean_menu_typo_font_weight_mobile":"","ocean_menu_typo_transform":"","ocean_menu_typo_transform_tablet":"","ocean_menu_typo_transform_mobile":"","ocean_menu_typo_line_height":0,"ocean_menu_typo_line_height_tablet":0,"ocean_menu_typo_line_height_mobile":0,"ocean_menu_typo_line_height_unit":"","ocean_menu_typo_spacing":0,"ocean_menu_typo_spacing_tablet":0,"ocean_menu_typo_spacing_mobile":0,"ocean_menu_typo_spacing_unit":"","ocean_menu_link_color":"","ocean_menu_link_color_hover":"","ocean_menu_link_color_active":"","ocean_menu_link_background":"","ocean_menu_link_hover_background":"","ocean_menu_link_active_background":"","ocean_menu_social_links_bg":"","ocean_menu_social_hover_links_bg":"","ocean_menu_social_links_color":"","ocean_menu_social_hover_links_color":"","ocean_disable_title":"default","ocean_disable_heading":"default","ocean_post_title":"","ocean_post_subheading":"","ocean_post_title_style":"","ocean_post_title_background_color":"","ocean_post_title_background":0,"ocean_post_title_bg_image_position":"","ocean_post_title_bg_image_attachment":"","ocean_post_title_bg_image_repeat":"","ocean_post_title_bg_image_size":"","ocean_post_title_height":0,"ocean_post_title_bg_overlay":0.5,"ocean_post_title_bg_overlay_color":"","ocean_disable_breadcrumbs":"default","ocean_breadcrumbs_color":"","ocean_breadcrumbs_separator_color":"","ocean_breadcrumbs_links_color":"","ocean_breadcrumbs_links_hover_color":"","ocean_display_footer_widgets":"default","ocean_display_footer_bottom":"default","ocean_custom_footer_template":"0","ofc_meta_disable_footer_callout":"","ofc_meta_callout_button_url":"","ofc_meta_callout_button_txt":"","ofc_meta_callout_text":"","osh_disable_topbar_sticky":"default","osh_disable_header_sticky":"default","osh_sticky_header_style":"default","osh_sticky_header_effect":"","osh_custom_sticky_logo":0,"osh_custom_retina_sticky_logo":0,"osh_custom_sticky_logo_height":0,"osh_background_color":"","osh_links_color":"","osh_links_hover_color":"","osh_links_active_color":"","osh_links_bg_color":"","osh_links_hover_bg_color":"","osh_links_active_bg_color":"","osh_menu_social_links_color":"","osh_menu_social_hover_links_color":""},"product_brand":[],"product_cat":[145,34],"product_tag":[205,204,185],"class_list":{"0":"post-2458","1":"product","2":"type-product","3":"status-publish","4":"has-post-thumbnail","6":"product_cat-custom-wire-fasteners","7":"product_cat-custom-other-clips","8":"product_tag-custom-clamp","9":"product_tag-custom-clip","10":"product_tag-custom-pipe-clamps","12":"entry","13":"has-media","15":"first","16":"instock","17":"shipping-taxable","18":"product-type-external","19":"col","20":"span_1_of_3","21":"owp-content-center","22":"owp-thumbs-layout-horizontal","23":"owp-btn-very-big","24":"owp-tabs-layout-horizontal","25":"circle-sale"},"_links":{"self":[{"href":"https:\/\/www.metalwireforms.com\/es\/wp-json\/wp\/v2\/product\/2458","targetHints":{"allow":["GET"]}}],"collection":[{"href":"https:\/\/www.metalwireforms.com\/es\/wp-json\/wp\/v2\/product"}],"about":[{"href":"https:\/\/www.metalwireforms.com\/es\/wp-json\/wp\/v2\/types\/product"}],"version-history":[{"count":2,"href":"https:\/\/www.metalwireforms.com\/es\/wp-json\/wp\/v2\/product\/2458\/revisions"}],"predecessor-version":[{"id":2465,"href":"https:\/\/www.metalwireforms.com\/es\/wp-json\/wp\/v2\/product\/2458\/revisions\/2465"}],"wp:featuredmedia":[{"embeddable":true,"href":"https:\/\/www.metalwireforms.com\/es\/wp-json\/wp\/v2\/media\/2460"}],"wp:attachment":[{"href":"https:\/\/www.metalwireforms.com\/es\/wp-json\/wp\/v2\/media?parent=2458"}],"wp:term":[{"taxonomy":"product_brand","embeddable":true,"href":"https:\/\/www.metalwireforms.com\/es\/wp-json\/wp\/v2\/product_brand?post=2458"},{"taxonomy":"product_cat","embeddable":true,"href":"https:\/\/www.metalwireforms.com\/es\/wp-json\/wp\/v2\/product_cat?post=2458"},{"taxonomy":"product_tag","embeddable":true,"href":"https:\/\/www.metalwireforms.com\/es\/wp-json\/wp\/v2\/product_tag?post=2458"}],"curies":[{"name":"wp","href":"https:\/\/api.w.org\/{rel}","templated":true}]}}