{"id":2449,"date":"2022-10-28T09:14:24","date_gmt":"2022-10-28T09:14:24","guid":{"rendered":"https:\/\/www.metalwireforms.com\/?post_type=product&#038;p=2449"},"modified":"2022-10-28T09:20:56","modified_gmt":"2022-10-28T09:20:56","slug":"custom-gold-plated-conductive-electrical-contact-spring-clips","status":"publish","type":"product","link":"https:\/\/www.metalwireforms.com\/es\/producto\/custom-gold-plated-conductive-electrical-contact-spring-clips","title":{"rendered":"Clips de resorte de contacto el\u00e9ctrico conductivo chapado en oro a medida"},"content":{"rendered":"<figure id=\"attachment_2456\" aria-describedby=\"caption-attachment-2456\" style=\"width: 1000px\" class=\"wp-caption alignnone\"><img fetchpriority=\"high\" decoding=\"async\" class=\"size-full wp-image-2456\" src=\"https:\/\/www.metalwireforms.com\/wp-content\/uploads\/2022\/10\/Electrical-Contacts-4.jpg\" alt=\"Contactos el\u00e9ctricos (4)\" width=\"1000\" height=\"667\" srcset=\"https:\/\/www.metalwireforms.com\/wp-content\/uploads\/2022\/10\/Electrical-Contacts-4.jpg 1000w, https:\/\/www.metalwireforms.com\/wp-content\/uploads\/2022\/10\/Electrical-Contacts-4-300x200.jpg 300w, https:\/\/www.metalwireforms.com\/wp-content\/uploads\/2022\/10\/Electrical-Contacts-4-150x100.jpg 150w, https:\/\/www.metalwireforms.com\/wp-content\/uploads\/2022\/10\/Electrical-Contacts-4-768x512.jpg 768w, https:\/\/www.metalwireforms.com\/wp-content\/uploads\/2022\/10\/Electrical-Contacts-4-18x12.jpg 18w, https:\/\/www.metalwireforms.com\/wp-content\/uploads\/2022\/10\/Electrical-Contacts-4-600x400.jpg 600w\" sizes=\"(max-width: 1000px) 100vw, 1000px\" \/><figcaption id=\"caption-attachment-2456\" class=\"wp-caption-text\">Contactos el\u00e9ctricos (4)<\/figcaption><\/figure>\n<h3>Caracter\u00edstica<\/h3>\n<p>Las piezas de contacto el\u00e9ctrico son una parte importante de los productos el\u00e9ctricos. Tienen alta dureza, acero inoxidable o cobre, y no liberan sustancias t\u00f3xicas. Por lo tanto, las piezas de contacto aparatos el\u00e9ctricos deben tener las caracter\u00edsticas de fuerte conductividad, alta elasticidad, y no es f\u00e1cil de ser corro\u00eddo y oxidado.<br \/>\nLas piezas de contacto el\u00e9ctrico basadas en el proceso de estampaci\u00f3n tienen las ventajas de tama\u00f1o estable, peso ligero, buena rigidez, alta calidad superficial y precisi\u00f3n. Para la f\u00e1brica, el proceso de producci\u00f3n es m\u00e1s simple, f\u00e1cil de realizar la automatizaci\u00f3n, alta eficiencia de producci\u00f3n, adecuado para la producci\u00f3n en masa, y menor costo.<br \/>\nLas piezas de contacto el\u00e9ctrico personalizadas se utilizan ampliamente en control de movimiento, equipos m\u00f3viles m\u00e9dicos, herramientas manuales, equipos de atenci\u00f3n domiciliaria, absorci\u00f3n de impactos, hardware de protecci\u00f3n mec\u00e1nica y electr\u00f3nica, componentes aeroespaciales mec\u00e1nicos de v\u00e1lvulas de control de fluidos, actuadores, m\u00e1quinas de conmutaci\u00f3n, contadores.<\/p>\n<h3>Ventajas<\/h3>\n<p>En nuestro proceso de producci\u00f3n, la inspecci\u00f3n de la primera pieza es necesaria, principalmente para evitar lotes de productos de mala calidad. Es un medio para controlar el proceso de producci\u00f3n por adelantado, un m\u00e9todo importante de control de calidad del proceso del producto, y un m\u00e9todo indispensable para que podamos garantizar la calidad de los muelles planos. A trav\u00e9s de la inspecci\u00f3n de la primera pieza, se puede encontrar que tales como la mala precisi\u00f3n de la medici\u00f3n de la pinza de resorte, dibujos equivocados, materiales equivocados, etc, a fin de tomar medidas correctivas para evitar la aparici\u00f3n de lotes de productos no conformes.<\/p>","protected":false},"excerpt":{"rendered":"<p>Nos centramos en la producci\u00f3n de diversos tipos de muelles de compresi\u00f3n, muelles de tracci\u00f3n, muelles de torsi\u00f3n, muelles de hebilla, muelles circlip, muelles de fuerza constante y otros muelles de formas especiales. Contamos con personal profesional y t\u00e9cnico, principalmente para procesar y fabricar dibujos y muestras, proporcionando productos de muelles con alta resistencia, alta precisi\u00f3n y alta estabilidad que satisfacen sus requisitos.<\/p>","protected":false},"featured_media":2451,"template":"","meta":{"ocean_post_layout":"","ocean_both_sidebars_style":"","ocean_both_sidebars_content_width":0,"ocean_both_sidebars_sidebars_width":0,"ocean_sidebar":"0","ocean_second_sidebar":"0","ocean_disable_margins":"enable","ocean_add_body_class":"","ocean_shortcode_before_top_bar":"","ocean_shortcode_after_top_bar":"","ocean_shortcode_before_header":"","ocean_shortcode_after_header":"","ocean_has_shortcode":"","ocean_shortcode_after_title":"","ocean_shortcode_before_footer_widgets":"","ocean_shortcode_after_footer_widgets":"","ocean_shortcode_before_footer_bottom":"","ocean_shortcode_after_footer_bottom":"","ocean_display_top_bar":"default","ocean_display_header":"default","ocean_header_style":"","ocean_center_header_left_menu":"0","ocean_custom_header_template":"0","ocean_custom_logo":0,"ocean_custom_retina_logo":0,"ocean_custom_logo_max_width":0,"ocean_custom_logo_tablet_max_width":0,"ocean_custom_logo_mobile_max_width":0,"ocean_custom_logo_max_height":0,"ocean_custom_logo_tablet_max_height":0,"ocean_custom_logo_mobile_max_height":0,"ocean_header_custom_menu":"0","ocean_menu_typo_font_family":"0","ocean_menu_typo_font_subset":"","ocean_menu_typo_font_size":0,"ocean_menu_typo_font_size_tablet":0,"ocean_menu_typo_font_size_mobile":0,"ocean_menu_typo_font_size_unit":"px","ocean_menu_typo_font_weight":"","ocean_menu_typo_font_weight_tablet":"","ocean_menu_typo_font_weight_mobile":"","ocean_menu_typo_transform":"","ocean_menu_typo_transform_tablet":"","ocean_menu_typo_transform_mobile":"","ocean_menu_typo_line_height":0,"ocean_menu_typo_line_height_tablet":0,"ocean_menu_typo_line_height_mobile":0,"ocean_menu_typo_line_height_unit":"","ocean_menu_typo_spacing":0,"ocean_menu_typo_spacing_tablet":0,"ocean_menu_typo_spacing_mobile":0,"ocean_menu_typo_spacing_unit":"","ocean_menu_link_color":"","ocean_menu_link_color_hover":"","ocean_menu_link_color_active":"","ocean_menu_link_background":"","ocean_menu_link_hover_background":"","ocean_menu_link_active_background":"","ocean_menu_social_links_bg":"","ocean_menu_social_hover_links_bg":"","ocean_menu_social_links_color":"","ocean_menu_social_hover_links_color":"","ocean_disable_title":"default","ocean_disable_heading":"default","ocean_post_title":"","ocean_post_subheading":"","ocean_post_title_style":"","ocean_post_title_background_color":"","ocean_post_title_background":0,"ocean_post_title_bg_image_position":"","ocean_post_title_bg_image_attachment":"","ocean_post_title_bg_image_repeat":"","ocean_post_title_bg_image_size":"","ocean_post_title_height":0,"ocean_post_title_bg_overlay":0.5,"ocean_post_title_bg_overlay_color":"","ocean_disable_breadcrumbs":"default","ocean_breadcrumbs_color":"","ocean_breadcrumbs_separator_color":"","ocean_breadcrumbs_links_color":"","ocean_breadcrumbs_links_hover_color":"","ocean_display_footer_widgets":"default","ocean_display_footer_bottom":"default","ocean_custom_footer_template":"0","ofc_meta_disable_footer_callout":"","ofc_meta_callout_button_url":"","ofc_meta_callout_button_txt":"","ofc_meta_callout_text":"","osh_disable_topbar_sticky":"default","osh_disable_header_sticky":"default","osh_sticky_header_style":"default","osh_sticky_header_effect":"","osh_custom_sticky_logo":0,"osh_custom_retina_sticky_logo":0,"osh_custom_sticky_logo_height":0,"osh_background_color":"","osh_links_color":"","osh_links_hover_color":"","osh_links_active_color":"","osh_links_bg_color":"","osh_links_hover_bg_color":"","osh_links_active_bg_color":"","osh_menu_social_links_color":"","osh_menu_social_hover_links_color":""},"product_brand":[],"product_cat":[145,151],"product_tag":[168,105,114],"class_list":{"0":"post-2449","1":"product","2":"type-product","3":"status-publish","4":"has-post-thumbnail","6":"product_cat-custom-wire-fasteners","7":"product_cat-custom-contacts","8":"product_tag-electrical-contacts","9":"product_tag-flat-spring","10":"product_tag-spring-clip","12":"entry","13":"has-media","15":"first","16":"instock","17":"shipping-taxable","18":"product-type-external","19":"col","20":"span_1_of_3","21":"owp-content-center","22":"owp-thumbs-layout-horizontal","23":"owp-btn-very-big","24":"owp-tabs-layout-horizontal","25":"circle-sale"},"_links":{"self":[{"href":"https:\/\/www.metalwireforms.com\/es\/wp-json\/wp\/v2\/product\/2449","targetHints":{"allow":["GET"]}}],"collection":[{"href":"https:\/\/www.metalwireforms.com\/es\/wp-json\/wp\/v2\/product"}],"about":[{"href":"https:\/\/www.metalwireforms.com\/es\/wp-json\/wp\/v2\/types\/product"}],"version-history":[{"count":1,"href":"https:\/\/www.metalwireforms.com\/es\/wp-json\/wp\/v2\/product\/2449\/revisions"}],"predecessor-version":[{"id":2457,"href":"https:\/\/www.metalwireforms.com\/es\/wp-json\/wp\/v2\/product\/2449\/revisions\/2457"}],"wp:featuredmedia":[{"embeddable":true,"href":"https:\/\/www.metalwireforms.com\/es\/wp-json\/wp\/v2\/media\/2451"}],"wp:attachment":[{"href":"https:\/\/www.metalwireforms.com\/es\/wp-json\/wp\/v2\/media?parent=2449"}],"wp:term":[{"taxonomy":"product_brand","embeddable":true,"href":"https:\/\/www.metalwireforms.com\/es\/wp-json\/wp\/v2\/product_brand?post=2449"},{"taxonomy":"product_cat","embeddable":true,"href":"https:\/\/www.metalwireforms.com\/es\/wp-json\/wp\/v2\/product_cat?post=2449"},{"taxonomy":"product_tag","embeddable":true,"href":"https:\/\/www.metalwireforms.com\/es\/wp-json\/wp\/v2\/product_tag?post=2449"}],"curies":[{"name":"wp","href":"https:\/\/api.w.org\/{rel}","templated":true}]}}