{"id":2442,"date":"2022-10-27T03:40:01","date_gmt":"2022-10-27T03:40:01","guid":{"rendered":"https:\/\/www.metalwireforms.com\/?post_type=product&#038;p=2442"},"modified":"2022-10-27T03:43:32","modified_gmt":"2022-10-27T03:43:32","slug":"custom-mass-production-of-creative-pen-point-paper-clips","status":"publish","type":"product","link":"https:\/\/www.metalwireforms.com\/es\/producto\/custom-mass-production-of-creative-pen-point-paper-clips","title":{"rendered":"Producci\u00f3n masiva en f\u00e1brica de clips creativos de punta de bol\u00edgrafo"},"content":{"rendered":"<p>Un clip es una hoja de papel que se hace doblando un alambre de metal hacia adelante y hacia atr\u00e1s. El clip parece ser el m\u00e1s simple de todos los inventos. No es m\u00e1s que un peque\u00f1o trozo de alambre doblado con papel. Pero el clip pas\u00f3 por muchos dise\u00f1os repetidos antes de que tomara la forma que usamos hoy.<\/p>\n<figure id=\"attachment_2175\" aria-describedby=\"caption-attachment-2175\" style=\"width: 1000px\" class=\"wp-caption alignnone\"><img fetchpriority=\"high\" decoding=\"async\" class=\"size-full wp-image-2175\" src=\"https:\/\/www.metalwireforms.com\/wp-content\/uploads\/2022\/08\/musical-note-paper-clip-8.jpg\" alt=\"clip para notas musicales (8)\" width=\"1000\" height=\"563\" srcset=\"https:\/\/www.metalwireforms.com\/wp-content\/uploads\/2022\/08\/musical-note-paper-clip-8.jpg 1000w, https:\/\/www.metalwireforms.com\/wp-content\/uploads\/2022\/08\/musical-note-paper-clip-8-300x169.jpg 300w, https:\/\/www.metalwireforms.com\/wp-content\/uploads\/2022\/08\/musical-note-paper-clip-8-150x84.jpg 150w, https:\/\/www.metalwireforms.com\/wp-content\/uploads\/2022\/08\/musical-note-paper-clip-8-768x432.jpg 768w, https:\/\/www.metalwireforms.com\/wp-content\/uploads\/2022\/08\/musical-note-paper-clip-8-18x10.jpg 18w, https:\/\/www.metalwireforms.com\/wp-content\/uploads\/2022\/08\/musical-note-paper-clip-8-800x450.jpg 800w, https:\/\/www.metalwireforms.com\/wp-content\/uploads\/2022\/08\/musical-note-paper-clip-8-600x338.jpg 600w\" sizes=\"(max-width: 1000px) 100vw, 1000px\" \/><figcaption id=\"caption-attachment-2175\" class=\"wp-caption-text\">clip para notas musicales (8)<\/figcaption><\/figure>\n<h3>Caracter\u00edstica<\/h3>\n<p>El clip parece ser el m\u00e1s simple de todos los inventos. No es m\u00e1s que un peque\u00f1o trozo de alambre doblado con clips. Pero el clip ha sido dise\u00f1ado repetidamente antes de darle la forma que usamos hoy en d\u00eda. Despu\u00e9s de un largo per\u00edodo de desarrollo y producci\u00f3n, tenemos docenas de equipos de producci\u00f3n de formaci\u00f3n de alambre de metal CNC totalmente autom\u00e1ticos y una l\u00ednea de producci\u00f3n de estampado de metal, por lo que podemos dise\u00f1ar y producir clips de papel de cualquier forma de acuerdo con los dibujos o requisitos de los clientes.<\/p>\n<h3>Ventaja<\/h3>\n<p>Los clips son muy comunes en las oficinas. Adem\u00e1s de usarse para recortar archivos, tambi\u00e9n se utilizaba para hacer cortinas para puertas en los primeros a\u00f1os. De hecho, adem\u00e1s de poder recortar archivos, el clip tiene muchos usos tras una peque\u00f1a modificaci\u00f3n.<br \/>\nCuando necesites hacer una pausa en la lectura, s\u00f3lo tienes que sacar un clip para fijar la p\u00e1gina como marca y se puede utilizar como marcador.<br \/>\nCuando viajas fuera con tu mochila, a veces te preocupa que la cremallera de tu mochila se abra. Abrocha las dos cremalleras de tu mochila con un clip para evitar que la cremallera de tu mochila se abra sin saberlo.<br \/>\nCuando el cierre de la cremallera est\u00e9 roto, o sea demasiado peque\u00f1o para usarlo, ponga un clip en \u00e9l. Ser\u00e1 muy c\u00f3modo utilizar este m\u00e9todo para tirar de la cremallera.<\/p>","protected":false},"excerpt":{"rendered":"<p>Gracias a nuestros esfuerzos, hemos desarrollado con \u00e9xito un nuevo tipo de art\u00edculos de papeler\u00eda con un estilo novedoso y una apariencia encantadora, los clips creativos. Los clips creativos est\u00e1n hechos de varios materiales, colores brillantes, formas vivas, que son a la vez pr\u00e1cticos y hermosos, y tienen un valor de colecci\u00f3n definido, rompiendo completamente la imagen mon\u00f3tona de los clips tradicionales.<\/p>","protected":false},"featured_media":2444,"template":"","meta":{"ocean_post_layout":"","ocean_both_sidebars_style":"","ocean_both_sidebars_content_width":0,"ocean_both_sidebars_sidebars_width":0,"ocean_sidebar":"0","ocean_second_sidebar":"0","ocean_disable_margins":"enable","ocean_add_body_class":"","ocean_shortcode_before_top_bar":"","ocean_shortcode_after_top_bar":"","ocean_shortcode_before_header":"","ocean_shortcode_after_header":"","ocean_has_shortcode":"","ocean_shortcode_after_title":"","ocean_shortcode_before_footer_widgets":"","ocean_shortcode_after_footer_widgets":"","ocean_shortcode_before_footer_bottom":"","ocean_shortcode_after_footer_bottom":"","ocean_display_top_bar":"default","ocean_display_header":"default","ocean_header_style":"","ocean_center_header_left_menu":"0","ocean_custom_header_template":"0","ocean_custom_logo":0,"ocean_custom_retina_logo":0,"ocean_custom_logo_max_width":0,"ocean_custom_logo_tablet_max_width":0,"ocean_custom_logo_mobile_max_width":0,"ocean_custom_logo_max_height":0,"ocean_custom_logo_tablet_max_height":0,"ocean_custom_logo_mobile_max_height":0,"ocean_header_custom_menu":"0","ocean_menu_typo_font_family":"0","ocean_menu_typo_font_subset":"","ocean_menu_typo_font_size":0,"ocean_menu_typo_font_size_tablet":0,"ocean_menu_typo_font_size_mobile":0,"ocean_menu_typo_font_size_unit":"px","ocean_menu_typo_font_weight":"","ocean_menu_typo_font_weight_tablet":"","ocean_menu_typo_font_weight_mobile":"","ocean_menu_typo_transform":"","ocean_menu_typo_transform_tablet":"","ocean_menu_typo_transform_mobile":"","ocean_menu_typo_line_height":0,"ocean_menu_typo_line_height_tablet":0,"ocean_menu_typo_line_height_mobile":0,"ocean_menu_typo_line_height_unit":"","ocean_menu_typo_spacing":0,"ocean_menu_typo_spacing_tablet":0,"ocean_menu_typo_spacing_mobile":0,"ocean_menu_typo_spacing_unit":"","ocean_menu_link_color":"","ocean_menu_link_color_hover":"","ocean_menu_link_color_active":"","ocean_menu_link_background":"","ocean_menu_link_hover_background":"","ocean_menu_link_active_background":"","ocean_menu_social_links_bg":"","ocean_menu_social_hover_links_bg":"","ocean_menu_social_links_color":"","ocean_menu_social_hover_links_color":"","ocean_disable_title":"default","ocean_disable_heading":"default","ocean_post_title":"","ocean_post_subheading":"","ocean_post_title_style":"","ocean_post_title_background_color":"","ocean_post_title_background":0,"ocean_post_title_bg_image_position":"","ocean_post_title_bg_image_attachment":"","ocean_post_title_bg_image_repeat":"","ocean_post_title_bg_image_size":"","ocean_post_title_height":0,"ocean_post_title_bg_overlay":0.5,"ocean_post_title_bg_overlay_color":"","ocean_disable_breadcrumbs":"default","ocean_breadcrumbs_color":"","ocean_breadcrumbs_separator_color":"","ocean_breadcrumbs_links_color":"","ocean_breadcrumbs_links_hover_color":"","ocean_display_footer_widgets":"default","ocean_display_footer_bottom":"default","ocean_custom_footer_template":"0","ofc_meta_disable_footer_callout":"","ofc_meta_callout_button_url":"","ofc_meta_callout_button_txt":"","ofc_meta_callout_text":"","osh_disable_topbar_sticky":"default","osh_disable_header_sticky":"default","osh_sticky_header_style":"default","osh_sticky_header_effect":"","osh_custom_sticky_logo":0,"osh_custom_retina_sticky_logo":0,"osh_custom_sticky_logo_height":0,"osh_background_color":"","osh_links_color":"","osh_links_hover_color":"","osh_links_active_color":"","osh_links_bg_color":"","osh_links_hover_bg_color":"","osh_links_active_bg_color":"","osh_menu_social_links_color":"","osh_menu_social_hover_links_color":""},"product_brand":[],"product_cat":[145,152],"product_tag":[177,109,203],"class_list":{"0":"post-2442","1":"product","2":"type-product","3":"status-publish","4":"has-post-thumbnail","6":"product_cat-custom-wire-fasteners","7":"product_cat-custom-paper-clips","8":"product_tag-custom-paper-clip","9":"product_tag-paper-clip","10":"product_tag-paper-clip-factory","12":"entry","13":"has-media","15":"first","16":"instock","17":"shipping-taxable","18":"product-type-external","19":"col","20":"span_1_of_3","21":"owp-content-center","22":"owp-thumbs-layout-horizontal","23":"owp-btn-very-big","24":"owp-tabs-layout-horizontal","25":"circle-sale"},"_links":{"self":[{"href":"https:\/\/www.metalwireforms.com\/es\/wp-json\/wp\/v2\/product\/2442","targetHints":{"allow":["GET"]}}],"collection":[{"href":"https:\/\/www.metalwireforms.com\/es\/wp-json\/wp\/v2\/product"}],"about":[{"href":"https:\/\/www.metalwireforms.com\/es\/wp-json\/wp\/v2\/types\/product"}],"version-history":[{"count":1,"href":"https:\/\/www.metalwireforms.com\/es\/wp-json\/wp\/v2\/product\/2442\/revisions"}],"predecessor-version":[{"id":2447,"href":"https:\/\/www.metalwireforms.com\/es\/wp-json\/wp\/v2\/product\/2442\/revisions\/2447"}],"wp:featuredmedia":[{"embeddable":true,"href":"https:\/\/www.metalwireforms.com\/es\/wp-json\/wp\/v2\/media\/2444"}],"wp:attachment":[{"href":"https:\/\/www.metalwireforms.com\/es\/wp-json\/wp\/v2\/media?parent=2442"}],"wp:term":[{"taxonomy":"product_brand","embeddable":true,"href":"https:\/\/www.metalwireforms.com\/es\/wp-json\/wp\/v2\/product_brand?post=2442"},{"taxonomy":"product_cat","embeddable":true,"href":"https:\/\/www.metalwireforms.com\/es\/wp-json\/wp\/v2\/product_cat?post=2442"},{"taxonomy":"product_tag","embeddable":true,"href":"https:\/\/www.metalwireforms.com\/es\/wp-json\/wp\/v2\/product_tag?post=2442"}],"curies":[{"name":"wp","href":"https:\/\/api.w.org\/{rel}","templated":true}]}}