{"id":2419,"date":"2022-10-24T09:47:54","date_gmt":"2022-10-24T09:47:54","guid":{"rendered":"https:\/\/www.metalwireforms.com\/?post_type=product&#038;p=2419"},"modified":"2022-10-24T09:53:19","modified_gmt":"2022-10-24T09:53:19","slug":"factory-custom-0-1mm-1mm-miniature-compression-spring","status":"publish","type":"product","link":"https:\/\/www.metalwireforms.com\/es\/producto\/factory-custom-0-1mm-1mm-miniature-compression-spring","title":{"rendered":"Muelle de compresi\u00f3n en miniatura de 0,1mm-1mm personalizado de f\u00e1brica"},"content":{"rendered":"<figure id=\"attachment_2413\" aria-describedby=\"caption-attachment-2413\" style=\"width: 1000px\" class=\"wp-caption alignnone\"><img fetchpriority=\"high\" decoding=\"async\" class=\"size-full wp-image-2413\" src=\"https:\/\/www.metalwireforms.com\/wp-content\/uploads\/2022\/10\/Electrophoretic-spring-8.jpg\" alt=\"Muelle electrofor\u00e9tico (8)\" width=\"1000\" height=\"563\" srcset=\"https:\/\/www.metalwireforms.com\/wp-content\/uploads\/2022\/10\/Electrophoretic-spring-8.jpg 1000w, https:\/\/www.metalwireforms.com\/wp-content\/uploads\/2022\/10\/Electrophoretic-spring-8-300x169.jpg 300w, https:\/\/www.metalwireforms.com\/wp-content\/uploads\/2022\/10\/Electrophoretic-spring-8-150x84.jpg 150w, https:\/\/www.metalwireforms.com\/wp-content\/uploads\/2022\/10\/Electrophoretic-spring-8-768x432.jpg 768w, https:\/\/www.metalwireforms.com\/wp-content\/uploads\/2022\/10\/Electrophoretic-spring-8-18x10.jpg 18w, https:\/\/www.metalwireforms.com\/wp-content\/uploads\/2022\/10\/Electrophoretic-spring-8-800x450.jpg 800w, https:\/\/www.metalwireforms.com\/wp-content\/uploads\/2022\/10\/Electrophoretic-spring-8-600x338.jpg 600w\" sizes=\"(max-width: 1000px) 100vw, 1000px\" \/><figcaption id=\"caption-attachment-2413\" class=\"wp-caption-text\">Muelle electrofor\u00e9tico (8)<\/figcaption><\/figure>\n<h3>Caracter\u00edstica<\/h3>\n<p>El modelado del material se puede dise\u00f1ar seg\u00fan las necesidades del cliente. Tenemos m\u00e1s de diez a\u00f1os de experiencia en la producci\u00f3n de muelles. Contamos con un equipo de ingenieros profesionales.<br \/>\nTras el tratamiento de refuerzo de la superficie, la estructura de la superficie del muelle personalizado mejora la resistencia del punto de concentraci\u00f3n de tensiones, por lo que la vida \u00fatil del muelle es m\u00e1s larga.<br \/>\nEl muelle personalizado se somete a tres veces a un tratamiento de fuerte presi\u00f3n para eliminar la tensi\u00f3n interna antes de su uso, y no se producir\u00e1 ninguna deformaci\u00f3n del muelle, acortamiento, fractura, etc.<br \/>\nLa vida \u00fatil se determina seg\u00fan la longitud de la carrera y la tasa de clasificaci\u00f3n de la herramienta abrasiva. La vida \u00fatil P1 es de 1 mill\u00f3n de veces, la vida \u00fatil P2 es de 500000 veces, la vida \u00fatil P3 es de 300000 veces y la vida \u00fatil P4 es de 150000 veces.<br \/>\nEl cromado, la electr\u00f3lisis, el trefilado electrol\u00edtico, el niquelado del trefilado del aceite de sellado, el trefilado PVD, el chapado subnegro, el trefilado de oro, el trefilado limpio y otros tratamientos superficiales son opcionales.<\/p>\n<h3>Aplicaci\u00f3n<\/h3>\n<p>A finales de 2021, Xinsheng cuenta con m\u00e1s de 1000 proveedores de piezas y atiende a m\u00e1s de 2000 clientes. Los clientes est\u00e1n ampliamente distribuidos en semiconductores, nuevas energ\u00edas, 3C, fotovoltaica, LCD, autom\u00f3vil, medicina, alimentaci\u00f3n, accesorios de transporte, maquinaria de ingenier\u00eda, equipos agr\u00edcolas, accesorios para ascensores, electrodom\u00e9sticos, equipos deportivos de fitness y otras industrias.<\/p>","protected":false},"excerpt":{"rendered":"<p>Xinsheng est\u00e1 especializada en la industria del doblado de alambre, especialmente en la I+D y producci\u00f3n de muelles. La empresa cuenta con un conjunto completo de equipos de producci\u00f3n avanzados y equipos de prueba de productos, como la m\u00e1quina de resortes universales CNC, la m\u00e1quina de bobinado de resortes autom\u00e1tica, la m\u00e1quina de resortes de torsi\u00f3n, la m\u00e1quina rectificadora de resortes, el horno de templado, la m\u00e1quina enderezadora, etc.<\/p>","protected":false},"featured_media":2427,"template":"","meta":{"ocean_post_layout":"","ocean_both_sidebars_style":"","ocean_both_sidebars_content_width":0,"ocean_both_sidebars_sidebars_width":0,"ocean_sidebar":"0","ocean_second_sidebar":"0","ocean_disable_margins":"enable","ocean_add_body_class":"","ocean_shortcode_before_top_bar":"","ocean_shortcode_after_top_bar":"","ocean_shortcode_before_header":"","ocean_shortcode_after_header":"","ocean_has_shortcode":"","ocean_shortcode_after_title":"","ocean_shortcode_before_footer_widgets":"","ocean_shortcode_after_footer_widgets":"","ocean_shortcode_before_footer_bottom":"","ocean_shortcode_after_footer_bottom":"","ocean_display_top_bar":"default","ocean_display_header":"default","ocean_header_style":"","ocean_center_header_left_menu":"0","ocean_custom_header_template":"0","ocean_custom_logo":0,"ocean_custom_retina_logo":0,"ocean_custom_logo_max_width":0,"ocean_custom_logo_tablet_max_width":0,"ocean_custom_logo_mobile_max_width":0,"ocean_custom_logo_max_height":0,"ocean_custom_logo_tablet_max_height":0,"ocean_custom_logo_mobile_max_height":0,"ocean_header_custom_menu":"0","ocean_menu_typo_font_family":"0","ocean_menu_typo_font_subset":"","ocean_menu_typo_font_size":0,"ocean_menu_typo_font_size_tablet":0,"ocean_menu_typo_font_size_mobile":0,"ocean_menu_typo_font_size_unit":"px","ocean_menu_typo_font_weight":"","ocean_menu_typo_font_weight_tablet":"","ocean_menu_typo_font_weight_mobile":"","ocean_menu_typo_transform":"","ocean_menu_typo_transform_tablet":"","ocean_menu_typo_transform_mobile":"","ocean_menu_typo_line_height":0,"ocean_menu_typo_line_height_tablet":0,"ocean_menu_typo_line_height_mobile":0,"ocean_menu_typo_line_height_unit":"","ocean_menu_typo_spacing":0,"ocean_menu_typo_spacing_tablet":0,"ocean_menu_typo_spacing_mobile":0,"ocean_menu_typo_spacing_unit":"","ocean_menu_link_color":"","ocean_menu_link_color_hover":"","ocean_menu_link_color_active":"","ocean_menu_link_background":"","ocean_menu_link_hover_background":"","ocean_menu_link_active_background":"","ocean_menu_social_links_bg":"","ocean_menu_social_hover_links_bg":"","ocean_menu_social_links_color":"","ocean_menu_social_hover_links_color":"","ocean_disable_title":"default","ocean_disable_heading":"default","ocean_post_title":"","ocean_post_subheading":"","ocean_post_title_style":"","ocean_post_title_background_color":"","ocean_post_title_background":0,"ocean_post_title_bg_image_position":"","ocean_post_title_bg_image_attachment":"","ocean_post_title_bg_image_repeat":"","ocean_post_title_bg_image_size":"","ocean_post_title_height":0,"ocean_post_title_bg_overlay":0.5,"ocean_post_title_bg_overlay_color":"","ocean_disable_breadcrumbs":"default","ocean_breadcrumbs_color":"","ocean_breadcrumbs_separator_color":"","ocean_breadcrumbs_links_color":"","ocean_breadcrumbs_links_hover_color":"","ocean_display_footer_widgets":"default","ocean_display_footer_bottom":"default","ocean_custom_footer_template":"0","ofc_meta_disable_footer_callout":"","ofc_meta_callout_button_url":"","ofc_meta_callout_button_txt":"","ofc_meta_callout_text":"","osh_disable_topbar_sticky":"default","osh_disable_header_sticky":"default","osh_sticky_header_style":"default","osh_sticky_header_effect":"","osh_custom_sticky_logo":0,"osh_custom_retina_sticky_logo":0,"osh_custom_sticky_logo_height":0,"osh_background_color":"","osh_links_color":"","osh_links_hover_color":"","osh_links_active_color":"","osh_links_bg_color":"","osh_links_hover_bg_color":"","osh_links_active_bg_color":"","osh_menu_social_links_color":"","osh_menu_social_hover_links_color":""},"product_brand":[],"product_cat":[144,25],"product_tag":[98,199,200],"class_list":{"0":"post-2419","1":"product","2":"type-product","3":"status-publish","4":"has-post-thumbnail","6":"product_cat-custom-springs","7":"product_cat-custom-compression-springs","8":"product_tag-compression-spring","9":"product_tag-micro-spring","10":"product_tag-small-spring","12":"entry","13":"has-media","15":"first","16":"instock","17":"featured","18":"shipping-taxable","19":"product-type-external","20":"col","21":"span_1_of_3","22":"owp-content-center","23":"owp-thumbs-layout-horizontal","24":"owp-btn-very-big","25":"owp-tabs-layout-horizontal","26":"circle-sale"},"_links":{"self":[{"href":"https:\/\/www.metalwireforms.com\/es\/wp-json\/wp\/v2\/product\/2419","targetHints":{"allow":["GET"]}}],"collection":[{"href":"https:\/\/www.metalwireforms.com\/es\/wp-json\/wp\/v2\/product"}],"about":[{"href":"https:\/\/www.metalwireforms.com\/es\/wp-json\/wp\/v2\/types\/product"}],"version-history":[{"count":1,"href":"https:\/\/www.metalwireforms.com\/es\/wp-json\/wp\/v2\/product\/2419\/revisions"}],"predecessor-version":[{"id":2428,"href":"https:\/\/www.metalwireforms.com\/es\/wp-json\/wp\/v2\/product\/2419\/revisions\/2428"}],"wp:featuredmedia":[{"embeddable":true,"href":"https:\/\/www.metalwireforms.com\/es\/wp-json\/wp\/v2\/media\/2427"}],"wp:attachment":[{"href":"https:\/\/www.metalwireforms.com\/es\/wp-json\/wp\/v2\/media?parent=2419"}],"wp:term":[{"taxonomy":"product_brand","embeddable":true,"href":"https:\/\/www.metalwireforms.com\/es\/wp-json\/wp\/v2\/product_brand?post=2419"},{"taxonomy":"product_cat","embeddable":true,"href":"https:\/\/www.metalwireforms.com\/es\/wp-json\/wp\/v2\/product_cat?post=2419"},{"taxonomy":"product_tag","embeddable":true,"href":"https:\/\/www.metalwireforms.com\/es\/wp-json\/wp\/v2\/product_tag?post=2419"}],"curies":[{"name":"wp","href":"https:\/\/api.w.org\/{rel}","templated":true}]}}