{"id":2411,"date":"2022-10-22T07:33:37","date_gmt":"2022-10-22T07:33:37","guid":{"rendered":"https:\/\/www.metalwireforms.com\/?post_type=product&#038;p=2411"},"modified":"2022-12-12T08:49:10","modified_gmt":"2022-12-12T08:49:10","slug":"factory-customized-electrophoresis-compression-spring","status":"publish","type":"product","link":"https:\/\/www.metalwireforms.com\/es\/producto\/factory-customized-electrophoresis-compression-spring","title":{"rendered":"Muelle de compresi\u00f3n para electroforesis personalizado de f\u00e1brica"},"content":{"rendered":"<figure id=\"attachment_2413\" aria-describedby=\"caption-attachment-2413\" style=\"width: 1000px\" class=\"wp-caption alignnone\"><img fetchpriority=\"high\" decoding=\"async\" class=\"size-full wp-image-2413\" src=\"https:\/\/www.metalwireforms.com\/wp-content\/uploads\/2022\/10\/Electrophoretic-spring-8.jpg\" alt=\"Muelle electrofor\u00e9tico (8)\" width=\"1000\" height=\"563\" srcset=\"https:\/\/www.metalwireforms.com\/wp-content\/uploads\/2022\/10\/Electrophoretic-spring-8.jpg 1000w, https:\/\/www.metalwireforms.com\/wp-content\/uploads\/2022\/10\/Electrophoretic-spring-8-300x169.jpg 300w, https:\/\/www.metalwireforms.com\/wp-content\/uploads\/2022\/10\/Electrophoretic-spring-8-150x84.jpg 150w, https:\/\/www.metalwireforms.com\/wp-content\/uploads\/2022\/10\/Electrophoretic-spring-8-768x432.jpg 768w, https:\/\/www.metalwireforms.com\/wp-content\/uploads\/2022\/10\/Electrophoretic-spring-8-18x10.jpg 18w, https:\/\/www.metalwireforms.com\/wp-content\/uploads\/2022\/10\/Electrophoretic-spring-8-800x450.jpg 800w, https:\/\/www.metalwireforms.com\/wp-content\/uploads\/2022\/10\/Electrophoretic-spring-8-600x338.jpg 600w\" sizes=\"(max-width: 1000px) 100vw, 1000px\" \/><figcaption id=\"caption-attachment-2413\" class=\"wp-caption-text\">Muelle electrofor\u00e9tico (8)<\/figcaption><\/figure>\n<h3>Caracter\u00edstica<\/h3>\n<p>1. Controlar el movimiento de la maquinaria, como el muelle de la v\u00e1lvula en el motor de combusti\u00f3n interna, el muelle de control en el embrague, etc.<br \/>\n2. Absorber la energ\u00eda de las vibraciones y de los impactos, como el muelle amortiguador bajo el vag\u00f3n, el vag\u00f3n de tren, el muelle amortiguador de las vibraciones en el acoplamiento.<br \/>\n3. Almacenar y emitir energ\u00eda en forma de potencia, como el muelle de un reloj, el muelle de una pistola, etc.<br \/>\n4. Se utiliza como elemento de medici\u00f3n de fuerza, como dispositivo de medici\u00f3n de fuerza, muelle en balanza, etc. La carga y la deformaci\u00f3n del muelle se denomina rigidez del muelle, cuanto mayor sea la rigidez, m\u00e1s duro ser\u00e1 el muelle.<\/p>\n<h3>Material<\/h3>\n<p>1. Los muelles de acero al carbono y de acero aleado a\u00f1aden principalmente silicio, manganeso, cromo, vanadio, molibdeno y otros elementos met\u00e1licos al alambre de acero para aumentar la elasticidad y el l\u00edmite de fatiga del muelle y hacerlo resistente al impacto.<br \/>\n2. Los muelles de acero inoxidable se fabrican principalmente con varios tipos de acero inoxidable y se utilizan sobre todo en lugares propensos a la corrosi\u00f3n y a las altas temperaturas.<br \/>\n3. Los muelles de aleaci\u00f3n de cobre est\u00e1n hechos principalmente de lat\u00f3n, cobre fosforado, cobre de berilio, etc. Son menos el\u00e1sticos que el acero, pero tienen una fuerte resistencia a la corrosi\u00f3n. Se utilizan generalmente en los resortes de m\u00e1quinas qu\u00edmicas, y pueden utilizarse en las industrias el\u00e9ctrica y alimentaria debido a su relaci\u00f3n no magn\u00e9tica.<\/p>","protected":false},"excerpt":{"rendered":"<p>Tenemos una gran experiencia en la personalizaci\u00f3n de muelles de compresi\u00f3n, muelles de torsi\u00f3n, muelles de tracci\u00f3n, muelles de formas especiales y micromuelles.<br \/>\nBuena en el dise\u00f1o de programas estables de producci\u00f3n en masa, buena en la resoluci\u00f3n de problemas de proceso, problemas de producci\u00f3n en masa. La compa\u00f1\u00eda tiene docenas de conjuntos de equipos, m\u00e1s de diez a\u00f1os de experiencia en la producci\u00f3n.<\/p>","protected":false},"featured_media":2415,"template":"","meta":{"ocean_post_layout":"","ocean_both_sidebars_style":"","ocean_both_sidebars_content_width":0,"ocean_both_sidebars_sidebars_width":0,"ocean_sidebar":"0","ocean_second_sidebar":"0","ocean_disable_margins":"enable","ocean_add_body_class":"","ocean_shortcode_before_top_bar":"","ocean_shortcode_after_top_bar":"","ocean_shortcode_before_header":"","ocean_shortcode_after_header":"","ocean_has_shortcode":"","ocean_shortcode_after_title":"","ocean_shortcode_before_footer_widgets":"","ocean_shortcode_after_footer_widgets":"","ocean_shortcode_before_footer_bottom":"","ocean_shortcode_after_footer_bottom":"","ocean_display_top_bar":"default","ocean_display_header":"default","ocean_header_style":"","ocean_center_header_left_menu":"0","ocean_custom_header_template":"0","ocean_custom_logo":0,"ocean_custom_retina_logo":0,"ocean_custom_logo_max_width":0,"ocean_custom_logo_tablet_max_width":0,"ocean_custom_logo_mobile_max_width":0,"ocean_custom_logo_max_height":0,"ocean_custom_logo_tablet_max_height":0,"ocean_custom_logo_mobile_max_height":0,"ocean_header_custom_menu":"0","ocean_menu_typo_font_family":"0","ocean_menu_typo_font_subset":"","ocean_menu_typo_font_size":0,"ocean_menu_typo_font_size_tablet":0,"ocean_menu_typo_font_size_mobile":0,"ocean_menu_typo_font_size_unit":"px","ocean_menu_typo_font_weight":"","ocean_menu_typo_font_weight_tablet":"","ocean_menu_typo_font_weight_mobile":"","ocean_menu_typo_transform":"","ocean_menu_typo_transform_tablet":"","ocean_menu_typo_transform_mobile":"","ocean_menu_typo_line_height":0,"ocean_menu_typo_line_height_tablet":0,"ocean_menu_typo_line_height_mobile":0,"ocean_menu_typo_line_height_unit":"","ocean_menu_typo_spacing":0,"ocean_menu_typo_spacing_tablet":0,"ocean_menu_typo_spacing_mobile":0,"ocean_menu_typo_spacing_unit":"","ocean_menu_link_color":"","ocean_menu_link_color_hover":"","ocean_menu_link_color_active":"","ocean_menu_link_background":"","ocean_menu_link_hover_background":"","ocean_menu_link_active_background":"","ocean_menu_social_links_bg":"","ocean_menu_social_hover_links_bg":"","ocean_menu_social_links_color":"","ocean_menu_social_hover_links_color":"","ocean_disable_title":"default","ocean_disable_heading":"default","ocean_post_title":"","ocean_post_subheading":"","ocean_post_title_style":"","ocean_post_title_background_color":"","ocean_post_title_background":0,"ocean_post_title_bg_image_position":"","ocean_post_title_bg_image_attachment":"","ocean_post_title_bg_image_repeat":"","ocean_post_title_bg_image_size":"","ocean_post_title_height":0,"ocean_post_title_bg_overlay":0.5,"ocean_post_title_bg_overlay_color":"","ocean_disable_breadcrumbs":"default","ocean_breadcrumbs_color":"","ocean_breadcrumbs_separator_color":"","ocean_breadcrumbs_links_color":"","ocean_breadcrumbs_links_hover_color":"","ocean_display_footer_widgets":"default","ocean_display_footer_bottom":"default","ocean_custom_footer_template":"0","ofc_meta_disable_footer_callout":"","ofc_meta_callout_button_url":"","ofc_meta_callout_button_txt":"","ofc_meta_callout_text":"","osh_disable_topbar_sticky":"default","osh_disable_header_sticky":"default","osh_sticky_header_style":"default","osh_sticky_header_effect":"","osh_custom_sticky_logo":0,"osh_custom_retina_sticky_logo":0,"osh_custom_sticky_logo_height":0,"osh_background_color":"","osh_links_color":"","osh_links_hover_color":"","osh_links_active_color":"","osh_links_bg_color":"","osh_links_hover_bg_color":"","osh_links_active_bg_color":"","osh_menu_social_links_color":"","osh_menu_social_hover_links_color":""},"product_brand":[],"product_cat":[144,25],"product_tag":[98,179,198],"class_list":{"0":"post-2411","1":"product","2":"type-product","3":"status-publish","4":"has-post-thumbnail","6":"product_cat-custom-springs","7":"product_cat-custom-compression-springs","8":"product_tag-compression-spring","9":"product_tag-customized-spring","10":"product_tag-electrophoretic-spring","12":"entry","13":"has-media","15":"first","16":"instock","17":"shipping-taxable","18":"product-type-external","19":"col","20":"span_1_of_3","21":"owp-content-center","22":"owp-thumbs-layout-horizontal","23":"owp-btn-very-big","24":"owp-tabs-layout-horizontal","25":"circle-sale"},"_links":{"self":[{"href":"https:\/\/www.metalwireforms.com\/es\/wp-json\/wp\/v2\/product\/2411","targetHints":{"allow":["GET"]}}],"collection":[{"href":"https:\/\/www.metalwireforms.com\/es\/wp-json\/wp\/v2\/product"}],"about":[{"href":"https:\/\/www.metalwireforms.com\/es\/wp-json\/wp\/v2\/types\/product"}],"version-history":[{"count":1,"href":"https:\/\/www.metalwireforms.com\/es\/wp-json\/wp\/v2\/product\/2411\/revisions"}],"predecessor-version":[{"id":2418,"href":"https:\/\/www.metalwireforms.com\/es\/wp-json\/wp\/v2\/product\/2411\/revisions\/2418"}],"wp:featuredmedia":[{"embeddable":true,"href":"https:\/\/www.metalwireforms.com\/es\/wp-json\/wp\/v2\/media\/2415"}],"wp:attachment":[{"href":"https:\/\/www.metalwireforms.com\/es\/wp-json\/wp\/v2\/media?parent=2411"}],"wp:term":[{"taxonomy":"product_brand","embeddable":true,"href":"https:\/\/www.metalwireforms.com\/es\/wp-json\/wp\/v2\/product_brand?post=2411"},{"taxonomy":"product_cat","embeddable":true,"href":"https:\/\/www.metalwireforms.com\/es\/wp-json\/wp\/v2\/product_cat?post=2411"},{"taxonomy":"product_tag","embeddable":true,"href":"https:\/\/www.metalwireforms.com\/es\/wp-json\/wp\/v2\/product_tag?post=2411"}],"curies":[{"name":"wp","href":"https:\/\/api.w.org\/{rel}","templated":true}]}}