{"id":2395,"date":"2022-10-21T09:27:05","date_gmt":"2022-10-21T09:27:05","guid":{"rendered":"https:\/\/www.metalwireforms.com\/?post_type=product&#038;p=2395"},"modified":"2022-10-21T09:53:08","modified_gmt":"2022-10-21T09:53:08","slug":"electroplated-water-drop-paperclip-factory-wholesale","status":"publish","type":"product","link":"https:\/\/www.metalwireforms.com\/es\/producto\/electroplated-water-drop-paperclip-factory-wholesale","title":{"rendered":"F\u00e1brica de sujetapapeles con gota de agua galvanizada al por mayor"},"content":{"rendered":"<figure id=\"attachment_2398\" aria-describedby=\"caption-attachment-2398\" style=\"width: 900px\" class=\"wp-caption alignnone\"><img fetchpriority=\"high\" decoding=\"async\" class=\"size-full wp-image-2398\" src=\"https:\/\/www.metalwireforms.com\/wp-content\/uploads\/2022\/10\/Droplet-paper-clip-2.jpg\" alt=\"Clip para gotas (2)\" width=\"900\" height=\"506\" srcset=\"https:\/\/www.metalwireforms.com\/wp-content\/uploads\/2022\/10\/Droplet-paper-clip-2.jpg 900w, https:\/\/www.metalwireforms.com\/wp-content\/uploads\/2022\/10\/Droplet-paper-clip-2-300x169.jpg 300w, https:\/\/www.metalwireforms.com\/wp-content\/uploads\/2022\/10\/Droplet-paper-clip-2-150x84.jpg 150w, https:\/\/www.metalwireforms.com\/wp-content\/uploads\/2022\/10\/Droplet-paper-clip-2-768x432.jpg 768w, https:\/\/www.metalwireforms.com\/wp-content\/uploads\/2022\/10\/Droplet-paper-clip-2-18x10.jpg 18w, https:\/\/www.metalwireforms.com\/wp-content\/uploads\/2022\/10\/Droplet-paper-clip-2-800x450.jpg 800w, https:\/\/www.metalwireforms.com\/wp-content\/uploads\/2022\/10\/Droplet-paper-clip-2-600x337.jpg 600w\" sizes=\"(max-width: 900px) 100vw, 900px\" \/><figcaption id=\"caption-attachment-2398\" class=\"wp-caption-text\">Clip para gotas (2)<\/figcaption><\/figure>\n<h3>Personalizado<\/h3>\n<p>El clip personalizado es un proceso de moldeo de una sola pieza, y el dise\u00f1o en forma de gota se forma con alambre de acero galvanizado.<br \/>\nLos clips son adecuados para la oficina, la escuela, la recogida y clasificaci\u00f3n de papeler\u00eda, etc.<br \/>\nLos m\u00e9todos de embalaje del clip de agua pueden ser diversos, pueden ser cajas de pl\u00e1stico, cajas de hierro, bolsas de pl\u00e1stico transparentes, etc.<br \/>\nEl material del clip es alambre de acero galvanizado, que no es f\u00e1cil de desvanecer, de color brillante, no es f\u00e1cil de oxidar, y una variedad de colores son opcionales.<br \/>\nSe puede utilizar material de alambre de acero para muelles de alta calidad, y el clip es m\u00e1s duradero y no es f\u00e1cil de deformar.<\/p>\n<figure id=\"attachment_2399\" aria-describedby=\"caption-attachment-2399\" style=\"width: 900px\" class=\"wp-caption alignnone\"><img decoding=\"async\" class=\"size-full wp-image-2399\" src=\"https:\/\/www.metalwireforms.com\/wp-content\/uploads\/2022\/10\/Droplet-paper-clip-1.jpg\" alt=\"Clip para gotas (1)\" width=\"900\" height=\"600\" \/><figcaption id=\"caption-attachment-2399\" class=\"wp-caption-text\">Clip para gotas (1)<\/figcaption><\/figure>\n<h3>Aplicaci\u00f3n<\/h3>\n<p>La forma \u00fanica y los materiales de alta calidad del sujetapapeles con forma de gota de agua hacen que tenga una mayor capacidad de adaptaci\u00f3n. Se puede utilizar infinitamente tanto en el estudio como en la oficina. Los colores del clip para gotas de agua son el dorado, el negro, el plateado, el verde, el morado, el oro rosa, el azul, el colorido, etc. Las especificaciones de los clips para gotas de agua son peque\u00f1as, grandes y s\u00faper grandes, y los di\u00e1metros de los cables son de 0.8mm, 1.0mm y 1.2mm respectivamente.<\/p>\n<figure id=\"attachment_2401\" aria-describedby=\"caption-attachment-2401\" style=\"width: 900px\" class=\"wp-caption alignnone\"><img decoding=\"async\" class=\"size-full wp-image-2401\" src=\"https:\/\/www.metalwireforms.com\/wp-content\/uploads\/2022\/10\/Droplet-paper-clip-4.jpg\" alt=\"Clip para gotas (4)\" width=\"900\" height=\"600\" srcset=\"https:\/\/www.metalwireforms.com\/wp-content\/uploads\/2022\/10\/Droplet-paper-clip-4.jpg 900w, https:\/\/www.metalwireforms.com\/wp-content\/uploads\/2022\/10\/Droplet-paper-clip-4-300x200.jpg 300w, https:\/\/www.metalwireforms.com\/wp-content\/uploads\/2022\/10\/Droplet-paper-clip-4-150x100.jpg 150w, https:\/\/www.metalwireforms.com\/wp-content\/uploads\/2022\/10\/Droplet-paper-clip-4-768x512.jpg 768w, https:\/\/www.metalwireforms.com\/wp-content\/uploads\/2022\/10\/Droplet-paper-clip-4-18x12.jpg 18w, https:\/\/www.metalwireforms.com\/wp-content\/uploads\/2022\/10\/Droplet-paper-clip-4-600x400.jpg 600w\" sizes=\"(max-width: 900px) 100vw, 900px\" \/><figcaption id=\"caption-attachment-2401\" class=\"wp-caption-text\">Clip para gotas (4)<\/figcaption><\/figure>\n<p>Los clips se utilizan habitualmente en varios tipos de materiales:<br \/>\n(1) Tipo econ\u00f3mico: L\u00ednea sobremoldeada de PET<br \/>\n(2) Tipo de color fijo de alta calidad y peque\u00f1a cantidad: alambre de hierro + proceso de pintura al horno<br \/>\n(3) Color met\u00e1lico de alta calidad: alambre de hierro + proceso de galvanoplastia de color<br \/>\n(4) Tipo de tendencia actual: alambre de hierro + chapado en oro \/ galvanoplastia de oro rosa \/ chapado en colores deslumbrantes<br \/>\n(5) Tipo de circulaci\u00f3n cl\u00e1sica: alambre de hierro + n\u00edquel electrodepositado \/ negro de hierro electrodepositado \/ bronce electrodepositado<\/p>\n<figure id=\"attachment_2400\" aria-describedby=\"caption-attachment-2400\" style=\"width: 900px\" class=\"wp-caption alignnone\"><img loading=\"lazy\" decoding=\"async\" class=\"size-full wp-image-2400\" src=\"https:\/\/www.metalwireforms.com\/wp-content\/uploads\/2022\/10\/Droplet-paper-clip-3.jpg\" alt=\"Clip para gotas (3)\" width=\"900\" height=\"506\" srcset=\"https:\/\/www.metalwireforms.com\/wp-content\/uploads\/2022\/10\/Droplet-paper-clip-3.jpg 900w, https:\/\/www.metalwireforms.com\/wp-content\/uploads\/2022\/10\/Droplet-paper-clip-3-300x169.jpg 300w, https:\/\/www.metalwireforms.com\/wp-content\/uploads\/2022\/10\/Droplet-paper-clip-3-150x84.jpg 150w, https:\/\/www.metalwireforms.com\/wp-content\/uploads\/2022\/10\/Droplet-paper-clip-3-768x432.jpg 768w, https:\/\/www.metalwireforms.com\/wp-content\/uploads\/2022\/10\/Droplet-paper-clip-3-18x10.jpg 18w, https:\/\/www.metalwireforms.com\/wp-content\/uploads\/2022\/10\/Droplet-paper-clip-3-800x450.jpg 800w, https:\/\/www.metalwireforms.com\/wp-content\/uploads\/2022\/10\/Droplet-paper-clip-3-600x337.jpg 600w\" sizes=\"(max-width: 900px) 100vw, 900px\" \/><figcaption id=\"caption-attachment-2400\" class=\"wp-caption-text\">Clip para gotas (3)<\/figcaption><\/figure>","protected":false},"excerpt":{"rendered":"<p>Xinsheng se especializa en la producci\u00f3n de productos de formaci\u00f3n de alambre de acero, incluyendo principalmente varios resortes, clips, clips de cola larga, clips de papel, hebillas de alambre, etc. La compa\u00f1\u00eda tiene una variedad de m\u00e1quinas de formaci\u00f3n de alambre y equipos t\u00e9cnicos profesionales para asegurar que la gama m\u00e1xima de las necesidades del cliente personalizado.<\/p>","protected":false},"featured_media":2405,"template":"","meta":{"ocean_post_layout":"","ocean_both_sidebars_style":"","ocean_both_sidebars_content_width":0,"ocean_both_sidebars_sidebars_width":0,"ocean_sidebar":"0","ocean_second_sidebar":"0","ocean_disable_margins":"enable","ocean_add_body_class":"","ocean_shortcode_before_top_bar":"","ocean_shortcode_after_top_bar":"","ocean_shortcode_before_header":"","ocean_shortcode_after_header":"","ocean_has_shortcode":"","ocean_shortcode_after_title":"","ocean_shortcode_before_footer_widgets":"","ocean_shortcode_after_footer_widgets":"","ocean_shortcode_before_footer_bottom":"","ocean_shortcode_after_footer_bottom":"","ocean_display_top_bar":"default","ocean_display_header":"default","ocean_header_style":"","ocean_center_header_left_menu":"0","ocean_custom_header_template":"0","ocean_custom_logo":0,"ocean_custom_retina_logo":0,"ocean_custom_logo_max_width":0,"ocean_custom_logo_tablet_max_width":0,"ocean_custom_logo_mobile_max_width":0,"ocean_custom_logo_max_height":0,"ocean_custom_logo_tablet_max_height":0,"ocean_custom_logo_mobile_max_height":0,"ocean_header_custom_menu":"0","ocean_menu_typo_font_family":"0","ocean_menu_typo_font_subset":"","ocean_menu_typo_font_size":0,"ocean_menu_typo_font_size_tablet":0,"ocean_menu_typo_font_size_mobile":0,"ocean_menu_typo_font_size_unit":"px","ocean_menu_typo_font_weight":"","ocean_menu_typo_font_weight_tablet":"","ocean_menu_typo_font_weight_mobile":"","ocean_menu_typo_transform":"","ocean_menu_typo_transform_tablet":"","ocean_menu_typo_transform_mobile":"","ocean_menu_typo_line_height":0,"ocean_menu_typo_line_height_tablet":0,"ocean_menu_typo_line_height_mobile":0,"ocean_menu_typo_line_height_unit":"","ocean_menu_typo_spacing":0,"ocean_menu_typo_spacing_tablet":0,"ocean_menu_typo_spacing_mobile":0,"ocean_menu_typo_spacing_unit":"","ocean_menu_link_color":"","ocean_menu_link_color_hover":"","ocean_menu_link_color_active":"","ocean_menu_link_background":"","ocean_menu_link_hover_background":"","ocean_menu_link_active_background":"","ocean_menu_social_links_bg":"","ocean_menu_social_hover_links_bg":"","ocean_menu_social_links_color":"","ocean_menu_social_hover_links_color":"","ocean_disable_title":"default","ocean_disable_heading":"default","ocean_post_title":"","ocean_post_subheading":"","ocean_post_title_style":"","ocean_post_title_background_color":"","ocean_post_title_background":0,"ocean_post_title_bg_image_position":"","ocean_post_title_bg_image_attachment":"","ocean_post_title_bg_image_repeat":"","ocean_post_title_bg_image_size":"","ocean_post_title_height":0,"ocean_post_title_bg_overlay":0.5,"ocean_post_title_bg_overlay_color":"","ocean_disable_breadcrumbs":"default","ocean_breadcrumbs_color":"","ocean_breadcrumbs_separator_color":"","ocean_breadcrumbs_links_color":"","ocean_breadcrumbs_links_hover_color":"","ocean_display_footer_widgets":"default","ocean_display_footer_bottom":"default","ocean_custom_footer_template":"0","ofc_meta_disable_footer_callout":"","ofc_meta_callout_button_url":"","ofc_meta_callout_button_txt":"","ofc_meta_callout_text":"","osh_disable_topbar_sticky":"default","osh_disable_header_sticky":"default","osh_sticky_header_style":"default","osh_sticky_header_effect":"","osh_custom_sticky_logo":0,"osh_custom_retina_sticky_logo":0,"osh_custom_sticky_logo_height":0,"osh_background_color":"","osh_links_color":"","osh_links_hover_color":"","osh_links_active_color":"","osh_links_bg_color":"","osh_links_hover_bg_color":"","osh_links_active_bg_color":"","osh_menu_social_links_color":"","osh_menu_social_hover_links_color":""},"product_brand":[],"product_cat":[145,152],"product_tag":[184,177,197],"class_list":{"0":"post-2395","1":"product","2":"type-product","3":"status-publish","4":"has-post-thumbnail","6":"product_cat-custom-wire-fasteners","7":"product_cat-custom-paper-clips","8":"product_tag-creative-paper-clip","9":"product_tag-custom-paper-clip","10":"product_tag-water-drop-paper-clip","12":"entry","13":"has-media","15":"first","16":"instock","17":"shipping-taxable","18":"product-type-external","19":"col","20":"span_1_of_3","21":"owp-content-center","22":"owp-thumbs-layout-horizontal","23":"owp-btn-very-big","24":"owp-tabs-layout-horizontal","25":"circle-sale"},"_links":{"self":[{"href":"https:\/\/www.metalwireforms.com\/es\/wp-json\/wp\/v2\/product\/2395","targetHints":{"allow":["GET"]}}],"collection":[{"href":"https:\/\/www.metalwireforms.com\/es\/wp-json\/wp\/v2\/product"}],"about":[{"href":"https:\/\/www.metalwireforms.com\/es\/wp-json\/wp\/v2\/types\/product"}],"version-history":[{"count":2,"href":"https:\/\/www.metalwireforms.com\/es\/wp-json\/wp\/v2\/product\/2395\/revisions"}],"predecessor-version":[{"id":2407,"href":"https:\/\/www.metalwireforms.com\/es\/wp-json\/wp\/v2\/product\/2395\/revisions\/2407"}],"wp:featuredmedia":[{"embeddable":true,"href":"https:\/\/www.metalwireforms.com\/es\/wp-json\/wp\/v2\/media\/2405"}],"wp:attachment":[{"href":"https:\/\/www.metalwireforms.com\/es\/wp-json\/wp\/v2\/media?parent=2395"}],"wp:term":[{"taxonomy":"product_brand","embeddable":true,"href":"https:\/\/www.metalwireforms.com\/es\/wp-json\/wp\/v2\/product_brand?post=2395"},{"taxonomy":"product_cat","embeddable":true,"href":"https:\/\/www.metalwireforms.com\/es\/wp-json\/wp\/v2\/product_cat?post=2395"},{"taxonomy":"product_tag","embeddable":true,"href":"https:\/\/www.metalwireforms.com\/es\/wp-json\/wp\/v2\/product_tag?post=2395"}],"curies":[{"name":"wp","href":"https:\/\/api.w.org\/{rel}","templated":true}]}}