{"id":2378,"date":"2022-09-20T01:25:58","date_gmt":"2022-09-20T01:25:58","guid":{"rendered":"https:\/\/www.metalwireforms.com\/?post_type=product&#038;p=2378"},"modified":"2022-12-12T08:48:08","modified_gmt":"2022-12-12T08:48:08","slug":"factory-customized-zinc-nickel-plated-d-ring-buckle","status":"publish","type":"product","link":"https:\/\/www.metalwireforms.com\/es\/producto\/factory-customized-zinc-nickel-plated-d-ring-buckle","title":{"rendered":"Hebilla de anilla en D de cinc niquelado de f\u00e1brica a medida"},"content":{"rendered":"<p>Se fabrica con materiales met\u00e1licos de gran pureza y alta densidad, lo que hace que la superficie de los productos de ferreter\u00eda acabados sea m\u00e1s suave y duradera.<br \/>\nCada producto ha sido estrictamente seleccionado, y despu\u00e9s de un estricto afilado, no tiene grilletes, ni ara\u00f1azos, y es m\u00e1s seguro de usar.<br \/>\nSe adopta el m\u00e9todo cient\u00edfico de galvanoplastia para que la capa de galvanoplastia alcance un grosor de 0,7um, lo que hace que el brillo sea m\u00e1s fuerte, completo y duradero.<br \/>\nAntes del env\u00edo, cada producto ser\u00e1 estrictamente inspeccionado manualmente, para que la tasa de rendimiento pueda alcanzar el resultado que usted desea.<\/p>\n<h3>Especificaci\u00f3n<\/h3>\n<figure id=\"attachment_2056\" aria-describedby=\"caption-attachment-2056\" style=\"width: 1000px\" class=\"wp-caption alignnone\"><img fetchpriority=\"high\" decoding=\"async\" class=\"size-full wp-image-2056\" src=\"https:\/\/www.metalwireforms.com\/wp-content\/uploads\/2022\/08\/D-ring-spec.jpg\" alt=\"Especificaciones del anillo en D\" width=\"1000\" height=\"1294\" srcset=\"https:\/\/www.metalwireforms.com\/wp-content\/uploads\/2022\/08\/D-ring-spec.jpg 1000w, https:\/\/www.metalwireforms.com\/wp-content\/uploads\/2022\/08\/D-ring-spec-232x300.jpg 232w, https:\/\/www.metalwireforms.com\/wp-content\/uploads\/2022\/08\/D-ring-spec-791x1024.jpg 791w, https:\/\/www.metalwireforms.com\/wp-content\/uploads\/2022\/08\/D-ring-spec-116x150.jpg 116w, https:\/\/www.metalwireforms.com\/wp-content\/uploads\/2022\/08\/D-ring-spec-768x994.jpg 768w, https:\/\/www.metalwireforms.com\/wp-content\/uploads\/2022\/08\/D-ring-spec-9x12.jpg 9w, https:\/\/www.metalwireforms.com\/wp-content\/uploads\/2022\/08\/D-ring-spec-600x776.jpg 600w\" sizes=\"(max-width: 1000px) 100vw, 1000px\" \/><figcaption id=\"caption-attachment-2056\" class=\"wp-caption-text\">Especificaciones del anillo en D<\/figcaption><\/figure>\n<h3>Aplicaci\u00f3n<\/h3>\n<p>El material de la hebilla D se divide generalmente en cobre, hierro y aleaci\u00f3n de zinc. La hebilla D hecha de cobre y hierro tiene fracturas. A menos que est\u00e9 soldada, la aleaci\u00f3n de zinc no tiene fracturas. La hebilla D se utiliza ampliamente en la producci\u00f3n de cinturones de equipaje, y los colores com\u00fanmente utilizados son el bronce, el bronce, la plata, el negro de pistola, el oro y as\u00ed sucesivamente. Los tama\u00f1os m\u00e1s utilizados son 1cm, 1.5cm, 2cm, 2.5cm, 3cm, 3.8cm, etc., que pueden ser personalizados seg\u00fan las necesidades del cliente.<\/p>","protected":false},"excerpt":{"rendered":"<p>Xinsheng se especializa en la producci\u00f3n de diversos herrajes y accesorios de acero inoxidable, cobre, hierro y aluminio para equipaje de ropa, incluyendo: Hebilla en forma de D, hebilla triangular, hebilla cuadrada, ovalada, c\u00edrculo abierto, anillo cerrado, imagen doble, hebilla de gancho en S, tensor, anillo de tiro, llavero, clavo de ojo de oveja, etc.<\/p>","protected":false},"featured_media":2381,"template":"","meta":{"ocean_post_layout":"","ocean_both_sidebars_style":"","ocean_both_sidebars_content_width":0,"ocean_both_sidebars_sidebars_width":0,"ocean_sidebar":"0","ocean_second_sidebar":"0","ocean_disable_margins":"enable","ocean_add_body_class":"","ocean_shortcode_before_top_bar":"","ocean_shortcode_after_top_bar":"","ocean_shortcode_before_header":"","ocean_shortcode_after_header":"","ocean_has_shortcode":"","ocean_shortcode_after_title":"","ocean_shortcode_before_footer_widgets":"","ocean_shortcode_after_footer_widgets":"","ocean_shortcode_before_footer_bottom":"","ocean_shortcode_after_footer_bottom":"","ocean_display_top_bar":"default","ocean_display_header":"default","ocean_header_style":"","ocean_center_header_left_menu":"0","ocean_custom_header_template":"0","ocean_custom_logo":0,"ocean_custom_retina_logo":0,"ocean_custom_logo_max_width":0,"ocean_custom_logo_tablet_max_width":0,"ocean_custom_logo_mobile_max_width":0,"ocean_custom_logo_max_height":0,"ocean_custom_logo_tablet_max_height":0,"ocean_custom_logo_mobile_max_height":0,"ocean_header_custom_menu":"0","ocean_menu_typo_font_family":"0","ocean_menu_typo_font_subset":"","ocean_menu_typo_font_size":0,"ocean_menu_typo_font_size_tablet":0,"ocean_menu_typo_font_size_mobile":0,"ocean_menu_typo_font_size_unit":"px","ocean_menu_typo_font_weight":"","ocean_menu_typo_font_weight_tablet":"","ocean_menu_typo_font_weight_mobile":"","ocean_menu_typo_transform":"","ocean_menu_typo_transform_tablet":"","ocean_menu_typo_transform_mobile":"","ocean_menu_typo_line_height":0,"ocean_menu_typo_line_height_tablet":0,"ocean_menu_typo_line_height_mobile":0,"ocean_menu_typo_line_height_unit":"","ocean_menu_typo_spacing":0,"ocean_menu_typo_spacing_tablet":0,"ocean_menu_typo_spacing_mobile":0,"ocean_menu_typo_spacing_unit":"","ocean_menu_link_color":"","ocean_menu_link_color_hover":"","ocean_menu_link_color_active":"","ocean_menu_link_background":"","ocean_menu_link_hover_background":"","ocean_menu_link_active_background":"","ocean_menu_social_links_bg":"","ocean_menu_social_hover_links_bg":"","ocean_menu_social_links_color":"","ocean_menu_social_hover_links_color":"","ocean_disable_title":"default","ocean_disable_heading":"default","ocean_post_title":"","ocean_post_subheading":"","ocean_post_title_style":"","ocean_post_title_background_color":"","ocean_post_title_background":0,"ocean_post_title_bg_image_position":"","ocean_post_title_bg_image_attachment":"","ocean_post_title_bg_image_repeat":"","ocean_post_title_bg_image_size":"","ocean_post_title_height":0,"ocean_post_title_bg_overlay":0.5,"ocean_post_title_bg_overlay_color":"","ocean_disable_breadcrumbs":"default","ocean_breadcrumbs_color":"","ocean_breadcrumbs_separator_color":"","ocean_breadcrumbs_links_color":"","ocean_breadcrumbs_links_hover_color":"","ocean_display_footer_widgets":"default","ocean_display_footer_bottom":"default","ocean_custom_footer_template":"0","ofc_meta_disable_footer_callout":"","ofc_meta_callout_button_url":"","ofc_meta_callout_button_txt":"","ofc_meta_callout_text":"","osh_disable_topbar_sticky":"default","osh_disable_header_sticky":"default","osh_sticky_header_style":"default","osh_sticky_header_effect":"","osh_custom_sticky_logo":0,"osh_custom_retina_sticky_logo":0,"osh_custom_sticky_logo_height":0,"osh_background_color":"","osh_links_color":"","osh_links_hover_color":"","osh_links_active_color":"","osh_links_bg_color":"","osh_links_hover_bg_color":"","osh_links_active_bg_color":"","osh_menu_social_links_color":"","osh_menu_social_hover_links_color":""},"product_brand":[],"product_cat":[145,33],"product_tag":[167,165,196],"class_list":{"0":"post-2378","1":"product","2":"type-product","3":"status-publish","4":"has-post-thumbnail","6":"product_cat-custom-wire-fasteners","7":"product_cat-custom-wire-buckles","8":"product_tag-custom-d-ring","9":"product_tag-d-ring","10":"product_tag-luggage","12":"entry","13":"has-media","15":"first","16":"instock","17":"shipping-taxable","18":"product-type-external","19":"col","20":"span_1_of_3","21":"owp-content-center","22":"owp-thumbs-layout-horizontal","23":"owp-btn-very-big","24":"owp-tabs-layout-horizontal","25":"circle-sale"},"_links":{"self":[{"href":"https:\/\/www.metalwireforms.com\/es\/wp-json\/wp\/v2\/product\/2378","targetHints":{"allow":["GET"]}}],"collection":[{"href":"https:\/\/www.metalwireforms.com\/es\/wp-json\/wp\/v2\/product"}],"about":[{"href":"https:\/\/www.metalwireforms.com\/es\/wp-json\/wp\/v2\/types\/product"}],"version-history":[{"count":1,"href":"https:\/\/www.metalwireforms.com\/es\/wp-json\/wp\/v2\/product\/2378\/revisions"}],"predecessor-version":[{"id":2383,"href":"https:\/\/www.metalwireforms.com\/es\/wp-json\/wp\/v2\/product\/2378\/revisions\/2383"}],"wp:featuredmedia":[{"embeddable":true,"href":"https:\/\/www.metalwireforms.com\/es\/wp-json\/wp\/v2\/media\/2381"}],"wp:attachment":[{"href":"https:\/\/www.metalwireforms.com\/es\/wp-json\/wp\/v2\/media?parent=2378"}],"wp:term":[{"taxonomy":"product_brand","embeddable":true,"href":"https:\/\/www.metalwireforms.com\/es\/wp-json\/wp\/v2\/product_brand?post=2378"},{"taxonomy":"product_cat","embeddable":true,"href":"https:\/\/www.metalwireforms.com\/es\/wp-json\/wp\/v2\/product_cat?post=2378"},{"taxonomy":"product_tag","embeddable":true,"href":"https:\/\/www.metalwireforms.com\/es\/wp-json\/wp\/v2\/product_tag?post=2378"}],"curies":[{"name":"wp","href":"https:\/\/api.w.org\/{rel}","templated":true}]}}