{"id":2357,"date":"2022-09-08T06:56:14","date_gmt":"2022-09-08T06:56:14","guid":{"rendered":"https:\/\/www.metalwireforms.com\/?post_type=product&#038;p=2357"},"modified":"2022-09-08T07:12:29","modified_gmt":"2022-09-08T07:12:29","slug":"factory-custom-touch-switch-button-compression-spring","status":"publish","type":"product","link":"https:\/\/www.metalwireforms.com\/es\/producto\/factory-custom-touch-switch-button-compression-spring","title":{"rendered":"F\u00e1brica de resortes de compresi\u00f3n para interruptores t\u00e1ctiles"},"content":{"rendered":"<figure id=\"attachment_2362\" aria-describedby=\"caption-attachment-2362\" style=\"width: 1000px\" class=\"wp-caption alignnone\"><img fetchpriority=\"high\" decoding=\"async\" class=\"size-full wp-image-2362\" src=\"https:\/\/www.metalwireforms.com\/wp-content\/uploads\/2022\/09\/Button-spring-5.jpg\" alt=\"Muelle de bot\u00f3n (5)\" width=\"1000\" height=\"563\" srcset=\"https:\/\/www.metalwireforms.com\/wp-content\/uploads\/2022\/09\/Button-spring-5.jpg 1000w, https:\/\/www.metalwireforms.com\/wp-content\/uploads\/2022\/09\/Button-spring-5-300x169.jpg 300w, https:\/\/www.metalwireforms.com\/wp-content\/uploads\/2022\/09\/Button-spring-5-150x84.jpg 150w, https:\/\/www.metalwireforms.com\/wp-content\/uploads\/2022\/09\/Button-spring-5-768x432.jpg 768w, https:\/\/www.metalwireforms.com\/wp-content\/uploads\/2022\/09\/Button-spring-5-18x10.jpg 18w, https:\/\/www.metalwireforms.com\/wp-content\/uploads\/2022\/09\/Button-spring-5-800x450.jpg 800w, https:\/\/www.metalwireforms.com\/wp-content\/uploads\/2022\/09\/Button-spring-5-600x338.jpg 600w\" sizes=\"(max-width: 1000px) 100vw, 1000px\" \/><figcaption id=\"caption-attachment-2362\" class=\"wp-caption-text\">Muelle de bot\u00f3n (5)<\/figcaption><\/figure>\n<h3>Caracter\u00edstica<\/h3>\n<p>Material de los muelles a medida: hierro, cobre, acero inoxidable, acero al manganeso, acero para muelles, bronce fosforoso, material de cobre de berilio, el rango de di\u00e1metro de los muelles es de 0,1-80mm, que puede ser personalizado seg\u00fan las necesidades del cliente.<br \/>\nCaracter\u00edsticas del material: los muelles de alambre de acero inoxidable son resistentes al \u00e1cido y al \u00e1lcali, los muelles de alambre de acero al carbono tienen buena resistencia y resorte, y los muelles de alambre de cobre tienen buena conductividad el\u00e9ctrica.<br \/>\nTratamiento de la superficie del muelle: cincado blanco, cincado azul, cincado de color, cincado negro, cincado de \u00f3xido negro, niquelado, niquelado negro, cromado, dorado, plateado, electroforesis negra, DACROMET y cualquier otro requisito.<br \/>\nGama de producci\u00f3n: Personalizar todo tipo de resortes de alta precisi\u00f3n, resortes de compresi\u00f3n, resortes de acero inoxidable, resortes de extensi\u00f3n, resortes de torsi\u00f3n, resortes de forma especial, resortes, etc.<\/p>\n<h3>Aplicaci\u00f3n<\/h3>\n<p>Los muelles de bot\u00f3n personalizados se utilizan ampliamente en utensilios de cocina, electrodom\u00e9sticos, maquinaria, electr\u00f3nica, aparatos el\u00e9ctricos, juguetes, relojes, l\u00e1mparas, instrumentos, bolsos, calzado, materiales de comunicaci\u00f3n, piezas de autom\u00f3vil, artesan\u00eda, equipos de oficina, muebles, art\u00edculos de primera necesidad, ferreter\u00eda, pl\u00e1sticos y equipos deportivos de fitness y otras industrias. Nuestra empresa tambi\u00e9n cuenta con un grupo de personal profesional y t\u00e9cnico, as\u00ed como con equipos de producci\u00f3n y equipos de prueba avanzados. Los resortes personalizados tienen una tecnolog\u00eda sofisticada, una bella apariencia y una buena calidad.<\/p>","protected":false},"excerpt":{"rendered":"<p>Para las formas de alambre met\u00e1lico, nuestro equipo puede producir varias piezas de hardware de precisi\u00f3n, como resortes de compresi\u00f3n de precisi\u00f3n, resortes de tensi\u00f3n, resortes de torsi\u00f3n, resortes de bater\u00eda, resortes en forma de alambre perfilado, resortes de presi\u00f3n, resortes de alambre plano cuadrado, resortes de fuerza constante, piezas de torno CNC, resortes de fuerza constante, etc.<\/p>","protected":false},"featured_media":2358,"template":"","meta":{"ocean_post_layout":"","ocean_both_sidebars_style":"","ocean_both_sidebars_content_width":0,"ocean_both_sidebars_sidebars_width":0,"ocean_sidebar":"0","ocean_second_sidebar":"0","ocean_disable_margins":"enable","ocean_add_body_class":"","ocean_shortcode_before_top_bar":"","ocean_shortcode_after_top_bar":"","ocean_shortcode_before_header":"","ocean_shortcode_after_header":"","ocean_has_shortcode":"","ocean_shortcode_after_title":"","ocean_shortcode_before_footer_widgets":"","ocean_shortcode_after_footer_widgets":"","ocean_shortcode_before_footer_bottom":"","ocean_shortcode_after_footer_bottom":"","ocean_display_top_bar":"default","ocean_display_header":"default","ocean_header_style":"","ocean_center_header_left_menu":"0","ocean_custom_header_template":"0","ocean_custom_logo":0,"ocean_custom_retina_logo":0,"ocean_custom_logo_max_width":0,"ocean_custom_logo_tablet_max_width":0,"ocean_custom_logo_mobile_max_width":0,"ocean_custom_logo_max_height":0,"ocean_custom_logo_tablet_max_height":0,"ocean_custom_logo_mobile_max_height":0,"ocean_header_custom_menu":"0","ocean_menu_typo_font_family":"0","ocean_menu_typo_font_subset":"","ocean_menu_typo_font_size":0,"ocean_menu_typo_font_size_tablet":0,"ocean_menu_typo_font_size_mobile":0,"ocean_menu_typo_font_size_unit":"px","ocean_menu_typo_font_weight":"","ocean_menu_typo_font_weight_tablet":"","ocean_menu_typo_font_weight_mobile":"","ocean_menu_typo_transform":"","ocean_menu_typo_transform_tablet":"","ocean_menu_typo_transform_mobile":"","ocean_menu_typo_line_height":0,"ocean_menu_typo_line_height_tablet":0,"ocean_menu_typo_line_height_mobile":0,"ocean_menu_typo_line_height_unit":"","ocean_menu_typo_spacing":0,"ocean_menu_typo_spacing_tablet":0,"ocean_menu_typo_spacing_mobile":0,"ocean_menu_typo_spacing_unit":"","ocean_menu_link_color":"","ocean_menu_link_color_hover":"","ocean_menu_link_color_active":"","ocean_menu_link_background":"","ocean_menu_link_hover_background":"","ocean_menu_link_active_background":"","ocean_menu_social_links_bg":"","ocean_menu_social_hover_links_bg":"","ocean_menu_social_links_color":"","ocean_menu_social_hover_links_color":"","ocean_disable_title":"default","ocean_disable_heading":"default","ocean_post_title":"","ocean_post_subheading":"","ocean_post_title_style":"","ocean_post_title_background_color":"","ocean_post_title_background":0,"ocean_post_title_bg_image_position":"","ocean_post_title_bg_image_attachment":"","ocean_post_title_bg_image_repeat":"","ocean_post_title_bg_image_size":"","ocean_post_title_height":0,"ocean_post_title_bg_overlay":0.5,"ocean_post_title_bg_overlay_color":"","ocean_disable_breadcrumbs":"default","ocean_breadcrumbs_color":"","ocean_breadcrumbs_separator_color":"","ocean_breadcrumbs_links_color":"","ocean_breadcrumbs_links_hover_color":"","ocean_display_footer_widgets":"default","ocean_display_footer_bottom":"default","ocean_custom_footer_template":"0","ofc_meta_disable_footer_callout":"","ofc_meta_callout_button_url":"","ofc_meta_callout_button_txt":"","ofc_meta_callout_text":"","osh_disable_topbar_sticky":"default","osh_disable_header_sticky":"default","osh_sticky_header_style":"default","osh_sticky_header_effect":"","osh_custom_sticky_logo":0,"osh_custom_retina_sticky_logo":0,"osh_custom_sticky_logo_height":0,"osh_background_color":"","osh_links_color":"","osh_links_hover_color":"","osh_links_active_color":"","osh_links_bg_color":"","osh_links_hover_bg_color":"","osh_links_active_bg_color":"","osh_menu_social_links_color":"","osh_menu_social_hover_links_color":""},"product_brand":[],"product_cat":[144,25],"product_tag":[112,179,195],"class_list":{"0":"post-2357","1":"product","2":"type-product","3":"status-publish","4":"has-post-thumbnail","6":"product_cat-custom-springs","7":"product_cat-custom-compression-springs","8":"product_tag-button-spring","9":"product_tag-customized-spring","10":"product_tag-switch-spring","12":"entry","13":"has-media","15":"first","16":"instock","17":"shipping-taxable","18":"product-type-external","19":"col","20":"span_1_of_3","21":"owp-content-center","22":"owp-thumbs-layout-horizontal","23":"owp-btn-very-big","24":"owp-tabs-layout-horizontal","25":"circle-sale"},"_links":{"self":[{"href":"https:\/\/www.metalwireforms.com\/es\/wp-json\/wp\/v2\/product\/2357","targetHints":{"allow":["GET"]}}],"collection":[{"href":"https:\/\/www.metalwireforms.com\/es\/wp-json\/wp\/v2\/product"}],"about":[{"href":"https:\/\/www.metalwireforms.com\/es\/wp-json\/wp\/v2\/types\/product"}],"version-history":[{"count":1,"href":"https:\/\/www.metalwireforms.com\/es\/wp-json\/wp\/v2\/product\/2357\/revisions"}],"predecessor-version":[{"id":2363,"href":"https:\/\/www.metalwireforms.com\/es\/wp-json\/wp\/v2\/product\/2357\/revisions\/2363"}],"wp:featuredmedia":[{"embeddable":true,"href":"https:\/\/www.metalwireforms.com\/es\/wp-json\/wp\/v2\/media\/2358"}],"wp:attachment":[{"href":"https:\/\/www.metalwireforms.com\/es\/wp-json\/wp\/v2\/media?parent=2357"}],"wp:term":[{"taxonomy":"product_brand","embeddable":true,"href":"https:\/\/www.metalwireforms.com\/es\/wp-json\/wp\/v2\/product_brand?post=2357"},{"taxonomy":"product_cat","embeddable":true,"href":"https:\/\/www.metalwireforms.com\/es\/wp-json\/wp\/v2\/product_cat?post=2357"},{"taxonomy":"product_tag","embeddable":true,"href":"https:\/\/www.metalwireforms.com\/es\/wp-json\/wp\/v2\/product_tag?post=2357"}],"curies":[{"name":"wp","href":"https:\/\/api.w.org\/{rel}","templated":true}]}}