{"id":2312,"date":"2022-08-30T09:41:26","date_gmt":"2022-08-30T09:41:26","guid":{"rendered":"https:\/\/www.metalwireforms.com\/?post_type=product&#038;p=2312"},"modified":"2022-08-30T09:52:28","modified_gmt":"2022-08-30T09:52:28","slug":"custom-galvanized-steel-sheet-pp-packing-strapping-clips","status":"publish","type":"product","link":"https:\/\/www.metalwireforms.com\/es\/producto\/custom-galvanized-steel-sheet-pp-packing-strapping-clips","title":{"rendered":"Clips de fleje de embalaje de PP de chapa de acero galvanizada a medida"},"content":{"rendered":"<figure id=\"attachment_2313\" aria-describedby=\"caption-attachment-2313\" style=\"width: 1000px\" class=\"wp-caption alignnone\"><img fetchpriority=\"high\" decoding=\"async\" class=\"size-full wp-image-2313\" src=\"https:\/\/www.metalwireforms.com\/wp-content\/uploads\/2022\/08\/PP-strapping-clip-1.jpg\" alt=\"Clip de flejado de PP (1)\" width=\"1000\" height=\"563\" srcset=\"https:\/\/www.metalwireforms.com\/wp-content\/uploads\/2022\/08\/PP-strapping-clip-1.jpg 1000w, https:\/\/www.metalwireforms.com\/wp-content\/uploads\/2022\/08\/PP-strapping-clip-1-300x169.jpg 300w, https:\/\/www.metalwireforms.com\/wp-content\/uploads\/2022\/08\/PP-strapping-clip-1-150x84.jpg 150w, https:\/\/www.metalwireforms.com\/wp-content\/uploads\/2022\/08\/PP-strapping-clip-1-768x432.jpg 768w, https:\/\/www.metalwireforms.com\/wp-content\/uploads\/2022\/08\/PP-strapping-clip-1-18x10.jpg 18w, https:\/\/www.metalwireforms.com\/wp-content\/uploads\/2022\/08\/PP-strapping-clip-1-800x450.jpg 800w, https:\/\/www.metalwireforms.com\/wp-content\/uploads\/2022\/08\/PP-strapping-clip-1-600x338.jpg 600w\" sizes=\"(max-width: 1000px) 100vw, 1000px\" \/><figcaption id=\"caption-attachment-2313\" class=\"wp-caption-text\">Clip de flejado de PP (1)<\/figcaption><\/figure>\n<h3>Caracter\u00edstica<\/h3>\n<p>1. El clip de fleje de PP est\u00e1 hecho de material de alta calidad, hecho de chapa de acero y galvanizado en la superficie, lo que puede evitar la oxidaci\u00f3n en un determinado entorno.<br \/>\n2. El aspecto del clip de flejado es hermoso, resistente a la corrosi\u00f3n y tiene buena ductilidad. La superficie de la placa es plana, galvanizada uniformemente, y el color es brillante y hermoso.<br \/>\n3. La fuerza de sujeci\u00f3n del sello de fleje es fuerte, la superficie lisa en general est\u00e1 libre de pintura, y no es f\u00e1cil de deslizar. El efecto es excelente cuando se utiliza con la correa de embalaje.<br \/>\n4. El sello de fleje personalizado es ampliamente utilizado y adecuado para el embalaje general de PP en el mercado. Se utiliza con el fleje de embalaje de PP por debajo de 2,0 mm.<\/p>\n<h3>Ventaja<\/h3>\n<p>1. Tenemos nuestro propio taller de producci\u00f3n y montaje de flejes de PP y clips de flejado de PP, con un equipo completo y una tecnolog\u00eda exquisita.<br \/>\n2. Hay un equipo t\u00e9cnico profesional, capaz de dise\u00f1ar y personalizar los clips de la correa de embalaje, personal profesional de servicio post-venta y un estricto sistema de control de calidad.<br \/>\n3. Todas las materias primas utilizadas para la abrazadera de la correa de embalaje se seleccionan estrictamente para la calidad, s\u00f3lo para proporcionar clips de flejado de mayor calidad<br \/>\n4. Tenemos muchos a\u00f1os de experiencia en la producci\u00f3n y el procesamiento de clips de fleje de embalaje. Cooperamos con muchos proveedores de servicios. Los clips de correa de embalaje admiten la personalizaci\u00f3n especial y la producci\u00f3n en masa.<\/p>","protected":false},"excerpt":{"rendered":"<p>Los clips de flejado de PP se utilizan ampliamente para atar y fijar productos de ladrillo, madera, metal, papel, mercanc\u00edas, construcci\u00f3n, piedra, textil, hardware, muebles, caja de madera, acero, piedra, alambre de acero, soldadura, lingote de aluminio, embalaje de lingote de zinc y otras industrias.<\/p>","protected":false},"featured_media":2319,"template":"","meta":{"ocean_post_layout":"","ocean_both_sidebars_style":"","ocean_both_sidebars_content_width":0,"ocean_both_sidebars_sidebars_width":0,"ocean_sidebar":"0","ocean_second_sidebar":"0","ocean_disable_margins":"enable","ocean_add_body_class":"","ocean_shortcode_before_top_bar":"","ocean_shortcode_after_top_bar":"","ocean_shortcode_before_header":"","ocean_shortcode_after_header":"","ocean_has_shortcode":"","ocean_shortcode_after_title":"","ocean_shortcode_before_footer_widgets":"","ocean_shortcode_after_footer_widgets":"","ocean_shortcode_before_footer_bottom":"","ocean_shortcode_after_footer_bottom":"","ocean_display_top_bar":"default","ocean_display_header":"default","ocean_header_style":"","ocean_center_header_left_menu":"0","ocean_custom_header_template":"0","ocean_custom_logo":0,"ocean_custom_retina_logo":0,"ocean_custom_logo_max_width":0,"ocean_custom_logo_tablet_max_width":0,"ocean_custom_logo_mobile_max_width":0,"ocean_custom_logo_max_height":0,"ocean_custom_logo_tablet_max_height":0,"ocean_custom_logo_mobile_max_height":0,"ocean_header_custom_menu":"0","ocean_menu_typo_font_family":"0","ocean_menu_typo_font_subset":"","ocean_menu_typo_font_size":0,"ocean_menu_typo_font_size_tablet":0,"ocean_menu_typo_font_size_mobile":0,"ocean_menu_typo_font_size_unit":"px","ocean_menu_typo_font_weight":"","ocean_menu_typo_font_weight_tablet":"","ocean_menu_typo_font_weight_mobile":"","ocean_menu_typo_transform":"","ocean_menu_typo_transform_tablet":"","ocean_menu_typo_transform_mobile":"","ocean_menu_typo_line_height":0,"ocean_menu_typo_line_height_tablet":0,"ocean_menu_typo_line_height_mobile":0,"ocean_menu_typo_line_height_unit":"","ocean_menu_typo_spacing":0,"ocean_menu_typo_spacing_tablet":0,"ocean_menu_typo_spacing_mobile":0,"ocean_menu_typo_spacing_unit":"","ocean_menu_link_color":"","ocean_menu_link_color_hover":"","ocean_menu_link_color_active":"","ocean_menu_link_background":"","ocean_menu_link_hover_background":"","ocean_menu_link_active_background":"","ocean_menu_social_links_bg":"","ocean_menu_social_hover_links_bg":"","ocean_menu_social_links_color":"","ocean_menu_social_hover_links_color":"","ocean_disable_title":"default","ocean_disable_heading":"default","ocean_post_title":"","ocean_post_subheading":"","ocean_post_title_style":"","ocean_post_title_background_color":"","ocean_post_title_background":0,"ocean_post_title_bg_image_position":"","ocean_post_title_bg_image_attachment":"","ocean_post_title_bg_image_repeat":"","ocean_post_title_bg_image_size":"","ocean_post_title_height":0,"ocean_post_title_bg_overlay":0.5,"ocean_post_title_bg_overlay_color":"","ocean_disable_breadcrumbs":"default","ocean_breadcrumbs_color":"","ocean_breadcrumbs_separator_color":"","ocean_breadcrumbs_links_color":"","ocean_breadcrumbs_links_hover_color":"","ocean_display_footer_widgets":"default","ocean_display_footer_bottom":"default","ocean_custom_footer_template":"0","ofc_meta_disable_footer_callout":"","ofc_meta_callout_button_url":"","ofc_meta_callout_button_txt":"","ofc_meta_callout_text":"","osh_disable_topbar_sticky":"default","osh_disable_header_sticky":"default","osh_sticky_header_style":"default","osh_sticky_header_effect":"","osh_custom_sticky_logo":0,"osh_custom_retina_sticky_logo":0,"osh_custom_sticky_logo_height":0,"osh_background_color":"","osh_links_color":"","osh_links_hover_color":"","osh_links_active_color":"","osh_links_bg_color":"","osh_links_hover_bg_color":"","osh_links_active_bg_color":"","osh_menu_social_links_color":"","osh_menu_social_hover_links_color":""},"product_brand":[],"product_cat":[145,34],"product_tag":[187,188,189],"class_list":{"0":"post-2312","1":"product","2":"type-product","3":"status-publish","4":"has-post-thumbnail","6":"product_cat-custom-wire-fasteners","7":"product_cat-custom-other-clips","8":"product_tag-custom-strapping-clip","9":"product_tag-custom-strapping-seal","10":"product_tag-packaging-clip","12":"entry","13":"has-media","15":"first","16":"instock","17":"shipping-taxable","18":"product-type-external","19":"col","20":"span_1_of_3","21":"owp-content-center","22":"owp-thumbs-layout-horizontal","23":"owp-btn-very-big","24":"owp-tabs-layout-horizontal","25":"circle-sale"},"_links":{"self":[{"href":"https:\/\/www.metalwireforms.com\/es\/wp-json\/wp\/v2\/product\/2312","targetHints":{"allow":["GET"]}}],"collection":[{"href":"https:\/\/www.metalwireforms.com\/es\/wp-json\/wp\/v2\/product"}],"about":[{"href":"https:\/\/www.metalwireforms.com\/es\/wp-json\/wp\/v2\/types\/product"}],"version-history":[{"count":1,"href":"https:\/\/www.metalwireforms.com\/es\/wp-json\/wp\/v2\/product\/2312\/revisions"}],"predecessor-version":[{"id":2318,"href":"https:\/\/www.metalwireforms.com\/es\/wp-json\/wp\/v2\/product\/2312\/revisions\/2318"}],"wp:featuredmedia":[{"embeddable":true,"href":"https:\/\/www.metalwireforms.com\/es\/wp-json\/wp\/v2\/media\/2319"}],"wp:attachment":[{"href":"https:\/\/www.metalwireforms.com\/es\/wp-json\/wp\/v2\/media?parent=2312"}],"wp:term":[{"taxonomy":"product_brand","embeddable":true,"href":"https:\/\/www.metalwireforms.com\/es\/wp-json\/wp\/v2\/product_brand?post=2312"},{"taxonomy":"product_cat","embeddable":true,"href":"https:\/\/www.metalwireforms.com\/es\/wp-json\/wp\/v2\/product_cat?post=2312"},{"taxonomy":"product_tag","embeddable":true,"href":"https:\/\/www.metalwireforms.com\/es\/wp-json\/wp\/v2\/product_tag?post=2312"}],"curies":[{"name":"wp","href":"https:\/\/api.w.org\/{rel}","templated":true}]}}