{"id":2206,"date":"2022-08-25T08:59:01","date_gmt":"2022-08-25T08:59:01","guid":{"rendered":"https:\/\/www.metalwireforms.com\/?post_type=product&#038;p=2206"},"modified":"2022-08-25T09:10:12","modified_gmt":"2022-08-25T09:10:12","slug":"custom-creative-metal-paper-clip-christmas-gift-box-set","status":"publish","type":"product","link":"https:\/\/www.metalwireforms.com\/es\/producto\/custom-creative-metal-paper-clip-christmas-gift-box-set","title":{"rendered":"Juego de cajas de regalo de Navidad con clips met\u00e1licos personalizados y creativos"},"content":{"rendered":"<p><img fetchpriority=\"high\" decoding=\"async\" class=\"size-full wp-image-2212\" src=\"https:\/\/www.metalwireforms.com\/wp-content\/uploads\/2022\/08\/Christmas-paper-clip-5.jpg\" alt=\"Clip de Navidad (5)\" width=\"1000\" height=\"563\" srcset=\"https:\/\/www.metalwireforms.com\/wp-content\/uploads\/2022\/08\/Christmas-paper-clip-5.jpg 1000w, https:\/\/www.metalwireforms.com\/wp-content\/uploads\/2022\/08\/Christmas-paper-clip-5-300x169.jpg 300w, https:\/\/www.metalwireforms.com\/wp-content\/uploads\/2022\/08\/Christmas-paper-clip-5-150x84.jpg 150w, https:\/\/www.metalwireforms.com\/wp-content\/uploads\/2022\/08\/Christmas-paper-clip-5-768x432.jpg 768w, https:\/\/www.metalwireforms.com\/wp-content\/uploads\/2022\/08\/Christmas-paper-clip-5-18x10.jpg 18w, https:\/\/www.metalwireforms.com\/wp-content\/uploads\/2022\/08\/Christmas-paper-clip-5-800x450.jpg 800w, https:\/\/www.metalwireforms.com\/wp-content\/uploads\/2022\/08\/Christmas-paper-clip-5-600x338.jpg 600w\" sizes=\"(max-width: 1000px) 100vw, 1000px\" \/><\/p>\n<h3>Personalizado<\/h3>\n<p>1. Los clientes proporcionan dibujos o fotos de clips personalizados para ilustrar las necesidades, y tambi\u00e9n podemos proporcionar dibujos de dise\u00f1o.<br \/>\n2. Cuando el dibujo del dise\u00f1o del clip de papel personalizado no es un problema, si es un pedido grande, el cliente paga la cuota de la muestra, hacemos la muestra y la enviamos al cliente.<br \/>\n3. Una vez confirmadas las muestras de clips personalizados, firmamos un contrato de producci\u00f3n a granel con el cliente, y nuestra empresa organizar\u00e1 la producci\u00f3n a granel despu\u00e9s de que el cliente pague el dep\u00f3sito.<br \/>\n4. Una vez terminada la producci\u00f3n a granel de clips de papel personalizados, tome fotos o env\u00ede muestras del bulto al cliente para su confirmaci\u00f3n, o el cliente puede inspeccionar la mercanc\u00eda en persona.<br \/>\n5. Despu\u00e9s de pagar el saldo, nuestra empresa organizar\u00e1 la entrega.<\/p>\n<h3>Aplicaci\u00f3n<\/h3>\n<p>1. Utiliza los clips creativos como peque\u00f1os regalos, y env\u00eda una caja de clips creativos entre colegas o compa\u00f1eros de clase en el momento oportuno, que es muy creativo.<br \/>\n2. Utiliza clips creativos como marcap\u00e1ginas, y usa varias formas creativas para ajustar tu estado de \u00e1nimo en la lectura.<br \/>\n3. Utiliza los clips creativos como accesorios de bricolaje, y adjunta un clip creativo a tu obra de bricolaje personal para hacerla \u00fanica.<br \/>\n4. Utiliza el clip creativo como decoraci\u00f3n de la tarjeta de felicitaci\u00f3n. En su tarjeta de felicitaci\u00f3n, coloque un clip creativo, y su tarjeta de felicitaci\u00f3n ser\u00e1 \u00fanica.<br \/>\n5. Utiliza clips creativos como material de oficina, \u00fasalos en situaciones de oficina, embellece tus documentos y haz que la gente se refresque.<br \/>\n6. Utilizar clips creativos como art\u00edculos de promoci\u00f3n publicitaria, publicidad corporativa, recuerdos tur\u00edsticos locales, etc.<\/p>","protected":false},"excerpt":{"rendered":"<p>El clip est\u00e1 hecho de material de alambre de acero galvanizado, que es duradero, de color brillante, de forma simple y elegante, y fuerte en la practicidad. Los clips de papel personalizados creativos se pueden utilizar en varios escenarios como la clasificaci\u00f3n de datos, la gesti\u00f3n de la oficina, la clasificaci\u00f3n de documentos, etc., haciendo que su oficina o estudio sea m\u00e1s eficiente y colorido.<\/p>","protected":false},"featured_media":2208,"template":"","meta":{"ocean_post_layout":"","ocean_both_sidebars_style":"","ocean_both_sidebars_content_width":0,"ocean_both_sidebars_sidebars_width":0,"ocean_sidebar":"0","ocean_second_sidebar":"0","ocean_disable_margins":"enable","ocean_add_body_class":"","ocean_shortcode_before_top_bar":"","ocean_shortcode_after_top_bar":"","ocean_shortcode_before_header":"","ocean_shortcode_after_header":"","ocean_has_shortcode":"","ocean_shortcode_after_title":"","ocean_shortcode_before_footer_widgets":"","ocean_shortcode_after_footer_widgets":"","ocean_shortcode_before_footer_bottom":"","ocean_shortcode_after_footer_bottom":"","ocean_display_top_bar":"default","ocean_display_header":"default","ocean_header_style":"","ocean_center_header_left_menu":"0","ocean_custom_header_template":"0","ocean_custom_logo":0,"ocean_custom_retina_logo":0,"ocean_custom_logo_max_width":0,"ocean_custom_logo_tablet_max_width":0,"ocean_custom_logo_mobile_max_width":0,"ocean_custom_logo_max_height":0,"ocean_custom_logo_tablet_max_height":0,"ocean_custom_logo_mobile_max_height":0,"ocean_header_custom_menu":"0","ocean_menu_typo_font_family":"0","ocean_menu_typo_font_subset":"","ocean_menu_typo_font_size":0,"ocean_menu_typo_font_size_tablet":0,"ocean_menu_typo_font_size_mobile":0,"ocean_menu_typo_font_size_unit":"px","ocean_menu_typo_font_weight":"","ocean_menu_typo_font_weight_tablet":"","ocean_menu_typo_font_weight_mobile":"","ocean_menu_typo_transform":"","ocean_menu_typo_transform_tablet":"","ocean_menu_typo_transform_mobile":"","ocean_menu_typo_line_height":0,"ocean_menu_typo_line_height_tablet":0,"ocean_menu_typo_line_height_mobile":0,"ocean_menu_typo_line_height_unit":"","ocean_menu_typo_spacing":0,"ocean_menu_typo_spacing_tablet":0,"ocean_menu_typo_spacing_mobile":0,"ocean_menu_typo_spacing_unit":"","ocean_menu_link_color":"","ocean_menu_link_color_hover":"","ocean_menu_link_color_active":"","ocean_menu_link_background":"","ocean_menu_link_hover_background":"","ocean_menu_link_active_background":"","ocean_menu_social_links_bg":"","ocean_menu_social_hover_links_bg":"","ocean_menu_social_links_color":"","ocean_menu_social_hover_links_color":"","ocean_disable_title":"default","ocean_disable_heading":"default","ocean_post_title":"","ocean_post_subheading":"","ocean_post_title_style":"","ocean_post_title_background_color":"","ocean_post_title_background":0,"ocean_post_title_bg_image_position":"","ocean_post_title_bg_image_attachment":"","ocean_post_title_bg_image_repeat":"","ocean_post_title_bg_image_size":"","ocean_post_title_height":0,"ocean_post_title_bg_overlay":0.5,"ocean_post_title_bg_overlay_color":"","ocean_disable_breadcrumbs":"default","ocean_breadcrumbs_color":"","ocean_breadcrumbs_separator_color":"","ocean_breadcrumbs_links_color":"","ocean_breadcrumbs_links_hover_color":"","ocean_display_footer_widgets":"default","ocean_display_footer_bottom":"default","ocean_custom_footer_template":"0","ofc_meta_disable_footer_callout":"","ofc_meta_callout_button_url":"","ofc_meta_callout_button_txt":"","ofc_meta_callout_text":"","osh_disable_topbar_sticky":"default","osh_disable_header_sticky":"default","osh_sticky_header_style":"default","osh_sticky_header_effect":"","osh_custom_sticky_logo":0,"osh_custom_retina_sticky_logo":0,"osh_custom_sticky_logo_height":0,"osh_background_color":"","osh_links_color":"","osh_links_hover_color":"","osh_links_active_color":"","osh_links_bg_color":"","osh_links_hover_bg_color":"","osh_links_active_bg_color":"","osh_menu_social_links_color":"","osh_menu_social_hover_links_color":""},"product_brand":[],"product_cat":[145,152],"product_tag":[183,184,177],"class_list":{"0":"post-2206","1":"product","2":"type-product","3":"status-publish","4":"has-post-thumbnail","6":"product_cat-custom-wire-fasteners","7":"product_cat-custom-paper-clips","8":"product_tag-christmas-paper-clip","9":"product_tag-creative-paper-clip","10":"product_tag-custom-paper-clip","12":"entry","13":"has-media","15":"first","16":"instock","17":"shipping-taxable","18":"product-type-external","19":"col","20":"span_1_of_3","21":"owp-content-center","22":"owp-thumbs-layout-horizontal","23":"owp-btn-very-big","24":"owp-tabs-layout-horizontal","25":"circle-sale"},"_links":{"self":[{"href":"https:\/\/www.metalwireforms.com\/es\/wp-json\/wp\/v2\/product\/2206","targetHints":{"allow":["GET"]}}],"collection":[{"href":"https:\/\/www.metalwireforms.com\/es\/wp-json\/wp\/v2\/product"}],"about":[{"href":"https:\/\/www.metalwireforms.com\/es\/wp-json\/wp\/v2\/types\/product"}],"version-history":[{"count":2,"href":"https:\/\/www.metalwireforms.com\/es\/wp-json\/wp\/v2\/product\/2206\/revisions"}],"predecessor-version":[{"id":2214,"href":"https:\/\/www.metalwireforms.com\/es\/wp-json\/wp\/v2\/product\/2206\/revisions\/2214"}],"wp:featuredmedia":[{"embeddable":true,"href":"https:\/\/www.metalwireforms.com\/es\/wp-json\/wp\/v2\/media\/2208"}],"wp:attachment":[{"href":"https:\/\/www.metalwireforms.com\/es\/wp-json\/wp\/v2\/media?parent=2206"}],"wp:term":[{"taxonomy":"product_brand","embeddable":true,"href":"https:\/\/www.metalwireforms.com\/es\/wp-json\/wp\/v2\/product_brand?post=2206"},{"taxonomy":"product_cat","embeddable":true,"href":"https:\/\/www.metalwireforms.com\/es\/wp-json\/wp\/v2\/product_cat?post=2206"},{"taxonomy":"product_tag","embeddable":true,"href":"https:\/\/www.metalwireforms.com\/es\/wp-json\/wp\/v2\/product_tag?post=2206"}],"curies":[{"name":"wp","href":"https:\/\/api.w.org\/{rel}","templated":true}]}}