{"id":2183,"date":"2022-08-19T09:30:21","date_gmt":"2022-08-19T09:30:21","guid":{"rendered":"https:\/\/www.metalwireforms.com\/?post_type=product&#038;p=2183"},"modified":"2022-08-19T09:35:16","modified_gmt":"2022-08-19T09:35:16","slug":"custom-creative-colorful-musical-special-shaped-paper-clip","status":"publish","type":"product","link":"https:\/\/www.metalwireforms.com\/es\/producto\/custom-creative-colorful-musical-special-shaped-paper-clip","title":{"rendered":"Clip Musical Creativo Personalizado con Forma Especial"},"content":{"rendered":"<p>Un clip es una hoja de papel que se hace doblando un alambre de metal hacia adelante y hacia atr\u00e1s. El clip parece ser el m\u00e1s simple de todos los inventos. No es m\u00e1s que un peque\u00f1o trozo de alambre doblado con papel. Pero el clip pas\u00f3 por muchos dise\u00f1os repetidos antes de que tomara la forma que usamos hoy.<\/p>\n<figure id=\"attachment_2175\" aria-describedby=\"caption-attachment-2175\" style=\"width: 1000px\" class=\"wp-caption alignnone\"><img fetchpriority=\"high\" decoding=\"async\" class=\"size-full wp-image-2175\" src=\"https:\/\/www.metalwireforms.com\/wp-content\/uploads\/2022\/08\/musical-note-paper-clip-8.jpg\" alt=\"clip para notas musicales (8)\" width=\"1000\" height=\"563\" srcset=\"https:\/\/www.metalwireforms.com\/wp-content\/uploads\/2022\/08\/musical-note-paper-clip-8.jpg 1000w, https:\/\/www.metalwireforms.com\/wp-content\/uploads\/2022\/08\/musical-note-paper-clip-8-300x169.jpg 300w, https:\/\/www.metalwireforms.com\/wp-content\/uploads\/2022\/08\/musical-note-paper-clip-8-150x84.jpg 150w, https:\/\/www.metalwireforms.com\/wp-content\/uploads\/2022\/08\/musical-note-paper-clip-8-768x432.jpg 768w, https:\/\/www.metalwireforms.com\/wp-content\/uploads\/2022\/08\/musical-note-paper-clip-8-18x10.jpg 18w, https:\/\/www.metalwireforms.com\/wp-content\/uploads\/2022\/08\/musical-note-paper-clip-8-800x450.jpg 800w, https:\/\/www.metalwireforms.com\/wp-content\/uploads\/2022\/08\/musical-note-paper-clip-8-600x338.jpg 600w\" sizes=\"(max-width: 1000px) 100vw, 1000px\" \/><figcaption id=\"caption-attachment-2175\" class=\"wp-caption-text\">clip para notas musicales (8)<\/figcaption><\/figure>\n<h3>Caracter\u00edstica<\/h3>\n<p>1. La forma del clip es bonita y realista, y se puede personalizar la forma del cliente, incluyendo el tama\u00f1o, el color y el material.<br \/>\n2. Se puede especificar el embalaje que los hu\u00e9spedes quieren.<br \/>\n3. Los materiales utilizados en el producto son respetuosos con el medio ambiente y no t\u00f3xicos, de acuerdo con la norma de exportaci\u00f3n de la UE.<br \/>\n4. Los bonitos clips aportan a los usuarios un ambiente de aprendizaje o de oficina relajado y agradable.<br \/>\n5. Los clips se utilizan principalmente para los perif\u00e9ricos de papeler\u00eda de oficina y los productos de apoyo a los cuadernos, los regalos de papeler\u00eda.<\/p>\n<h3>Ventaja<\/h3>\n<p>1. Parte de los clips personalizados est\u00e1n hechos de alambre de hierro o acero al carbono. 2. El tratamiento de la superficie incluye el revestimiento de pl\u00e1stico PVC, el revestimiento de pl\u00e1stico PET, la galvanoplastia de n\u00edquel, la galvanoplastia de color, la pintura al horno, etc. Es respetuoso con el medio ambiente y puede pasar la prueba de protecci\u00f3n medioambiental europea y americana EN71.<br \/>\n2. El tama\u00f1o del clip personalizado se puede personalizar, que debe ser determinado de acuerdo a la demanda y la capacidad de producci\u00f3n de la m\u00e1quina. Y para la forma s\u00f3lo no se puede pensar, no hay nada que no podamos hacer.<br \/>\n3. Deben proporcionarse documentos originales, como AI\/CDR\/PDF, para el borrador del dise\u00f1o de los clips personalizados. Si no hay un dise\u00f1o original, deben proporcionarse im\u00e1genes claras.<br \/>\n4. El embalaje convencional de los clips de papel incluye conjuntos de tarjetas de papel, cajas de color, cajas de PP, cajas de pl\u00e1stico PS, cajas de hierro, cajas push-pull, etc.<\/p>","protected":false},"excerpt":{"rendered":"<p>Nos especializamos en la producci\u00f3n de clips, marcadores publicitarios, clips de cola larga, clips para notas de hierro forjado, porta recibos, porta tarjetas de visita de metal, marcadores de acero inoxidable, ganchos de metal, resortes de forma especial, clips para tubos, abrazaderas, etc. La empresa tiene casi 10 a\u00f1os de experiencia en la producci\u00f3n. Precio asequible, calidad garantizada.<\/p>","protected":false},"featured_media":2181,"template":"","meta":{"ocean_post_layout":"","ocean_both_sidebars_style":"","ocean_both_sidebars_content_width":0,"ocean_both_sidebars_sidebars_width":0,"ocean_sidebar":"0","ocean_second_sidebar":"0","ocean_disable_margins":"enable","ocean_add_body_class":"","ocean_shortcode_before_top_bar":"","ocean_shortcode_after_top_bar":"","ocean_shortcode_before_header":"","ocean_shortcode_after_header":"","ocean_has_shortcode":"","ocean_shortcode_after_title":"","ocean_shortcode_before_footer_widgets":"","ocean_shortcode_after_footer_widgets":"","ocean_shortcode_before_footer_bottom":"","ocean_shortcode_after_footer_bottom":"","ocean_display_top_bar":"default","ocean_display_header":"default","ocean_header_style":"","ocean_center_header_left_menu":"0","ocean_custom_header_template":"0","ocean_custom_logo":0,"ocean_custom_retina_logo":0,"ocean_custom_logo_max_width":0,"ocean_custom_logo_tablet_max_width":0,"ocean_custom_logo_mobile_max_width":0,"ocean_custom_logo_max_height":0,"ocean_custom_logo_tablet_max_height":0,"ocean_custom_logo_mobile_max_height":0,"ocean_header_custom_menu":"0","ocean_menu_typo_font_family":"0","ocean_menu_typo_font_subset":"","ocean_menu_typo_font_size":0,"ocean_menu_typo_font_size_tablet":0,"ocean_menu_typo_font_size_mobile":0,"ocean_menu_typo_font_size_unit":"px","ocean_menu_typo_font_weight":"","ocean_menu_typo_font_weight_tablet":"","ocean_menu_typo_font_weight_mobile":"","ocean_menu_typo_transform":"","ocean_menu_typo_transform_tablet":"","ocean_menu_typo_transform_mobile":"","ocean_menu_typo_line_height":0,"ocean_menu_typo_line_height_tablet":0,"ocean_menu_typo_line_height_mobile":0,"ocean_menu_typo_line_height_unit":"","ocean_menu_typo_spacing":0,"ocean_menu_typo_spacing_tablet":0,"ocean_menu_typo_spacing_mobile":0,"ocean_menu_typo_spacing_unit":"","ocean_menu_link_color":"","ocean_menu_link_color_hover":"","ocean_menu_link_color_active":"","ocean_menu_link_background":"","ocean_menu_link_hover_background":"","ocean_menu_link_active_background":"","ocean_menu_social_links_bg":"","ocean_menu_social_hover_links_bg":"","ocean_menu_social_links_color":"","ocean_menu_social_hover_links_color":"","ocean_disable_title":"default","ocean_disable_heading":"default","ocean_post_title":"","ocean_post_subheading":"","ocean_post_title_style":"","ocean_post_title_background_color":"","ocean_post_title_background":0,"ocean_post_title_bg_image_position":"","ocean_post_title_bg_image_attachment":"","ocean_post_title_bg_image_repeat":"","ocean_post_title_bg_image_size":"","ocean_post_title_height":0,"ocean_post_title_bg_overlay":0.5,"ocean_post_title_bg_overlay_color":"","ocean_disable_breadcrumbs":"default","ocean_breadcrumbs_color":"","ocean_breadcrumbs_separator_color":"","ocean_breadcrumbs_links_color":"","ocean_breadcrumbs_links_hover_color":"","ocean_display_footer_widgets":"default","ocean_display_footer_bottom":"default","ocean_custom_footer_template":"0","ofc_meta_disable_footer_callout":"","ofc_meta_callout_button_url":"","ofc_meta_callout_button_txt":"","ofc_meta_callout_text":"","osh_disable_topbar_sticky":"default","osh_disable_header_sticky":"default","osh_sticky_header_style":"default","osh_sticky_header_effect":"","osh_custom_sticky_logo":0,"osh_custom_retina_sticky_logo":0,"osh_custom_sticky_logo_height":0,"osh_background_color":"","osh_links_color":"","osh_links_hover_color":"","osh_links_active_color":"","osh_links_bg_color":"","osh_links_hover_bg_color":"","osh_links_active_bg_color":"","osh_menu_social_links_color":"","osh_menu_social_hover_links_color":""},"product_brand":[],"product_cat":[145,152],"product_tag":[177,109,178],"class_list":{"0":"post-2183","1":"product","2":"type-product","3":"status-publish","4":"has-post-thumbnail","6":"product_cat-custom-wire-fasteners","7":"product_cat-custom-paper-clips","8":"product_tag-custom-paper-clip","9":"product_tag-paper-clip","10":"product_tag-paper-clip-design","12":"entry","13":"has-media","15":"first","16":"instock","17":"shipping-taxable","18":"product-type-external","19":"col","20":"span_1_of_3","21":"owp-content-center","22":"owp-thumbs-layout-horizontal","23":"owp-btn-very-big","24":"owp-tabs-layout-horizontal","25":"circle-sale"},"_links":{"self":[{"href":"https:\/\/www.metalwireforms.com\/es\/wp-json\/wp\/v2\/product\/2183","targetHints":{"allow":["GET"]}}],"collection":[{"href":"https:\/\/www.metalwireforms.com\/es\/wp-json\/wp\/v2\/product"}],"about":[{"href":"https:\/\/www.metalwireforms.com\/es\/wp-json\/wp\/v2\/types\/product"}],"version-history":[{"count":2,"href":"https:\/\/www.metalwireforms.com\/es\/wp-json\/wp\/v2\/product\/2183\/revisions"}],"predecessor-version":[{"id":2185,"href":"https:\/\/www.metalwireforms.com\/es\/wp-json\/wp\/v2\/product\/2183\/revisions\/2185"}],"wp:featuredmedia":[{"embeddable":true,"href":"https:\/\/www.metalwireforms.com\/es\/wp-json\/wp\/v2\/media\/2181"}],"wp:attachment":[{"href":"https:\/\/www.metalwireforms.com\/es\/wp-json\/wp\/v2\/media?parent=2183"}],"wp:term":[{"taxonomy":"product_brand","embeddable":true,"href":"https:\/\/www.metalwireforms.com\/es\/wp-json\/wp\/v2\/product_brand?post=2183"},{"taxonomy":"product_cat","embeddable":true,"href":"https:\/\/www.metalwireforms.com\/es\/wp-json\/wp\/v2\/product_cat?post=2183"},{"taxonomy":"product_tag","embeddable":true,"href":"https:\/\/www.metalwireforms.com\/es\/wp-json\/wp\/v2\/product_tag?post=2183"}],"curies":[{"name":"wp","href":"https:\/\/api.w.org\/{rel}","templated":true}]}}