{"id":2059,"date":"2022-08-05T09:33:15","date_gmt":"2022-08-05T09:33:15","guid":{"rendered":"https:\/\/www.metalwireforms.com\/?post_type=product&#038;p=2059"},"modified":"2022-09-01T06:47:23","modified_gmt":"2022-09-01T06:47:23","slug":"stamping-customized-copper-electrical-contacts-for-motor","status":"publish","type":"product","link":"https:\/\/www.metalwireforms.com\/es\/producto\/stamping-customized-copper-electrical-contacts-for-motor","title":{"rendered":"Estampado de contactos el\u00e9ctricos de cobre personalizados"},"content":{"rendered":"<figure id=\"attachment_2064\" aria-describedby=\"caption-attachment-2064\" style=\"width: 1000px\" class=\"wp-caption alignnone\"><img fetchpriority=\"high\" decoding=\"async\" class=\"size-full wp-image-2064\" src=\"https:\/\/www.metalwireforms.com\/wp-content\/uploads\/2022\/08\/Electrical-contacts-5.jpg\" alt=\"Contactos el\u00e9ctricos (5)\" width=\"1000\" height=\"562\" srcset=\"https:\/\/www.metalwireforms.com\/wp-content\/uploads\/2022\/08\/Electrical-contacts-5.jpg 1000w, https:\/\/www.metalwireforms.com\/wp-content\/uploads\/2022\/08\/Electrical-contacts-5-300x169.jpg 300w, https:\/\/www.metalwireforms.com\/wp-content\/uploads\/2022\/08\/Electrical-contacts-5-150x84.jpg 150w, https:\/\/www.metalwireforms.com\/wp-content\/uploads\/2022\/08\/Electrical-contacts-5-768x432.jpg 768w, https:\/\/www.metalwireforms.com\/wp-content\/uploads\/2022\/08\/Electrical-contacts-5-18x10.jpg 18w, https:\/\/www.metalwireforms.com\/wp-content\/uploads\/2022\/08\/Electrical-contacts-5-800x450.jpg 800w, https:\/\/www.metalwireforms.com\/wp-content\/uploads\/2022\/08\/Electrical-contacts-5-600x337.jpg 600w\" sizes=\"(max-width: 1000px) 100vw, 1000px\" \/><figcaption id=\"caption-attachment-2064\" class=\"wp-caption-text\">Contactos el\u00e9ctricos (5)<\/figcaption><\/figure>\n<h3>Caracter\u00edstica<\/h3>\n<p class=\" translation-block\">1. Bronce fosforado, cobre rojo, lat\u00f3n, hierro, acero inoxidable, aluminio y otras piezas de contacto formadas por estampado y doblado.<br>\n2. Contactos el\u00e9ctricos personalizados de 0,05 mm a 3,0 mm seg\u00fan los requisitos del cliente.<br>\nTratamiento superficial: seg\u00fan los requisitos del cliente. Contactos de cobre desnudo, esta\u00f1ado, dorado, niquelado, zincado y otros contactos con tratamiento superficial.<br>\n3. El buen rendimiento, la alta precisi\u00f3n dimensional de los contactos el\u00e9ctricos y los materiales tambi\u00e9n se pueden seleccionar de acuerdo con los requisitos del cliente.<\/p>\n<h3>Aplicaci\u00f3n<\/h3>\n<p class=\" translation-block\">Los contactos el\u00e9ctricos son de alta calidad y la estructura es estable y firme y no se da\u00f1a f\u00e1cilmente. Hay un proceso de producci\u00f3n maduro y, despu\u00e9s de varios procesos, la superficie de la pieza de contacto es lisa.<br>\nLos contactos el\u00e9ctricos se utilizan ampliamente en disyuntores, contactores de CA, rel\u00e9s, interruptores de pared, bater\u00edas de n\u00edquel-cadmio, bater\u00edas de iones de litio, bater\u00edas de tel\u00e9fonos m\u00f3viles, bater\u00edas de port\u00e1tiles, bater\u00edas de energ\u00eda m\u00f3vil, bater\u00edas el\u00e9ctricas y otras industrias.<\/p>","protected":false},"excerpt":{"rendered":"<p>Los principales tipos de contactos el\u00e9ctricos: clips de acero, clips de hierro. Transformador l\u00e1mina de cobre, tira de cobre, resistencia de cobre, tarjeta de cobre. Placa PCB de transformador, placa inferior aislante. Hoja de conexi\u00f3n de la bater\u00eda, como hoja de n\u00edquel puro, hoja de n\u00edquel de aluminio, hoja de acero niquelado, hoja de oro, hoja de n\u00edquel de placa de protecci\u00f3n, hoja de n\u00edquel de soldadura por transferencia, hoja de n\u00edquel especial para m\u00e1quina de soldadura por puntos de placa de protecci\u00f3n autom\u00e1tica.<\/p>","protected":false},"featured_media":2062,"template":"","meta":{"ocean_post_layout":"","ocean_both_sidebars_style":"","ocean_both_sidebars_content_width":0,"ocean_both_sidebars_sidebars_width":0,"ocean_sidebar":"0","ocean_second_sidebar":"0","ocean_disable_margins":"enable","ocean_add_body_class":"","ocean_shortcode_before_top_bar":"","ocean_shortcode_after_top_bar":"","ocean_shortcode_before_header":"","ocean_shortcode_after_header":"","ocean_has_shortcode":"","ocean_shortcode_after_title":"","ocean_shortcode_before_footer_widgets":"","ocean_shortcode_after_footer_widgets":"","ocean_shortcode_before_footer_bottom":"","ocean_shortcode_after_footer_bottom":"","ocean_display_top_bar":"default","ocean_display_header":"default","ocean_header_style":"","ocean_center_header_left_menu":"0","ocean_custom_header_template":"0","ocean_custom_logo":0,"ocean_custom_retina_logo":0,"ocean_custom_logo_max_width":0,"ocean_custom_logo_tablet_max_width":0,"ocean_custom_logo_mobile_max_width":0,"ocean_custom_logo_max_height":0,"ocean_custom_logo_tablet_max_height":0,"ocean_custom_logo_mobile_max_height":0,"ocean_header_custom_menu":"0","ocean_menu_typo_font_family":"0","ocean_menu_typo_font_subset":"","ocean_menu_typo_font_size":0,"ocean_menu_typo_font_size_tablet":0,"ocean_menu_typo_font_size_mobile":0,"ocean_menu_typo_font_size_unit":"px","ocean_menu_typo_font_weight":"","ocean_menu_typo_font_weight_tablet":"","ocean_menu_typo_font_weight_mobile":"","ocean_menu_typo_transform":"","ocean_menu_typo_transform_tablet":"","ocean_menu_typo_transform_mobile":"","ocean_menu_typo_line_height":0,"ocean_menu_typo_line_height_tablet":0,"ocean_menu_typo_line_height_mobile":0,"ocean_menu_typo_line_height_unit":"","ocean_menu_typo_spacing":0,"ocean_menu_typo_spacing_tablet":0,"ocean_menu_typo_spacing_mobile":0,"ocean_menu_typo_spacing_unit":"","ocean_menu_link_color":"","ocean_menu_link_color_hover":"","ocean_menu_link_color_active":"","ocean_menu_link_background":"","ocean_menu_link_hover_background":"","ocean_menu_link_active_background":"","ocean_menu_social_links_bg":"","ocean_menu_social_hover_links_bg":"","ocean_menu_social_links_color":"","ocean_menu_social_hover_links_color":"","ocean_disable_title":"default","ocean_disable_heading":"default","ocean_post_title":"","ocean_post_subheading":"","ocean_post_title_style":"","ocean_post_title_background_color":"","ocean_post_title_background":0,"ocean_post_title_bg_image_position":"","ocean_post_title_bg_image_attachment":"","ocean_post_title_bg_image_repeat":"","ocean_post_title_bg_image_size":"","ocean_post_title_height":0,"ocean_post_title_bg_overlay":0.5,"ocean_post_title_bg_overlay_color":"","ocean_disable_breadcrumbs":"default","ocean_breadcrumbs_color":"","ocean_breadcrumbs_separator_color":"","ocean_breadcrumbs_links_color":"","ocean_breadcrumbs_links_hover_color":"","ocean_display_footer_widgets":"default","ocean_display_footer_bottom":"default","ocean_custom_footer_template":"0","ofc_meta_disable_footer_callout":"","ofc_meta_callout_button_url":"","ofc_meta_callout_button_txt":"","ofc_meta_callout_text":"","osh_disable_topbar_sticky":"default","osh_disable_header_sticky":"default","osh_sticky_header_style":"default","osh_sticky_header_effect":"","osh_custom_sticky_logo":0,"osh_custom_retina_sticky_logo":0,"osh_custom_sticky_logo_height":0,"osh_background_color":"","osh_links_color":"","osh_links_hover_color":"","osh_links_active_color":"","osh_links_bg_color":"","osh_links_hover_bg_color":"","osh_links_active_bg_color":"","osh_menu_social_links_color":"","osh_menu_social_hover_links_color":""},"product_brand":[],"product_cat":[145,151],"product_tag":[169,168,105],"class_list":{"0":"post-2059","1":"product","2":"type-product","3":"status-publish","4":"has-post-thumbnail","6":"product_cat-custom-wire-fasteners","7":"product_cat-custom-contacts","8":"product_tag-contact-piece","9":"product_tag-electrical-contacts","10":"product_tag-flat-spring","12":"entry","13":"has-media","15":"first","16":"instock","17":"shipping-taxable","18":"product-type-external","19":"col","20":"span_1_of_3","21":"owp-content-center","22":"owp-thumbs-layout-horizontal","23":"owp-btn-very-big","24":"owp-tabs-layout-horizontal","25":"circle-sale"},"_links":{"self":[{"href":"https:\/\/www.metalwireforms.com\/es\/wp-json\/wp\/v2\/product\/2059","targetHints":{"allow":["GET"]}}],"collection":[{"href":"https:\/\/www.metalwireforms.com\/es\/wp-json\/wp\/v2\/product"}],"about":[{"href":"https:\/\/www.metalwireforms.com\/es\/wp-json\/wp\/v2\/types\/product"}],"version-history":[{"count":5,"href":"https:\/\/www.metalwireforms.com\/es\/wp-json\/wp\/v2\/product\/2059\/revisions"}],"predecessor-version":[{"id":2069,"href":"https:\/\/www.metalwireforms.com\/es\/wp-json\/wp\/v2\/product\/2059\/revisions\/2069"}],"wp:featuredmedia":[{"embeddable":true,"href":"https:\/\/www.metalwireforms.com\/es\/wp-json\/wp\/v2\/media\/2062"}],"wp:attachment":[{"href":"https:\/\/www.metalwireforms.com\/es\/wp-json\/wp\/v2\/media?parent=2059"}],"wp:term":[{"taxonomy":"product_brand","embeddable":true,"href":"https:\/\/www.metalwireforms.com\/es\/wp-json\/wp\/v2\/product_brand?post=2059"},{"taxonomy":"product_cat","embeddable":true,"href":"https:\/\/www.metalwireforms.com\/es\/wp-json\/wp\/v2\/product_cat?post=2059"},{"taxonomy":"product_tag","embeddable":true,"href":"https:\/\/www.metalwireforms.com\/es\/wp-json\/wp\/v2\/product_tag?post=2059"}],"curies":[{"name":"wp","href":"https:\/\/api.w.org\/{rel}","templated":true}]}}