{"id":1931,"date":"2021-11-05T02:07:42","date_gmt":"2021-11-05T02:07:42","guid":{"rendered":"https:\/\/www.xsmetalforming.com\/?post_type=product&#038;p=1931"},"modified":"2022-07-22T08:48:48","modified_gmt":"2022-07-22T08:48:48","slug":"custom-metal-wire-forming-business-card-holder-crafts","status":"publish","type":"product","link":"https:\/\/www.metalwireforms.com\/es\/producto\/custom-metal-wire-forming-business-card-holder-crafts","title":{"rendered":"Artesan\u00edas de encargo del tenedor de la tarjeta de visita del alambre de metal que forma"},"content":{"rendered":"<p>Doblado de alambre personalizado que forma un peque\u00f1o coraz\u00f3n de ni\u00f1a fresca, soporte para notas de metal rosa, soporte para tarjetas de almacenamiento de oficina, soporte para mensajes, soporte para tarjetas de visita creativas para pasteles. Colores de elecci\u00f3n m\u00faltiple, oro, oro rosa, etc., el material es alambre de hierro, proceso de galvanoplastia. El estilo se puede personalizar arbitrariamente, como forma de coraz\u00f3n, forma de animal, etc. Tenemos docenas de m\u00e1quinas CNC, producci\u00f3n de alta calidad y alta eficiencia. Los materiales personalizados, las formas personalizadas, los tama\u00f1os personalizados y los colores personalizados se pueden personalizar de acuerdo con sus necesidades.<\/p>\n<figure id=\"attachment_1936\" aria-describedby=\"caption-attachment-1936\" style=\"width: 960px\" class=\"wp-caption alignnone\"><img fetchpriority=\"high\" decoding=\"async\" class=\"size-full wp-image-1936\" src=\"https:\/\/www.metalwireforms.com\/wp-content\/uploads\/2021\/11\/wire-crafts.jpg\" alt=\"artesan\u00edas de alambre\" width=\"960\" height=\"800\" srcset=\"https:\/\/www.metalwireforms.com\/wp-content\/uploads\/2021\/11\/wire-crafts.jpg 960w, https:\/\/www.metalwireforms.com\/wp-content\/uploads\/2021\/11\/wire-crafts-300x250.jpg 300w, https:\/\/www.metalwireforms.com\/wp-content\/uploads\/2021\/11\/wire-crafts-150x125.jpg 150w, https:\/\/www.metalwireforms.com\/wp-content\/uploads\/2021\/11\/wire-crafts-768x640.jpg 768w, https:\/\/www.metalwireforms.com\/wp-content\/uploads\/2021\/11\/wire-crafts-14x12.jpg 14w, https:\/\/www.metalwireforms.com\/wp-content\/uploads\/2021\/11\/wire-crafts-600x500.jpg 600w\" sizes=\"(max-width: 960px) 100vw, 960px\" \/><figcaption id=\"caption-attachment-1936\" class=\"wp-caption-text\">artesan\u00edas de alambre<\/figcaption><\/figure>\n<h3>Caracter\u00edstica<\/h3>\n<p>Proceso de revestimiento de superficie, colores brillantes. La base tiene un di\u00e1metro amplio, se mantiene firme y no se cae f\u00e1cilmente. Alambre de alta calidad, buena mano de obra y sujeci\u00f3n del papel m\u00e1s firme.<\/p>\n<h3>Aplicaci\u00f3n<\/h3>\n<p>Uso del producto, se puede utilizar para recortar tiras de mensajes, tarjetas de visita, fotos, etc., y tambi\u00e9n se puede utilizar como decoraci\u00f3n de disparo o decoraci\u00f3n de escritorio.<\/p>","protected":false},"excerpt":{"rendered":"<p>Doblado de alambre personalizado que forma un peque\u00f1o coraz\u00f3n de ni\u00f1a fresca, soporte para notas de metal rosa, soporte para tarjetas de almacenamiento de oficina, soporte para mensajes, soporte para tarjetas de visita creativas para pasteles.<\/p>","protected":false},"featured_media":1934,"template":"","meta":{"ocean_post_layout":"","ocean_both_sidebars_style":"","ocean_both_sidebars_content_width":0,"ocean_both_sidebars_sidebars_width":0,"ocean_sidebar":"","ocean_second_sidebar":"","ocean_disable_margins":"enable","ocean_add_body_class":"","ocean_shortcode_before_top_bar":"","ocean_shortcode_after_top_bar":"","ocean_shortcode_before_header":"","ocean_shortcode_after_header":"","ocean_has_shortcode":"","ocean_shortcode_after_title":"","ocean_shortcode_before_footer_widgets":"","ocean_shortcode_after_footer_widgets":"","ocean_shortcode_before_footer_bottom":"","ocean_shortcode_after_footer_bottom":"","ocean_display_top_bar":"default","ocean_display_header":"default","ocean_header_style":"","ocean_center_header_left_menu":"","ocean_custom_header_template":"","ocean_custom_logo":0,"ocean_custom_retina_logo":0,"ocean_custom_logo_max_width":0,"ocean_custom_logo_tablet_max_width":0,"ocean_custom_logo_mobile_max_width":0,"ocean_custom_logo_max_height":0,"ocean_custom_logo_tablet_max_height":0,"ocean_custom_logo_mobile_max_height":0,"ocean_header_custom_menu":"","ocean_menu_typo_font_family":"","ocean_menu_typo_font_subset":"","ocean_menu_typo_font_size":0,"ocean_menu_typo_font_size_tablet":0,"ocean_menu_typo_font_size_mobile":0,"ocean_menu_typo_font_size_unit":"px","ocean_menu_typo_font_weight":"","ocean_menu_typo_font_weight_tablet":"","ocean_menu_typo_font_weight_mobile":"","ocean_menu_typo_transform":"","ocean_menu_typo_transform_tablet":"","ocean_menu_typo_transform_mobile":"","ocean_menu_typo_line_height":0,"ocean_menu_typo_line_height_tablet":0,"ocean_menu_typo_line_height_mobile":0,"ocean_menu_typo_line_height_unit":"","ocean_menu_typo_spacing":0,"ocean_menu_typo_spacing_tablet":0,"ocean_menu_typo_spacing_mobile":0,"ocean_menu_typo_spacing_unit":"","ocean_menu_link_color":"","ocean_menu_link_color_hover":"","ocean_menu_link_color_active":"","ocean_menu_link_background":"","ocean_menu_link_hover_background":"","ocean_menu_link_active_background":"","ocean_menu_social_links_bg":"","ocean_menu_social_hover_links_bg":"","ocean_menu_social_links_color":"","ocean_menu_social_hover_links_color":"","ocean_disable_title":"default","ocean_disable_heading":"default","ocean_post_title":"","ocean_post_subheading":"","ocean_post_title_style":"","ocean_post_title_background_color":"","ocean_post_title_background":0,"ocean_post_title_bg_image_position":"","ocean_post_title_bg_image_attachment":"","ocean_post_title_bg_image_repeat":"","ocean_post_title_bg_image_size":"","ocean_post_title_height":0,"ocean_post_title_bg_overlay":0.5,"ocean_post_title_bg_overlay_color":"","ocean_disable_breadcrumbs":"default","ocean_breadcrumbs_color":"","ocean_breadcrumbs_separator_color":"","ocean_breadcrumbs_links_color":"","ocean_breadcrumbs_links_hover_color":"","ocean_display_footer_widgets":"default","ocean_display_footer_bottom":"default","ocean_custom_footer_template":"","ofc_meta_disable_footer_callout":"","ofc_meta_callout_button_url":"","ofc_meta_callout_button_txt":"","ofc_meta_callout_text":"","osh_disable_topbar_sticky":"default","osh_disable_header_sticky":"default","osh_sticky_header_style":"default","osh_sticky_header_effect":"","osh_custom_sticky_logo":0,"osh_custom_retina_sticky_logo":0,"osh_custom_sticky_logo_height":0,"osh_background_color":"","osh_links_color":"","osh_links_hover_color":"","osh_links_active_color":"","osh_links_bg_color":"","osh_links_hover_bg_color":"","osh_links_active_bg_color":"","osh_menu_social_links_color":"","osh_menu_social_hover_links_color":""},"product_brand":[],"product_cat":[147,156],"product_tag":[132,131,102],"class_list":{"0":"post-1931","1":"product","2":"type-product","3":"status-publish","4":"has-post-thumbnail","6":"product_cat-custom-wire-forms","7":"product_cat-wire-forming-crafts","8":"product_tag-wire-card-holder","9":"product_tag-wire-crafts","10":"product_tag-wire-forming","12":"entry","13":"has-media","15":"first","16":"instock","17":"shipping-taxable","18":"product-type-external","19":"col","20":"span_1_of_3","21":"owp-content-center","22":"owp-thumbs-layout-horizontal","23":"owp-btn-very-big","24":"owp-tabs-layout-horizontal","25":"circle-sale"},"_links":{"self":[{"href":"https:\/\/www.metalwireforms.com\/es\/wp-json\/wp\/v2\/product\/1931","targetHints":{"allow":["GET"]}}],"collection":[{"href":"https:\/\/www.metalwireforms.com\/es\/wp-json\/wp\/v2\/product"}],"about":[{"href":"https:\/\/www.metalwireforms.com\/es\/wp-json\/wp\/v2\/types\/product"}],"version-history":[{"count":2,"href":"https:\/\/www.metalwireforms.com\/es\/wp-json\/wp\/v2\/product\/1931\/revisions"}],"predecessor-version":[{"id":1939,"href":"https:\/\/www.metalwireforms.com\/es\/wp-json\/wp\/v2\/product\/1931\/revisions\/1939"}],"wp:featuredmedia":[{"embeddable":true,"href":"https:\/\/www.metalwireforms.com\/es\/wp-json\/wp\/v2\/media\/1934"}],"wp:attachment":[{"href":"https:\/\/www.metalwireforms.com\/es\/wp-json\/wp\/v2\/media?parent=1931"}],"wp:term":[{"taxonomy":"product_brand","embeddable":true,"href":"https:\/\/www.metalwireforms.com\/es\/wp-json\/wp\/v2\/product_brand?post=1931"},{"taxonomy":"product_cat","embeddable":true,"href":"https:\/\/www.metalwireforms.com\/es\/wp-json\/wp\/v2\/product_cat?post=1931"},{"taxonomy":"product_tag","embeddable":true,"href":"https:\/\/www.metalwireforms.com\/es\/wp-json\/wp\/v2\/product_tag?post=1931"}],"curies":[{"name":"wp","href":"https:\/\/api.w.org\/{rel}","templated":true}]}}