{"id":1916,"date":"2021-11-03T09:29:24","date_gmt":"2021-11-03T09:29:24","guid":{"rendered":"https:\/\/www.xsmetalforming.com\/?post_type=product&#038;p=1916"},"modified":"2022-07-22T09:34:20","modified_gmt":"2022-07-22T09:34:20","slug":"customized-manganese-steel-coil-compression-mold-die-spring","status":"publish","type":"product","link":"https:\/\/www.metalwireforms.com\/es\/producto\/customized-manganese-steel-coil-compression-mold-die-spring","title":{"rendered":"Muelle de matriz de molde de compresi\u00f3n de bobina de acero al manganeso personalizado"},"content":{"rendered":"<p>Los resortes de molde incluyen: resortes de molde est\u00e1ndar japoneses, est\u00e1ndar europeo, est\u00e1ndar alem\u00e1n, resortes de molde est\u00e1ndar americano y resortes de poliuretano. Por lo general, los resortes de molde se refieren a resortes de molde rectangulares.<\/p>\n<figure id=\"attachment_1921\" aria-describedby=\"caption-attachment-1921\" style=\"width: 960px\" class=\"wp-caption alignnone\"><img fetchpriority=\"high\" decoding=\"async\" class=\"size-full wp-image-1921\" src=\"https:\/\/www.metalwireforms.com\/wp-content\/uploads\/2021\/11\/mold-spring.jpg\" alt=\"resorte del molde\" width=\"960\" height=\"745\" srcset=\"https:\/\/www.metalwireforms.com\/wp-content\/uploads\/2021\/11\/mold-spring.jpg 960w, https:\/\/www.metalwireforms.com\/wp-content\/uploads\/2021\/11\/mold-spring-300x233.jpg 300w, https:\/\/www.metalwireforms.com\/wp-content\/uploads\/2021\/11\/mold-spring-150x116.jpg 150w, https:\/\/www.metalwireforms.com\/wp-content\/uploads\/2021\/11\/mold-spring-768x596.jpg 768w, https:\/\/www.metalwireforms.com\/wp-content\/uploads\/2021\/11\/mold-spring-15x12.jpg 15w, https:\/\/www.metalwireforms.com\/wp-content\/uploads\/2021\/11\/mold-spring-600x466.jpg 600w\" sizes=\"(max-width: 960px) 100vw, 960px\" \/><figcaption id=\"caption-attachment-1921\" class=\"wp-caption-text\">resorte del molde<\/figcaption><\/figure>\n<h3>Caracter\u00edstica<\/h3>\n<p>El resorte del molde est\u00e1 hecho de material de aleaci\u00f3n de acero importado, que tiene las caracter\u00edsticas de resistencia a altas temperaturas, resistencia a la fatiga y buena tenacidad. El resorte es resistente a altas temperaturas hasta 280 grados. Dise\u00f1ado por ingenieros profesionales, tiene una secci\u00f3n transversal rectangular con esquinas redondeadas, lo que hace un uso razonable del espacio. Este proceso puede reducir la concentraci\u00f3n de tensi\u00f3n del resorte durante la extrusi\u00f3n y el rebote a alta velocidad. Despu\u00e9s de m\u00e1s de tres veces de tratamiento de fuerte presi\u00f3n, se elimina la tensi\u00f3n interna antes del uso y se evita la deformaci\u00f3n, acortamiento y fractura del resorte. La superficie del resorte se ha reforzado, lo que puede fortalecer la estructura de la superficie, mejorar la resistencia del punto de concentraci\u00f3n de tensi\u00f3n y prolongar la vida \u00fatil del resorte.<\/p>\n<h3>Aplicaci\u00f3n<\/h3>\n<p>Los resortes de molde se utilizan ampliamente en moldes de estampado, moldes de fundici\u00f3n a presi\u00f3n de metal, moldes de pl\u00e1stico y otros equipos mec\u00e1nicos de precisi\u00f3n de movimiento el\u00e1stico, autom\u00f3viles y otros campos.<\/p>","protected":false},"excerpt":{"rendered":"<p>Los resortes de molde se utilizan ampliamente en moldes de estampado, moldes de fundici\u00f3n a presi\u00f3n de metal, moldes de pl\u00e1stico y otros equipos mec\u00e1nicos de precisi\u00f3n de movimiento el\u00e1stico, autom\u00f3viles y otros campos.<\/p>","protected":false},"featured_media":1917,"template":"","meta":{"ocean_post_layout":"","ocean_both_sidebars_style":"","ocean_both_sidebars_content_width":0,"ocean_both_sidebars_sidebars_width":0,"ocean_sidebar":"","ocean_second_sidebar":"","ocean_disable_margins":"enable","ocean_add_body_class":"","ocean_shortcode_before_top_bar":"","ocean_shortcode_after_top_bar":"","ocean_shortcode_before_header":"","ocean_shortcode_after_header":"","ocean_has_shortcode":"","ocean_shortcode_after_title":"","ocean_shortcode_before_footer_widgets":"","ocean_shortcode_after_footer_widgets":"","ocean_shortcode_before_footer_bottom":"","ocean_shortcode_after_footer_bottom":"","ocean_display_top_bar":"default","ocean_display_header":"default","ocean_header_style":"","ocean_center_header_left_menu":"","ocean_custom_header_template":"","ocean_custom_logo":0,"ocean_custom_retina_logo":0,"ocean_custom_logo_max_width":0,"ocean_custom_logo_tablet_max_width":0,"ocean_custom_logo_mobile_max_width":0,"ocean_custom_logo_max_height":0,"ocean_custom_logo_tablet_max_height":0,"ocean_custom_logo_mobile_max_height":0,"ocean_header_custom_menu":"","ocean_menu_typo_font_family":"","ocean_menu_typo_font_subset":"","ocean_menu_typo_font_size":0,"ocean_menu_typo_font_size_tablet":0,"ocean_menu_typo_font_size_mobile":0,"ocean_menu_typo_font_size_unit":"px","ocean_menu_typo_font_weight":"","ocean_menu_typo_font_weight_tablet":"","ocean_menu_typo_font_weight_mobile":"","ocean_menu_typo_transform":"","ocean_menu_typo_transform_tablet":"","ocean_menu_typo_transform_mobile":"","ocean_menu_typo_line_height":0,"ocean_menu_typo_line_height_tablet":0,"ocean_menu_typo_line_height_mobile":0,"ocean_menu_typo_line_height_unit":"","ocean_menu_typo_spacing":0,"ocean_menu_typo_spacing_tablet":0,"ocean_menu_typo_spacing_mobile":0,"ocean_menu_typo_spacing_unit":"","ocean_menu_link_color":"","ocean_menu_link_color_hover":"","ocean_menu_link_color_active":"","ocean_menu_link_background":"","ocean_menu_link_hover_background":"","ocean_menu_link_active_background":"","ocean_menu_social_links_bg":"","ocean_menu_social_hover_links_bg":"","ocean_menu_social_links_color":"","ocean_menu_social_hover_links_color":"","ocean_disable_title":"default","ocean_disable_heading":"default","ocean_post_title":"","ocean_post_subheading":"","ocean_post_title_style":"","ocean_post_title_background_color":"","ocean_post_title_background":0,"ocean_post_title_bg_image_position":"","ocean_post_title_bg_image_attachment":"","ocean_post_title_bg_image_repeat":"","ocean_post_title_bg_image_size":"","ocean_post_title_height":0,"ocean_post_title_bg_overlay":0.5,"ocean_post_title_bg_overlay_color":"","ocean_disable_breadcrumbs":"default","ocean_breadcrumbs_color":"","ocean_breadcrumbs_separator_color":"","ocean_breadcrumbs_links_color":"","ocean_breadcrumbs_links_hover_color":"","ocean_display_footer_widgets":"default","ocean_display_footer_bottom":"default","ocean_custom_footer_template":"","ofc_meta_disable_footer_callout":"","ofc_meta_callout_button_url":"","ofc_meta_callout_button_txt":"","ofc_meta_callout_text":"","osh_disable_topbar_sticky":"default","osh_disable_header_sticky":"default","osh_sticky_header_style":"default","osh_sticky_header_effect":"","osh_custom_sticky_logo":0,"osh_custom_retina_sticky_logo":0,"osh_custom_sticky_logo_height":0,"osh_background_color":"","osh_links_color":"","osh_links_hover_color":"","osh_links_active_color":"","osh_links_bg_color":"","osh_links_hover_bg_color":"","osh_links_active_bg_color":"","osh_menu_social_links_color":"","osh_menu_social_hover_links_color":""},"product_brand":[],"product_cat":[144,25],"product_tag":[129,128],"class_list":{"0":"post-1916","1":"product","2":"type-product","3":"status-publish","4":"has-post-thumbnail","6":"product_cat-custom-springs","7":"product_cat-custom-compression-springs","8":"product_tag-die-spring","9":"product_tag-mold-spring","11":"entry","12":"has-media","14":"first","15":"instock","16":"shipping-taxable","17":"product-type-external","18":"col","19":"span_1_of_3","20":"owp-content-center","21":"owp-thumbs-layout-horizontal","22":"owp-btn-very-big","23":"owp-tabs-layout-horizontal","24":"circle-sale"},"_links":{"self":[{"href":"https:\/\/www.metalwireforms.com\/es\/wp-json\/wp\/v2\/product\/1916","targetHints":{"allow":["GET"]}}],"collection":[{"href":"https:\/\/www.metalwireforms.com\/es\/wp-json\/wp\/v2\/product"}],"about":[{"href":"https:\/\/www.metalwireforms.com\/es\/wp-json\/wp\/v2\/types\/product"}],"version-history":[{"count":1,"href":"https:\/\/www.metalwireforms.com\/es\/wp-json\/wp\/v2\/product\/1916\/revisions"}],"predecessor-version":[{"id":1922,"href":"https:\/\/www.metalwireforms.com\/es\/wp-json\/wp\/v2\/product\/1916\/revisions\/1922"}],"wp:featuredmedia":[{"embeddable":true,"href":"https:\/\/www.metalwireforms.com\/es\/wp-json\/wp\/v2\/media\/1917"}],"wp:attachment":[{"href":"https:\/\/www.metalwireforms.com\/es\/wp-json\/wp\/v2\/media?parent=1916"}],"wp:term":[{"taxonomy":"product_brand","embeddable":true,"href":"https:\/\/www.metalwireforms.com\/es\/wp-json\/wp\/v2\/product_brand?post=1916"},{"taxonomy":"product_cat","embeddable":true,"href":"https:\/\/www.metalwireforms.com\/es\/wp-json\/wp\/v2\/product_cat?post=1916"},{"taxonomy":"product_tag","embeddable":true,"href":"https:\/\/www.metalwireforms.com\/es\/wp-json\/wp\/v2\/product_tag?post=1916"}],"curies":[{"name":"wp","href":"https:\/\/api.w.org\/{rel}","templated":true}]}}