{"id":1890,"date":"2021-10-29T08:12:41","date_gmt":"2021-10-29T08:12:41","guid":{"rendered":"https:\/\/www.xsmetalforming.com\/?post_type=product&#038;p=1890"},"modified":"2022-11-02T08:11:08","modified_gmt":"2022-11-02T08:11:08","slug":"custom-connection-accessories-metal-o-ring-buckle","status":"publish","type":"product","link":"https:\/\/www.metalwireforms.com\/es\/producto\/custom-connection-accessories-metal-o-ring-buckle","title":{"rendered":"Accesorios de conexi\u00f3n personalizados Hebilla de anillo t\u00f3rico de metal"},"content":{"rendered":"<p>Hebilla de anillo O, tambi\u00e9n llamada hebilla en forma de O, hebilla de anillo redondo. Es una especie de hebilla de accesorios de hardware para equipaje, que es similar a la hebilla en forma de D, la hebilla cuadrada y la hebilla triangular. Es un accesorio de enlace para correas de equipaje. Las hebillas de anillo t\u00f3rico est\u00e1n disponibles en varios colores comunes, oro, oro claro, plata, color de pistola, etc. Tambi\u00e9n se pueden personalizar colores especiales. Las hebillas de anillo t\u00f3rico se sueldan cerradas y abiertas. El material de producci\u00f3n es generalmente una aleaci\u00f3n de zinc.<\/p>\n<figure id=\"attachment_1894\" aria-describedby=\"caption-attachment-1894\" style=\"width: 960px\" class=\"wp-caption alignnone\"><img fetchpriority=\"high\" decoding=\"async\" class=\"size-full wp-image-1894\" src=\"https:\/\/www.metalwireforms.com\/wp-content\/uploads\/2021\/10\/o-ring-buckle.jpg\" alt=\"o hebilla del anillo\" width=\"960\" height=\"506\" srcset=\"https:\/\/www.metalwireforms.com\/wp-content\/uploads\/2021\/10\/o-ring-buckle.jpg 960w, https:\/\/www.metalwireforms.com\/wp-content\/uploads\/2021\/10\/o-ring-buckle-300x158.jpg 300w, https:\/\/www.metalwireforms.com\/wp-content\/uploads\/2021\/10\/o-ring-buckle-150x79.jpg 150w, https:\/\/www.metalwireforms.com\/wp-content\/uploads\/2021\/10\/o-ring-buckle-768x405.jpg 768w, https:\/\/www.metalwireforms.com\/wp-content\/uploads\/2021\/10\/o-ring-buckle-18x9.jpg 18w, https:\/\/www.metalwireforms.com\/wp-content\/uploads\/2021\/10\/o-ring-buckle-600x316.jpg 600w\" sizes=\"(max-width: 960px) 100vw, 960px\" \/><figcaption id=\"caption-attachment-1894\" class=\"wp-caption-text\">o hebilla del anillo<\/figcaption><\/figure>\n<h3>Caracter\u00edstica<\/h3>\n<p>El delicado tratamiento de la superficie se procesa mediante el proceso de recubrimiento de galvanoplastia multicapa, que no es f\u00e1cil de oxidar y deste\u00f1ir, y tiene un brillo brillante y resistencia a la abrasi\u00f3n. Artesan\u00eda ingeniosa, esp\u00edritu de artesano responsable, no es f\u00e1cil de romper, l\u00edneas suaves, personalidad simple y elegante. Estricta selecci\u00f3n de materiales, materiales de alta calidad cuidadosamente seleccionados, para garantizar la calidad de los productos.<\/p>\n<h3>Aplicaci\u00f3n<\/h3>\n<p>Las hebillas de anillo t\u00f3rico se utilizan ampliamente en accesorios de equipaje, asas de cuero para bolsos, correas, correas de cuerda, accesorios de eslabones de cintur\u00f3n, accesorios de joyer\u00eda, correas para mascotas, correas y accesorios de ropa.<\/p>","protected":false},"excerpt":{"rendered":"<p>Hebilla de anillo O, tambi\u00e9n llamada hebilla en forma de O, hebilla de anillo redondo. Es una especie de hebilla de accesorios de hardware para equipaje, que es similar a la hebilla en forma de D, la hebilla cuadrada y la hebilla triangular.<\/p>","protected":false},"featured_media":1895,"template":"","meta":{"ocean_post_layout":"","ocean_both_sidebars_style":"","ocean_both_sidebars_content_width":0,"ocean_both_sidebars_sidebars_width":0,"ocean_sidebar":"0","ocean_second_sidebar":"0","ocean_disable_margins":"enable","ocean_add_body_class":"","ocean_shortcode_before_top_bar":"","ocean_shortcode_after_top_bar":"","ocean_shortcode_before_header":"","ocean_shortcode_after_header":"","ocean_has_shortcode":"","ocean_shortcode_after_title":"","ocean_shortcode_before_footer_widgets":"","ocean_shortcode_after_footer_widgets":"","ocean_shortcode_before_footer_bottom":"","ocean_shortcode_after_footer_bottom":"","ocean_display_top_bar":"default","ocean_display_header":"default","ocean_header_style":"","ocean_center_header_left_menu":"0","ocean_custom_header_template":"0","ocean_custom_logo":0,"ocean_custom_retina_logo":0,"ocean_custom_logo_max_width":0,"ocean_custom_logo_tablet_max_width":0,"ocean_custom_logo_mobile_max_width":0,"ocean_custom_logo_max_height":0,"ocean_custom_logo_tablet_max_height":0,"ocean_custom_logo_mobile_max_height":0,"ocean_header_custom_menu":"0","ocean_menu_typo_font_family":"0","ocean_menu_typo_font_subset":"","ocean_menu_typo_font_size":0,"ocean_menu_typo_font_size_tablet":0,"ocean_menu_typo_font_size_mobile":0,"ocean_menu_typo_font_size_unit":"px","ocean_menu_typo_font_weight":"","ocean_menu_typo_font_weight_tablet":"","ocean_menu_typo_font_weight_mobile":"","ocean_menu_typo_transform":"","ocean_menu_typo_transform_tablet":"","ocean_menu_typo_transform_mobile":"","ocean_menu_typo_line_height":0,"ocean_menu_typo_line_height_tablet":0,"ocean_menu_typo_line_height_mobile":0,"ocean_menu_typo_line_height_unit":"","ocean_menu_typo_spacing":0,"ocean_menu_typo_spacing_tablet":0,"ocean_menu_typo_spacing_mobile":0,"ocean_menu_typo_spacing_unit":"","ocean_menu_link_color":"","ocean_menu_link_color_hover":"","ocean_menu_link_color_active":"","ocean_menu_link_background":"","ocean_menu_link_hover_background":"","ocean_menu_link_active_background":"","ocean_menu_social_links_bg":"","ocean_menu_social_hover_links_bg":"","ocean_menu_social_links_color":"","ocean_menu_social_hover_links_color":"","ocean_disable_title":"default","ocean_disable_heading":"default","ocean_post_title":"","ocean_post_subheading":"","ocean_post_title_style":"","ocean_post_title_background_color":"","ocean_post_title_background":0,"ocean_post_title_bg_image_position":"","ocean_post_title_bg_image_attachment":"","ocean_post_title_bg_image_repeat":"","ocean_post_title_bg_image_size":"","ocean_post_title_height":0,"ocean_post_title_bg_overlay":0.5,"ocean_post_title_bg_overlay_color":"","ocean_disable_breadcrumbs":"default","ocean_breadcrumbs_color":"","ocean_breadcrumbs_separator_color":"","ocean_breadcrumbs_links_color":"","ocean_breadcrumbs_links_hover_color":"","ocean_display_footer_widgets":"default","ocean_display_footer_bottom":"default","ocean_custom_footer_template":"0","ofc_meta_disable_footer_callout":"","ofc_meta_callout_button_url":"","ofc_meta_callout_button_txt":"","ofc_meta_callout_text":"","osh_disable_topbar_sticky":"default","osh_disable_header_sticky":"default","osh_sticky_header_style":"default","osh_sticky_header_effect":"","osh_custom_sticky_logo":0,"osh_custom_retina_sticky_logo":0,"osh_custom_sticky_logo_height":0,"osh_background_color":"","osh_links_color":"","osh_links_hover_color":"","osh_links_active_color":"","osh_links_bg_color":"","osh_links_hover_bg_color":"","osh_links_active_bg_color":"","osh_menu_social_links_color":"","osh_menu_social_hover_links_color":""},"product_brand":[],"product_cat":[145,33],"product_tag":[122,121,120],"class_list":{"0":"post-1890","1":"product","2":"type-product","3":"status-publish","4":"has-post-thumbnail","6":"product_cat-custom-wire-fasteners","7":"product_cat-custom-wire-buckles","8":"product_tag-bag-buckle","9":"product_tag-metal-ring-buckle","10":"product_tag-o-ring-buckle","12":"entry","13":"has-media","15":"first","16":"instock","17":"shipping-taxable","18":"product-type-external","19":"col","20":"span_1_of_3","21":"owp-content-center","22":"owp-thumbs-layout-horizontal","23":"owp-btn-very-big","24":"owp-tabs-layout-horizontal","25":"circle-sale"},"_links":{"self":[{"href":"https:\/\/www.metalwireforms.com\/es\/wp-json\/wp\/v2\/product\/1890","targetHints":{"allow":["GET"]}}],"collection":[{"href":"https:\/\/www.metalwireforms.com\/es\/wp-json\/wp\/v2\/product"}],"about":[{"href":"https:\/\/www.metalwireforms.com\/es\/wp-json\/wp\/v2\/types\/product"}],"version-history":[{"count":1,"href":"https:\/\/www.metalwireforms.com\/es\/wp-json\/wp\/v2\/product\/1890\/revisions"}],"predecessor-version":[{"id":1896,"href":"https:\/\/www.metalwireforms.com\/es\/wp-json\/wp\/v2\/product\/1890\/revisions\/1896"}],"wp:featuredmedia":[{"embeddable":true,"href":"https:\/\/www.metalwireforms.com\/es\/wp-json\/wp\/v2\/media\/1895"}],"wp:attachment":[{"href":"https:\/\/www.metalwireforms.com\/es\/wp-json\/wp\/v2\/media?parent=1890"}],"wp:term":[{"taxonomy":"product_brand","embeddable":true,"href":"https:\/\/www.metalwireforms.com\/es\/wp-json\/wp\/v2\/product_brand?post=1890"},{"taxonomy":"product_cat","embeddable":true,"href":"https:\/\/www.metalwireforms.com\/es\/wp-json\/wp\/v2\/product_cat?post=1890"},{"taxonomy":"product_tag","embeddable":true,"href":"https:\/\/www.metalwireforms.com\/es\/wp-json\/wp\/v2\/product_tag?post=1890"}],"curies":[{"name":"wp","href":"https:\/\/api.w.org\/{rel}","templated":true}]}}