{"id":1831,"date":"2021-10-26T08:26:59","date_gmt":"2021-10-26T08:26:59","guid":{"rendered":"https:\/\/www.xsmetalforming.com\/?post_type=product&#038;p=1831"},"modified":"2022-07-25T02:53:46","modified_gmt":"2022-07-25T02:53:46","slug":"custom-button-switch-induction-touch-spring","status":"publish","type":"product","link":"https:\/\/www.metalwireforms.com\/es\/producto\/custom-button-switch-induction-touch-spring","title":{"rendered":"Resorte t\u00e1ctil de inducci\u00f3n del interruptor de bot\u00f3n personalizado"},"content":{"rendered":"<p>El resorte t\u00e1ctil se refiere a un bot\u00f3n de resorte especial dedicado a los aparatos el\u00e9ctricos de pantalla t\u00e1ctil capacitiva y de un solo chip. Los resortes t\u00e1ctiles tambi\u00e9n se denominan resortes sensibles al tacto, resortes de bot\u00f3n y resortes de contacto. Es una alternativa robusta de detecci\u00f3n capacitiva a los interruptores mec\u00e1nicos tradicionales. Se utiliza el bot\u00f3n t\u00e1ctil retr\u00e1ctil y el producto de control del bot\u00f3n t\u00e1ctil se puede realizar sin cambiar el molde de la carcasa, y la sensibilidad t\u00e1ctil es muy buena.<\/p>\n<figure id=\"attachment_1836\" aria-describedby=\"caption-attachment-1836\" style=\"width: 961px\" class=\"wp-caption alignnone\"><img fetchpriority=\"high\" decoding=\"async\" class=\"size-full wp-image-1836\" src=\"https:\/\/www.metalwireforms.com\/wp-content\/uploads\/2021\/10\/touch-spring.jpg\" alt=\"toque la primavera\" width=\"961\" height=\"693\" srcset=\"https:\/\/www.metalwireforms.com\/wp-content\/uploads\/2021\/10\/touch-spring.jpg 961w, https:\/\/www.metalwireforms.com\/wp-content\/uploads\/2021\/10\/touch-spring-300x216.jpg 300w, https:\/\/www.metalwireforms.com\/wp-content\/uploads\/2021\/10\/touch-spring-150x108.jpg 150w, https:\/\/www.metalwireforms.com\/wp-content\/uploads\/2021\/10\/touch-spring-768x554.jpg 768w, https:\/\/www.metalwireforms.com\/wp-content\/uploads\/2021\/10\/touch-spring-18x12.jpg 18w, https:\/\/www.metalwireforms.com\/wp-content\/uploads\/2021\/10\/touch-spring-600x433.jpg 600w\" sizes=\"(max-width: 961px) 100vw, 961px\" \/><figcaption id=\"caption-attachment-1836\" class=\"wp-caption-text\">toque la primavera<\/figcaption><\/figure>\n<h3>Caracter\u00edstica<\/h3>\n<p>Los materiales del producto com\u00fanmente utilizados son los siguientes: alambre de acero al carbono de piano, alambre de acero con bajo contenido de carbono, acero con alto contenido de carbono, alambre de acero al manganeso, alambre de n\u00edquel, 60SizMNA, alambre de acero inoxidable para resortes y otros materiales. Los recubrimientos superficiales comunes son los siguientes: n\u00edquel ecol\u00f3gico, K blanco sin n\u00edquel, oro puro, oro inferior, plata, bronce verde, plata antigua, etc.<\/p>\n<h3>Aplicaci\u00f3n<\/h3>\n<p>Adecuado para cocina de inducci\u00f3n, horno de convecci\u00f3n, bandeja para hornear el\u00e9ctrica, gabinete de desinfecci\u00f3n, campana extractora, calentador de agua, ventilador de calefacci\u00f3n, lavadora de vegetales, contador de moneda, masajeador, horno el\u00e9ctrico, gabinete de vino electr\u00f3nico, dispensador de agua y una serie de dispositivos inteligentes de alta gama. toque el producto de peque\u00f1os electrodom\u00e9sticos.<\/p>","protected":false},"excerpt":{"rendered":"<p>El resorte t\u00e1ctil se refiere a un bot\u00f3n de resorte especial dedicado a los aparatos el\u00e9ctricos de pantalla t\u00e1ctil capacitiva y de un solo chip. Los resortes t\u00e1ctiles tambi\u00e9n se denominan resortes sensibles al tacto, resortes de bot\u00f3n y resortes de contacto.<\/p>","protected":false},"featured_media":1832,"template":"","meta":{"ocean_post_layout":"","ocean_both_sidebars_style":"","ocean_both_sidebars_content_width":0,"ocean_both_sidebars_sidebars_width":0,"ocean_sidebar":"0","ocean_second_sidebar":"0","ocean_disable_margins":"enable","ocean_add_body_class":"","ocean_shortcode_before_top_bar":"","ocean_shortcode_after_top_bar":"","ocean_shortcode_before_header":"","ocean_shortcode_after_header":"","ocean_has_shortcode":"","ocean_shortcode_after_title":"","ocean_shortcode_before_footer_widgets":"","ocean_shortcode_after_footer_widgets":"","ocean_shortcode_before_footer_bottom":"","ocean_shortcode_after_footer_bottom":"","ocean_display_top_bar":"default","ocean_display_header":"default","ocean_header_style":"","ocean_center_header_left_menu":"0","ocean_custom_header_template":"0","ocean_custom_logo":0,"ocean_custom_retina_logo":0,"ocean_custom_logo_max_width":0,"ocean_custom_logo_tablet_max_width":0,"ocean_custom_logo_mobile_max_width":0,"ocean_custom_logo_max_height":0,"ocean_custom_logo_tablet_max_height":0,"ocean_custom_logo_mobile_max_height":0,"ocean_header_custom_menu":"0","ocean_menu_typo_font_family":"0","ocean_menu_typo_font_subset":"","ocean_menu_typo_font_size":0,"ocean_menu_typo_font_size_tablet":0,"ocean_menu_typo_font_size_mobile":0,"ocean_menu_typo_font_size_unit":"px","ocean_menu_typo_font_weight":"","ocean_menu_typo_font_weight_tablet":"","ocean_menu_typo_font_weight_mobile":"","ocean_menu_typo_transform":"","ocean_menu_typo_transform_tablet":"","ocean_menu_typo_transform_mobile":"","ocean_menu_typo_line_height":0,"ocean_menu_typo_line_height_tablet":0,"ocean_menu_typo_line_height_mobile":0,"ocean_menu_typo_line_height_unit":"","ocean_menu_typo_spacing":0,"ocean_menu_typo_spacing_tablet":0,"ocean_menu_typo_spacing_mobile":0,"ocean_menu_typo_spacing_unit":"","ocean_menu_link_color":"","ocean_menu_link_color_hover":"","ocean_menu_link_color_active":"","ocean_menu_link_background":"","ocean_menu_link_hover_background":"","ocean_menu_link_active_background":"","ocean_menu_social_links_bg":"","ocean_menu_social_hover_links_bg":"","ocean_menu_social_links_color":"","ocean_menu_social_hover_links_color":"","ocean_disable_title":"default","ocean_disable_heading":"default","ocean_post_title":"","ocean_post_subheading":"","ocean_post_title_style":"","ocean_post_title_background_color":"","ocean_post_title_background":0,"ocean_post_title_bg_image_position":"","ocean_post_title_bg_image_attachment":"","ocean_post_title_bg_image_repeat":"","ocean_post_title_bg_image_size":"","ocean_post_title_height":0,"ocean_post_title_bg_overlay":0.5,"ocean_post_title_bg_overlay_color":"","ocean_disable_breadcrumbs":"default","ocean_breadcrumbs_color":"","ocean_breadcrumbs_separator_color":"","ocean_breadcrumbs_links_color":"","ocean_breadcrumbs_links_hover_color":"","ocean_display_footer_widgets":"default","ocean_display_footer_bottom":"default","ocean_custom_footer_template":"0","ofc_meta_disable_footer_callout":"","ofc_meta_callout_button_url":"","ofc_meta_callout_button_txt":"","ofc_meta_callout_text":"","osh_disable_topbar_sticky":"default","osh_disable_header_sticky":"default","osh_sticky_header_style":"default","osh_sticky_header_effect":"","osh_custom_sticky_logo":0,"osh_custom_retina_sticky_logo":0,"osh_custom_sticky_logo_height":0,"osh_background_color":"","osh_links_color":"","osh_links_hover_color":"","osh_links_active_color":"","osh_links_bg_color":"","osh_links_hover_bg_color":"","osh_links_active_bg_color":"","osh_menu_social_links_color":"","osh_menu_social_hover_links_color":""},"product_brand":[],"product_cat":[144,25],"product_tag":[112,113,111],"class_list":{"0":"post-1831","1":"product","2":"type-product","3":"status-publish","4":"has-post-thumbnail","6":"product_cat-custom-springs","7":"product_cat-custom-compression-springs","8":"product_tag-button-spring","9":"product_tag-contact-spring","10":"product_tag-touch-spring","12":"entry","13":"has-media","15":"first","16":"instock","17":"shipping-taxable","18":"product-type-external","19":"col","20":"span_1_of_3","21":"owp-content-center","22":"owp-thumbs-layout-horizontal","23":"owp-btn-very-big","24":"owp-tabs-layout-horizontal","25":"circle-sale"},"_links":{"self":[{"href":"https:\/\/www.metalwireforms.com\/es\/wp-json\/wp\/v2\/product\/1831","targetHints":{"allow":["GET"]}}],"collection":[{"href":"https:\/\/www.metalwireforms.com\/es\/wp-json\/wp\/v2\/product"}],"about":[{"href":"https:\/\/www.metalwireforms.com\/es\/wp-json\/wp\/v2\/types\/product"}],"version-history":[{"count":1,"href":"https:\/\/www.metalwireforms.com\/es\/wp-json\/wp\/v2\/product\/1831\/revisions"}],"predecessor-version":[{"id":1837,"href":"https:\/\/www.metalwireforms.com\/es\/wp-json\/wp\/v2\/product\/1831\/revisions\/1837"}],"wp:featuredmedia":[{"embeddable":true,"href":"https:\/\/www.metalwireforms.com\/es\/wp-json\/wp\/v2\/media\/1832"}],"wp:attachment":[{"href":"https:\/\/www.metalwireforms.com\/es\/wp-json\/wp\/v2\/media?parent=1831"}],"wp:term":[{"taxonomy":"product_brand","embeddable":true,"href":"https:\/\/www.metalwireforms.com\/es\/wp-json\/wp\/v2\/product_brand?post=1831"},{"taxonomy":"product_cat","embeddable":true,"href":"https:\/\/www.metalwireforms.com\/es\/wp-json\/wp\/v2\/product_cat?post=1831"},{"taxonomy":"product_tag","embeddable":true,"href":"https:\/\/www.metalwireforms.com\/es\/wp-json\/wp\/v2\/product_tag?post=1831"}],"curies":[{"name":"wp","href":"https:\/\/api.w.org\/{rel}","templated":true}]}}