{"id":1144,"date":"2021-09-16T09:33:19","date_gmt":"2021-09-16T09:33:19","guid":{"rendered":"https:\/\/www.xsmetalforming.com\/?post_type=product&#038;p=1144"},"modified":"2022-07-22T09:36:10","modified_gmt":"2022-07-22T09:36:10","slug":"wholesale-supply-of-custom-abnormal-spring","status":"publish","type":"product","link":"https:\/\/www.metalwireforms.com\/es\/producto\/suministro-al-por-mayor-de-resorte-anormal-personalizado","title":{"rendered":"Suministro al por mayor de muelle anormal personalizado"},"content":{"rendered":"<p class=\" translation-block\">Hay muchos tipos de resortes de formas especiales, que se presentan de la siguiente manera: <br>\n(1) Muelle en espiral de di\u00e1metro variable: se utiliza en ocasiones especiales. El material del resorte de di\u00e1metro variable es generalmente material de secci\u00f3n transversal redonda, y la mayor\u00eda soporta cargas de compresi\u00f3n. <br>\n(2) Resorte de hoja: El material de este resorte es una tira de resorte (o placa), que se procesa mediante moldes correspondientes en equipos especiales o m\u00e1quinas herramienta de procesamiento de presi\u00f3n general. El grosor del material de los resortes de l\u00e1minas, los resortes ondulados y los resortes ligeros es relativamente delgado, mientras que el grosor del material de los resortes de disco medianos o grandes suele ser m\u00e1s grueso. Este tipo de resorte tiene una amplia gama de usos. <br>\n(3) Cuando el espacio de instalaci\u00f3n es limitado, a menudo se utilizan resortes de materiales de secci\u00f3n transversal rectangular, porque los resortes hechos de materiales de secci\u00f3n transversal rectangular pueden obtener una carga mayor en el mismo espacio y la misma cantidad de deformaci\u00f3n. En comparaci\u00f3n con el resorte de material de secci\u00f3n transversal redonda, este tipo de resorte tiene un \u00e1rea de secci\u00f3n transversal m\u00e1s grande en el mismo espacio, por lo que absorbe m\u00e1s energ\u00eda. Se puede utilizar para maquinaria pesada, troqueles de estampaci\u00f3n o resortes con rigidez extremadamente alta. <br>\n(4) Los resortes de disco son de tama\u00f1o peque\u00f1o y livianos. Se utilizan ampliamente en amortiguaci\u00f3n y aislamiento de vibraciones, y se utilizan ampliamente en matrices de estampado, sujetadores de embrague de v\u00e1lvulas y maquinaria de ingenier\u00eda geol\u00f3gica y de petr\u00f3leo. <br>\n(5) El resorte de compresi\u00f3n helicoidal convexo puede sufrir una mayor deformaci\u00f3n porque las bobinas con extremos m\u00e1s peque\u00f1os se pueden incrustar en el anillo central. Por ejemplo, algunos resortes de freno de autom\u00f3vil de tipo convexo est\u00e1n siempre en un estado apretado en momentos normales. Cuando se abre la v\u00e1lvula del autom\u00f3vil, el resorte restaura su deformaci\u00f3n y acciona el freno para frenar el autom\u00f3vil. El cortapelos tambi\u00e9n utiliza la caracter\u00edstica del resorte espiral convexo para obtener una mayor deformaci\u00f3n y tensi\u00f3n en un espacio efectivo.<\/p>\n<figure id=\"attachment_1068\" aria-describedby=\"caption-attachment-1068\" style=\"width: 1000px\" class=\"wp-caption alignnone\"><img fetchpriority=\"high\" decoding=\"async\" class=\"wp-image-1068 size-full\" src=\"https:\/\/www.metalwireforms.com\/wp-content\/uploads\/2020\/12\/precision-springs.jpg\" alt=\"resortes de precisi\u00f3n\" width=\"1000\" height=\"668\" srcset=\"https:\/\/www.metalwireforms.com\/wp-content\/uploads\/2020\/12\/precision-springs.jpg 1000w, https:\/\/www.metalwireforms.com\/wp-content\/uploads\/2020\/12\/precision-springs-600x401.jpg 600w, https:\/\/www.metalwireforms.com\/wp-content\/uploads\/2020\/12\/precision-springs-300x200.jpg 300w, https:\/\/www.metalwireforms.com\/wp-content\/uploads\/2020\/12\/precision-springs-768x513.jpg 768w\" sizes=\"(max-width: 1000px) 100vw, 1000px\" \/><figcaption id=\"caption-attachment-1068\" class=\"wp-caption-text\">resortes de precisi\u00f3n<\/figcaption><\/figure>\n<p class=\" translation-block\">(6) El resorte helicoidal de espiral tiene una funci\u00f3n similar a la del resorte helicoidal c\u00f3nico. Absorbe una gran cantidad de energ\u00eda bajo presi\u00f3n. Debido a la dificultad de fabricaci\u00f3n, solo se utiliza en situaciones especiales limitadas por el espacio. El resorte de espiral plano tiene una gran cantidad de vueltas, una gran deformaci\u00f3n y puede almacenar una gran cantidad de energ\u00eda. Se utiliza principalmente para resortes de compresi\u00f3n y componentes de almacenamiento de energ\u00eda en instrumentos. <br>\n(7) La ballesta puede estar hecha de una sola placa de acero para resortes o de varias l\u00e1minas, con buen rendimiento de amortiguaci\u00f3n y amortiguaci\u00f3n, especialmente el fuerte rendimiento de amortiguaci\u00f3n de los resortes de l\u00e1minas m\u00faltiples, que se utilizan principalmente para dispositivos de suspensi\u00f3n de autom\u00f3viles, tractores y ferrocarriles. veh\u00edculos. <br>\n(8) Los resortes helicoidales de paso desigual se utilizan principalmente para resortes de suspensi\u00f3n de motocicletas y autom\u00f3viles de pasajeros peque\u00f1os y resortes de v\u00e1lvulas de motores de alta velocidad. En el mismo resorte, no solo puede cumplir con los requisitos de peque\u00f1a rigidez cuando la deformaci\u00f3n es peque\u00f1a, sino que tambi\u00e9n puede cumplir con los requisitos de alta rigidez cuando la deformaci\u00f3n es grande. El resorte de paso desigual puede cumplir con estos requisitos especiales. <br>\n(9) El resorte de la barra de torsi\u00f3n es en realidad una barra recta hecha de material el\u00e1stico que se somete a un par de torsi\u00f3n. Tiene una gran energ\u00eda de deformaci\u00f3n por unidad de volumen y se utiliza principalmente para dispositivos de suspensi\u00f3n de varios veh\u00edculos. <br>\n(10) El resorte de anillo se compone de un anillo exterior con un cono interior y un anillo interior con un cono exterior. El logaritmo de los anillos interior y exterior se determina de acuerdo con el tama\u00f1o de la carga y los requisitos de deformaci\u00f3n. Los resortes de anillo tienen una alta capacidad de amortiguaci\u00f3n y se utilizan principalmente para equipos pesados \u200b\u200by dispositivos de amortiguaci\u00f3n.<\/p>\n<figure id=\"attachment_1083\" aria-describedby=\"caption-attachment-1083\" style=\"width: 1000px\" class=\"wp-caption alignnone\"><img decoding=\"async\" class=\"wp-image-1083 size-full\" src=\"https:\/\/www.metalwireforms.com\/wp-content\/uploads\/2020\/12\/spring-material-.jpg\" alt=\"material para muelles\" width=\"1000\" height=\"666\" srcset=\"https:\/\/www.metalwireforms.com\/wp-content\/uploads\/2020\/12\/spring-material-.jpg 1000w, https:\/\/www.metalwireforms.com\/wp-content\/uploads\/2020\/12\/spring-material--600x400.jpg 600w, https:\/\/www.metalwireforms.com\/wp-content\/uploads\/2020\/12\/spring-material--300x200.jpg 300w, https:\/\/www.metalwireforms.com\/wp-content\/uploads\/2020\/12\/spring-material--768x511.jpg 768w\" sizes=\"(max-width: 1000px) 100vw, 1000px\" \/><figcaption id=\"caption-attachment-1083\" class=\"wp-caption-text\">material para muelles<\/figcaption><\/figure>\n<p class=\" translation-block\">(11) Los resortes de alambre son varios resortes de alambre hechos de alambre de resorte, generalmente hechos de alambre de acero para resortes estirado en fr\u00edo. Los resortes de alambre se utilizan principalmente cuando la carga es peque\u00f1a y las caracter\u00edsticas de carga no son estrictamente necesarias. La secci\u00f3n transversal del resorte de alambre es a menudo circular, por lo que su carga no tiene l\u00edmite de direcci\u00f3n y tiene la misma rigidez a la flexi\u00f3n en todas las direcciones. <br>\n(12) Hay dos tipos de abrazaderas de resorte: materiales de secci\u00f3n transversal redonda y materiales de secci\u00f3n transversal rectangular. A veces, para facilitar el montaje, el anillo de sujeci\u00f3n se convierte en un extremo y luego se dobla una secci\u00f3n. Al fabricar el anillo de sujeci\u00f3n, el anillo de resorte enrollado firmemente se puede aplanar por s\u00ed solo despu\u00e9s de cortarlo, y debe tener una tensi\u00f3n inicial relativamente grande durante el bobinado. <br>\n(13) El resorte serpentino lleva el nombre de su forma retorcida como una serpiente. De acuerdo a su forma, tambi\u00e9n se le llama resorte en forma de \u201cZ\u201d y en forma de \u201cS\u201d. Se utiliza mucho en los cojines de los asientos del autom\u00f3vil, por lo que tambi\u00e9n se le llama resorte del asiento. <br>\n(14) Los resortes espirales de hebras m\u00faltiples generalmente primero tuercen alambres de acero de 0,5 mm ~ 3 mm en cables de acero y luego los enrollan en resortes. Los m\u00e1s utilizados son 3 ~ 4 hebras de cables de acero sin hebras centrales. Cuando el cable excede los 4 hilos de la cuerda, debe haber un hilo central. Para evitar que el cable se afloje despu\u00e9s de someterse a tensi\u00f3n, la direcci\u00f3n de rotaci\u00f3n del cable debe ser opuesta a la del resorte. <br>\n(15) Los resortes de abrazadera se utilizan a menudo para sujetar tanques de almacenamiento de l\u00edquidos de autom\u00f3viles, etc., y pertenecen a la categor\u00eda de resortes de doble torsi\u00f3n. Este tipo de resorte se puede enrollar mediante una m\u00e1quina enrolladora de resortes de control num\u00e9rico en empresas con condiciones. Generalmente, las empresas pueden enrollarlo a mano y se pueden fabricar algunas herramientas auxiliares especiales al enrollarlo. Primero corte y enderece el material del disco, luego convi\u00e9rtalo en forma de \"U\" y enr\u00f3llelo en una forma curva en un dispositivo auxiliar especial. El dispositivo auxiliar se puede utilizar con la m\u00e1quina enrolladora de muelles alimentada por el engranaje de sector, y se utiliza el mecanismo alternativo de la m\u00e1quina enrolladora de muelles. El dispositivo auxiliar \"b\" se instala en la posici\u00f3n de la rueda de gu\u00eda de alimentaci\u00f3n para realizar la producci\u00f3n semiautom\u00e1tica de la flexi\u00f3n del resorte de la abrazadera, lo que puede aumentar la eficiencia de producci\u00f3n en aproximadamente 10 veces en comparaci\u00f3n con la operaci\u00f3n manual.<\/p>","protected":false},"excerpt":{"rendered":"<p>La diferencia entre un resorte de forma especial y un resorte convencional es que el resorte en s\u00ed es irregular, con flexi\u00f3n y una gran cantidad de dise\u00f1os de \u00e1ngulos complicados. Adecuado para algunas ocasiones especiales.<\/p>","protected":false},"featured_media":1146,"template":"","meta":{"ocean_post_layout":"","ocean_both_sidebars_style":"","ocean_both_sidebars_content_width":0,"ocean_both_sidebars_sidebars_width":0,"ocean_sidebar":"0","ocean_second_sidebar":"0","ocean_disable_margins":"enable","ocean_add_body_class":"","ocean_shortcode_before_top_bar":"","ocean_shortcode_after_top_bar":"","ocean_shortcode_before_header":"","ocean_shortcode_after_header":"","ocean_has_shortcode":"","ocean_shortcode_after_title":"","ocean_shortcode_before_footer_widgets":"","ocean_shortcode_after_footer_widgets":"","ocean_shortcode_before_footer_bottom":"","ocean_shortcode_after_footer_bottom":"","ocean_display_top_bar":"default","ocean_display_header":"default","ocean_header_style":"","ocean_center_header_left_menu":"0","ocean_custom_header_template":"0","ocean_custom_logo":0,"ocean_custom_retina_logo":0,"ocean_custom_logo_max_width":0,"ocean_custom_logo_tablet_max_width":0,"ocean_custom_logo_mobile_max_width":0,"ocean_custom_logo_max_height":0,"ocean_custom_logo_tablet_max_height":0,"ocean_custom_logo_mobile_max_height":0,"ocean_header_custom_menu":"0","ocean_menu_typo_font_family":"0","ocean_menu_typo_font_subset":"","ocean_menu_typo_font_size":0,"ocean_menu_typo_font_size_tablet":0,"ocean_menu_typo_font_size_mobile":0,"ocean_menu_typo_font_size_unit":"px","ocean_menu_typo_font_weight":"","ocean_menu_typo_font_weight_tablet":"","ocean_menu_typo_font_weight_mobile":"","ocean_menu_typo_transform":"","ocean_menu_typo_transform_tablet":"","ocean_menu_typo_transform_mobile":"","ocean_menu_typo_line_height":0,"ocean_menu_typo_line_height_tablet":0,"ocean_menu_typo_line_height_mobile":0,"ocean_menu_typo_line_height_unit":"","ocean_menu_typo_spacing":0,"ocean_menu_typo_spacing_tablet":0,"ocean_menu_typo_spacing_mobile":0,"ocean_menu_typo_spacing_unit":"","ocean_menu_link_color":"","ocean_menu_link_color_hover":"","ocean_menu_link_color_active":"","ocean_menu_link_background":"","ocean_menu_link_hover_background":"","ocean_menu_link_active_background":"","ocean_menu_social_links_bg":"","ocean_menu_social_hover_links_bg":"","ocean_menu_social_links_color":"","ocean_menu_social_hover_links_color":"","ocean_disable_title":"default","ocean_disable_heading":"default","ocean_post_title":"","ocean_post_subheading":"","ocean_post_title_style":"","ocean_post_title_background_color":"","ocean_post_title_background":0,"ocean_post_title_bg_image_position":"","ocean_post_title_bg_image_attachment":"","ocean_post_title_bg_image_repeat":"","ocean_post_title_bg_image_size":"","ocean_post_title_height":0,"ocean_post_title_bg_overlay":0.5,"ocean_post_title_bg_overlay_color":"","ocean_disable_breadcrumbs":"default","ocean_breadcrumbs_color":"","ocean_breadcrumbs_separator_color":"","ocean_breadcrumbs_links_color":"","ocean_breadcrumbs_links_hover_color":"","ocean_display_footer_widgets":"default","ocean_display_footer_bottom":"default","ocean_custom_footer_template":"0","ofc_meta_disable_footer_callout":"","ofc_meta_callout_button_url":"","ofc_meta_callout_button_txt":"","ofc_meta_callout_text":"","osh_disable_topbar_sticky":"default","osh_disable_header_sticky":"default","osh_sticky_header_style":"default","osh_sticky_header_effect":"","osh_custom_sticky_logo":0,"osh_custom_retina_sticky_logo":0,"osh_custom_sticky_logo_height":0,"osh_background_color":"","osh_links_color":"","osh_links_hover_color":"","osh_links_active_color":"","osh_links_bg_color":"","osh_links_hover_bg_color":"","osh_links_active_bg_color":"","osh_menu_social_links_color":"","osh_menu_social_hover_links_color":""},"product_brand":[],"product_cat":[144,26],"product_tag":[64,60,65],"class_list":{"0":"post-1144","1":"product","2":"type-product","3":"status-publish","4":"has-post-thumbnail","6":"product_cat-custom-springs","7":"product_cat-custom-torsion-springs","8":"product_tag-abnormal-spring","9":"product_tag-spring-wholesale","10":"product_tag-tension-spring","12":"entry","13":"has-media","15":"first","16":"instock","17":"shipping-taxable","18":"product-type-external","19":"col","20":"span_1_of_3","21":"owp-content-center","22":"owp-thumbs-layout-horizontal","23":"owp-btn-very-big","24":"owp-tabs-layout-horizontal","25":"circle-sale"},"_links":{"self":[{"href":"https:\/\/www.metalwireforms.com\/es\/wp-json\/wp\/v2\/product\/1144","targetHints":{"allow":["GET"]}}],"collection":[{"href":"https:\/\/www.metalwireforms.com\/es\/wp-json\/wp\/v2\/product"}],"about":[{"href":"https:\/\/www.metalwireforms.com\/es\/wp-json\/wp\/v2\/types\/product"}],"version-history":[{"count":3,"href":"https:\/\/www.metalwireforms.com\/es\/wp-json\/wp\/v2\/product\/1144\/revisions"}],"predecessor-version":[{"id":1670,"href":"https:\/\/www.metalwireforms.com\/es\/wp-json\/wp\/v2\/product\/1144\/revisions\/1670"}],"wp:featuredmedia":[{"embeddable":true,"href":"https:\/\/www.metalwireforms.com\/es\/wp-json\/wp\/v2\/media\/1146"}],"wp:attachment":[{"href":"https:\/\/www.metalwireforms.com\/es\/wp-json\/wp\/v2\/media?parent=1144"}],"wp:term":[{"taxonomy":"product_brand","embeddable":true,"href":"https:\/\/www.metalwireforms.com\/es\/wp-json\/wp\/v2\/product_brand?post=1144"},{"taxonomy":"product_cat","embeddable":true,"href":"https:\/\/www.metalwireforms.com\/es\/wp-json\/wp\/v2\/product_cat?post=1144"},{"taxonomy":"product_tag","embeddable":true,"href":"https:\/\/www.metalwireforms.com\/es\/wp-json\/wp\/v2\/product_tag?post=1144"}],"curies":[{"name":"wp","href":"https:\/\/api.w.org\/{rel}","templated":true}]}}