{"id":1114,"date":"2021-09-16T08:33:14","date_gmt":"2021-09-16T08:33:14","guid":{"rendered":"https:\/\/www.xsmetalforming.com\/?post_type=product&#038;p=1114"},"modified":"2022-09-01T06:47:45","modified_gmt":"2022-09-01T06:47:45","slug":"custom-manganese-steel-high-elastic-tension-spring","status":"publish","type":"product","link":"https:\/\/www.metalwireforms.com\/es\/producto\/resorte-de-alta-tension-de-acero-al-manganeso-personalizado","title":{"rendered":"Muelle de alta tensi\u00f3n el\u00e1stico de acero al manganeso personalizado"},"content":{"rendered":"<p>Los resortes de tensi\u00f3n (tambi\u00e9n llamados resortes de tensi\u00f3n, conocidos como resortes de tensi\u00f3n) son resortes helicoidales que soportan tensi\u00f3n axial. Los resortes de tensi\u00f3n generalmente est\u00e1n hechos de materiales de secci\u00f3n transversal redonda. Cuando no est\u00e1 bajo carga, las bobinas del resorte de tensi\u00f3n generalmente est\u00e1n apretadas y no hay espacio.<\/p>\n<h3>Caracter\u00edstica<\/h3>\n<p>Se utilizan muchos dispositivos terminales o \"ganchos\" diferentes para asegurar la fuente del resorte de tensi\u00f3n. El principio de funcionamiento del resorte de extensi\u00f3n es opuesto al del resorte de compresi\u00f3n. El resorte de compresi\u00f3n act\u00faa en la direcci\u00f3n opuesta cuando se comprime, y el resorte de extensi\u00f3n act\u00faa en la direcci\u00f3n opuesta cuando se estira o se separa. Cuando se separan los extremos del resorte de tensi\u00f3n, el resorte intentar\u00e1 unirlos nuevamente. Al igual que los resortes de compresi\u00f3n, los resortes de extensi\u00f3n tambi\u00e9n absorben y almacenan energ\u00eda. Pero a diferencia de los resortes de compresi\u00f3n, la mayor\u00eda de los resortes de extensi\u00f3n suelen estar bajo cierto grado de tensi\u00f3n, incluso sin carga. Esta tensi\u00f3n inicial determina qu\u00e9 tan apretado se enrolla el resorte de tensi\u00f3n sin ninguna carga.<\/p>\n<p><img fetchpriority=\"high\" decoding=\"async\" class=\"alignnone wp-image-1119 size-large\" src=\"https:\/\/www.metalwireforms.com\/wp-content\/uploads\/2021\/09\/Tension-spring-5-985x1024.jpg\" alt=\"Muelle de tensi\u00f3n (5)\" width=\"985\" height=\"1024\" srcset=\"https:\/\/www.metalwireforms.com\/wp-content\/uploads\/2021\/09\/Tension-spring-5-985x1024.jpg 985w, https:\/\/www.metalwireforms.com\/wp-content\/uploads\/2021\/09\/Tension-spring-5-289x300.jpg 289w, https:\/\/www.metalwireforms.com\/wp-content\/uploads\/2021\/09\/Tension-spring-5-768x798.jpg 768w, https:\/\/www.metalwireforms.com\/wp-content\/uploads\/2021\/09\/Tension-spring-5-600x624.jpg 600w, https:\/\/www.metalwireforms.com\/wp-content\/uploads\/2021\/09\/Tension-spring-5.jpg 1443w\" sizes=\"(max-width: 985px) 100vw, 985px\" \/><\/p>\n<h3>Aplicaci\u00f3n<\/h3>\n<p>Los resortes de tensi\u00f3n, tambi\u00e9n conocidos como resortes de tensi\u00f3n en espiral, son generalmente de igual paso y en su mayor\u00eda circulares en secci\u00f3n transversal. Se pueden utilizar en muchas ocasiones, como producci\u00f3n y montaje, experimentaci\u00f3n, investigaci\u00f3n y desarrollo y mantenimiento. Los resortes de tensi\u00f3n ocupan una posici\u00f3n importante en el mercado global y son ampliamente utilizados en defensa nacional, marina, inform\u00e1tica, electr\u00f3nica, autom\u00f3viles, moldes, medicina, bioqu\u00edmica, aeroespacial, ferrocarriles, energ\u00eda nuclear, energ\u00eda e\u00f3lica, energ\u00eda t\u00e9rmica, maquinaria de construcci\u00f3n, maquinaria de miner\u00eda. , maquinaria de construcci\u00f3n, elevadores y otros campos.<\/p>","protected":false},"excerpt":{"rendered":"<p>Las formas de gancho del resorte de extensi\u00f3n incluyen resorte de extensi\u00f3n de gancho lateral, resorte de extensi\u00f3n de gancho largo, resorte de extensi\u00f3n de gancho ingl\u00e9s, resorte de extensi\u00f3n de gancho alem\u00e1n, resorte de extensi\u00f3n de gancho semicircular, gancho de pico de pato, etc. Sus materiales incluyen acero inoxidable, acero para piano, acero con alto contenido de carbono, bronce fosforoso, acero para resortes de aleaci\u00f3n templado al aceite, etc.<\/p>","protected":false},"featured_media":1117,"template":"","meta":{"ocean_post_layout":"","ocean_both_sidebars_style":"","ocean_both_sidebars_content_width":0,"ocean_both_sidebars_sidebars_width":0,"ocean_sidebar":"0","ocean_second_sidebar":"0","ocean_disable_margins":"enable","ocean_add_body_class":"","ocean_shortcode_before_top_bar":"","ocean_shortcode_after_top_bar":"","ocean_shortcode_before_header":"","ocean_shortcode_after_header":"","ocean_has_shortcode":"","ocean_shortcode_after_title":"","ocean_shortcode_before_footer_widgets":"","ocean_shortcode_after_footer_widgets":"","ocean_shortcode_before_footer_bottom":"","ocean_shortcode_after_footer_bottom":"","ocean_display_top_bar":"default","ocean_display_header":"default","ocean_header_style":"","ocean_center_header_left_menu":"0","ocean_custom_header_template":"0","ocean_custom_logo":0,"ocean_custom_retina_logo":0,"ocean_custom_logo_max_width":0,"ocean_custom_logo_tablet_max_width":0,"ocean_custom_logo_mobile_max_width":0,"ocean_custom_logo_max_height":0,"ocean_custom_logo_tablet_max_height":0,"ocean_custom_logo_mobile_max_height":0,"ocean_header_custom_menu":"0","ocean_menu_typo_font_family":"0","ocean_menu_typo_font_subset":"","ocean_menu_typo_font_size":0,"ocean_menu_typo_font_size_tablet":0,"ocean_menu_typo_font_size_mobile":0,"ocean_menu_typo_font_size_unit":"px","ocean_menu_typo_font_weight":"","ocean_menu_typo_font_weight_tablet":"","ocean_menu_typo_font_weight_mobile":"","ocean_menu_typo_transform":"","ocean_menu_typo_transform_tablet":"","ocean_menu_typo_transform_mobile":"","ocean_menu_typo_line_height":0,"ocean_menu_typo_line_height_tablet":0,"ocean_menu_typo_line_height_mobile":0,"ocean_menu_typo_line_height_unit":"","ocean_menu_typo_spacing":0,"ocean_menu_typo_spacing_tablet":0,"ocean_menu_typo_spacing_mobile":0,"ocean_menu_typo_spacing_unit":"","ocean_menu_link_color":"","ocean_menu_link_color_hover":"","ocean_menu_link_color_active":"","ocean_menu_link_background":"","ocean_menu_link_hover_background":"","ocean_menu_link_active_background":"","ocean_menu_social_links_bg":"","ocean_menu_social_hover_links_bg":"","ocean_menu_social_links_color":"","ocean_menu_social_hover_links_color":"","ocean_disable_title":"default","ocean_disable_heading":"default","ocean_post_title":"","ocean_post_subheading":"","ocean_post_title_style":"","ocean_post_title_background_color":"","ocean_post_title_background":0,"ocean_post_title_bg_image_position":"","ocean_post_title_bg_image_attachment":"","ocean_post_title_bg_image_repeat":"","ocean_post_title_bg_image_size":"","ocean_post_title_height":0,"ocean_post_title_bg_overlay":0.5,"ocean_post_title_bg_overlay_color":"","ocean_disable_breadcrumbs":"default","ocean_breadcrumbs_color":"","ocean_breadcrumbs_separator_color":"","ocean_breadcrumbs_links_color":"","ocean_breadcrumbs_links_hover_color":"","ocean_display_footer_widgets":"default","ocean_display_footer_bottom":"default","ocean_custom_footer_template":"0","ofc_meta_disable_footer_callout":"","ofc_meta_callout_button_url":"","ofc_meta_callout_button_txt":"","ofc_meta_callout_text":"","osh_disable_topbar_sticky":"default","osh_disable_header_sticky":"default","osh_sticky_header_style":"default","osh_sticky_header_effect":"","osh_custom_sticky_logo":0,"osh_custom_retina_sticky_logo":0,"osh_custom_sticky_logo_height":0,"osh_background_color":"","osh_links_color":"","osh_links_hover_color":"","osh_links_active_color":"","osh_links_bg_color":"","osh_links_hover_bg_color":"","osh_links_active_bg_color":"","osh_menu_social_links_color":"","osh_menu_social_hover_links_color":""},"product_brand":[],"product_cat":[144,27],"product_tag":[57,56,55],"class_list":{"0":"post-1114","1":"product","2":"type-product","3":"status-publish","4":"has-post-thumbnail","6":"product_cat-custom-springs","7":"product_cat-custom-tension-springs","8":"product_tag-custom-tension-spring","9":"product_tag-tension-spring-machinery","10":"product_tag-tension-spring-wholesale","12":"entry","13":"has-media","15":"first","16":"instock","17":"shipping-taxable","18":"product-type-external","19":"col","20":"span_1_of_3","21":"owp-content-center","22":"owp-thumbs-layout-horizontal","23":"owp-btn-very-big","24":"owp-tabs-layout-horizontal","25":"circle-sale"},"_links":{"self":[{"href":"https:\/\/www.metalwireforms.com\/es\/wp-json\/wp\/v2\/product\/1114","targetHints":{"allow":["GET"]}}],"collection":[{"href":"https:\/\/www.metalwireforms.com\/es\/wp-json\/wp\/v2\/product"}],"about":[{"href":"https:\/\/www.metalwireforms.com\/es\/wp-json\/wp\/v2\/types\/product"}],"version-history":[{"count":1,"href":"https:\/\/www.metalwireforms.com\/es\/wp-json\/wp\/v2\/product\/1114\/revisions"}],"predecessor-version":[{"id":1120,"href":"https:\/\/www.metalwireforms.com\/es\/wp-json\/wp\/v2\/product\/1114\/revisions\/1120"}],"wp:featuredmedia":[{"embeddable":true,"href":"https:\/\/www.metalwireforms.com\/es\/wp-json\/wp\/v2\/media\/1117"}],"wp:attachment":[{"href":"https:\/\/www.metalwireforms.com\/es\/wp-json\/wp\/v2\/media?parent=1114"}],"wp:term":[{"taxonomy":"product_brand","embeddable":true,"href":"https:\/\/www.metalwireforms.com\/es\/wp-json\/wp\/v2\/product_brand?post=1114"},{"taxonomy":"product_cat","embeddable":true,"href":"https:\/\/www.metalwireforms.com\/es\/wp-json\/wp\/v2\/product_cat?post=1114"},{"taxonomy":"product_tag","embeddable":true,"href":"https:\/\/www.metalwireforms.com\/es\/wp-json\/wp\/v2\/product_tag?post=1114"}],"curies":[{"name":"wp","href":"https:\/\/api.w.org\/{rel}","templated":true}]}}