{"id":1101,"date":"2021-09-16T08:23:06","date_gmt":"2021-09-16T08:23:06","guid":{"rendered":"https:\/\/www.xsmetalforming.com\/?post_type=product&#038;p=1101"},"modified":"2022-09-01T06:48:52","modified_gmt":"2022-09-01T06:48:52","slug":"stainless-steel-304-torsion-spring-customized-manufacturer","status":"publish","type":"product","link":"https:\/\/www.metalwireforms.com\/es\/producto\/acero-inoxidable-304-resorte-de-torsion-fabricante-personalizado","title":{"rendered":"Fabricante personalizado de resortes de torsi\u00f3n de acero inoxidable 304"},"content":{"rendered":"<p>El resorte de torsi\u00f3n es un tipo de estructura de acumulaci\u00f3n mec\u00e1nica, que se utiliza principalmente en ballestas antiguas y otras ballestas. El resorte de torsi\u00f3n acumula fuerza al torcer o girar el material el\u00e1stico con material blando y de mayor tenacidad, y lo utiliza para hacer que el proyectil posea cierta energ\u00eda mec\u00e1nica.<\/p>\n<h3>Caracter\u00edstica<\/h3>\n<p>El resorte de torsi\u00f3n es un resorte que soporta la deformaci\u00f3n por torsi\u00f3n, y su parte de trabajo tambi\u00e9n est\u00e1 enrollada firmemente en forma de espiral. La estructura del extremo del resorte de torsi\u00f3n es un brazo de torsi\u00f3n maquinado en varias formas, no un anillo de gancho. El resorte de torsi\u00f3n utiliza el principio de palanca para girar o girar el material el\u00e1stico suave y resistente, de modo que tenga una gran energ\u00eda mec\u00e1nica.<\/p>\n<p><img fetchpriority=\"high\" decoding=\"async\" class=\"alignnone wp-image-1111 size-full\" src=\"https:\/\/www.metalwireforms.com\/wp-content\/uploads\/2021\/09\/torsion-spring-5.jpg\" alt=\"muelle de torsi\u00f3n (5)\" width=\"762\" height=\"708\" srcset=\"https:\/\/www.metalwireforms.com\/wp-content\/uploads\/2021\/09\/torsion-spring-5.jpg 762w, https:\/\/www.metalwireforms.com\/wp-content\/uploads\/2021\/09\/torsion-spring-5-300x279.jpg 300w, https:\/\/www.metalwireforms.com\/wp-content\/uploads\/2021\/09\/torsion-spring-5-600x557.jpg 600w\" sizes=\"(max-width: 762px) 100vw, 762px\" \/><\/p>\n<h3>Aplicaci\u00f3n<\/h3>\n<p>Los resortes de alambre de resorte de compresi\u00f3n se utilizan en todo, desde electrodom\u00e9sticos hasta equipos motorizados, motores, etc., porque es el tipo de resorte requerido. Por la carga que act\u00faa sobre ellos o sus extremos se comprimen, el resorte de compresi\u00f3n se comprime por el dise\u00f1o del alambre tratando de devolver el resorte a su forma original, de modo que la carga sea empujada hacia atr\u00e1s. Direcciones de aplicaci\u00f3n principales: equipo m\u00e9dico de respiraci\u00f3n, equipo m\u00e9dico m\u00f3vil, herramientas manuales, equipo de cuidado en el hogar, absorci\u00f3n de impactos, resortes de v\u00e1lvulas del motor.<\/p>","protected":false},"excerpt":{"rendered":"<p>El resorte de torsi\u00f3n es un tipo de estructura de acumulaci\u00f3n mec\u00e1nica, que se utiliza principalmente en ballestas antiguas y otras ballestas. El resorte de torsi\u00f3n acumula fuerza al torcer o girar el material el\u00e1stico con material blando y de mayor tenacidad, y lo utiliza para hacer que el proyectil posea cierta energ\u00eda mec\u00e1nica.<\/p>","protected":false},"featured_media":1109,"template":"","meta":{"ocean_post_layout":"","ocean_both_sidebars_style":"","ocean_both_sidebars_content_width":0,"ocean_both_sidebars_sidebars_width":0,"ocean_sidebar":"0","ocean_second_sidebar":"0","ocean_disable_margins":"enable","ocean_add_body_class":"","ocean_shortcode_before_top_bar":"","ocean_shortcode_after_top_bar":"","ocean_shortcode_before_header":"","ocean_shortcode_after_header":"","ocean_has_shortcode":"","ocean_shortcode_after_title":"","ocean_shortcode_before_footer_widgets":"","ocean_shortcode_after_footer_widgets":"","ocean_shortcode_before_footer_bottom":"","ocean_shortcode_after_footer_bottom":"","ocean_display_top_bar":"default","ocean_display_header":"default","ocean_header_style":"","ocean_center_header_left_menu":"0","ocean_custom_header_template":"0","ocean_custom_logo":0,"ocean_custom_retina_logo":0,"ocean_custom_logo_max_width":0,"ocean_custom_logo_tablet_max_width":0,"ocean_custom_logo_mobile_max_width":0,"ocean_custom_logo_max_height":0,"ocean_custom_logo_tablet_max_height":0,"ocean_custom_logo_mobile_max_height":0,"ocean_header_custom_menu":"0","ocean_menu_typo_font_family":"0","ocean_menu_typo_font_subset":"","ocean_menu_typo_font_size":0,"ocean_menu_typo_font_size_tablet":0,"ocean_menu_typo_font_size_mobile":0,"ocean_menu_typo_font_size_unit":"px","ocean_menu_typo_font_weight":"","ocean_menu_typo_font_weight_tablet":"","ocean_menu_typo_font_weight_mobile":"","ocean_menu_typo_transform":"","ocean_menu_typo_transform_tablet":"","ocean_menu_typo_transform_mobile":"","ocean_menu_typo_line_height":0,"ocean_menu_typo_line_height_tablet":0,"ocean_menu_typo_line_height_mobile":0,"ocean_menu_typo_line_height_unit":"","ocean_menu_typo_spacing":0,"ocean_menu_typo_spacing_tablet":0,"ocean_menu_typo_spacing_mobile":0,"ocean_menu_typo_spacing_unit":"","ocean_menu_link_color":"","ocean_menu_link_color_hover":"","ocean_menu_link_color_active":"","ocean_menu_link_background":"","ocean_menu_link_hover_background":"","ocean_menu_link_active_background":"","ocean_menu_social_links_bg":"","ocean_menu_social_hover_links_bg":"","ocean_menu_social_links_color":"","ocean_menu_social_hover_links_color":"","ocean_disable_title":"default","ocean_disable_heading":"default","ocean_post_title":"","ocean_post_subheading":"","ocean_post_title_style":"","ocean_post_title_background_color":"","ocean_post_title_background":0,"ocean_post_title_bg_image_position":"","ocean_post_title_bg_image_attachment":"","ocean_post_title_bg_image_repeat":"","ocean_post_title_bg_image_size":"","ocean_post_title_height":0,"ocean_post_title_bg_overlay":0.5,"ocean_post_title_bg_overlay_color":"","ocean_disable_breadcrumbs":"default","ocean_breadcrumbs_color":"","ocean_breadcrumbs_separator_color":"","ocean_breadcrumbs_links_color":"","ocean_breadcrumbs_links_hover_color":"","ocean_display_footer_widgets":"default","ocean_display_footer_bottom":"default","ocean_custom_footer_template":"0","ofc_meta_disable_footer_callout":"","ofc_meta_callout_button_url":"","ofc_meta_callout_button_txt":"","ofc_meta_callout_text":"","osh_disable_topbar_sticky":"default","osh_disable_header_sticky":"default","osh_sticky_header_style":"default","osh_sticky_header_effect":"","osh_custom_sticky_logo":0,"osh_custom_retina_sticky_logo":0,"osh_custom_sticky_logo_height":0,"osh_background_color":"","osh_links_color":"","osh_links_hover_color":"","osh_links_active_color":"","osh_links_bg_color":"","osh_links_hover_bg_color":"","osh_links_active_bg_color":"","osh_menu_social_links_color":"","osh_menu_social_hover_links_color":""},"product_brand":[],"product_cat":[144,26],"product_tag":[54,51,52],"class_list":{"0":"post-1101","1":"product","2":"type-product","3":"status-publish","4":"has-post-thumbnail","6":"product_cat-custom-springs","7":"product_cat-custom-torsion-springs","8":"product_tag-torsion-spring","9":"product_tag-torsion-spring-customization","10":"product_tag-torsion-spring-production","12":"entry","13":"has-media","15":"first","16":"instock","17":"shipping-taxable","18":"product-type-external","19":"col","20":"span_1_of_3","21":"owp-content-center","22":"owp-thumbs-layout-horizontal","23":"owp-btn-very-big","24":"owp-tabs-layout-horizontal","25":"circle-sale"},"_links":{"self":[{"href":"https:\/\/www.metalwireforms.com\/es\/wp-json\/wp\/v2\/product\/1101","targetHints":{"allow":["GET"]}}],"collection":[{"href":"https:\/\/www.metalwireforms.com\/es\/wp-json\/wp\/v2\/product"}],"about":[{"href":"https:\/\/www.metalwireforms.com\/es\/wp-json\/wp\/v2\/types\/product"}],"version-history":[{"count":3,"href":"https:\/\/www.metalwireforms.com\/es\/wp-json\/wp\/v2\/product\/1101\/revisions"}],"predecessor-version":[{"id":1113,"href":"https:\/\/www.metalwireforms.com\/es\/wp-json\/wp\/v2\/product\/1101\/revisions\/1113"}],"wp:featuredmedia":[{"embeddable":true,"href":"https:\/\/www.metalwireforms.com\/es\/wp-json\/wp\/v2\/media\/1109"}],"wp:attachment":[{"href":"https:\/\/www.metalwireforms.com\/es\/wp-json\/wp\/v2\/media?parent=1101"}],"wp:term":[{"taxonomy":"product_brand","embeddable":true,"href":"https:\/\/www.metalwireforms.com\/es\/wp-json\/wp\/v2\/product_brand?post=1101"},{"taxonomy":"product_cat","embeddable":true,"href":"https:\/\/www.metalwireforms.com\/es\/wp-json\/wp\/v2\/product_cat?post=1101"},{"taxonomy":"product_tag","embeddable":true,"href":"https:\/\/www.metalwireforms.com\/es\/wp-json\/wp\/v2\/product_tag?post=1101"}],"curies":[{"name":"wp","href":"https:\/\/api.w.org\/{rel}","templated":true}]}}