{"id":904,"date":"2021-09-13T02:09:07","date_gmt":"2021-09-13T02:09:07","guid":{"rendered":"https:\/\/www.xsmetalforming.com\/?page_id=904"},"modified":"2021-09-27T01:44:48","modified_gmt":"2021-09-27T01:44:48","slug":"customized","status":"publish","type":"page","link":"https:\/\/www.metalwireforms.com\/es\/personalizado","title":{"rendered":"Personalizado"},"content":{"rendered":"<div data-elementor-type=\"wp-page\" data-elementor-id=\"904\" class=\"elementor elementor-904\">\n\t\t\t\t\t\t<section class=\"elementor-section elementor-top-section elementor-element elementor-element-704f311 elementor-section-boxed elementor-section-height-default elementor-section-height-default\" data-id=\"704f311\" data-element_type=\"section\">\n\t\t\t\t\t\t<div class=\"elementor-container elementor-column-gap-default\">\n\t\t\t\t\t<div class=\"elementor-column elementor-col-50 elementor-top-column elementor-element elementor-element-862c3e2\" data-id=\"862c3e2\" data-element_type=\"column\">\n\t\t\t<div class=\"elementor-widget-wrap elementor-element-populated\">\n\t\t\t\t\t\t<div class=\"elementor-element elementor-element-d520724 elementor-widget elementor-widget-image\" data-id=\"d520724\" data-element_type=\"widget\" data-widget_type=\"image.default\">\n\t\t\t\t<div class=\"elementor-widget-container\">\n\t\t\t\t\t\t\t\t\t\t\t\t\t\t\t<img fetchpriority=\"high\" decoding=\"async\" width=\"800\" height=\"533\" src=\"https:\/\/www.metalwireforms.com\/wp-content\/uploads\/2021\/09\/custom-compression-spring.jpg\" class=\"attachment-full size-full wp-image-1366\" alt=\"muelle de compresi\u00f3n personalizado\" srcset=\"https:\/\/www.metalwireforms.com\/wp-content\/uploads\/2021\/09\/custom-compression-spring.jpg 800w, https:\/\/www.metalwireforms.com\/wp-content\/uploads\/2021\/09\/custom-compression-spring-300x200.jpg 300w, https:\/\/www.metalwireforms.com\/wp-content\/uploads\/2021\/09\/custom-compression-spring-150x100.jpg 150w, https:\/\/www.metalwireforms.com\/wp-content\/uploads\/2021\/09\/custom-compression-spring-768x512.jpg 768w, https:\/\/www.metalwireforms.com\/wp-content\/uploads\/2021\/09\/custom-compression-spring-600x400.jpg 600w\" sizes=\"(max-width: 800px) 100vw, 800px\" \/>\t\t\t\t\t\t\t\t\t\t\t\t\t\t\t<\/div>\n\t\t\t\t<\/div>\n\t\t\t\t\t<\/div>\n\t\t<\/div>\n\t\t\t\t<div class=\"elementor-column elementor-col-50 elementor-top-column elementor-element elementor-element-65ced35\" data-id=\"65ced35\" data-element_type=\"column\" data-settings=\"{&quot;background_background&quot;:&quot;classic&quot;}\">\n\t\t\t<div class=\"elementor-widget-wrap elementor-element-populated\">\n\t\t\t\t\t\t<div class=\"elementor-element elementor-element-4300bbb elementor-widget elementor-widget-text-editor\" data-id=\"4300bbb\" data-element_type=\"widget\" data-widget_type=\"text-editor.default\">\n\t\t\t\t<div class=\"elementor-widget-container\">\n\t\t\t\t\t\t\t\t\t<p class=\" translation-block\"><strong> \u00bfPOR QU\u00c9 ELEGIRNOS PARA PERSONALIZARNOS? <\/strong> <br> Nuestro equipo de prueba de producci\u00f3n de desarrollo propio cuenta con un equipo t\u00e9cnico superior con m\u00e1s de 10 a\u00f1os de experiencia. <br> Seleccionamos cuidadosamente los materiales para garantizar una larga vida \u00fatil, fuerte dureza, gran flexibilidad y resistencia a la corrosi\u00f3n. <br> En primer lugar, las materias primas deben ser probadas. En segundo lugar, despu\u00e9s de que la prueba de sal y la inspecci\u00f3n completa del producto alcanzan el est\u00e1ndar, se confirma mediante el conteo manual, la balanza de conteo y la balanza de plataforma para garantizar que el producto est\u00e9 garantizado en calidad y cantidad. <br> Cada tipo de empaque est\u00e1 hecho de Cartones boutique especiales de alta calidad o bolsas de nailon de doble capa, que se pueden personalizar de acuerdo con los requisitos del cliente. <br> Enviamos en 3-7 d\u00edas para usted lo antes posible, y tenemos cooperaci\u00f3n con log\u00edstica profesional, r\u00e1pida y aseg\u00farese de que los productos lleguen a sus manos lo antes posible. <br> Le proporcionamos servicios de seguimiento de alta calidad durante todo el proceso, desde la prueba, la confirmaci\u00f3n de las muestras hasta la producci\u00f3n en masa.<\/p>\t\t\t\t\t\t\t\t<\/div>\n\t\t\t\t<\/div>\n\t\t\t\t\t<\/div>\n\t\t<\/div>\n\t\t\t\t\t<\/div>\n\t\t<\/section>\n\t\t\t\t<section class=\"elementor-section elementor-top-section elementor-element elementor-element-14e934a elementor-section-boxed elementor-section-height-default elementor-section-height-default\" data-id=\"14e934a\" data-element_type=\"section\">\n\t\t\t\t\t\t<div class=\"elementor-container elementor-column-gap-default\">\n\t\t\t\t\t<div class=\"elementor-column elementor-col-50 elementor-top-column elementor-element elementor-element-62891bc\" data-id=\"62891bc\" data-element_type=\"column\" data-settings=\"{&quot;background_background&quot;:&quot;classic&quot;}\">\n\t\t\t<div class=\"elementor-widget-wrap elementor-element-populated\">\n\t\t\t\t\t\t<div class=\"elementor-element elementor-element-ba40b6b elementor-widget elementor-widget-text-editor\" data-id=\"ba40b6b\" data-element_type=\"widget\" data-widget_type=\"text-editor.default\">\n\t\t\t\t<div class=\"elementor-widget-container\">\n\t\t\t\t\t\t\t\t\t<p class=\" translation-block\"><strong> PROCESO DE PERSONALIZACI\u00d3N <\/strong> <br> 1) Los clientes env\u00edan consultas, consultan muestras o dibujos. <br> 2) Proporcionan dibujos de muestra, incluida la informaci\u00f3n de los par\u00e1metros necesarios para el amarillo del resorte, como el di\u00e1metro del alambre, el di\u00e1metro exterior, la longitud. , n\u00famero de turnos, etc. <br> 3) El personal de atenci\u00f3n al cliente eval\u00faa y cotiza de acuerdo con los requisitos personalizados del cliente. <br> 4) El cliente confirma el proyecto personalizado y la cotizaci\u00f3n, incluidos los materiales de producci\u00f3n y los procesos de producci\u00f3n. <br> 5) La prueba se completa y se env\u00eda al cliente para confirmar que cumple con los requisitos. <br> 6) Confirme el contrato, entregue el dep\u00f3sito y produciremos los art\u00edculos personalizados. <br> 7) Una vez finalizada la producci\u00f3n , empacamos los productos terminados y los preparamos para su env\u00edo. <br> 8) Despu\u00e9s de que el cliente reciba el aviso de finalizaci\u00f3n de la producci\u00f3n y el empaque, y pague el saldo, organizaremos la entrega.<\/p>\t\t\t\t\t\t\t\t<\/div>\n\t\t\t\t<\/div>\n\t\t\t\t\t<\/div>\n\t\t<\/div>\n\t\t\t\t<div class=\"elementor-column elementor-col-50 elementor-top-column elementor-element elementor-element-06f9a13\" data-id=\"06f9a13\" data-element_type=\"column\">\n\t\t\t<div class=\"elementor-widget-wrap elementor-element-populated\">\n\t\t\t\t\t\t<div class=\"elementor-element elementor-element-857bd92 elementor-widget elementor-widget-image\" data-id=\"857bd92\" data-element_type=\"widget\" data-widget_type=\"image.default\">\n\t\t\t\t<div class=\"elementor-widget-container\">\n\t\t\t\t\t\t\t\t\t\t\t\t\t\t\t<img decoding=\"async\" width=\"800\" height=\"533\" src=\"https:\/\/www.metalwireforms.com\/wp-content\/uploads\/2021\/09\/custom-torsion-spring.jpg\" class=\"attachment-full size-full wp-image-1368\" alt=\"muelle de torsi\u00f3n a medida\" srcset=\"https:\/\/www.metalwireforms.com\/wp-content\/uploads\/2021\/09\/custom-torsion-spring.jpg 800w, https:\/\/www.metalwireforms.com\/wp-content\/uploads\/2021\/09\/custom-torsion-spring-300x200.jpg 300w, https:\/\/www.metalwireforms.com\/wp-content\/uploads\/2021\/09\/custom-torsion-spring-150x100.jpg 150w, https:\/\/www.metalwireforms.com\/wp-content\/uploads\/2021\/09\/custom-torsion-spring-768x512.jpg 768w, https:\/\/www.metalwireforms.com\/wp-content\/uploads\/2021\/09\/custom-torsion-spring-600x400.jpg 600w\" sizes=\"(max-width: 800px) 100vw, 800px\" \/>\t\t\t\t\t\t\t\t\t\t\t\t\t\t\t<\/div>\n\t\t\t\t<\/div>\n\t\t\t\t\t<\/div>\n\t\t<\/div>\n\t\t\t\t\t<\/div>\n\t\t<\/section>\n\t\t\t\t<section class=\"elementor-section elementor-top-section elementor-element elementor-element-f72f75d elementor-section-boxed elementor-section-height-default elementor-section-height-default\" data-id=\"f72f75d\" data-element_type=\"section\">\n\t\t\t\t\t\t<div class=\"elementor-container elementor-column-gap-default\">\n\t\t\t\t\t<div class=\"elementor-column elementor-col-50 elementor-top-column elementor-element elementor-element-e98d616\" data-id=\"e98d616\" data-element_type=\"column\">\n\t\t\t<div class=\"elementor-widget-wrap elementor-element-populated\">\n\t\t\t\t\t\t<div class=\"elementor-element elementor-element-a8d1016 elementor-widget elementor-widget-image\" data-id=\"a8d1016\" data-element_type=\"widget\" data-widget_type=\"image.default\">\n\t\t\t\t<div class=\"elementor-widget-container\">\n\t\t\t\t\t\t\t\t\t\t\t\t\t\t\t<img decoding=\"async\" width=\"800\" height=\"534\" src=\"https:\/\/www.metalwireforms.com\/wp-content\/uploads\/2021\/09\/custom-metal-hook.jpg\" class=\"attachment-full size-full wp-image-1369\" alt=\"gancho met\u00e1lico personalizado\" srcset=\"https:\/\/www.metalwireforms.com\/wp-content\/uploads\/2021\/09\/custom-metal-hook.jpg 800w, https:\/\/www.metalwireforms.com\/wp-content\/uploads\/2021\/09\/custom-metal-hook-300x200.jpg 300w, https:\/\/www.metalwireforms.com\/wp-content\/uploads\/2021\/09\/custom-metal-hook-150x100.jpg 150w, https:\/\/www.metalwireforms.com\/wp-content\/uploads\/2021\/09\/custom-metal-hook-768x513.jpg 768w, https:\/\/www.metalwireforms.com\/wp-content\/uploads\/2021\/09\/custom-metal-hook-600x401.jpg 600w\" sizes=\"(max-width: 800px) 100vw, 800px\" \/>\t\t\t\t\t\t\t\t\t\t\t\t\t\t\t<\/div>\n\t\t\t\t<\/div>\n\t\t\t\t\t<\/div>\n\t\t<\/div>\n\t\t\t\t<div class=\"elementor-column elementor-col-50 elementor-top-column elementor-element elementor-element-1e35dd1\" data-id=\"1e35dd1\" data-element_type=\"column\" data-settings=\"{&quot;background_background&quot;:&quot;classic&quot;}\">\n\t\t\t<div class=\"elementor-widget-wrap elementor-element-populated\">\n\t\t\t\t\t\t<div class=\"elementor-element elementor-element-50f5315 elementor-widget elementor-widget-text-editor\" data-id=\"50f5315\" data-element_type=\"widget\" data-widget_type=\"text-editor.default\">\n\t\t\t\t<div class=\"elementor-widget-container\">\n\t\t\t\t\t\t\t\t\t<p class=\" translation-block\"><strong> MATERIAL DE PRIMAVERA <\/strong> <br> Los materiales de primavera son muy diversos. A partir de los grados de material, se pueden dividir simplemente en: series de acero con alto contenido de carbono, series de acero inoxidable, series de aleaciones templadas en aceite, series de aleaciones de cobre, series de aleaciones de n\u00edquel-cromo, series de aleaciones de n\u00edquel-cobalto, titanio de molibdeno y otras series de aleaciones especiales. Se pueden subdividir en: alambre de acero con alto contenido de carbono, alambre de piano de acero, alambre de acero inoxidable solidificado por precipitaci\u00f3n, alambre de acero inoxidable bidireccional, alambre de cobre berilio plateado, aleaci\u00f3n de n\u00edquel a base de hierro, aleaci\u00f3n de molibdeno con complejo de n\u00edquel y cobalto, aleaci\u00f3n de titanio alambre, alambre de aleaci\u00f3n m\u00e9dica. <br> Seg\u00fan la clasificaci\u00f3n de uso m\u00e1s com\u00fan, podemos dividirlos en dos categor\u00edas principales: materiales principales de uso com\u00fan y materiales refinados especiales. Los materiales principales m\u00e1s utilizados son los materiales m\u00e1s utilizados para m\u00e1s del 80% de la producci\u00f3n diaria. Nuestros requisitos para esto son excelente calidad, estabilidad y confiabilidad. Cuando utilizamos dichos materiales principales, designamos marcas y n\u00fameros de marca reconocidos internacionalmente para garantizar la calidad de los productos. Los materiales finos especiales se utilizan principalmente para cumplir con los requisitos especiales de los clientes para el rendimiento del resorte.<\/p>\t\t\t\t\t\t\t\t<\/div>\n\t\t\t\t<\/div>\n\t\t\t\t\t<\/div>\n\t\t<\/div>\n\t\t\t\t\t<\/div>\n\t\t<\/section>\n\t\t\t\t<section class=\"elementor-section elementor-top-section elementor-element elementor-element-3327abe elementor-section-boxed elementor-section-height-default elementor-section-height-default\" data-id=\"3327abe\" data-element_type=\"section\">\n\t\t\t\t\t\t<div class=\"elementor-container elementor-column-gap-default\">\n\t\t\t\t\t<div class=\"elementor-column elementor-col-50 elementor-top-column elementor-element elementor-element-a9ea76c\" data-id=\"a9ea76c\" data-element_type=\"column\" data-settings=\"{&quot;background_background&quot;:&quot;classic&quot;}\">\n\t\t\t<div class=\"elementor-widget-wrap elementor-element-populated\">\n\t\t\t\t\t\t<div class=\"elementor-element elementor-element-7823e3c elementor-widget elementor-widget-text-editor\" data-id=\"7823e3c\" data-element_type=\"widget\" data-widget_type=\"text-editor.default\">\n\t\t\t\t<div class=\"elementor-widget-container\">\n\t\t\t\t\t\t\t\t\t<p class=\" translation-block\"><strong> PROCESO DE PRODUCCI\u00d3N <\/strong> <br> La tecnolog\u00eda de procesamiento incluye: tecnolog\u00eda de bobinado, tecnolog\u00eda de estampado, tecnolog\u00eda de prensado, tecnolog\u00eda de uni\u00f3n de sauce, tecnolog\u00eda de compuestos. La funci\u00f3n principal es asegurar que el resorte est\u00e9 enrollado o perforado con la forma y el tama\u00f1o requeridos. <br> El proceso de tratamiento t\u00e9rmico incluye: templado a temperatura media y baja, templado y templado a alta temperatura, ba\u00f1o de sal de ba\u00f1o de plomo, envejecimiento de soluci\u00f3n s\u00f3lida . La funci\u00f3n principal es mejorar sustancialmente las propiedades relevantes del material. <br> El proceso de postratamiento incluye: preprensado, deformaci\u00f3n reservada, prensado en caliente, rectificado por vibraci\u00f3n, pulido. La funci\u00f3n principal es mejorar el rendimiento del resorte y mejorar la apariencia del resorte. <br> Los procesos de tratamiento de superficies incluyen: galvanoplastia de zinc, n\u00edquel, cromo, oro, plata; Dacromet y Geomet; electroforesis y spray; Saponificaci\u00f3n de tefl\u00f3n y fosfataci\u00f3n; flocado y encapsulaci\u00f3n. La funci\u00f3n principal es mejorar la resistencia a la corrosi\u00f3n, dureza, resistencia al desgaste y conductividad el\u00e9ctrica de su superficie, y tambi\u00e9n puede ser para la est\u00e9tica de la superficie.<\/p>\t\t\t\t\t\t\t\t<\/div>\n\t\t\t\t<\/div>\n\t\t\t\t\t<\/div>\n\t\t<\/div>\n\t\t\t\t<div class=\"elementor-column elementor-col-50 elementor-top-column elementor-element elementor-element-55f0690\" data-id=\"55f0690\" data-element_type=\"column\">\n\t\t\t<div class=\"elementor-widget-wrap elementor-element-populated\">\n\t\t\t\t\t\t<div class=\"elementor-element elementor-element-29f53a0 elementor-widget elementor-widget-image\" data-id=\"29f53a0\" data-element_type=\"widget\" data-widget_type=\"image.default\">\n\t\t\t\t<div class=\"elementor-widget-container\">\n\t\t\t\t\t\t\t\t\t\t\t\t\t\t\t<img loading=\"lazy\" decoding=\"async\" width=\"800\" height=\"533\" src=\"https:\/\/www.metalwireforms.com\/wp-content\/uploads\/2021\/09\/custom-metal-clip-.jpg\" class=\"attachment-full size-full wp-image-1367\" alt=\"clip met\u00e1lico personalizado\" srcset=\"https:\/\/www.metalwireforms.com\/wp-content\/uploads\/2021\/09\/custom-metal-clip-.jpg 800w, https:\/\/www.metalwireforms.com\/wp-content\/uploads\/2021\/09\/custom-metal-clip--300x200.jpg 300w, https:\/\/www.metalwireforms.com\/wp-content\/uploads\/2021\/09\/custom-metal-clip--150x100.jpg 150w, https:\/\/www.metalwireforms.com\/wp-content\/uploads\/2021\/09\/custom-metal-clip--768x512.jpg 768w, https:\/\/www.metalwireforms.com\/wp-content\/uploads\/2021\/09\/custom-metal-clip--600x400.jpg 600w\" sizes=\"(max-width: 800px) 100vw, 800px\" \/>\t\t\t\t\t\t\t\t\t\t\t\t\t\t\t<\/div>\n\t\t\t\t<\/div>\n\t\t\t\t\t<\/div>\n\t\t<\/div>\n\t\t\t\t\t<\/div>\n\t\t<\/section>\n\t\t\t\t<\/div>","protected":false},"excerpt":{"rendered":"<p>\u00bfPOR QU\u00c9 ELEGIRNOS PARA PERSONALIZAR? Nuestro equipo de pruebas de producci\u00f3n de desarrollo propio cuenta con un equipo t\u00e9cnico superior con m\u00e1s de 10 a\u00f1os de experiencia.Seleccionamos cuidadosamente los materiales para garantizar una larga vida \u00fatil, una fuerte dureza, una gran flexibilidad y resistencia a la corrosi\u00f3n.En primer lugar, las materias primas deben ser probadas. En segundo lugar, despu\u00e9s de la prueba de sal y la inspecci\u00f3n completa del producto [...]<\/p>","protected":false},"author":1,"featured_media":0,"parent":0,"menu_order":0,"comment_status":"closed","ping_status":"closed","template":"elementor_header_footer","meta":{"ocean_post_layout":"","ocean_both_sidebars_style":"","ocean_both_sidebars_content_width":0,"ocean_both_sidebars_sidebars_width":0,"ocean_sidebar":"0","ocean_second_sidebar":"0","ocean_disable_margins":"enable","ocean_add_body_class":"","ocean_shortcode_before_top_bar":"","ocean_shortcode_after_top_bar":"","ocean_shortcode_before_header":"","ocean_shortcode_after_header":"","ocean_has_shortcode":"","ocean_shortcode_after_title":"","ocean_shortcode_before_footer_widgets":"","ocean_shortcode_after_footer_widgets":"","ocean_shortcode_before_footer_bottom":"","ocean_shortcode_after_footer_bottom":"","ocean_display_top_bar":"default","ocean_display_header":"default","ocean_header_style":"","ocean_center_header_left_menu":"0","ocean_custom_header_template":"0","ocean_custom_logo":0,"ocean_custom_retina_logo":0,"ocean_custom_logo_max_width":0,"ocean_custom_logo_tablet_max_width":0,"ocean_custom_logo_mobile_max_width":0,"ocean_custom_logo_max_height":0,"ocean_custom_logo_tablet_max_height":0,"ocean_custom_logo_mobile_max_height":0,"ocean_header_custom_menu":"0","ocean_menu_typo_font_family":"0","ocean_menu_typo_font_subset":"","ocean_menu_typo_font_size":0,"ocean_menu_typo_font_size_tablet":0,"ocean_menu_typo_font_size_mobile":0,"ocean_menu_typo_font_size_unit":"px","ocean_menu_typo_font_weight":"","ocean_menu_typo_font_weight_tablet":"","ocean_menu_typo_font_weight_mobile":"","ocean_menu_typo_transform":"","ocean_menu_typo_transform_tablet":"","ocean_menu_typo_transform_mobile":"","ocean_menu_typo_line_height":0,"ocean_menu_typo_line_height_tablet":0,"ocean_menu_typo_line_height_mobile":0,"ocean_menu_typo_line_height_unit":"","ocean_menu_typo_spacing":0,"ocean_menu_typo_spacing_tablet":0,"ocean_menu_typo_spacing_mobile":0,"ocean_menu_typo_spacing_unit":"","ocean_menu_link_color":"","ocean_menu_link_color_hover":"","ocean_menu_link_color_active":"","ocean_menu_link_background":"","ocean_menu_link_hover_background":"","ocean_menu_link_active_background":"","ocean_menu_social_links_bg":"","ocean_menu_social_hover_links_bg":"","ocean_menu_social_links_color":"","ocean_menu_social_hover_links_color":"","ocean_disable_title":"default","ocean_disable_heading":"default","ocean_post_title":"","ocean_post_subheading":"","ocean_post_title_style":"","ocean_post_title_background_color":"","ocean_post_title_background":0,"ocean_post_title_bg_image_position":"","ocean_post_title_bg_image_attachment":"","ocean_post_title_bg_image_repeat":"","ocean_post_title_bg_image_size":"","ocean_post_title_height":0,"ocean_post_title_bg_overlay":0.5,"ocean_post_title_bg_overlay_color":"","ocean_disable_breadcrumbs":"default","ocean_breadcrumbs_color":"","ocean_breadcrumbs_separator_color":"","ocean_breadcrumbs_links_color":"","ocean_breadcrumbs_links_hover_color":"","ocean_display_footer_widgets":"default","ocean_display_footer_bottom":"default","ocean_custom_footer_template":"0","ofc_meta_disable_footer_callout":"","ofc_meta_callout_button_url":"","ofc_meta_callout_button_txt":"","ofc_meta_callout_text":"","osh_disable_topbar_sticky":"default","osh_disable_header_sticky":"default","osh_sticky_header_style":"default","osh_sticky_header_effect":"","osh_custom_sticky_logo":0,"osh_custom_retina_sticky_logo":0,"osh_custom_sticky_logo_height":0,"osh_background_color":"","osh_links_color":"","osh_links_hover_color":"","osh_links_active_color":"","osh_links_bg_color":"","osh_links_hover_bg_color":"","osh_links_active_bg_color":"","osh_menu_social_links_color":"","osh_menu_social_hover_links_color":"","footnotes":""},"class_list":["post-904","page","type-page","status-publish","hentry","entry","owp-thumbs-layout-horizontal","owp-btn-very-big","owp-tabs-layout-horizontal","has-no-thumbnails","circle-sale"],"_links":{"self":[{"href":"https:\/\/www.metalwireforms.com\/es\/wp-json\/wp\/v2\/pages\/904","targetHints":{"allow":["GET"]}}],"collection":[{"href":"https:\/\/www.metalwireforms.com\/es\/wp-json\/wp\/v2\/pages"}],"about":[{"href":"https:\/\/www.metalwireforms.com\/es\/wp-json\/wp\/v2\/types\/page"}],"author":[{"embeddable":true,"href":"https:\/\/www.metalwireforms.com\/es\/wp-json\/wp\/v2\/users\/1"}],"replies":[{"embeddable":true,"href":"https:\/\/www.metalwireforms.com\/es\/wp-json\/wp\/v2\/comments?post=904"}],"version-history":[{"count":22,"href":"https:\/\/www.metalwireforms.com\/es\/wp-json\/wp\/v2\/pages\/904\/revisions"}],"predecessor-version":[{"id":1516,"href":"https:\/\/www.metalwireforms.com\/es\/wp-json\/wp\/v2\/pages\/904\/revisions\/1516"}],"wp:attachment":[{"href":"https:\/\/www.metalwireforms.com\/es\/wp-json\/wp\/v2\/media?parent=904"}],"curies":[{"name":"wp","href":"https:\/\/api.w.org\/{rel}","templated":true}]}}