{"id":2665,"date":"2024-06-17T05:52:25","date_gmt":"2024-06-17T05:52:25","guid":{"rendered":"https:\/\/www.metalwireforms.com\/?post_type=product&#038;p=2665"},"modified":"2024-06-17T06:01:48","modified_gmt":"2024-06-17T06:01:48","slug":"custom-creative-metal-paper-clip-box-set-for-office-school","status":"publish","type":"product","link":"https:\/\/www.metalwireforms.com\/de\/produkt\/custom-creative-metal-paper-clip-box-set-for-office-school","title":{"rendered":"Benutzerdefinierte kreative Metall B\u00fcroklammer Box Set f\u00fcr B\u00fcro Schule"},"content":{"rendered":"<p><img fetchpriority=\"high\" decoding=\"async\" class=\"alignnone size-full wp-image-2663\" src=\"https:\/\/www.metalwireforms.com\/wp-content\/uploads\/2024\/06\/\u4e94\u91d17.jpg\" alt=\"\" width=\"1500\" height=\"1500\" srcset=\"https:\/\/www.metalwireforms.com\/wp-content\/uploads\/2024\/06\/\u4e94\u91d17.jpg 1500w, https:\/\/www.metalwireforms.com\/wp-content\/uploads\/2024\/06\/\u4e94\u91d17-300x300.jpg 300w, https:\/\/www.metalwireforms.com\/wp-content\/uploads\/2024\/06\/\u4e94\u91d17-1024x1024.jpg 1024w, https:\/\/www.metalwireforms.com\/wp-content\/uploads\/2024\/06\/\u4e94\u91d17-150x150.jpg 150w, https:\/\/www.metalwireforms.com\/wp-content\/uploads\/2024\/06\/\u4e94\u91d17-768x768.jpg 768w, https:\/\/www.metalwireforms.com\/wp-content\/uploads\/2024\/06\/\u4e94\u91d17-12x12.jpg 12w, https:\/\/www.metalwireforms.com\/wp-content\/uploads\/2024\/06\/\u4e94\u91d17-600x600.jpg 600w, https:\/\/www.metalwireforms.com\/wp-content\/uploads\/2024\/06\/\u4e94\u91d17-100x100.jpg 100w\" sizes=\"(max-width: 1500px) 100vw, 1500px\" \/><img decoding=\"async\" class=\"size-full wp-image-2212\" src=\"https:\/\/www.metalwireforms.com\/wp-content\/uploads\/2022\/08\/Christmas-paper-clip-5.jpg\" alt=\"Weihnachts-B\u00fcroklammer (5)\" width=\"1000\" height=\"563\" srcset=\"https:\/\/www.metalwireforms.com\/wp-content\/uploads\/2022\/08\/Christmas-paper-clip-5.jpg 1000w, https:\/\/www.metalwireforms.com\/wp-content\/uploads\/2022\/08\/Christmas-paper-clip-5-300x169.jpg 300w, https:\/\/www.metalwireforms.com\/wp-content\/uploads\/2022\/08\/Christmas-paper-clip-5-150x84.jpg 150w, https:\/\/www.metalwireforms.com\/wp-content\/uploads\/2022\/08\/Christmas-paper-clip-5-768x432.jpg 768w, https:\/\/www.metalwireforms.com\/wp-content\/uploads\/2022\/08\/Christmas-paper-clip-5-18x10.jpg 18w, https:\/\/www.metalwireforms.com\/wp-content\/uploads\/2022\/08\/Christmas-paper-clip-5-800x450.jpg 800w, https:\/\/www.metalwireforms.com\/wp-content\/uploads\/2022\/08\/Christmas-paper-clip-5-600x338.jpg 600w\" sizes=\"(max-width: 1000px) 100vw, 1000px\" \/><\/p>\n<h3>Benutzerdefiniert<\/h3>\n<p>1. Kunden bieten Zeichnungen oder Bilder von benutzerdefinierten B\u00fcroklammern, um die Bed\u00fcrfnisse zu veranschaulichen, und wir k\u00f6nnen auch Design-Zeichnungen bieten.<span data-spm-anchor-id=\"a2700.details.0.i50.29848da6U6gQMa\">Hochwertige Materialien: Diese palmenf\u00f6rmigen B\u00fcroklammern sind niedlich, exquisit und langlebig. Sie sind nicht leicht zu rosten und zu brechen, und kann f\u00fcr eine lange Zeit verwendet werden. Nicht leicht zu verblassen, einfaches Design, aber sehr nett, stark genug, um Papier gut zu klammern.<\/span><br \/>\n2. Wenn die Design-Zeichnung der benutzerdefinierten B\u00fcroklammer kein Problem ist, wenn es eine gro\u00dfe Bestellung ist, zahlt der Kunde die Probe Geb\u00fchr, wir machen die Probe und senden es an den Kunden.<br \/>\n3. Nachdem die Proben der benutzerdefinierten B\u00fcroklammern best\u00e4tigt sind, unterzeichnen wir einen Massenproduktionsvertrag mit dem Kunden, und unser Unternehmen wird die Massenproduktion arrangieren, nachdem der Kunde die Anzahlung zahlt.<br \/>\n4. Nach der Massenproduktion von benutzerdefinierten B\u00fcroklammern abgeschlossen ist, nehmen Sie Fotos oder senden Sie Proben der Masse an den Kunden zur Best\u00e4tigung, oder der Kunde kann die Waren pers\u00f6nlich zu inspizieren.<br \/>\n5. Nach der Zahlung des Restbetrags, wird unser Unternehmen Lieferung arrangieren.Kann cusomized das Design der B\u00fcroklammer ist wie eine sch\u00f6ne Palme. Sie besteht aus einfachen Stahldr\u00e4hten. Es wird interessanter sein, Papierkram mit ihnen zu tun.<\/p>\n<div><\/div>\n<div><\/div>\n<h3>Anmeldung<\/h3>\n<p>1. individuell geformte B\u00fcroklammern Planer B\u00fcroklammer oder B\u00fcro Schule und pers\u00f6nlichen Gebrauch Lesezeichen2Verwenden Sie kreative B\u00fcroklammern als kleine Geschenke, und senden Sie eine Box von kreativen B\u00fcroklammern zwischen Kollegen oder Klassenkameraden zur richtigen Zeit, die sehr kreativ ist.<br \/>\n3. Verwenden Sie kreative B\u00fcroklammern als Lesezeichen, und verwenden Sie verschiedene kreative Formen, um Ihre Lesestimmung anzupassen.<br \/>\n4. Verwenden Sie kreative B\u00fcroklammern als DIY-Zubeh\u00f6r, und befestigen Sie eine kreative B\u00fcroklammer an Ihrem pers\u00f6nlichen DIY-Werk, um es einzigartig zu machen.<br \/>\n5. Verwenden Sie die kreative B\u00fcroklammer als Gru\u00dfkartendekoration. Stecken Sie eine kreative B\u00fcroklammer auf Ihre Gru\u00dfkarte, und Ihre Gru\u00dfkarte wird einzigartig sein.<br \/>\n6. Verwenden Sie kreative B\u00fcroklammern als B\u00fcromaterial, nutzen Sie sie in B\u00fcrosituationen, versch\u00f6nern Sie Ihre Dokumente und machen Sie die Menschen erfrischend.<br \/>\n7. Verwenden Sie kreative B\u00fcroklammern als Werbeartikel, Firmenwerbung, Souvenirs f\u00fcr Touristen usw.<\/p>","protected":false},"excerpt":{"rendered":"<p>Die B\u00fcroklammer wird durch unsere B\u00fcroklammer Biegemaschine realisiert, es besteht aus ist aus galvanisiertem Stahldraht Material, individuell geformte B\u00fcroklammern Planer B\u00fcroklammer oder B\u00fcro Schule und pers\u00f6nlichen Gebrauch Lesezeichen, die langlebig ist, hell in der Farbe, einfach und elegant in der Form, und stark in Praktikabilit\u00e4t. Kreative benutzerdefinierte B\u00fcroklammern k\u00f6nnen in verschiedenen Szenarien wie Daten Klassifizierung, B\u00fcro-Management, Dokumentenklassifizierung, etc. verwendet werden, so dass Ihr B\u00fcro oder Studie effizienter und bunt.<\/p>","protected":false},"featured_media":2208,"template":"","meta":{"ocean_post_layout":"","ocean_both_sidebars_style":"","ocean_both_sidebars_content_width":0,"ocean_both_sidebars_sidebars_width":0,"ocean_sidebar":"0","ocean_second_sidebar":"0","ocean_disable_margins":"enable","ocean_add_body_class":"","ocean_shortcode_before_top_bar":"","ocean_shortcode_after_top_bar":"","ocean_shortcode_before_header":"","ocean_shortcode_after_header":"","ocean_has_shortcode":"","ocean_shortcode_after_title":"","ocean_shortcode_before_footer_widgets":"","ocean_shortcode_after_footer_widgets":"","ocean_shortcode_before_footer_bottom":"","ocean_shortcode_after_footer_bottom":"","ocean_display_top_bar":"default","ocean_display_header":"default","ocean_header_style":"","ocean_center_header_left_menu":"0","ocean_custom_header_template":"0","ocean_custom_logo":0,"ocean_custom_retina_logo":0,"ocean_custom_logo_max_width":0,"ocean_custom_logo_tablet_max_width":0,"ocean_custom_logo_mobile_max_width":0,"ocean_custom_logo_max_height":0,"ocean_custom_logo_tablet_max_height":0,"ocean_custom_logo_mobile_max_height":0,"ocean_header_custom_menu":"0","ocean_menu_typo_font_family":"0","ocean_menu_typo_font_subset":"","ocean_menu_typo_font_size":0,"ocean_menu_typo_font_size_tablet":0,"ocean_menu_typo_font_size_mobile":0,"ocean_menu_typo_font_size_unit":"px","ocean_menu_typo_font_weight":"","ocean_menu_typo_font_weight_tablet":"","ocean_menu_typo_font_weight_mobile":"","ocean_menu_typo_transform":"","ocean_menu_typo_transform_tablet":"","ocean_menu_typo_transform_mobile":"","ocean_menu_typo_line_height":0,"ocean_menu_typo_line_height_tablet":0,"ocean_menu_typo_line_height_mobile":0,"ocean_menu_typo_line_height_unit":"","ocean_menu_typo_spacing":0,"ocean_menu_typo_spacing_tablet":0,"ocean_menu_typo_spacing_mobile":0,"ocean_menu_typo_spacing_unit":"","ocean_menu_link_color":"","ocean_menu_link_color_hover":"","ocean_menu_link_color_active":"","ocean_menu_link_background":"","ocean_menu_link_hover_background":"","ocean_menu_link_active_background":"","ocean_menu_social_links_bg":"","ocean_menu_social_hover_links_bg":"","ocean_menu_social_links_color":"","ocean_menu_social_hover_links_color":"","ocean_disable_title":"default","ocean_disable_heading":"default","ocean_post_title":"","ocean_post_subheading":"","ocean_post_title_style":"","ocean_post_title_background_color":"","ocean_post_title_background":0,"ocean_post_title_bg_image_position":"","ocean_post_title_bg_image_attachment":"","ocean_post_title_bg_image_repeat":"","ocean_post_title_bg_image_size":"","ocean_post_title_height":0,"ocean_post_title_bg_overlay":0.5,"ocean_post_title_bg_overlay_color":"","ocean_disable_breadcrumbs":"default","ocean_breadcrumbs_color":"","ocean_breadcrumbs_separator_color":"","ocean_breadcrumbs_links_color":"","ocean_breadcrumbs_links_hover_color":"","ocean_display_footer_widgets":"default","ocean_display_footer_bottom":"default","ocean_custom_footer_template":"0","ofc_meta_disable_footer_callout":"","ofc_meta_callout_button_url":"","ofc_meta_callout_button_txt":"","ofc_meta_callout_text":"","osh_disable_topbar_sticky":"default","osh_disable_header_sticky":"default","osh_sticky_header_style":"default","osh_sticky_header_effect":"","osh_custom_sticky_logo":0,"osh_custom_retina_sticky_logo":0,"osh_custom_sticky_logo_height":0,"osh_background_color":"","osh_links_color":"","osh_links_hover_color":"","osh_links_active_color":"","osh_links_bg_color":"","osh_links_hover_bg_color":"","osh_links_active_bg_color":"","osh_menu_social_links_color":"","osh_menu_social_hover_links_color":""},"product_brand":[],"product_cat":[145,152],"product_tag":[183,184,177],"class_list":{"0":"post-2665","1":"product","2":"type-product","3":"status-publish","4":"has-post-thumbnail","6":"product_cat-custom-wire-fasteners","7":"product_cat-custom-paper-clips","8":"product_tag-christmas-paper-clip","9":"product_tag-creative-paper-clip","10":"product_tag-custom-paper-clip","12":"entry","13":"has-media","15":"first","16":"instock","17":"shipping-taxable","18":"product-type-external","19":"col","20":"span_1_of_3","21":"owp-content-center","22":"owp-thumbs-layout-horizontal","23":"owp-btn-very-big","24":"owp-tabs-layout-horizontal","25":"circle-sale"},"_links":{"self":[{"href":"https:\/\/www.metalwireforms.com\/de\/wp-json\/wp\/v2\/product\/2665","targetHints":{"allow":["GET"]}}],"collection":[{"href":"https:\/\/www.metalwireforms.com\/de\/wp-json\/wp\/v2\/product"}],"about":[{"href":"https:\/\/www.metalwireforms.com\/de\/wp-json\/wp\/v2\/types\/product"}],"version-history":[{"count":1,"href":"https:\/\/www.metalwireforms.com\/de\/wp-json\/wp\/v2\/product\/2665\/revisions"}],"predecessor-version":[{"id":2666,"href":"https:\/\/www.metalwireforms.com\/de\/wp-json\/wp\/v2\/product\/2665\/revisions\/2666"}],"wp:featuredmedia":[{"embeddable":true,"href":"https:\/\/www.metalwireforms.com\/de\/wp-json\/wp\/v2\/media\/2208"}],"wp:attachment":[{"href":"https:\/\/www.metalwireforms.com\/de\/wp-json\/wp\/v2\/media?parent=2665"}],"wp:term":[{"taxonomy":"product_brand","embeddable":true,"href":"https:\/\/www.metalwireforms.com\/de\/wp-json\/wp\/v2\/product_brand?post=2665"},{"taxonomy":"product_cat","embeddable":true,"href":"https:\/\/www.metalwireforms.com\/de\/wp-json\/wp\/v2\/product_cat?post=2665"},{"taxonomy":"product_tag","embeddable":true,"href":"https:\/\/www.metalwireforms.com\/de\/wp-json\/wp\/v2\/product_tag?post=2665"}],"curies":[{"name":"wp","href":"https:\/\/api.w.org\/{rel}","templated":true}]}}