{"id":2526,"date":"2022-12-12T08:32:45","date_gmt":"2022-12-12T08:32:45","guid":{"rendered":"https:\/\/www.metalwireforms.com\/?post_type=product&#038;p=2526"},"modified":"2022-12-12T08:45:21","modified_gmt":"2022-12-12T08:45:21","slug":"customized-stainless-pipe-clamp-with-cost-performance","status":"publish","type":"product","link":"https:\/\/www.metalwireforms.com\/de\/produkt\/customized-stainless-pipe-clamp-with-cost-performance","title":{"rendered":"Kundenspezifische rostfreie Rohrschelle mit kosteng\u00fcnstiger Leistung"},"content":{"rendered":"<figure id=\"attachment_2459\" aria-describedby=\"caption-attachment-2459\" style=\"width: 1000px\" class=\"wp-caption alignnone\"><img fetchpriority=\"high\" decoding=\"async\" class=\"size-full wp-image-2459\" src=\"https:\/\/www.metalwireforms.com\/wp-content\/uploads\/2022\/10\/Customized-pipe-clamp-5.jpg\" alt=\"Kundenspezifische Rohrschelle (5)\" width=\"1000\" height=\"563\" srcset=\"https:\/\/www.metalwireforms.com\/wp-content\/uploads\/2022\/10\/Customized-pipe-clamp-5.jpg 1000w, https:\/\/www.metalwireforms.com\/wp-content\/uploads\/2022\/10\/Customized-pipe-clamp-5-300x169.jpg 300w, https:\/\/www.metalwireforms.com\/wp-content\/uploads\/2022\/10\/Customized-pipe-clamp-5-150x84.jpg 150w, https:\/\/www.metalwireforms.com\/wp-content\/uploads\/2022\/10\/Customized-pipe-clamp-5-768x432.jpg 768w, https:\/\/www.metalwireforms.com\/wp-content\/uploads\/2022\/10\/Customized-pipe-clamp-5-18x10.jpg 18w, https:\/\/www.metalwireforms.com\/wp-content\/uploads\/2022\/10\/Customized-pipe-clamp-5-800x450.jpg 800w, https:\/\/www.metalwireforms.com\/wp-content\/uploads\/2022\/10\/Customized-pipe-clamp-5-600x338.jpg 600w\" sizes=\"(max-width: 1000px) 100vw, 1000px\" \/><figcaption id=\"caption-attachment-2459\" class=\"wp-caption-text\">Kundenspezifische Rohrschelle (5)<\/figcaption><\/figure>\n<h3>Merkmal<\/h3>\n<p>1. Die W\u00e4rmeleitf\u00e4higkeit des Rohrschellenmaterials ist gering.<br \/>\n2. Die Rohrschelle kann niedrige Temperatur unter - 163 \u2103 widerstehen, und seine Eigenschaften sind unter hoher Temperatur stabil.<br \/>\n3. Der Clip hat eine hohe Druckfestigkeit und Biegefestigkeit.<br \/>\n4. Die Oberfl\u00e4che der Rohrschelle ist glatt und hell, die Kraft ist gleichm\u00e4\u00dfig, und der Draht ist nicht rutschig.<br \/>\n5. Die Oberfl\u00e4chenbeschichtung des Clips ist aus hervorragendem Harz, mit guter Festigkeit und Z\u00e4higkeit, und kein potenzielles Sicherheitsrisiko.<br \/>\n6. Die Produkte werden unter hohem Druck mit verschiedenen Dicken und Schichten geformt, die den Anforderungen der verschiedenen K\u00e4lteisolierungstemperaturen entsprechen.<br \/>\n7. Jede Komponente der Rohrschelle ist solide und praktisch, mit starker Tragf\u00e4higkeit, und die integrale Formstruktur ist stabiler und sicherer.<br \/>\n8. Die Installation vor Ort ist schnell, einfach und sicher, ohne \u00c4nderung der Rohrleitung.<br \/>\n9. Eine Vielzahl von Spezifikationen sind f\u00fcr die Auswahl der technischen und wirtschaftlichen Bed\u00fcrfnisse auf allen Ebenen konzipiert.<\/p>\n<h3>Anmeldung<\/h3>\n<p>Das Unternehmen ist auf die Bearbeitung und das Stanzen von verschiedenen Metallen spezialisiert. Das Unternehmen besch\u00e4ftigt professionelles Managementpersonal und technische Teams, um die Bed\u00fcrfnisse der Kunden mit professionellen und diversifizierten Produkten zu erf\u00fcllen, und hat sich dank seiner starken Logistikkapazit\u00e4ten in der Region zu einem Lieferanten vieler gro\u00dfer Unternehmen entwickelt.<br \/>\nBei den Verbindungselementen stellen wir haupts\u00e4chlich verschiedene Standard- und Nicht-Standard-Verbindungselemente her, darunter Rohrschellen, Rohrschellen, Rohrhalterungen, Rohrschnallen, U-f\u00f6rmige Rohrschellen, Reitschellen, usw. Gleichzeitig stellen wir auch den R-Splint, den B-Splint, den geschlossenen Stift, den Wellenstift und andere aus Rundstahldraht geformte Federstifte her.<\/p>","protected":false},"excerpt":{"rendered":"<p>Im Allgemeinen sind die Materialien f\u00fcr Rohrschellen haupts\u00e4chlich rostfreier Stahl und verzinkter Kohlenstoffstahl, aber wir nehmen haupts\u00e4chlich kundenspezifische Rohrschellen in gro\u00dfen Mengen an. Die Gr\u00f6\u00dfe, das Material und die Oberfl\u00e4chenbehandlung der Schellen werden je nach den Bed\u00fcrfnissen des Kunden festgelegt. Die maximale Produktionsmenge kann 10 Millionen St\u00fcck pro Jahr erreichen.<\/p>","protected":false},"featured_media":2527,"template":"","meta":{"ocean_post_layout":"","ocean_both_sidebars_style":"","ocean_both_sidebars_content_width":0,"ocean_both_sidebars_sidebars_width":0,"ocean_sidebar":"0","ocean_second_sidebar":"0","ocean_disable_margins":"enable","ocean_add_body_class":"","ocean_shortcode_before_top_bar":"","ocean_shortcode_after_top_bar":"","ocean_shortcode_before_header":"","ocean_shortcode_after_header":"","ocean_has_shortcode":"","ocean_shortcode_after_title":"","ocean_shortcode_before_footer_widgets":"","ocean_shortcode_after_footer_widgets":"","ocean_shortcode_before_footer_bottom":"","ocean_shortcode_after_footer_bottom":"","ocean_display_top_bar":"default","ocean_display_header":"default","ocean_header_style":"","ocean_center_header_left_menu":"0","ocean_custom_header_template":"0","ocean_custom_logo":0,"ocean_custom_retina_logo":0,"ocean_custom_logo_max_width":0,"ocean_custom_logo_tablet_max_width":0,"ocean_custom_logo_mobile_max_width":0,"ocean_custom_logo_max_height":0,"ocean_custom_logo_tablet_max_height":0,"ocean_custom_logo_mobile_max_height":0,"ocean_header_custom_menu":"0","ocean_menu_typo_font_family":"0","ocean_menu_typo_font_subset":"","ocean_menu_typo_font_size":0,"ocean_menu_typo_font_size_tablet":0,"ocean_menu_typo_font_size_mobile":0,"ocean_menu_typo_font_size_unit":"px","ocean_menu_typo_font_weight":"","ocean_menu_typo_font_weight_tablet":"","ocean_menu_typo_font_weight_mobile":"","ocean_menu_typo_transform":"","ocean_menu_typo_transform_tablet":"","ocean_menu_typo_transform_mobile":"","ocean_menu_typo_line_height":0,"ocean_menu_typo_line_height_tablet":0,"ocean_menu_typo_line_height_mobile":0,"ocean_menu_typo_line_height_unit":"","ocean_menu_typo_spacing":0,"ocean_menu_typo_spacing_tablet":0,"ocean_menu_typo_spacing_mobile":0,"ocean_menu_typo_spacing_unit":"","ocean_menu_link_color":"","ocean_menu_link_color_hover":"","ocean_menu_link_color_active":"","ocean_menu_link_background":"","ocean_menu_link_hover_background":"","ocean_menu_link_active_background":"","ocean_menu_social_links_bg":"","ocean_menu_social_hover_links_bg":"","ocean_menu_social_links_color":"","ocean_menu_social_hover_links_color":"","ocean_disable_title":"default","ocean_disable_heading":"default","ocean_post_title":"","ocean_post_subheading":"","ocean_post_title_style":"","ocean_post_title_background_color":"","ocean_post_title_background":0,"ocean_post_title_bg_image_position":"","ocean_post_title_bg_image_attachment":"","ocean_post_title_bg_image_repeat":"","ocean_post_title_bg_image_size":"","ocean_post_title_height":0,"ocean_post_title_bg_overlay":0.5,"ocean_post_title_bg_overlay_color":"","ocean_disable_breadcrumbs":"default","ocean_breadcrumbs_color":"","ocean_breadcrumbs_separator_color":"","ocean_breadcrumbs_links_color":"","ocean_breadcrumbs_links_hover_color":"","ocean_display_footer_widgets":"default","ocean_display_footer_bottom":"default","ocean_custom_footer_template":"0","ofc_meta_disable_footer_callout":"","ofc_meta_callout_button_url":"","ofc_meta_callout_button_txt":"","ofc_meta_callout_text":"","osh_disable_topbar_sticky":"default","osh_disable_header_sticky":"default","osh_sticky_header_style":"default","osh_sticky_header_effect":"","osh_custom_sticky_logo":0,"osh_custom_retina_sticky_logo":0,"osh_custom_sticky_logo_height":0,"osh_background_color":"","osh_links_color":"","osh_links_hover_color":"","osh_links_active_color":"","osh_links_bg_color":"","osh_links_hover_bg_color":"","osh_links_active_bg_color":"","osh_menu_social_links_color":"","osh_menu_social_hover_links_color":""},"product_brand":[],"product_cat":[145,34],"product_tag":[205,204,185],"class_list":{"0":"post-2526","1":"product","2":"type-product","3":"status-publish","4":"has-post-thumbnail","6":"product_cat-custom-wire-fasteners","7":"product_cat-custom-other-clips","8":"product_tag-custom-clamp","9":"product_tag-custom-clip","10":"product_tag-custom-pipe-clamps","12":"entry","13":"has-media","15":"first","16":"instock","17":"shipping-taxable","18":"product-type-external","19":"col","20":"span_1_of_3","21":"owp-content-center","22":"owp-thumbs-layout-horizontal","23":"owp-btn-very-big","24":"owp-tabs-layout-horizontal","25":"circle-sale"},"_links":{"self":[{"href":"https:\/\/www.metalwireforms.com\/de\/wp-json\/wp\/v2\/product\/2526","targetHints":{"allow":["GET"]}}],"collection":[{"href":"https:\/\/www.metalwireforms.com\/de\/wp-json\/wp\/v2\/product"}],"about":[{"href":"https:\/\/www.metalwireforms.com\/de\/wp-json\/wp\/v2\/types\/product"}],"version-history":[{"count":1,"href":"https:\/\/www.metalwireforms.com\/de\/wp-json\/wp\/v2\/product\/2526\/revisions"}],"predecessor-version":[{"id":2532,"href":"https:\/\/www.metalwireforms.com\/de\/wp-json\/wp\/v2\/product\/2526\/revisions\/2532"}],"wp:featuredmedia":[{"embeddable":true,"href":"https:\/\/www.metalwireforms.com\/de\/wp-json\/wp\/v2\/media\/2527"}],"wp:attachment":[{"href":"https:\/\/www.metalwireforms.com\/de\/wp-json\/wp\/v2\/media?parent=2526"}],"wp:term":[{"taxonomy":"product_brand","embeddable":true,"href":"https:\/\/www.metalwireforms.com\/de\/wp-json\/wp\/v2\/product_brand?post=2526"},{"taxonomy":"product_cat","embeddable":true,"href":"https:\/\/www.metalwireforms.com\/de\/wp-json\/wp\/v2\/product_cat?post=2526"},{"taxonomy":"product_tag","embeddable":true,"href":"https:\/\/www.metalwireforms.com\/de\/wp-json\/wp\/v2\/product_tag?post=2526"}],"curies":[{"name":"wp","href":"https:\/\/api.w.org\/{rel}","templated":true}]}}