{"id":2518,"date":"2022-12-07T09:10:13","date_gmt":"2022-12-07T09:10:13","guid":{"rendered":"https:\/\/www.metalwireforms.com\/?post_type=product&#038;p=2518"},"modified":"2022-12-07T09:14:22","modified_gmt":"2022-12-07T09:14:22","slug":"custom-services-steel-wire-forming-mobile-phone-holder","status":"publish","type":"product","link":"https:\/\/www.metalwireforms.com\/de\/produkt\/custom-services-steel-wire-forming-mobile-phone-holder","title":{"rendered":"Kundenspezifische Dienstleistungen Stahldrahtumformung Handyhalter"},"content":{"rendered":"<figure id=\"attachment_2523\" aria-describedby=\"caption-attachment-2523\" style=\"width: 1000px\" class=\"wp-caption alignnone\"><img fetchpriority=\"high\" decoding=\"async\" class=\"size-full wp-image-2523\" src=\"https:\/\/www.metalwireforms.com\/wp-content\/uploads\/2022\/12\/steel-wire-bracket-7.jpg\" alt=\"Stahldrahtb\u00fcgel (7)\" width=\"1000\" height=\"563\" srcset=\"https:\/\/www.metalwireforms.com\/wp-content\/uploads\/2022\/12\/steel-wire-bracket-7.jpg 1000w, https:\/\/www.metalwireforms.com\/wp-content\/uploads\/2022\/12\/steel-wire-bracket-7-300x169.jpg 300w, https:\/\/www.metalwireforms.com\/wp-content\/uploads\/2022\/12\/steel-wire-bracket-7-150x84.jpg 150w, https:\/\/www.metalwireforms.com\/wp-content\/uploads\/2022\/12\/steel-wire-bracket-7-768x432.jpg 768w, https:\/\/www.metalwireforms.com\/wp-content\/uploads\/2022\/12\/steel-wire-bracket-7-18x10.jpg 18w, https:\/\/www.metalwireforms.com\/wp-content\/uploads\/2022\/12\/steel-wire-bracket-7-800x450.jpg 800w, https:\/\/www.metalwireforms.com\/wp-content\/uploads\/2022\/12\/steel-wire-bracket-7-600x338.jpg 600w\" sizes=\"(max-width: 1000px) 100vw, 1000px\" \/><figcaption id=\"caption-attachment-2523\" class=\"wp-caption-text\">Stahldrahtb\u00fcgel (7)<\/figcaption><\/figure>\n<h3>Merkmal<\/h3>\n<p>Unsere CNC-Metalldrahtbiegemaschine ist auf die Herstellung verschiedener zweidimensionaler und dreidimensionaler Metallbiegeteile spezialisiert und zeichnet sich durch hohe Maschinenpr\u00e4zision und stabile Produktion aus. Es nimmt japanischen Markenservomotor und hochwertiges Steuersystem an. Die Bedienung ist bequem und schnell.<\/p>\n<h3>Maschine<\/h3>\n<p>1. W\u00e4hrend der Verarbeitung kann die interne Torsion der Maschine nicht angehoben oder abgesenkt werden, w\u00e4hrend die externe Torsion separat nach links und rechts zur Verarbeitung angehoben oder abgesenkt werden kann. Der Walzdraht kann nicht aus dem Biegeschlitz herausgezogen werden, und die interne Torsion kann als doppellagiger Biegeschlitz oder als Biegenagel verwendet werden, was schneller und stabiler ist.<br \/>\n2. Der Drallkopf kann insgesamt von links nach rechts versetzt werden. Die interne Torsion kann exzentrisch verarbeitet werden, und die Torsionsfeder kann verarbeitet werden. Es k\u00f6nnen mehr und flexiblere R-Winkel verwendet werden.<br \/>\n3. Das Messer kann sich vorw\u00e4rts und r\u00fcckw\u00e4rts bewegen. Das Messer kann sich vor und zur\u00fcck bewegen, so dass es bei der Verarbeitung kurzer Produkte schneller und stabiler ist. Bei der Verarbeitung von langen Produkten, hat es mehr Platz, um nach hinten zur\u00fcckzuziehen, so dass die Produkte nicht ber\u00fchren das Messer<br \/>\n4. 3-4 Paare von Drahtvorschub werden verwendet, und der Drahtvorschubmotor ist auf der unteren Basis befestigt, um das Gewicht des Drahtvorschubkastens zu reduzieren, so dass der Draht schneller und leichter rotiert und der Winkel genauer und stabiler ist.<\/p>","protected":false},"excerpt":{"rendered":"<p>Die von unserer Fabrik hergestellten Drahtformungsprodukte finden breite Anwendung in der Automobilindustrie, im Maschinenbau, in der K\u00e4ltetechnik, in Schiffen, in Lokomotiven, in der Luft- und Raumfahrt, in der Sprachsteuerung, in der Beleuchtung, in der Kommunikation, in Geschenkartikeln, in der Elektronik, im Spielzeug, im Haushalt, in der Sicherheit, in der Fischerei, im Schmuck, in der Fotoelektronik, in elektrischen Ger\u00e4ten, in der Instrumentierung, in der milit\u00e4rischen Forschung und in anderen Bereichen.<\/p>","protected":false},"featured_media":2519,"template":"","meta":{"ocean_post_layout":"","ocean_both_sidebars_style":"","ocean_both_sidebars_content_width":0,"ocean_both_sidebars_sidebars_width":0,"ocean_sidebar":"0","ocean_second_sidebar":"0","ocean_disable_margins":"enable","ocean_add_body_class":"","ocean_shortcode_before_top_bar":"","ocean_shortcode_after_top_bar":"","ocean_shortcode_before_header":"","ocean_shortcode_after_header":"","ocean_has_shortcode":"","ocean_shortcode_after_title":"","ocean_shortcode_before_footer_widgets":"","ocean_shortcode_after_footer_widgets":"","ocean_shortcode_before_footer_bottom":"","ocean_shortcode_after_footer_bottom":"","ocean_display_top_bar":"default","ocean_display_header":"default","ocean_header_style":"","ocean_center_header_left_menu":"0","ocean_custom_header_template":"0","ocean_custom_logo":0,"ocean_custom_retina_logo":0,"ocean_custom_logo_max_width":0,"ocean_custom_logo_tablet_max_width":0,"ocean_custom_logo_mobile_max_width":0,"ocean_custom_logo_max_height":0,"ocean_custom_logo_tablet_max_height":0,"ocean_custom_logo_mobile_max_height":0,"ocean_header_custom_menu":"0","ocean_menu_typo_font_family":"0","ocean_menu_typo_font_subset":"","ocean_menu_typo_font_size":0,"ocean_menu_typo_font_size_tablet":0,"ocean_menu_typo_font_size_mobile":0,"ocean_menu_typo_font_size_unit":"px","ocean_menu_typo_font_weight":"","ocean_menu_typo_font_weight_tablet":"","ocean_menu_typo_font_weight_mobile":"","ocean_menu_typo_transform":"","ocean_menu_typo_transform_tablet":"","ocean_menu_typo_transform_mobile":"","ocean_menu_typo_line_height":0,"ocean_menu_typo_line_height_tablet":0,"ocean_menu_typo_line_height_mobile":0,"ocean_menu_typo_line_height_unit":"","ocean_menu_typo_spacing":0,"ocean_menu_typo_spacing_tablet":0,"ocean_menu_typo_spacing_mobile":0,"ocean_menu_typo_spacing_unit":"","ocean_menu_link_color":"","ocean_menu_link_color_hover":"","ocean_menu_link_color_active":"","ocean_menu_link_background":"","ocean_menu_link_hover_background":"","ocean_menu_link_active_background":"","ocean_menu_social_links_bg":"","ocean_menu_social_hover_links_bg":"","ocean_menu_social_links_color":"","ocean_menu_social_hover_links_color":"","ocean_disable_title":"default","ocean_disable_heading":"default","ocean_post_title":"","ocean_post_subheading":"","ocean_post_title_style":"","ocean_post_title_background_color":"","ocean_post_title_background":0,"ocean_post_title_bg_image_position":"","ocean_post_title_bg_image_attachment":"","ocean_post_title_bg_image_repeat":"","ocean_post_title_bg_image_size":"","ocean_post_title_height":0,"ocean_post_title_bg_overlay":0.5,"ocean_post_title_bg_overlay_color":"","ocean_disable_breadcrumbs":"default","ocean_breadcrumbs_color":"","ocean_breadcrumbs_separator_color":"","ocean_breadcrumbs_links_color":"","ocean_breadcrumbs_links_hover_color":"","ocean_display_footer_widgets":"default","ocean_display_footer_bottom":"default","ocean_custom_footer_template":"0","ofc_meta_disable_footer_callout":"","ofc_meta_callout_button_url":"","ofc_meta_callout_button_txt":"","ofc_meta_callout_text":"","osh_disable_topbar_sticky":"default","osh_disable_header_sticky":"default","osh_sticky_header_style":"default","osh_sticky_header_effect":"","osh_custom_sticky_logo":0,"osh_custom_retina_sticky_logo":0,"osh_custom_sticky_logo_height":0,"osh_background_color":"","osh_links_color":"","osh_links_hover_color":"","osh_links_active_color":"","osh_links_bg_color":"","osh_links_hover_bg_color":"","osh_links_active_bg_color":"","osh_menu_social_links_color":"","osh_menu_social_hover_links_color":""},"product_brand":[],"product_cat":[35,147],"product_tag":[214,211,212],"class_list":{"0":"post-2518","1":"product","2":"type-product","3":"status-publish","4":"has-post-thumbnail","6":"product_cat-custom-wire-brackets","7":"product_cat-custom-wire-forms","8":"product_tag-phone-holder","9":"product_tag-wire-forming-bracket","10":"product_tag-wire-steel-bracket","12":"entry","13":"has-media","15":"first","16":"instock","17":"shipping-taxable","18":"product-type-external","19":"col","20":"span_1_of_3","21":"owp-content-center","22":"owp-thumbs-layout-horizontal","23":"owp-btn-very-big","24":"owp-tabs-layout-horizontal","25":"circle-sale"},"_links":{"self":[{"href":"https:\/\/www.metalwireforms.com\/de\/wp-json\/wp\/v2\/product\/2518","targetHints":{"allow":["GET"]}}],"collection":[{"href":"https:\/\/www.metalwireforms.com\/de\/wp-json\/wp\/v2\/product"}],"about":[{"href":"https:\/\/www.metalwireforms.com\/de\/wp-json\/wp\/v2\/types\/product"}],"version-history":[{"count":1,"href":"https:\/\/www.metalwireforms.com\/de\/wp-json\/wp\/v2\/product\/2518\/revisions"}],"predecessor-version":[{"id":2524,"href":"https:\/\/www.metalwireforms.com\/de\/wp-json\/wp\/v2\/product\/2518\/revisions\/2524"}],"wp:featuredmedia":[{"embeddable":true,"href":"https:\/\/www.metalwireforms.com\/de\/wp-json\/wp\/v2\/media\/2519"}],"wp:attachment":[{"href":"https:\/\/www.metalwireforms.com\/de\/wp-json\/wp\/v2\/media?parent=2518"}],"wp:term":[{"taxonomy":"product_brand","embeddable":true,"href":"https:\/\/www.metalwireforms.com\/de\/wp-json\/wp\/v2\/product_brand?post=2518"},{"taxonomy":"product_cat","embeddable":true,"href":"https:\/\/www.metalwireforms.com\/de\/wp-json\/wp\/v2\/product_cat?post=2518"},{"taxonomy":"product_tag","embeddable":true,"href":"https:\/\/www.metalwireforms.com\/de\/wp-json\/wp\/v2\/product_tag?post=2518"}],"curies":[{"name":"wp","href":"https:\/\/api.w.org\/{rel}","templated":true}]}}