{"id":2477,"date":"2022-11-21T08:45:15","date_gmt":"2022-11-21T08:45:15","guid":{"rendered":"https:\/\/www.metalwireforms.com\/?post_type=product&#038;p=2477"},"modified":"2022-11-21T09:03:24","modified_gmt":"2022-11-21T09:03:24","slug":"0-06-12mm-wire-diameter-steel-wire-bracket-customization","status":"publish","type":"product","link":"https:\/\/www.metalwireforms.com\/de\/produkt\/0-06-12mm-wire-diameter-steel-wire-bracket-customization","title":{"rendered":"0,06-12mm Drahtdurchmesser Stahldrahtb\u00fcgel Anpassung"},"content":{"rendered":"<figure id=\"attachment_2482\" aria-describedby=\"caption-attachment-2482\" style=\"width: 1000px\" class=\"wp-caption alignnone\"><img fetchpriority=\"high\" decoding=\"async\" class=\"size-full wp-image-2482\" src=\"https:\/\/www.metalwireforms.com\/wp-content\/uploads\/2022\/11\/Custom-Wire-Brackets-8.jpg\" alt=\"Kundenspezifische Drahtb\u00fcgel (8)\" width=\"1000\" height=\"563\" srcset=\"https:\/\/www.metalwireforms.com\/wp-content\/uploads\/2022\/11\/Custom-Wire-Brackets-8.jpg 1000w, https:\/\/www.metalwireforms.com\/wp-content\/uploads\/2022\/11\/Custom-Wire-Brackets-8-300x169.jpg 300w, https:\/\/www.metalwireforms.com\/wp-content\/uploads\/2022\/11\/Custom-Wire-Brackets-8-150x84.jpg 150w, https:\/\/www.metalwireforms.com\/wp-content\/uploads\/2022\/11\/Custom-Wire-Brackets-8-768x432.jpg 768w, https:\/\/www.metalwireforms.com\/wp-content\/uploads\/2022\/11\/Custom-Wire-Brackets-8-18x10.jpg 18w, https:\/\/www.metalwireforms.com\/wp-content\/uploads\/2022\/11\/Custom-Wire-Brackets-8-800x450.jpg 800w, https:\/\/www.metalwireforms.com\/wp-content\/uploads\/2022\/11\/Custom-Wire-Brackets-8-600x338.jpg 600w\" sizes=\"(max-width: 1000px) 100vw, 1000px\" \/><figcaption id=\"caption-attachment-2482\" class=\"wp-caption-text\">Kundenspezifische Drahtb\u00fcgel (8)<\/figcaption><\/figure>\n<h3>Merkmal<\/h3>\n<p>Spezialisiert auf die Entwicklung, Herstellung und das Biegen aller Arten von Metallfedern, speziell geformten Federn, Eisendr\u00e4hten und Stahldr\u00e4hten. Zum Beispiel Edelstahlfeder, Lampenbeleuchtungsfeder, Druckfeder, Zugfeder, Spielzeugfeder, Bastelfeder, Antennenfeder, Autofeder, Klammerfeder, elektrische Feder, Schl\u00fcsselfeder, Fernbedienungsfeder, Fahrradfeder, Federschnalle, Zugfeder, Zugfeder mit doppelter Rille.<br \/>\nEs gibt auch Drehteile, automatische Drehteile, CNC-Drehteile, Pr\u00e4zisionsdrehteile und Metallhandwerk. Hakenarten umfassen Eisenhaken, Edelstahlhaken, Gewindehaken, Fragezeichenhaken, Magnethaken, Saugnapfhaken, Gl\u00fchbirnenhaken, Heimhaken, Wandhaken, Wandhaken, Riemenhaken, Gurtbandhaken, Dreieckshaken, Kissenhaken, Doppelleinenhaken, Schiffshaken, Autohaken, etc.<\/p>\n<h3>Anmeldung<\/h3>\n<p>Die von unserer Fabrik hergestellten Hardwareprodukte finden breite Anwendung in der Automobilindustrie, im Maschinenbau, in der K\u00e4ltetechnik, in der Schifffahrt, in Lokomotiven, in der Luft- und Raumfahrt, in der Sprachsteuerung, in der Beleuchtung, in der Kommunikation, in Geschenkartikeln, in der Elektronik, im Spielzeug, im Haushalt, in der Sicherheit, in der Fischereiausr\u00fcstung, im Schmuck, in der Fotoelektronik, in elektrischen Ger\u00e4ten, in der Instrumentierung, in der milit\u00e4rischen Forschung und in anderen Bereichen.<br \/>\nWir verf\u00fcgen \u00fcber starke Produktions- und Verarbeitungskapazit\u00e4ten, Stanzmaschinen, Bearbeitungsmaschinen, Federmaschinen, Computerfedermaschinen, Drehautomaten, hydraulische Streckmaschinen usw., um den Anforderungen der verschiedenen Produktionsprozesse gerecht zu werden. Wir haben auch viele langfristige und stabile Partner in der W\u00e4rmebehandlung, Oberfl\u00e4chenbehandlung und anderen Aspekten etabliert, und die Qualit\u00e4t entspricht den internationalen nationalen Standards.<\/p>","protected":false},"excerpt":{"rendered":"<p>G\u00e4ngige Materialien: Federstahl, Manganstahl, Pianodraht, rostfreier Stahl. Ungew\u00f6hnliche Materialien: geh\u00e4rteter Stahldraht, Messingdraht, wei\u00dfer Kupferdraht, Berylliumkupferdraht, verzinnter Draht, Phosphorkupferdraht, verzinkter Draht, Flachdraht.Oberfl\u00e4chenbehandlung: wei\u00dfes Zink, blaues Zink, farbiges Zink, schwarzes Zink, schwarzes Oxid, schwarzes Nickel, Chrom, Vergoldung, Verkupferung, Elektrophorese schwarz, Malerei.<\/p>","protected":false},"featured_media":2481,"template":"","meta":{"ocean_post_layout":"","ocean_both_sidebars_style":"","ocean_both_sidebars_content_width":0,"ocean_both_sidebars_sidebars_width":0,"ocean_sidebar":"0","ocean_second_sidebar":"0","ocean_disable_margins":"enable","ocean_add_body_class":"","ocean_shortcode_before_top_bar":"","ocean_shortcode_after_top_bar":"","ocean_shortcode_before_header":"","ocean_shortcode_after_header":"","ocean_has_shortcode":"","ocean_shortcode_after_title":"","ocean_shortcode_before_footer_widgets":"","ocean_shortcode_after_footer_widgets":"","ocean_shortcode_before_footer_bottom":"","ocean_shortcode_after_footer_bottom":"","ocean_display_top_bar":"default","ocean_display_header":"default","ocean_header_style":"","ocean_center_header_left_menu":"0","ocean_custom_header_template":"0","ocean_custom_logo":0,"ocean_custom_retina_logo":0,"ocean_custom_logo_max_width":0,"ocean_custom_logo_tablet_max_width":0,"ocean_custom_logo_mobile_max_width":0,"ocean_custom_logo_max_height":0,"ocean_custom_logo_tablet_max_height":0,"ocean_custom_logo_mobile_max_height":0,"ocean_header_custom_menu":"0","ocean_menu_typo_font_family":"0","ocean_menu_typo_font_subset":"","ocean_menu_typo_font_size":0,"ocean_menu_typo_font_size_tablet":0,"ocean_menu_typo_font_size_mobile":0,"ocean_menu_typo_font_size_unit":"px","ocean_menu_typo_font_weight":"","ocean_menu_typo_font_weight_tablet":"","ocean_menu_typo_font_weight_mobile":"","ocean_menu_typo_transform":"","ocean_menu_typo_transform_tablet":"","ocean_menu_typo_transform_mobile":"","ocean_menu_typo_line_height":0,"ocean_menu_typo_line_height_tablet":0,"ocean_menu_typo_line_height_mobile":0,"ocean_menu_typo_line_height_unit":"","ocean_menu_typo_spacing":0,"ocean_menu_typo_spacing_tablet":0,"ocean_menu_typo_spacing_mobile":0,"ocean_menu_typo_spacing_unit":"","ocean_menu_link_color":"","ocean_menu_link_color_hover":"","ocean_menu_link_color_active":"","ocean_menu_link_background":"","ocean_menu_link_hover_background":"","ocean_menu_link_active_background":"","ocean_menu_social_links_bg":"","ocean_menu_social_hover_links_bg":"","ocean_menu_social_links_color":"","ocean_menu_social_hover_links_color":"","ocean_disable_title":"default","ocean_disable_heading":"default","ocean_post_title":"","ocean_post_subheading":"","ocean_post_title_style":"","ocean_post_title_background_color":"","ocean_post_title_background":0,"ocean_post_title_bg_image_position":"","ocean_post_title_bg_image_attachment":"","ocean_post_title_bg_image_repeat":"","ocean_post_title_bg_image_size":"","ocean_post_title_height":0,"ocean_post_title_bg_overlay":0.5,"ocean_post_title_bg_overlay_color":"","ocean_disable_breadcrumbs":"default","ocean_breadcrumbs_color":"","ocean_breadcrumbs_separator_color":"","ocean_breadcrumbs_links_color":"","ocean_breadcrumbs_links_hover_color":"","ocean_display_footer_widgets":"default","ocean_display_footer_bottom":"default","ocean_custom_footer_template":"0","ofc_meta_disable_footer_callout":"","ofc_meta_callout_button_url":"","ofc_meta_callout_button_txt":"","ofc_meta_callout_text":"","osh_disable_topbar_sticky":"default","osh_disable_header_sticky":"default","osh_sticky_header_style":"default","osh_sticky_header_effect":"","osh_custom_sticky_logo":0,"osh_custom_retina_sticky_logo":0,"osh_custom_sticky_logo_height":0,"osh_background_color":"","osh_links_color":"","osh_links_hover_color":"","osh_links_active_color":"","osh_links_bg_color":"","osh_links_hover_bg_color":"","osh_links_active_bg_color":"","osh_menu_social_links_color":"","osh_menu_social_hover_links_color":""},"product_brand":[],"product_cat":[147,35],"product_tag":[210,209,102],"class_list":{"0":"post-2477","1":"product","2":"type-product","3":"status-publish","4":"has-post-thumbnail","6":"product_cat-custom-wire-forms","7":"product_cat-custom-wire-brackets","8":"product_tag-steel-wire-bending","9":"product_tag-steel-wire-support","10":"product_tag-wire-forming","12":"entry","13":"has-media","15":"first","16":"instock","17":"shipping-taxable","18":"product-type-external","19":"col","20":"span_1_of_3","21":"owp-content-center","22":"owp-thumbs-layout-horizontal","23":"owp-btn-very-big","24":"owp-tabs-layout-horizontal","25":"circle-sale"},"_links":{"self":[{"href":"https:\/\/www.metalwireforms.com\/de\/wp-json\/wp\/v2\/product\/2477","targetHints":{"allow":["GET"]}}],"collection":[{"href":"https:\/\/www.metalwireforms.com\/de\/wp-json\/wp\/v2\/product"}],"about":[{"href":"https:\/\/www.metalwireforms.com\/de\/wp-json\/wp\/v2\/types\/product"}],"version-history":[{"count":1,"href":"https:\/\/www.metalwireforms.com\/de\/wp-json\/wp\/v2\/product\/2477\/revisions"}],"predecessor-version":[{"id":2483,"href":"https:\/\/www.metalwireforms.com\/de\/wp-json\/wp\/v2\/product\/2477\/revisions\/2483"}],"wp:featuredmedia":[{"embeddable":true,"href":"https:\/\/www.metalwireforms.com\/de\/wp-json\/wp\/v2\/media\/2481"}],"wp:attachment":[{"href":"https:\/\/www.metalwireforms.com\/de\/wp-json\/wp\/v2\/media?parent=2477"}],"wp:term":[{"taxonomy":"product_brand","embeddable":true,"href":"https:\/\/www.metalwireforms.com\/de\/wp-json\/wp\/v2\/product_brand?post=2477"},{"taxonomy":"product_cat","embeddable":true,"href":"https:\/\/www.metalwireforms.com\/de\/wp-json\/wp\/v2\/product_cat?post=2477"},{"taxonomy":"product_tag","embeddable":true,"href":"https:\/\/www.metalwireforms.com\/de\/wp-json\/wp\/v2\/product_tag?post=2477"}],"curies":[{"name":"wp","href":"https:\/\/api.w.org\/{rel}","templated":true}]}}