{"id":2458,"date":"2022-10-31T08:42:13","date_gmt":"2022-10-31T08:42:13","guid":{"rendered":"https:\/\/www.metalwireforms.com\/?post_type=product&#038;p=2458"},"modified":"2022-10-31T08:48:22","modified_gmt":"2022-10-31T08:48:22","slug":"customized-u-shaped-304-stainless-steel-flat-pipe-clamps","status":"publish","type":"product","link":"https:\/\/www.metalwireforms.com\/de\/produkt\/customized-u-shaped-304-stainless-steel-flat-pipe-clamps","title":{"rendered":"Kundenspezifische U-f\u00f6rmige flache Rohrschellen aus Edelstahl 304"},"content":{"rendered":"<figure id=\"attachment_2459\" aria-describedby=\"caption-attachment-2459\" style=\"width: 1000px\" class=\"wp-caption alignnone\"><img fetchpriority=\"high\" decoding=\"async\" class=\"size-full wp-image-2459\" src=\"https:\/\/www.metalwireforms.com\/wp-content\/uploads\/2022\/10\/Customized-pipe-clamp-5.jpg\" alt=\"Kundenspezifische Rohrschelle (5)\" width=\"1000\" height=\"563\" srcset=\"https:\/\/www.metalwireforms.com\/wp-content\/uploads\/2022\/10\/Customized-pipe-clamp-5.jpg 1000w, https:\/\/www.metalwireforms.com\/wp-content\/uploads\/2022\/10\/Customized-pipe-clamp-5-300x169.jpg 300w, https:\/\/www.metalwireforms.com\/wp-content\/uploads\/2022\/10\/Customized-pipe-clamp-5-150x84.jpg 150w, https:\/\/www.metalwireforms.com\/wp-content\/uploads\/2022\/10\/Customized-pipe-clamp-5-768x432.jpg 768w, https:\/\/www.metalwireforms.com\/wp-content\/uploads\/2022\/10\/Customized-pipe-clamp-5-18x10.jpg 18w, https:\/\/www.metalwireforms.com\/wp-content\/uploads\/2022\/10\/Customized-pipe-clamp-5-800x450.jpg 800w, https:\/\/www.metalwireforms.com\/wp-content\/uploads\/2022\/10\/Customized-pipe-clamp-5-600x338.jpg 600w\" sizes=\"(max-width: 1000px) 100vw, 1000px\" \/><figcaption id=\"caption-attachment-2459\" class=\"wp-caption-text\">Kundenspezifische Rohrschelle (5)<\/figcaption><\/figure>\n<h3>Merkmal<\/h3>\n<p>Rohrschellen k\u00f6nnen nach internationalen Normen, wie z. B. amerikanischen, deutschen, japanischen, britischen, franz\u00f6sischen, australischen und anderen internationalen Normen, sowie nach nicht standardisierten Kundenw\u00fcnschen hergestellt werden.<br \/>\nDie Produkte werden von unserer hydraulischen Biegemaschine in einem Arbeitsgang gestanzt und geformt, sehr glatt und gratfrei.<br \/>\nDer Innendurchmesser des Rohrs ist genau und kann auf der Grundlage der Kundenzeichnungen genau angepasst werden, um das Rohr effektiv zu installieren und zu komprimieren.<br \/>\nDie Materialien k\u00f6nnen nach Belieben ausgew\u00e4hlt werden, z. B. Kohlenstoffstahl, 201 Edelstahl, 304 Edelstahl, 316 Edelstahl, Kupfer usw. Bitte w\u00e4hlen Sie entsprechend der Produktverwendung Umwelt.<br \/>\nF\u00fcr die kundenspezifischen Rohrschellen stehen verschiedene Oberfl\u00e4chenbehandlungsverfahren zur Verf\u00fcgung, wie z. B. Galvanisieren, Lackieren, chemische Oxidation, thermisches Spritzen und andere physikalische und chemische Verfahren.<\/p>\n<h3>Anmeldung<\/h3>\n<p>Das Unternehmen ist auf die Bearbeitung und das Stanzen von verschiedenen Metallen spezialisiert. Das Unternehmen besch\u00e4ftigt professionelles Managementpersonal und technische Teams, um die Bed\u00fcrfnisse der Kunden mit professionellen und diversifizierten Produkten zu erf\u00fcllen, und hat sich dank seiner starken Logistikkapazit\u00e4ten in der Region zu einem Lieferanten vieler gro\u00dfer Unternehmen entwickelt.<br \/>\nDie Produkte des Unternehmens, vor allem flache Metallprodukte, sind weit verbreitet in der flexiblen Management-Mechanismus der Leicht-und Schwerindustrie Unternehmen wie Erd\u00f6l, chemische Industrie, Br\u00fccke, Textildruck und F\u00e4rben, mechanische Hardware, medizinische Behandlung, Dekoration, Schiffbau, usw., eine gro\u00dfe Anzahl von Fachleuten, fortschrittliche Produktionsanlagen, perfekte Qualit\u00e4tssicherung, und das Marketing-Netzwerk in der gesamten Region, die eine nachhaltige und schnelle Entwicklung Support-System. Gegenw\u00e4rtig werden unsere Metalldrahtformungsprodukte in der ganzen Welt verkauft.<\/p>","protected":false},"excerpt":{"rendered":"<p>Wir sind mit 2D- und 3D-CNC-Biegemaschinen, hydraulischen Biegemaschinen und mechanischen Biegemaschinen ausgestattet, die sich in CNC-Biegemaschinen, Federformmaschinen, Schnallenformmaschinen, Griffformmaschinen, Ringformmaschinen usw. unterteilen lassen. Und k\u00f6nnen verschiedene Metallteile mit runden Dr\u00e4hten, flachen Dr\u00e4hten, quadratischen Dr\u00e4hten und Rohren als Rohmaterial herstellen.<\/p>","protected":false},"featured_media":2460,"template":"","meta":{"ocean_post_layout":"","ocean_both_sidebars_style":"","ocean_both_sidebars_content_width":0,"ocean_both_sidebars_sidebars_width":0,"ocean_sidebar":"0","ocean_second_sidebar":"0","ocean_disable_margins":"enable","ocean_add_body_class":"","ocean_shortcode_before_top_bar":"","ocean_shortcode_after_top_bar":"","ocean_shortcode_before_header":"","ocean_shortcode_after_header":"","ocean_has_shortcode":"","ocean_shortcode_after_title":"","ocean_shortcode_before_footer_widgets":"","ocean_shortcode_after_footer_widgets":"","ocean_shortcode_before_footer_bottom":"","ocean_shortcode_after_footer_bottom":"","ocean_display_top_bar":"default","ocean_display_header":"default","ocean_header_style":"","ocean_center_header_left_menu":"0","ocean_custom_header_template":"0","ocean_custom_logo":0,"ocean_custom_retina_logo":0,"ocean_custom_logo_max_width":0,"ocean_custom_logo_tablet_max_width":0,"ocean_custom_logo_mobile_max_width":0,"ocean_custom_logo_max_height":0,"ocean_custom_logo_tablet_max_height":0,"ocean_custom_logo_mobile_max_height":0,"ocean_header_custom_menu":"0","ocean_menu_typo_font_family":"0","ocean_menu_typo_font_subset":"","ocean_menu_typo_font_size":0,"ocean_menu_typo_font_size_tablet":0,"ocean_menu_typo_font_size_mobile":0,"ocean_menu_typo_font_size_unit":"px","ocean_menu_typo_font_weight":"","ocean_menu_typo_font_weight_tablet":"","ocean_menu_typo_font_weight_mobile":"","ocean_menu_typo_transform":"","ocean_menu_typo_transform_tablet":"","ocean_menu_typo_transform_mobile":"","ocean_menu_typo_line_height":0,"ocean_menu_typo_line_height_tablet":0,"ocean_menu_typo_line_height_mobile":0,"ocean_menu_typo_line_height_unit":"","ocean_menu_typo_spacing":0,"ocean_menu_typo_spacing_tablet":0,"ocean_menu_typo_spacing_mobile":0,"ocean_menu_typo_spacing_unit":"","ocean_menu_link_color":"","ocean_menu_link_color_hover":"","ocean_menu_link_color_active":"","ocean_menu_link_background":"","ocean_menu_link_hover_background":"","ocean_menu_link_active_background":"","ocean_menu_social_links_bg":"","ocean_menu_social_hover_links_bg":"","ocean_menu_social_links_color":"","ocean_menu_social_hover_links_color":"","ocean_disable_title":"default","ocean_disable_heading":"default","ocean_post_title":"","ocean_post_subheading":"","ocean_post_title_style":"","ocean_post_title_background_color":"","ocean_post_title_background":0,"ocean_post_title_bg_image_position":"","ocean_post_title_bg_image_attachment":"","ocean_post_title_bg_image_repeat":"","ocean_post_title_bg_image_size":"","ocean_post_title_height":0,"ocean_post_title_bg_overlay":0.5,"ocean_post_title_bg_overlay_color":"","ocean_disable_breadcrumbs":"default","ocean_breadcrumbs_color":"","ocean_breadcrumbs_separator_color":"","ocean_breadcrumbs_links_color":"","ocean_breadcrumbs_links_hover_color":"","ocean_display_footer_widgets":"default","ocean_display_footer_bottom":"default","ocean_custom_footer_template":"0","ofc_meta_disable_footer_callout":"","ofc_meta_callout_button_url":"","ofc_meta_callout_button_txt":"","ofc_meta_callout_text":"","osh_disable_topbar_sticky":"default","osh_disable_header_sticky":"default","osh_sticky_header_style":"default","osh_sticky_header_effect":"","osh_custom_sticky_logo":0,"osh_custom_retina_sticky_logo":0,"osh_custom_sticky_logo_height":0,"osh_background_color":"","osh_links_color":"","osh_links_hover_color":"","osh_links_active_color":"","osh_links_bg_color":"","osh_links_hover_bg_color":"","osh_links_active_bg_color":"","osh_menu_social_links_color":"","osh_menu_social_hover_links_color":""},"product_brand":[],"product_cat":[145,34],"product_tag":[205,204,185],"class_list":{"0":"post-2458","1":"product","2":"type-product","3":"status-publish","4":"has-post-thumbnail","6":"product_cat-custom-wire-fasteners","7":"product_cat-custom-other-clips","8":"product_tag-custom-clamp","9":"product_tag-custom-clip","10":"product_tag-custom-pipe-clamps","12":"entry","13":"has-media","15":"first","16":"instock","17":"shipping-taxable","18":"product-type-external","19":"col","20":"span_1_of_3","21":"owp-content-center","22":"owp-thumbs-layout-horizontal","23":"owp-btn-very-big","24":"owp-tabs-layout-horizontal","25":"circle-sale"},"_links":{"self":[{"href":"https:\/\/www.metalwireforms.com\/de\/wp-json\/wp\/v2\/product\/2458","targetHints":{"allow":["GET"]}}],"collection":[{"href":"https:\/\/www.metalwireforms.com\/de\/wp-json\/wp\/v2\/product"}],"about":[{"href":"https:\/\/www.metalwireforms.com\/de\/wp-json\/wp\/v2\/types\/product"}],"version-history":[{"count":2,"href":"https:\/\/www.metalwireforms.com\/de\/wp-json\/wp\/v2\/product\/2458\/revisions"}],"predecessor-version":[{"id":2465,"href":"https:\/\/www.metalwireforms.com\/de\/wp-json\/wp\/v2\/product\/2458\/revisions\/2465"}],"wp:featuredmedia":[{"embeddable":true,"href":"https:\/\/www.metalwireforms.com\/de\/wp-json\/wp\/v2\/media\/2460"}],"wp:attachment":[{"href":"https:\/\/www.metalwireforms.com\/de\/wp-json\/wp\/v2\/media?parent=2458"}],"wp:term":[{"taxonomy":"product_brand","embeddable":true,"href":"https:\/\/www.metalwireforms.com\/de\/wp-json\/wp\/v2\/product_brand?post=2458"},{"taxonomy":"product_cat","embeddable":true,"href":"https:\/\/www.metalwireforms.com\/de\/wp-json\/wp\/v2\/product_cat?post=2458"},{"taxonomy":"product_tag","embeddable":true,"href":"https:\/\/www.metalwireforms.com\/de\/wp-json\/wp\/v2\/product_tag?post=2458"}],"curies":[{"name":"wp","href":"https:\/\/api.w.org\/{rel}","templated":true}]}}