{"id":2449,"date":"2022-10-28T09:14:24","date_gmt":"2022-10-28T09:14:24","guid":{"rendered":"https:\/\/www.metalwireforms.com\/?post_type=product&#038;p=2449"},"modified":"2022-10-28T09:20:56","modified_gmt":"2022-10-28T09:20:56","slug":"custom-gold-plated-conductive-electrical-contact-spring-clips","status":"publish","type":"product","link":"https:\/\/www.metalwireforms.com\/de\/produkt\/custom-gold-plated-conductive-electrical-contact-spring-clips","title":{"rendered":"Kundenspezifisch vergoldete leitf\u00e4hige elektrische Kontaktfederklemmen"},"content":{"rendered":"<figure id=\"attachment_2456\" aria-describedby=\"caption-attachment-2456\" style=\"width: 1000px\" class=\"wp-caption alignnone\"><img fetchpriority=\"high\" decoding=\"async\" class=\"size-full wp-image-2456\" src=\"https:\/\/www.metalwireforms.com\/wp-content\/uploads\/2022\/10\/Electrical-Contacts-4.jpg\" alt=\"Elektrische Kontakte (4)\" width=\"1000\" height=\"667\" srcset=\"https:\/\/www.metalwireforms.com\/wp-content\/uploads\/2022\/10\/Electrical-Contacts-4.jpg 1000w, https:\/\/www.metalwireforms.com\/wp-content\/uploads\/2022\/10\/Electrical-Contacts-4-300x200.jpg 300w, https:\/\/www.metalwireforms.com\/wp-content\/uploads\/2022\/10\/Electrical-Contacts-4-150x100.jpg 150w, https:\/\/www.metalwireforms.com\/wp-content\/uploads\/2022\/10\/Electrical-Contacts-4-768x512.jpg 768w, https:\/\/www.metalwireforms.com\/wp-content\/uploads\/2022\/10\/Electrical-Contacts-4-18x12.jpg 18w, https:\/\/www.metalwireforms.com\/wp-content\/uploads\/2022\/10\/Electrical-Contacts-4-600x400.jpg 600w\" sizes=\"(max-width: 1000px) 100vw, 1000px\" \/><figcaption id=\"caption-attachment-2456\" class=\"wp-caption-text\">Elektrische Kontakte (4)<\/figcaption><\/figure>\n<h3>Merkmal<\/h3>\n<p>Elektrische Kontaktst\u00fccke sind ein wichtiger Bestandteil von Elektroprodukten. Sie haben eine hohe H\u00e4rte, sind aus rostfreiem Stahl oder Kupfer und geben keine giftigen Stoffe ab. Daher sollten die Kontaktst\u00fccke elektrische Ger\u00e4te haben die Eigenschaften der starken Leitf\u00e4higkeit, hohe Elastizit\u00e4t, und nicht leicht zu korrodieren und verrostet werden.<br \/>\nElektrische Kontaktst\u00fccke, die durch Stanzen hergestellt werden, haben die Vorteile einer stabilen Gr\u00f6\u00dfe, eines geringen Gewichts, guter Steifigkeit, hoher Oberfl\u00e4chenqualit\u00e4t und Pr\u00e4zision. F\u00fcr die Fabrik ist der Produktionsprozess einfacher, leicht zu automatisieren, die Produktionseffizienz ist hoch, f\u00fcr die Massenproduktion geeignet und die Kosten sind niedriger.<br \/>\nMa\u00dfgefertigte elektrische Kontaktst\u00fccke finden breite Anwendung in der Bewegungssteuerung, mobilen medizinischen Ger\u00e4ten, Handwerkzeugen, Haushaltsger\u00e4ten, Sto\u00dfd\u00e4mpfern, mechanischen und elektronischen Schutzvorrichtungen, mechanischen Luft- und Raumfahrtkomponenten, Aktuatoren, Schaltanlagen und Messger\u00e4ten.<\/p>\n<h3>Vorteile<\/h3>\n<p>In unserem Produktionsprozess ist die Erstst\u00fcckpr\u00fcfung notwendig, vor allem um Chargen mit minderwertigen Produkten zu vermeiden. Sie ist ein Mittel, um den Produktionsprozess im Voraus zu kontrollieren, eine wichtige Methode der Qualit\u00e4tskontrolle des Produktprozesses und eine unverzichtbare Methode f\u00fcr uns, um die Qualit\u00e4t von Flachfedern zu gew\u00e4hrleisten. Durch die Inspektion des ersten St\u00fccks kann festgestellt werden, dass z. B. die Genauigkeit der Messung der Federklammer, falsche Zeichnungen, falsche Materialien usw. nicht korrekt sind, so dass Korrekturma\u00dfnahmen ergriffen werden k\u00f6nnen, um das Auftreten von nicht konformen Produkten zu verhindern.<\/p>","protected":false},"excerpt":{"rendered":"<p>Wir konzentrieren uns auf die Herstellung verschiedener Arten von Druckfedern, Zugfedern, Torsionsfedern, Schnallenfedern, Sicherungsfedern, Federn mit konstanter Kraft und anderen speziell geformten Federn. Wir verf\u00fcgen \u00fcber professionelles und technisches Personal, das haupts\u00e4chlich Zeichnungen und Muster bearbeitet und herstellt und Federprodukte mit hoher Festigkeit, hoher Pr\u00e4zision und hoher Stabilit\u00e4t liefert, die Ihren Anforderungen entsprechen.<\/p>","protected":false},"featured_media":2451,"template":"","meta":{"ocean_post_layout":"","ocean_both_sidebars_style":"","ocean_both_sidebars_content_width":0,"ocean_both_sidebars_sidebars_width":0,"ocean_sidebar":"0","ocean_second_sidebar":"0","ocean_disable_margins":"enable","ocean_add_body_class":"","ocean_shortcode_before_top_bar":"","ocean_shortcode_after_top_bar":"","ocean_shortcode_before_header":"","ocean_shortcode_after_header":"","ocean_has_shortcode":"","ocean_shortcode_after_title":"","ocean_shortcode_before_footer_widgets":"","ocean_shortcode_after_footer_widgets":"","ocean_shortcode_before_footer_bottom":"","ocean_shortcode_after_footer_bottom":"","ocean_display_top_bar":"default","ocean_display_header":"default","ocean_header_style":"","ocean_center_header_left_menu":"0","ocean_custom_header_template":"0","ocean_custom_logo":0,"ocean_custom_retina_logo":0,"ocean_custom_logo_max_width":0,"ocean_custom_logo_tablet_max_width":0,"ocean_custom_logo_mobile_max_width":0,"ocean_custom_logo_max_height":0,"ocean_custom_logo_tablet_max_height":0,"ocean_custom_logo_mobile_max_height":0,"ocean_header_custom_menu":"0","ocean_menu_typo_font_family":"0","ocean_menu_typo_font_subset":"","ocean_menu_typo_font_size":0,"ocean_menu_typo_font_size_tablet":0,"ocean_menu_typo_font_size_mobile":0,"ocean_menu_typo_font_size_unit":"px","ocean_menu_typo_font_weight":"","ocean_menu_typo_font_weight_tablet":"","ocean_menu_typo_font_weight_mobile":"","ocean_menu_typo_transform":"","ocean_menu_typo_transform_tablet":"","ocean_menu_typo_transform_mobile":"","ocean_menu_typo_line_height":0,"ocean_menu_typo_line_height_tablet":0,"ocean_menu_typo_line_height_mobile":0,"ocean_menu_typo_line_height_unit":"","ocean_menu_typo_spacing":0,"ocean_menu_typo_spacing_tablet":0,"ocean_menu_typo_spacing_mobile":0,"ocean_menu_typo_spacing_unit":"","ocean_menu_link_color":"","ocean_menu_link_color_hover":"","ocean_menu_link_color_active":"","ocean_menu_link_background":"","ocean_menu_link_hover_background":"","ocean_menu_link_active_background":"","ocean_menu_social_links_bg":"","ocean_menu_social_hover_links_bg":"","ocean_menu_social_links_color":"","ocean_menu_social_hover_links_color":"","ocean_disable_title":"default","ocean_disable_heading":"default","ocean_post_title":"","ocean_post_subheading":"","ocean_post_title_style":"","ocean_post_title_background_color":"","ocean_post_title_background":0,"ocean_post_title_bg_image_position":"","ocean_post_title_bg_image_attachment":"","ocean_post_title_bg_image_repeat":"","ocean_post_title_bg_image_size":"","ocean_post_title_height":0,"ocean_post_title_bg_overlay":0.5,"ocean_post_title_bg_overlay_color":"","ocean_disable_breadcrumbs":"default","ocean_breadcrumbs_color":"","ocean_breadcrumbs_separator_color":"","ocean_breadcrumbs_links_color":"","ocean_breadcrumbs_links_hover_color":"","ocean_display_footer_widgets":"default","ocean_display_footer_bottom":"default","ocean_custom_footer_template":"0","ofc_meta_disable_footer_callout":"","ofc_meta_callout_button_url":"","ofc_meta_callout_button_txt":"","ofc_meta_callout_text":"","osh_disable_topbar_sticky":"default","osh_disable_header_sticky":"default","osh_sticky_header_style":"default","osh_sticky_header_effect":"","osh_custom_sticky_logo":0,"osh_custom_retina_sticky_logo":0,"osh_custom_sticky_logo_height":0,"osh_background_color":"","osh_links_color":"","osh_links_hover_color":"","osh_links_active_color":"","osh_links_bg_color":"","osh_links_hover_bg_color":"","osh_links_active_bg_color":"","osh_menu_social_links_color":"","osh_menu_social_hover_links_color":""},"product_brand":[],"product_cat":[145,151],"product_tag":[168,105,114],"class_list":{"0":"post-2449","1":"product","2":"type-product","3":"status-publish","4":"has-post-thumbnail","6":"product_cat-custom-wire-fasteners","7":"product_cat-custom-contacts","8":"product_tag-electrical-contacts","9":"product_tag-flat-spring","10":"product_tag-spring-clip","12":"entry","13":"has-media","15":"first","16":"instock","17":"shipping-taxable","18":"product-type-external","19":"col","20":"span_1_of_3","21":"owp-content-center","22":"owp-thumbs-layout-horizontal","23":"owp-btn-very-big","24":"owp-tabs-layout-horizontal","25":"circle-sale"},"_links":{"self":[{"href":"https:\/\/www.metalwireforms.com\/de\/wp-json\/wp\/v2\/product\/2449","targetHints":{"allow":["GET"]}}],"collection":[{"href":"https:\/\/www.metalwireforms.com\/de\/wp-json\/wp\/v2\/product"}],"about":[{"href":"https:\/\/www.metalwireforms.com\/de\/wp-json\/wp\/v2\/types\/product"}],"version-history":[{"count":1,"href":"https:\/\/www.metalwireforms.com\/de\/wp-json\/wp\/v2\/product\/2449\/revisions"}],"predecessor-version":[{"id":2457,"href":"https:\/\/www.metalwireforms.com\/de\/wp-json\/wp\/v2\/product\/2449\/revisions\/2457"}],"wp:featuredmedia":[{"embeddable":true,"href":"https:\/\/www.metalwireforms.com\/de\/wp-json\/wp\/v2\/media\/2451"}],"wp:attachment":[{"href":"https:\/\/www.metalwireforms.com\/de\/wp-json\/wp\/v2\/media?parent=2449"}],"wp:term":[{"taxonomy":"product_brand","embeddable":true,"href":"https:\/\/www.metalwireforms.com\/de\/wp-json\/wp\/v2\/product_brand?post=2449"},{"taxonomy":"product_cat","embeddable":true,"href":"https:\/\/www.metalwireforms.com\/de\/wp-json\/wp\/v2\/product_cat?post=2449"},{"taxonomy":"product_tag","embeddable":true,"href":"https:\/\/www.metalwireforms.com\/de\/wp-json\/wp\/v2\/product_tag?post=2449"}],"curies":[{"name":"wp","href":"https:\/\/api.w.org\/{rel}","templated":true}]}}