{"id":2442,"date":"2022-10-27T03:40:01","date_gmt":"2022-10-27T03:40:01","guid":{"rendered":"https:\/\/www.metalwireforms.com\/?post_type=product&#038;p=2442"},"modified":"2022-10-27T03:43:32","modified_gmt":"2022-10-27T03:43:32","slug":"custom-mass-production-of-creative-pen-point-paper-clips","status":"publish","type":"product","link":"https:\/\/www.metalwireforms.com\/de\/produkt\/custom-mass-production-of-creative-pen-point-paper-clips","title":{"rendered":"Fabrik-Massenproduktion von kreativen Stift-Punkt-B\u00fcroklammern"},"content":{"rendered":"<p>Eine B\u00fcroklammer ist ein St\u00fcck Papier, das durch Hin- und Herbiegen eines Metalldrahtes hergestellt wird. Die B\u00fcroklammer scheint die einfachste aller Erfindungen zu sein. Sie ist nichts anderes als ein kleines St\u00fcck gebogener Draht mit Papier. Aber die B\u00fcroklammer hat viele verschiedene Formen durchlaufen, bevor sie in die Form gebracht wurde, die wir heute benutzen.<\/p>\n<figure id=\"attachment_2175\" aria-describedby=\"caption-attachment-2175\" style=\"width: 1000px\" class=\"wp-caption alignnone\"><img fetchpriority=\"high\" decoding=\"async\" class=\"size-full wp-image-2175\" src=\"https:\/\/www.metalwireforms.com\/wp-content\/uploads\/2022\/08\/musical-note-paper-clip-8.jpg\" alt=\"Musiknote B\u00fcroklammer (8)\" width=\"1000\" height=\"563\" srcset=\"https:\/\/www.metalwireforms.com\/wp-content\/uploads\/2022\/08\/musical-note-paper-clip-8.jpg 1000w, https:\/\/www.metalwireforms.com\/wp-content\/uploads\/2022\/08\/musical-note-paper-clip-8-300x169.jpg 300w, https:\/\/www.metalwireforms.com\/wp-content\/uploads\/2022\/08\/musical-note-paper-clip-8-150x84.jpg 150w, https:\/\/www.metalwireforms.com\/wp-content\/uploads\/2022\/08\/musical-note-paper-clip-8-768x432.jpg 768w, https:\/\/www.metalwireforms.com\/wp-content\/uploads\/2022\/08\/musical-note-paper-clip-8-18x10.jpg 18w, https:\/\/www.metalwireforms.com\/wp-content\/uploads\/2022\/08\/musical-note-paper-clip-8-800x450.jpg 800w, https:\/\/www.metalwireforms.com\/wp-content\/uploads\/2022\/08\/musical-note-paper-clip-8-600x338.jpg 600w\" sizes=\"(max-width: 1000px) 100vw, 1000px\" \/><figcaption id=\"caption-attachment-2175\" class=\"wp-caption-text\">Musiknote B\u00fcroklammer (8)<\/figcaption><\/figure>\n<h3>Merkmal<\/h3>\n<p>Die B\u00fcroklammer scheint die einfachste aller Erfindungen zu sein. Sie ist nur ein kleines St\u00fcck gebogener Draht mit B\u00fcroklammern. Aber die B\u00fcroklammer wurde immer wieder neu entworfen, bevor sie in die Form gebracht wurde, die wir heute verwenden. Nach einer langen Zeit der Entwicklung und Produktion verf\u00fcgen wir \u00fcber Dutzende von vollautomatischen CNC-Metalldrahtformungsanlagen und Metallstempelanlagen, so dass wir B\u00fcroklammern in jeder Form nach den Zeichnungen oder Anforderungen der Kunden entwerfen und herstellen k\u00f6nnen.<\/p>\n<h3>Vorteil<\/h3>\n<p>B\u00fcroklammern sind in B\u00fcros sehr verbreitet. Sie wird nicht nur zum Anheften von Akten verwendet, sondern diente in fr\u00fcheren Jahren auch zur Herstellung von T\u00fcrvorh\u00e4ngen. Tats\u00e4chlich kann die B\u00fcroklammer nicht nur zum Abheften von Akten verwendet werden, sondern nach einer kleinen Modifikation auch f\u00fcr viele andere Zwecke.<br \/>\nWenn Sie beim Lesen eine Pause machen m\u00fcssen, nehmen Sie einfach eine B\u00fcroklammer heraus, um die Seite zu markieren, und sie kann als Lesezeichen verwendet werden.<br \/>\nWenn Sie mit Ihrem Rucksack drau\u00dfen unterwegs sind, machen Sie sich manchmal Sorgen, dass der Rei\u00dfverschluss Ihres Rucksacks aufgerissen wird. Schlie\u00dfen Sie die beiden Rei\u00dfverschl\u00fcsse Ihres Rucksacks mit einer B\u00fcroklammer zusammen, um zu verhindern, dass der Rei\u00dfverschluss Ihres Rucksacks unbemerkt ge\u00f6ffnet wird.<br \/>\nWenn der Rei\u00dfverschluss kaputt ist oder zu klein ist, um ihn zu benutzen, setzen Sie eine B\u00fcroklammer darauf. Diese Methode ist sehr praktisch, um den Rei\u00dfverschluss zu ziehen.<\/p>","protected":false},"excerpt":{"rendered":"<p>Durch unsere Bem\u00fchungen haben wir erfolgreich eine neue Art von Schreibwaren mit neuartigem Stil und sch\u00f6nem Aussehen entwickelt: kreative B\u00fcroklammern. Kreative B\u00fcroklammern bestehen aus verschiedenen Materialien, leuchtenden Farben und lebendigen Formen, die sowohl praktisch als auch sch\u00f6n sind und einen eindeutigen Sammlungswert haben, wodurch das eint\u00f6nige Bild der traditionellen B\u00fcroklammern vollst\u00e4ndig durchbrochen wird.<\/p>","protected":false},"featured_media":2444,"template":"","meta":{"ocean_post_layout":"","ocean_both_sidebars_style":"","ocean_both_sidebars_content_width":0,"ocean_both_sidebars_sidebars_width":0,"ocean_sidebar":"0","ocean_second_sidebar":"0","ocean_disable_margins":"enable","ocean_add_body_class":"","ocean_shortcode_before_top_bar":"","ocean_shortcode_after_top_bar":"","ocean_shortcode_before_header":"","ocean_shortcode_after_header":"","ocean_has_shortcode":"","ocean_shortcode_after_title":"","ocean_shortcode_before_footer_widgets":"","ocean_shortcode_after_footer_widgets":"","ocean_shortcode_before_footer_bottom":"","ocean_shortcode_after_footer_bottom":"","ocean_display_top_bar":"default","ocean_display_header":"default","ocean_header_style":"","ocean_center_header_left_menu":"0","ocean_custom_header_template":"0","ocean_custom_logo":0,"ocean_custom_retina_logo":0,"ocean_custom_logo_max_width":0,"ocean_custom_logo_tablet_max_width":0,"ocean_custom_logo_mobile_max_width":0,"ocean_custom_logo_max_height":0,"ocean_custom_logo_tablet_max_height":0,"ocean_custom_logo_mobile_max_height":0,"ocean_header_custom_menu":"0","ocean_menu_typo_font_family":"0","ocean_menu_typo_font_subset":"","ocean_menu_typo_font_size":0,"ocean_menu_typo_font_size_tablet":0,"ocean_menu_typo_font_size_mobile":0,"ocean_menu_typo_font_size_unit":"px","ocean_menu_typo_font_weight":"","ocean_menu_typo_font_weight_tablet":"","ocean_menu_typo_font_weight_mobile":"","ocean_menu_typo_transform":"","ocean_menu_typo_transform_tablet":"","ocean_menu_typo_transform_mobile":"","ocean_menu_typo_line_height":0,"ocean_menu_typo_line_height_tablet":0,"ocean_menu_typo_line_height_mobile":0,"ocean_menu_typo_line_height_unit":"","ocean_menu_typo_spacing":0,"ocean_menu_typo_spacing_tablet":0,"ocean_menu_typo_spacing_mobile":0,"ocean_menu_typo_spacing_unit":"","ocean_menu_link_color":"","ocean_menu_link_color_hover":"","ocean_menu_link_color_active":"","ocean_menu_link_background":"","ocean_menu_link_hover_background":"","ocean_menu_link_active_background":"","ocean_menu_social_links_bg":"","ocean_menu_social_hover_links_bg":"","ocean_menu_social_links_color":"","ocean_menu_social_hover_links_color":"","ocean_disable_title":"default","ocean_disable_heading":"default","ocean_post_title":"","ocean_post_subheading":"","ocean_post_title_style":"","ocean_post_title_background_color":"","ocean_post_title_background":0,"ocean_post_title_bg_image_position":"","ocean_post_title_bg_image_attachment":"","ocean_post_title_bg_image_repeat":"","ocean_post_title_bg_image_size":"","ocean_post_title_height":0,"ocean_post_title_bg_overlay":0.5,"ocean_post_title_bg_overlay_color":"","ocean_disable_breadcrumbs":"default","ocean_breadcrumbs_color":"","ocean_breadcrumbs_separator_color":"","ocean_breadcrumbs_links_color":"","ocean_breadcrumbs_links_hover_color":"","ocean_display_footer_widgets":"default","ocean_display_footer_bottom":"default","ocean_custom_footer_template":"0","ofc_meta_disable_footer_callout":"","ofc_meta_callout_button_url":"","ofc_meta_callout_button_txt":"","ofc_meta_callout_text":"","osh_disable_topbar_sticky":"default","osh_disable_header_sticky":"default","osh_sticky_header_style":"default","osh_sticky_header_effect":"","osh_custom_sticky_logo":0,"osh_custom_retina_sticky_logo":0,"osh_custom_sticky_logo_height":0,"osh_background_color":"","osh_links_color":"","osh_links_hover_color":"","osh_links_active_color":"","osh_links_bg_color":"","osh_links_hover_bg_color":"","osh_links_active_bg_color":"","osh_menu_social_links_color":"","osh_menu_social_hover_links_color":""},"product_brand":[],"product_cat":[145,152],"product_tag":[177,109,203],"class_list":{"0":"post-2442","1":"product","2":"type-product","3":"status-publish","4":"has-post-thumbnail","6":"product_cat-custom-wire-fasteners","7":"product_cat-custom-paper-clips","8":"product_tag-custom-paper-clip","9":"product_tag-paper-clip","10":"product_tag-paper-clip-factory","12":"entry","13":"has-media","15":"first","16":"instock","17":"shipping-taxable","18":"product-type-external","19":"col","20":"span_1_of_3","21":"owp-content-center","22":"owp-thumbs-layout-horizontal","23":"owp-btn-very-big","24":"owp-tabs-layout-horizontal","25":"circle-sale"},"_links":{"self":[{"href":"https:\/\/www.metalwireforms.com\/de\/wp-json\/wp\/v2\/product\/2442","targetHints":{"allow":["GET"]}}],"collection":[{"href":"https:\/\/www.metalwireforms.com\/de\/wp-json\/wp\/v2\/product"}],"about":[{"href":"https:\/\/www.metalwireforms.com\/de\/wp-json\/wp\/v2\/types\/product"}],"version-history":[{"count":1,"href":"https:\/\/www.metalwireforms.com\/de\/wp-json\/wp\/v2\/product\/2442\/revisions"}],"predecessor-version":[{"id":2447,"href":"https:\/\/www.metalwireforms.com\/de\/wp-json\/wp\/v2\/product\/2442\/revisions\/2447"}],"wp:featuredmedia":[{"embeddable":true,"href":"https:\/\/www.metalwireforms.com\/de\/wp-json\/wp\/v2\/media\/2444"}],"wp:attachment":[{"href":"https:\/\/www.metalwireforms.com\/de\/wp-json\/wp\/v2\/media?parent=2442"}],"wp:term":[{"taxonomy":"product_brand","embeddable":true,"href":"https:\/\/www.metalwireforms.com\/de\/wp-json\/wp\/v2\/product_brand?post=2442"},{"taxonomy":"product_cat","embeddable":true,"href":"https:\/\/www.metalwireforms.com\/de\/wp-json\/wp\/v2\/product_cat?post=2442"},{"taxonomy":"product_tag","embeddable":true,"href":"https:\/\/www.metalwireforms.com\/de\/wp-json\/wp\/v2\/product_tag?post=2442"}],"curies":[{"name":"wp","href":"https:\/\/api.w.org\/{rel}","templated":true}]}}