{"id":2433,"date":"2022-10-26T08:04:24","date_gmt":"2022-10-26T08:04:24","guid":{"rendered":"https:\/\/www.metalwireforms.com\/?post_type=product&#038;p=2433"},"modified":"2022-10-26T08:32:00","modified_gmt":"2022-10-26T08:32:00","slug":"factory-customized-production-of-stainless-wire-bracket","status":"publish","type":"product","link":"https:\/\/www.metalwireforms.com\/de\/produkt\/factory-customized-production-of-stainless-wire-bracket","title":{"rendered":"Kundenspezifische Produktion von rostfreien Drahtb\u00fcgeln"},"content":{"rendered":"<figure id=\"attachment_2434\" aria-describedby=\"caption-attachment-2434\" style=\"width: 900px\" class=\"wp-caption alignnone\"><img fetchpriority=\"high\" decoding=\"async\" class=\"size-full wp-image-2434\" src=\"https:\/\/www.metalwireforms.com\/wp-content\/uploads\/2022\/10\/stainless-wire-bending-1.jpg\" alt=\"Biegen von rostfreiem Draht (1)\" width=\"900\" height=\"506\" srcset=\"https:\/\/www.metalwireforms.com\/wp-content\/uploads\/2022\/10\/stainless-wire-bending-1.jpg 900w, https:\/\/www.metalwireforms.com\/wp-content\/uploads\/2022\/10\/stainless-wire-bending-1-300x169.jpg 300w, https:\/\/www.metalwireforms.com\/wp-content\/uploads\/2022\/10\/stainless-wire-bending-1-150x84.jpg 150w, https:\/\/www.metalwireforms.com\/wp-content\/uploads\/2022\/10\/stainless-wire-bending-1-768x432.jpg 768w, https:\/\/www.metalwireforms.com\/wp-content\/uploads\/2022\/10\/stainless-wire-bending-1-18x10.jpg 18w, https:\/\/www.metalwireforms.com\/wp-content\/uploads\/2022\/10\/stainless-wire-bending-1-800x450.jpg 800w, https:\/\/www.metalwireforms.com\/wp-content\/uploads\/2022\/10\/stainless-wire-bending-1-600x337.jpg 600w\" sizes=\"(max-width: 900px) 100vw, 900px\" \/><figcaption id=\"caption-attachment-2434\" class=\"wp-caption-text\">Biegen von rostfreiem Draht (1)<\/figcaption><\/figure>\n<h3>Merkmal<\/h3>\n<p>Der Metalltr\u00e4ger besteht aus ovalem Stahldraht, der erm\u00fcdungsbest\u00e4ndig, von hoher H\u00e4rte, korrosionsbest\u00e4ndig, elastisch, stabil, korrosionsbest\u00e4ndig, rostfrei und in feuchter Umgebung oxidationsbest\u00e4ndig ist.<br \/>\nDas Aussehen des Tr\u00e4gers ist frei von Sandl\u00f6chern und schwarzen Flecken, und die Oberfl\u00e4che ist glatt und ohne Grate. Er hat eine hohe H\u00e4rte und Verschlei\u00dffestigkeit. Es hat mehr als 23 Millionen Erm\u00fcdungstests mit ultrahoher Zugfestigkeit bestanden.<br \/>\nDie Toleranz der fertigen Produkte ist gering, und sie werden auf der Grundlage von Kundenzeichnungen gefertigt. Die Spezifikation, Gr\u00f6\u00dfe, Dicke, Form und Gr\u00f6\u00dfe k\u00f6nnen flexibel angepasst werden.<br \/>\nUm Produktverk\u00fcrzungen, Bruch und andere Ph\u00e4nomene zu vermeiden, wird jeder Prozess streng kontrolliert, um den Kunden hervorragende Produkte zu liefern.<br \/>\nDie wichtigsten Bearbeitungsverfahren sind das Biegen der Feder, die W\u00e4rmebehandlung, das Schleifen der Federenden, das Polieren und Verfestigen der Feder, das Anlassen bei niedrigen Temperaturen und der Rostschutz.<\/p>\n<h3>Anmeldung<\/h3>\n<p>Das Werk verf\u00fcgt \u00fcber viele Experten f\u00fcr Federherstellungstechnologie, die verschiedene Pr\u00e4zisionsfedern, speziell geformte und schwierige Federn f\u00fcr Kunden anpassen und herstellen k\u00f6nnen. Gleichzeitig bieten wir unseren Kunden verschiedene hochwertige und kosteng\u00fcnstige Federl\u00f6sungen, wie Druckfedern, Zugfedern, Torsionsfedern, Formfedern, rechteckige Federn, Tragfedern und verschiedene Edelstahlfedern. Wir bieten auch alle Arten von Stiften, Haken und Metallklammern an. Unsere Produkte finden breite Anwendung in der industriellen Befestigungstechnik, in Schiffsteilen, in der neuen Energieindustrie, in der petrochemischen Industrie, in Befestigungselementen f\u00fcr die Geb\u00e4udedekoration und in der Elektronikindustrie.<\/p>","protected":false},"excerpt":{"rendered":"<p>Zu unseren wichtigsten Produktionsanlagen geh\u00f6ren CNC-Federmaschinen, 520 Computer-Federmaschinen, CNC-Federkompressionsmaschinen, CNC-Drehfedermaschinen, CNC-Federspannungsmaschinen, mechanische Federkompressionsmaschinen, hydraulische Biegemaschinen, 3D-Biegemaschinen, Knickmaschinen, Dynamometer, Hochtemperatur-Temperier\u00f6fen usw.<\/p>","protected":false},"featured_media":2435,"template":"","meta":{"ocean_post_layout":"","ocean_both_sidebars_style":"","ocean_both_sidebars_content_width":0,"ocean_both_sidebars_sidebars_width":0,"ocean_sidebar":"0","ocean_second_sidebar":"0","ocean_disable_margins":"enable","ocean_add_body_class":"","ocean_shortcode_before_top_bar":"","ocean_shortcode_after_top_bar":"","ocean_shortcode_before_header":"","ocean_shortcode_after_header":"","ocean_has_shortcode":"","ocean_shortcode_after_title":"","ocean_shortcode_before_footer_widgets":"","ocean_shortcode_after_footer_widgets":"","ocean_shortcode_before_footer_bottom":"","ocean_shortcode_after_footer_bottom":"","ocean_display_top_bar":"default","ocean_display_header":"default","ocean_header_style":"","ocean_center_header_left_menu":"0","ocean_custom_header_template":"0","ocean_custom_logo":0,"ocean_custom_retina_logo":0,"ocean_custom_logo_max_width":0,"ocean_custom_logo_tablet_max_width":0,"ocean_custom_logo_mobile_max_width":0,"ocean_custom_logo_max_height":0,"ocean_custom_logo_tablet_max_height":0,"ocean_custom_logo_mobile_max_height":0,"ocean_header_custom_menu":"0","ocean_menu_typo_font_family":"0","ocean_menu_typo_font_subset":"","ocean_menu_typo_font_size":0,"ocean_menu_typo_font_size_tablet":0,"ocean_menu_typo_font_size_mobile":0,"ocean_menu_typo_font_size_unit":"px","ocean_menu_typo_font_weight":"","ocean_menu_typo_font_weight_tablet":"","ocean_menu_typo_font_weight_mobile":"","ocean_menu_typo_transform":"","ocean_menu_typo_transform_tablet":"","ocean_menu_typo_transform_mobile":"","ocean_menu_typo_line_height":0,"ocean_menu_typo_line_height_tablet":0,"ocean_menu_typo_line_height_mobile":0,"ocean_menu_typo_line_height_unit":"","ocean_menu_typo_spacing":0,"ocean_menu_typo_spacing_tablet":0,"ocean_menu_typo_spacing_mobile":0,"ocean_menu_typo_spacing_unit":"","ocean_menu_link_color":"","ocean_menu_link_color_hover":"","ocean_menu_link_color_active":"","ocean_menu_link_background":"","ocean_menu_link_hover_background":"","ocean_menu_link_active_background":"","ocean_menu_social_links_bg":"","ocean_menu_social_hover_links_bg":"","ocean_menu_social_links_color":"","ocean_menu_social_hover_links_color":"","ocean_disable_title":"default","ocean_disable_heading":"default","ocean_post_title":"","ocean_post_subheading":"","ocean_post_title_style":"","ocean_post_title_background_color":"","ocean_post_title_background":0,"ocean_post_title_bg_image_position":"","ocean_post_title_bg_image_attachment":"","ocean_post_title_bg_image_repeat":"","ocean_post_title_bg_image_size":"","ocean_post_title_height":0,"ocean_post_title_bg_overlay":0.5,"ocean_post_title_bg_overlay_color":"","ocean_disable_breadcrumbs":"default","ocean_breadcrumbs_color":"","ocean_breadcrumbs_separator_color":"","ocean_breadcrumbs_links_color":"","ocean_breadcrumbs_links_hover_color":"","ocean_display_footer_widgets":"default","ocean_display_footer_bottom":"default","ocean_custom_footer_template":"0","ofc_meta_disable_footer_callout":"","ofc_meta_callout_button_url":"","ofc_meta_callout_button_txt":"","ofc_meta_callout_text":"","osh_disable_topbar_sticky":"default","osh_disable_header_sticky":"default","osh_sticky_header_style":"default","osh_sticky_header_effect":"","osh_custom_sticky_logo":0,"osh_custom_retina_sticky_logo":0,"osh_custom_sticky_logo_height":0,"osh_background_color":"","osh_links_color":"","osh_links_hover_color":"","osh_links_active_color":"","osh_links_bg_color":"","osh_links_hover_bg_color":"","osh_links_active_bg_color":"","osh_menu_social_links_color":"","osh_menu_social_hover_links_color":""},"product_brand":[],"product_cat":[147,35],"product_tag":[201,202,176],"class_list":{"0":"post-2433","1":"product","2":"type-product","3":"status-publish","4":"has-post-thumbnail","6":"product_cat-custom-wire-forms","7":"product_cat-custom-wire-brackets","8":"product_tag-custom-wire-bracket","9":"product_tag-stainless-wire-forms","10":"product_tag-steel-wire-bracket","12":"entry","13":"has-media","15":"first","16":"instock","17":"shipping-taxable","18":"product-type-external","19":"col","20":"span_1_of_3","21":"owp-content-center","22":"owp-thumbs-layout-horizontal","23":"owp-btn-very-big","24":"owp-tabs-layout-horizontal","25":"circle-sale"},"_links":{"self":[{"href":"https:\/\/www.metalwireforms.com\/de\/wp-json\/wp\/v2\/product\/2433","targetHints":{"allow":["GET"]}}],"collection":[{"href":"https:\/\/www.metalwireforms.com\/de\/wp-json\/wp\/v2\/product"}],"about":[{"href":"https:\/\/www.metalwireforms.com\/de\/wp-json\/wp\/v2\/types\/product"}],"version-history":[{"count":2,"href":"https:\/\/www.metalwireforms.com\/de\/wp-json\/wp\/v2\/product\/2433\/revisions"}],"predecessor-version":[{"id":2440,"href":"https:\/\/www.metalwireforms.com\/de\/wp-json\/wp\/v2\/product\/2433\/revisions\/2440"}],"wp:featuredmedia":[{"embeddable":true,"href":"https:\/\/www.metalwireforms.com\/de\/wp-json\/wp\/v2\/media\/2435"}],"wp:attachment":[{"href":"https:\/\/www.metalwireforms.com\/de\/wp-json\/wp\/v2\/media?parent=2433"}],"wp:term":[{"taxonomy":"product_brand","embeddable":true,"href":"https:\/\/www.metalwireforms.com\/de\/wp-json\/wp\/v2\/product_brand?post=2433"},{"taxonomy":"product_cat","embeddable":true,"href":"https:\/\/www.metalwireforms.com\/de\/wp-json\/wp\/v2\/product_cat?post=2433"},{"taxonomy":"product_tag","embeddable":true,"href":"https:\/\/www.metalwireforms.com\/de\/wp-json\/wp\/v2\/product_tag?post=2433"}],"curies":[{"name":"wp","href":"https:\/\/api.w.org\/{rel}","templated":true}]}}