{"id":2411,"date":"2022-10-22T07:33:37","date_gmt":"2022-10-22T07:33:37","guid":{"rendered":"https:\/\/www.metalwireforms.com\/?post_type=product&#038;p=2411"},"modified":"2022-12-12T08:49:10","modified_gmt":"2022-12-12T08:49:10","slug":"factory-customized-electrophoresis-compression-spring","status":"publish","type":"product","link":"https:\/\/www.metalwireforms.com\/de\/produkt\/factory-customized-electrophoresis-compression-spring","title":{"rendered":"Fabrikspezifische Elektrophorese-Druckfeder"},"content":{"rendered":"<figure id=\"attachment_2413\" aria-describedby=\"caption-attachment-2413\" style=\"width: 1000px\" class=\"wp-caption alignnone\"><img fetchpriority=\"high\" decoding=\"async\" class=\"size-full wp-image-2413\" src=\"https:\/\/www.metalwireforms.com\/wp-content\/uploads\/2022\/10\/Electrophoretic-spring-8.jpg\" alt=\"Elektrophoretische Feder (8)\" width=\"1000\" height=\"563\" srcset=\"https:\/\/www.metalwireforms.com\/wp-content\/uploads\/2022\/10\/Electrophoretic-spring-8.jpg 1000w, https:\/\/www.metalwireforms.com\/wp-content\/uploads\/2022\/10\/Electrophoretic-spring-8-300x169.jpg 300w, https:\/\/www.metalwireforms.com\/wp-content\/uploads\/2022\/10\/Electrophoretic-spring-8-150x84.jpg 150w, https:\/\/www.metalwireforms.com\/wp-content\/uploads\/2022\/10\/Electrophoretic-spring-8-768x432.jpg 768w, https:\/\/www.metalwireforms.com\/wp-content\/uploads\/2022\/10\/Electrophoretic-spring-8-18x10.jpg 18w, https:\/\/www.metalwireforms.com\/wp-content\/uploads\/2022\/10\/Electrophoretic-spring-8-800x450.jpg 800w, https:\/\/www.metalwireforms.com\/wp-content\/uploads\/2022\/10\/Electrophoretic-spring-8-600x338.jpg 600w\" sizes=\"(max-width: 1000px) 100vw, 1000px\" \/><figcaption id=\"caption-attachment-2413\" class=\"wp-caption-text\">Elektrophoretische Feder (8)<\/figcaption><\/figure>\n<h3>Merkmal<\/h3>\n<p>1. Steuerung der Bewegung von Maschinen, wie z. B. die Ventilfeder im Verbrennungsmotor, die Steuerfeder in der Kupplung, usw.<br \/>\n2. Absorbieren Sie Vibrationen und Aufprallenergie, wie die Pufferfeder unter dem Auto, Zugwagen, schwingungsabsorbierende Feder in der Kupplung.<br \/>\n3. Energie speichern und als Leistung abgeben, wie z. B. eine Uhrfeder, eine Waffenfeder usw.<br \/>\n4. Verwendet als Kraftmesselement, wie Kraftmessger\u00e4t, Feder in Skala, etc. Die Belastung und Verformung der Feder wird als Federsteifigkeit bezeichnet, je gr\u00f6\u00dfer die Steifigkeit, desto h\u00e4rter die Feder.<\/p>\n<h3>Material<\/h3>\n<p>1. Kohlenstoffstahl- und legierte Stahlfedern f\u00fcgen dem Stahldraht haupts\u00e4chlich Silizium, Mangan, Chrom, Vanadium, Molybd\u00e4n und andere Metallelemente hinzu, um die Elastizit\u00e4t und Erm\u00fcdungsgrenze der Feder zu erh\u00f6hen und sie sto\u00dffest zu machen.<br \/>\n2. Federn aus rostfreiem Stahl werden haupts\u00e4chlich aus verschiedenen Arten von rostfreiem Stahl hergestellt und werden haupts\u00e4chlich an Orten eingesetzt, die anf\u00e4llig f\u00fcr Korrosion und hohe Temperaturen sind.<br \/>\n3. Federn aus Kupferlegierungen werden haupts\u00e4chlich aus Messing, Phosphorkupfer, Berylliumkupfer usw. hergestellt. Sie sind weniger elastisch als Stahl, haben aber eine hohe Korrosionsbest\u00e4ndigkeit. Sie werden im Allgemeinen in chemischen Maschinenfedern verwendet und k\u00f6nnen aufgrund ihrer unmagnetischen Beziehung in der Elektro- und Lebensmittelindustrie eingesetzt werden.<\/p>","protected":false},"excerpt":{"rendered":"<p>Wir verf\u00fcgen \u00fcber reiche Erfahrung in der Anpassung von Druckfedern, Schenkelfedern, Zugfedern, speziell geformten Federn und Mikrofedern.<br \/>\nWir sind gut darin, stabile Programme f\u00fcr die Massenproduktion zu entwerfen und Prozessprobleme und Probleme bei der Massenproduktion zu l\u00f6sen. Das Unternehmen verf\u00fcgt \u00fcber Dutzende von Ger\u00e4ten, mehr als zehn Jahre Erfahrung in der Produktion.<\/p>","protected":false},"featured_media":2415,"template":"","meta":{"ocean_post_layout":"","ocean_both_sidebars_style":"","ocean_both_sidebars_content_width":0,"ocean_both_sidebars_sidebars_width":0,"ocean_sidebar":"0","ocean_second_sidebar":"0","ocean_disable_margins":"enable","ocean_add_body_class":"","ocean_shortcode_before_top_bar":"","ocean_shortcode_after_top_bar":"","ocean_shortcode_before_header":"","ocean_shortcode_after_header":"","ocean_has_shortcode":"","ocean_shortcode_after_title":"","ocean_shortcode_before_footer_widgets":"","ocean_shortcode_after_footer_widgets":"","ocean_shortcode_before_footer_bottom":"","ocean_shortcode_after_footer_bottom":"","ocean_display_top_bar":"default","ocean_display_header":"default","ocean_header_style":"","ocean_center_header_left_menu":"0","ocean_custom_header_template":"0","ocean_custom_logo":0,"ocean_custom_retina_logo":0,"ocean_custom_logo_max_width":0,"ocean_custom_logo_tablet_max_width":0,"ocean_custom_logo_mobile_max_width":0,"ocean_custom_logo_max_height":0,"ocean_custom_logo_tablet_max_height":0,"ocean_custom_logo_mobile_max_height":0,"ocean_header_custom_menu":"0","ocean_menu_typo_font_family":"0","ocean_menu_typo_font_subset":"","ocean_menu_typo_font_size":0,"ocean_menu_typo_font_size_tablet":0,"ocean_menu_typo_font_size_mobile":0,"ocean_menu_typo_font_size_unit":"px","ocean_menu_typo_font_weight":"","ocean_menu_typo_font_weight_tablet":"","ocean_menu_typo_font_weight_mobile":"","ocean_menu_typo_transform":"","ocean_menu_typo_transform_tablet":"","ocean_menu_typo_transform_mobile":"","ocean_menu_typo_line_height":0,"ocean_menu_typo_line_height_tablet":0,"ocean_menu_typo_line_height_mobile":0,"ocean_menu_typo_line_height_unit":"","ocean_menu_typo_spacing":0,"ocean_menu_typo_spacing_tablet":0,"ocean_menu_typo_spacing_mobile":0,"ocean_menu_typo_spacing_unit":"","ocean_menu_link_color":"","ocean_menu_link_color_hover":"","ocean_menu_link_color_active":"","ocean_menu_link_background":"","ocean_menu_link_hover_background":"","ocean_menu_link_active_background":"","ocean_menu_social_links_bg":"","ocean_menu_social_hover_links_bg":"","ocean_menu_social_links_color":"","ocean_menu_social_hover_links_color":"","ocean_disable_title":"default","ocean_disable_heading":"default","ocean_post_title":"","ocean_post_subheading":"","ocean_post_title_style":"","ocean_post_title_background_color":"","ocean_post_title_background":0,"ocean_post_title_bg_image_position":"","ocean_post_title_bg_image_attachment":"","ocean_post_title_bg_image_repeat":"","ocean_post_title_bg_image_size":"","ocean_post_title_height":0,"ocean_post_title_bg_overlay":0.5,"ocean_post_title_bg_overlay_color":"","ocean_disable_breadcrumbs":"default","ocean_breadcrumbs_color":"","ocean_breadcrumbs_separator_color":"","ocean_breadcrumbs_links_color":"","ocean_breadcrumbs_links_hover_color":"","ocean_display_footer_widgets":"default","ocean_display_footer_bottom":"default","ocean_custom_footer_template":"0","ofc_meta_disable_footer_callout":"","ofc_meta_callout_button_url":"","ofc_meta_callout_button_txt":"","ofc_meta_callout_text":"","osh_disable_topbar_sticky":"default","osh_disable_header_sticky":"default","osh_sticky_header_style":"default","osh_sticky_header_effect":"","osh_custom_sticky_logo":0,"osh_custom_retina_sticky_logo":0,"osh_custom_sticky_logo_height":0,"osh_background_color":"","osh_links_color":"","osh_links_hover_color":"","osh_links_active_color":"","osh_links_bg_color":"","osh_links_hover_bg_color":"","osh_links_active_bg_color":"","osh_menu_social_links_color":"","osh_menu_social_hover_links_color":""},"product_brand":[],"product_cat":[144,25],"product_tag":[98,179,198],"class_list":{"0":"post-2411","1":"product","2":"type-product","3":"status-publish","4":"has-post-thumbnail","6":"product_cat-custom-springs","7":"product_cat-custom-compression-springs","8":"product_tag-compression-spring","9":"product_tag-customized-spring","10":"product_tag-electrophoretic-spring","12":"entry","13":"has-media","15":"first","16":"instock","17":"shipping-taxable","18":"product-type-external","19":"col","20":"span_1_of_3","21":"owp-content-center","22":"owp-thumbs-layout-horizontal","23":"owp-btn-very-big","24":"owp-tabs-layout-horizontal","25":"circle-sale"},"_links":{"self":[{"href":"https:\/\/www.metalwireforms.com\/de\/wp-json\/wp\/v2\/product\/2411","targetHints":{"allow":["GET"]}}],"collection":[{"href":"https:\/\/www.metalwireforms.com\/de\/wp-json\/wp\/v2\/product"}],"about":[{"href":"https:\/\/www.metalwireforms.com\/de\/wp-json\/wp\/v2\/types\/product"}],"version-history":[{"count":1,"href":"https:\/\/www.metalwireforms.com\/de\/wp-json\/wp\/v2\/product\/2411\/revisions"}],"predecessor-version":[{"id":2418,"href":"https:\/\/www.metalwireforms.com\/de\/wp-json\/wp\/v2\/product\/2411\/revisions\/2418"}],"wp:featuredmedia":[{"embeddable":true,"href":"https:\/\/www.metalwireforms.com\/de\/wp-json\/wp\/v2\/media\/2415"}],"wp:attachment":[{"href":"https:\/\/www.metalwireforms.com\/de\/wp-json\/wp\/v2\/media?parent=2411"}],"wp:term":[{"taxonomy":"product_brand","embeddable":true,"href":"https:\/\/www.metalwireforms.com\/de\/wp-json\/wp\/v2\/product_brand?post=2411"},{"taxonomy":"product_cat","embeddable":true,"href":"https:\/\/www.metalwireforms.com\/de\/wp-json\/wp\/v2\/product_cat?post=2411"},{"taxonomy":"product_tag","embeddable":true,"href":"https:\/\/www.metalwireforms.com\/de\/wp-json\/wp\/v2\/product_tag?post=2411"}],"curies":[{"name":"wp","href":"https:\/\/api.w.org\/{rel}","templated":true}]}}