{"id":2367,"date":"2022-09-12T06:44:29","date_gmt":"2022-09-12T06:44:29","guid":{"rendered":"https:\/\/www.metalwireforms.com\/?post_type=product&#038;p=2367"},"modified":"2022-09-12T07:27:48","modified_gmt":"2022-09-12T07:27:48","slug":"oem-forklift-clutch-return-spring-brake-pedal-tension-spring","status":"publish","type":"product","link":"https:\/\/www.metalwireforms.com\/de\/produkt\/oem-forklift-clutch-return-spring-brake-pedal-tension-spring","title":{"rendered":"OEM Gabelstapler Kupplung R\u00fcckholfeder Bremspedal Zugfeder"},"content":{"rendered":"<figure id=\"attachment_2373\" aria-describedby=\"caption-attachment-2373\" style=\"width: 1000px\" class=\"wp-caption alignnone\"><img fetchpriority=\"high\" decoding=\"async\" class=\"size-full wp-image-2373\" src=\"https:\/\/www.metalwireforms.com\/wp-content\/uploads\/2022\/09\/Clutch-tension-spring-6.jpg\" alt=\"Kupplungszugfeder (6)\" width=\"1000\" height=\"563\" srcset=\"https:\/\/www.metalwireforms.com\/wp-content\/uploads\/2022\/09\/Clutch-tension-spring-6.jpg 1000w, https:\/\/www.metalwireforms.com\/wp-content\/uploads\/2022\/09\/Clutch-tension-spring-6-300x169.jpg 300w, https:\/\/www.metalwireforms.com\/wp-content\/uploads\/2022\/09\/Clutch-tension-spring-6-150x84.jpg 150w, https:\/\/www.metalwireforms.com\/wp-content\/uploads\/2022\/09\/Clutch-tension-spring-6-768x432.jpg 768w, https:\/\/www.metalwireforms.com\/wp-content\/uploads\/2022\/09\/Clutch-tension-spring-6-18x10.jpg 18w, https:\/\/www.metalwireforms.com\/wp-content\/uploads\/2022\/09\/Clutch-tension-spring-6-800x450.jpg 800w, https:\/\/www.metalwireforms.com\/wp-content\/uploads\/2022\/09\/Clutch-tension-spring-6-600x338.jpg 600w\" sizes=\"(max-width: 1000px) 100vw, 1000px\" \/><figcaption id=\"caption-attachment-2373\" class=\"wp-caption-text\">Kupplungszugfeder (6)<\/figcaption><\/figure>\n<figure id=\"attachment_2374\" aria-describedby=\"caption-attachment-2374\" style=\"width: 1000px\" class=\"wp-caption alignnone\"><img decoding=\"async\" class=\"size-full wp-image-2374\" src=\"https:\/\/www.metalwireforms.com\/wp-content\/uploads\/2022\/09\/Clutch-tension-spring-7.jpg\" alt=\"Kupplungszugfeder (7)\" width=\"1000\" height=\"563\" srcset=\"https:\/\/www.metalwireforms.com\/wp-content\/uploads\/2022\/09\/Clutch-tension-spring-7.jpg 1000w, https:\/\/www.metalwireforms.com\/wp-content\/uploads\/2022\/09\/Clutch-tension-spring-7-300x169.jpg 300w, https:\/\/www.metalwireforms.com\/wp-content\/uploads\/2022\/09\/Clutch-tension-spring-7-150x84.jpg 150w, https:\/\/www.metalwireforms.com\/wp-content\/uploads\/2022\/09\/Clutch-tension-spring-7-768x432.jpg 768w, https:\/\/www.metalwireforms.com\/wp-content\/uploads\/2022\/09\/Clutch-tension-spring-7-18x10.jpg 18w, https:\/\/www.metalwireforms.com\/wp-content\/uploads\/2022\/09\/Clutch-tension-spring-7-800x450.jpg 800w, https:\/\/www.metalwireforms.com\/wp-content\/uploads\/2022\/09\/Clutch-tension-spring-7-600x338.jpg 600w\" sizes=\"(max-width: 1000px) 100vw, 1000px\" \/><figcaption id=\"caption-attachment-2374\" class=\"wp-caption-text\">Kupplungszugfeder (7)<\/figcaption><\/figure>\n<h3>Merkmal<\/h3>\n<p>1. Das Rohmaterial der ma\u00dfgeschneiderten Zugfeder ist rostfreier Stahl, der korrosionsbest\u00e4ndig, biegefest und elastisch ist.<br \/>\n2. Die kundenspezifische Zugfeder wird durch mehrere Prozesse hergestellt, der Prozess wird streng kontrolliert, die Oberfl\u00e4che ist glatt, und es gibt keinen Grat.<br \/>\n3. Es gibt keine Bindehautentz\u00fcndung und schwarze Flecken auf der Oberfl\u00e4che der Feder, mit feinen Details und gute Textur, die f\u00fcr die Verbesserung der Arbeitseffizienz bequem ist.<br \/>\n4. Der Haken der Zugfeder ist mit hoher Temperatur behandelt, und die Oberfl\u00e4che ist glatt und gleichm\u00e4\u00dfig belastet.<br \/>\n5. Zu den Hakenformen der Zugfeder geh\u00f6ren: mittlerer Haken, halbrunder Haken, seitlicher runder Haken, quadratischer Haken, drehbarer runder Haken, seitlicher Haken, deutscher Haken, mittlerer runder Haken, dreieckiger Haken und schr\u00e4ger runder Haken.<\/p>\n<h3>Anmeldung<\/h3>\n<p>Die Zugfedern, die wir produzieren, haben ein hohes Ma\u00df an Flexibilit\u00e4t und Pr\u00e4zision, unsere Zugfedern k\u00f6nnen in fast allen industriellen Bereichen verwendet werden, wie Verteidigung, Marine, Computer, Elektronik, Automobil, Schimmel, Medizin, Luft- und Raumfahrt, Eisenbahn, Kraftwerk, Baumaschinen, Bergbaumaschinen, Baumaschinen, Aufz\u00fcge und andere Bereiche. Der Hersteller von Zugfedern hat die IS9001-Qualit\u00e4tssystem-Zertifizierung bestanden, und die Federpr\u00fcfger\u00e4te sind komplett, wie z.B.: Torsionspr\u00fcfmaschine, Druckspannungspr\u00fcfmaschine, Salzspr\u00fchnebelpr\u00fcfmaschine, Lebensdauerpr\u00fcfmaschine, etc.<\/p>","protected":false},"excerpt":{"rendered":"<p>Die Zugfeder ist eine Schraubenfeder, die die axiale Spannung tr\u00e4gt, und die Zugfeder ist im Allgemeinen aus einem Material mit rundem Querschnitt hergestellt. Im unbelasteten Zustand sind die Windungen der Zugfeder im Allgemeinen dicht und es gibt keinen Spalt zwischen den Windungen.<\/p>","protected":false},"featured_media":2368,"template":"","meta":{"ocean_post_layout":"","ocean_both_sidebars_style":"","ocean_both_sidebars_content_width":0,"ocean_both_sidebars_sidebars_width":0,"ocean_sidebar":"0","ocean_second_sidebar":"0","ocean_disable_margins":"enable","ocean_add_body_class":"","ocean_shortcode_before_top_bar":"","ocean_shortcode_after_top_bar":"","ocean_shortcode_before_header":"","ocean_shortcode_after_header":"","ocean_has_shortcode":"","ocean_shortcode_after_title":"","ocean_shortcode_before_footer_widgets":"","ocean_shortcode_after_footer_widgets":"","ocean_shortcode_before_footer_bottom":"","ocean_shortcode_after_footer_bottom":"","ocean_display_top_bar":"default","ocean_display_header":"default","ocean_header_style":"","ocean_center_header_left_menu":"0","ocean_custom_header_template":"0","ocean_custom_logo":0,"ocean_custom_retina_logo":0,"ocean_custom_logo_max_width":0,"ocean_custom_logo_tablet_max_width":0,"ocean_custom_logo_mobile_max_width":0,"ocean_custom_logo_max_height":0,"ocean_custom_logo_tablet_max_height":0,"ocean_custom_logo_mobile_max_height":0,"ocean_header_custom_menu":"0","ocean_menu_typo_font_family":"0","ocean_menu_typo_font_subset":"","ocean_menu_typo_font_size":0,"ocean_menu_typo_font_size_tablet":0,"ocean_menu_typo_font_size_mobile":0,"ocean_menu_typo_font_size_unit":"px","ocean_menu_typo_font_weight":"","ocean_menu_typo_font_weight_tablet":"","ocean_menu_typo_font_weight_mobile":"","ocean_menu_typo_transform":"","ocean_menu_typo_transform_tablet":"","ocean_menu_typo_transform_mobile":"","ocean_menu_typo_line_height":0,"ocean_menu_typo_line_height_tablet":0,"ocean_menu_typo_line_height_mobile":0,"ocean_menu_typo_line_height_unit":"","ocean_menu_typo_spacing":0,"ocean_menu_typo_spacing_tablet":0,"ocean_menu_typo_spacing_mobile":0,"ocean_menu_typo_spacing_unit":"","ocean_menu_link_color":"","ocean_menu_link_color_hover":"","ocean_menu_link_color_active":"","ocean_menu_link_background":"","ocean_menu_link_hover_background":"","ocean_menu_link_active_background":"","ocean_menu_social_links_bg":"","ocean_menu_social_hover_links_bg":"","ocean_menu_social_links_color":"","ocean_menu_social_hover_links_color":"","ocean_disable_title":"default","ocean_disable_heading":"default","ocean_post_title":"","ocean_post_subheading":"","ocean_post_title_style":"","ocean_post_title_background_color":"","ocean_post_title_background":0,"ocean_post_title_bg_image_position":"","ocean_post_title_bg_image_attachment":"","ocean_post_title_bg_image_repeat":"","ocean_post_title_bg_image_size":"","ocean_post_title_height":0,"ocean_post_title_bg_overlay":0.5,"ocean_post_title_bg_overlay_color":"","ocean_disable_breadcrumbs":"default","ocean_breadcrumbs_color":"","ocean_breadcrumbs_separator_color":"","ocean_breadcrumbs_links_color":"","ocean_breadcrumbs_links_hover_color":"","ocean_display_footer_widgets":"default","ocean_display_footer_bottom":"default","ocean_custom_footer_template":"0","ofc_meta_disable_footer_callout":"","ofc_meta_callout_button_url":"","ofc_meta_callout_button_txt":"","ofc_meta_callout_text":"","osh_disable_topbar_sticky":"default","osh_disable_header_sticky":"default","osh_sticky_header_style":"default","osh_sticky_header_effect":"","osh_custom_sticky_logo":0,"osh_custom_retina_sticky_logo":0,"osh_custom_sticky_logo_height":0,"osh_background_color":"","osh_links_color":"","osh_links_hover_color":"","osh_links_active_color":"","osh_links_bg_color":"","osh_links_hover_bg_color":"","osh_links_active_bg_color":"","osh_menu_social_links_color":"","osh_menu_social_hover_links_color":""},"product_brand":[],"product_cat":[144,27],"product_tag":[164,110,65],"class_list":{"0":"post-2367","1":"product","2":"type-product","3":"status-publish","4":"has-post-thumbnail","6":"product_cat-custom-springs","7":"product_cat-custom-tension-springs","8":"product_tag-custom-spring","9":"product_tag-extension-spring","10":"product_tag-tension-spring","12":"entry","13":"has-media","15":"first","16":"instock","17":"shipping-taxable","18":"product-type-external","19":"col","20":"span_1_of_3","21":"owp-content-center","22":"owp-thumbs-layout-horizontal","23":"owp-btn-very-big","24":"owp-tabs-layout-horizontal","25":"circle-sale"},"_links":{"self":[{"href":"https:\/\/www.metalwireforms.com\/de\/wp-json\/wp\/v2\/product\/2367","targetHints":{"allow":["GET"]}}],"collection":[{"href":"https:\/\/www.metalwireforms.com\/de\/wp-json\/wp\/v2\/product"}],"about":[{"href":"https:\/\/www.metalwireforms.com\/de\/wp-json\/wp\/v2\/types\/product"}],"version-history":[{"count":1,"href":"https:\/\/www.metalwireforms.com\/de\/wp-json\/wp\/v2\/product\/2367\/revisions"}],"predecessor-version":[{"id":2375,"href":"https:\/\/www.metalwireforms.com\/de\/wp-json\/wp\/v2\/product\/2367\/revisions\/2375"}],"wp:featuredmedia":[{"embeddable":true,"href":"https:\/\/www.metalwireforms.com\/de\/wp-json\/wp\/v2\/media\/2368"}],"wp:attachment":[{"href":"https:\/\/www.metalwireforms.com\/de\/wp-json\/wp\/v2\/media?parent=2367"}],"wp:term":[{"taxonomy":"product_brand","embeddable":true,"href":"https:\/\/www.metalwireforms.com\/de\/wp-json\/wp\/v2\/product_brand?post=2367"},{"taxonomy":"product_cat","embeddable":true,"href":"https:\/\/www.metalwireforms.com\/de\/wp-json\/wp\/v2\/product_cat?post=2367"},{"taxonomy":"product_tag","embeddable":true,"href":"https:\/\/www.metalwireforms.com\/de\/wp-json\/wp\/v2\/product_tag?post=2367"}],"curies":[{"name":"wp","href":"https:\/\/api.w.org\/{rel}","templated":true}]}}