{"id":2325,"date":"2022-09-01T07:00:52","date_gmt":"2022-09-01T07:00:52","guid":{"rendered":"https:\/\/www.metalwireforms.com\/?post_type=product&#038;p=2325"},"modified":"2022-12-12T08:49:20","modified_gmt":"2022-12-12T08:49:20","slug":"factory-stainless-precision-constant-force-spiral-springs","status":"publish","type":"product","link":"https:\/\/www.metalwireforms.com\/de\/produkt\/factory-stainless-precision-constant-force-spiral-springs","title":{"rendered":"Fabrik Edelstahl Pr\u00e4zision konstante Kraft Spiralfedern"},"content":{"rendered":"<figure id=\"attachment_2332\" aria-describedby=\"caption-attachment-2332\" style=\"width: 1000px\" class=\"wp-caption alignnone\"><img fetchpriority=\"high\" decoding=\"async\" class=\"size-full wp-image-2332\" src=\"https:\/\/www.metalwireforms.com\/wp-content\/uploads\/2022\/09\/thin-spiral-spring-6.jpg\" alt=\"d\u00fcnne Spiralfeder (6)\" width=\"1000\" height=\"562\" srcset=\"https:\/\/www.metalwireforms.com\/wp-content\/uploads\/2022\/09\/thin-spiral-spring-6.jpg 1000w, https:\/\/www.metalwireforms.com\/wp-content\/uploads\/2022\/09\/thin-spiral-spring-6-300x169.jpg 300w, https:\/\/www.metalwireforms.com\/wp-content\/uploads\/2022\/09\/thin-spiral-spring-6-150x84.jpg 150w, https:\/\/www.metalwireforms.com\/wp-content\/uploads\/2022\/09\/thin-spiral-spring-6-768x432.jpg 768w, https:\/\/www.metalwireforms.com\/wp-content\/uploads\/2022\/09\/thin-spiral-spring-6-18x10.jpg 18w, https:\/\/www.metalwireforms.com\/wp-content\/uploads\/2022\/09\/thin-spiral-spring-6-800x450.jpg 800w, https:\/\/www.metalwireforms.com\/wp-content\/uploads\/2022\/09\/thin-spiral-spring-6-600x337.jpg 600w\" sizes=\"(max-width: 1000px) 100vw, 1000px\" \/><figcaption id=\"caption-attachment-2332\" class=\"wp-caption-text\">d\u00fcnne Spiralfeder (6)<\/figcaption><\/figure>\n<h3><strong>Merkmal<\/strong><\/h3>\n<p>1. Wir f\u00fchren eine strenge Qualit\u00e4tskontrolle in jedem Schritt vom Entwurf bis zur Massenproduktion von kundenspezifischen Spiralfedern durch und f\u00fchren Experimente und Inspektionen durch spezielle Ausr\u00fcstung. W\u00e4hrend der Massenproduktion werden wir spezielle Qualit\u00e4tskontrolldokumente auf der Grundlage der Testergebnisse der Proben formulieren.<br \/>\n2. Unser F&amp;E-Team f\u00fcr Spiralfedern bietet den Kunden professionelle Konstruktionsl\u00f6sungen, die den Anforderungen durch Simulationssoftware entsprechen. Gleichzeitig konzentrieren wir uns auf die Leistung der Schl\u00fcsselleistung der Feder.<br \/>\n3. Vor der Massenproduktion von kundenspezifischen Spiralfedern stellen wir den Kunden Muster zum Testen zur Verf\u00fcgung und kommunizieren mit den Kunden, um Meinungen \u00fcber Materialien, Abmessungen und Design\u00e4nderungen zu liefern.<br \/>\n4. Wir k\u00f6nnen Formen und Ausr\u00fcstungen f\u00fcr jede Spiralfederproduktionslinie herstellen, die die speziellen Bed\u00fcrfnisse verschiedener Anwendungsbereiche erf\u00fcllen k\u00f6nnen.<\/p>\n<h3>Anmeldung<\/h3>\n<p>Federn mit konstanter Kraft sind Federn, die eine konstante Spannung erzeugen, und sind eine Art von Spiralfedern. Sie werden typischerweise in Drahtaufwicklern, Saugvorrichtungen, Verkaufsautomaten, Rolltoren und Fenstern, Reiskochern, Mikrowellenherden usw. verwendet. Die Konstantkraftfeder wird haupts\u00e4chlich dort eingesetzt, wo eine lineare Bewegung erforderlich ist und eine konstante Spannung im Bereich der Dehnung und Verformung erzeugt wird. Konstantkraftfedern werden aus flachem Metallmaterial zu Spiralfedern mit verschiedenen Windungen, Breiten, Dicken, Au\u00dfendurchmessern und Spannungen gewickelt. Die Spiralfeder kann auf verschiedene Weise eingebaut und befestigt werden, sie kann teilweise oder vollst\u00e4ndig gedehnt werden, und es gibt keine Begrenzung f\u00fcr die Geschwindigkeit und Beschleunigung der Dehnung.<\/p>","protected":false},"excerpt":{"rendered":"<p>Im Bereich der Spiralfedern entwerfen, produzieren und verkaufen wir vor allem Pr\u00e4zisionsfedern der Spitzenklasse, verschiedene kleine und gro\u00dfe flache Spiralfedern sowie Federn mit konstanter Kraft. Am h\u00e4ufigsten werden Spiralfedern, Aufwickelfedern, Ausgleichsfedern, Starterfedern, Sicherheitsgurtfedern usw. verwendet.<\/p>","protected":false},"featured_media":2330,"template":"","meta":{"ocean_post_layout":"","ocean_both_sidebars_style":"","ocean_both_sidebars_content_width":0,"ocean_both_sidebars_sidebars_width":0,"ocean_sidebar":"0","ocean_second_sidebar":"0","ocean_disable_margins":"enable","ocean_add_body_class":"","ocean_shortcode_before_top_bar":"","ocean_shortcode_after_top_bar":"","ocean_shortcode_before_header":"","ocean_shortcode_after_header":"","ocean_has_shortcode":"","ocean_shortcode_after_title":"","ocean_shortcode_before_footer_widgets":"","ocean_shortcode_after_footer_widgets":"","ocean_shortcode_before_footer_bottom":"","ocean_shortcode_after_footer_bottom":"","ocean_display_top_bar":"default","ocean_display_header":"default","ocean_header_style":"","ocean_center_header_left_menu":"0","ocean_custom_header_template":"0","ocean_custom_logo":0,"ocean_custom_retina_logo":0,"ocean_custom_logo_max_width":0,"ocean_custom_logo_tablet_max_width":0,"ocean_custom_logo_mobile_max_width":0,"ocean_custom_logo_max_height":0,"ocean_custom_logo_tablet_max_height":0,"ocean_custom_logo_mobile_max_height":0,"ocean_header_custom_menu":"0","ocean_menu_typo_font_family":"0","ocean_menu_typo_font_subset":"","ocean_menu_typo_font_size":0,"ocean_menu_typo_font_size_tablet":0,"ocean_menu_typo_font_size_mobile":0,"ocean_menu_typo_font_size_unit":"px","ocean_menu_typo_font_weight":"","ocean_menu_typo_font_weight_tablet":"","ocean_menu_typo_font_weight_mobile":"","ocean_menu_typo_transform":"","ocean_menu_typo_transform_tablet":"","ocean_menu_typo_transform_mobile":"","ocean_menu_typo_line_height":0,"ocean_menu_typo_line_height_tablet":0,"ocean_menu_typo_line_height_mobile":0,"ocean_menu_typo_line_height_unit":"","ocean_menu_typo_spacing":0,"ocean_menu_typo_spacing_tablet":0,"ocean_menu_typo_spacing_mobile":0,"ocean_menu_typo_spacing_unit":"","ocean_menu_link_color":"","ocean_menu_link_color_hover":"","ocean_menu_link_color_active":"","ocean_menu_link_background":"","ocean_menu_link_hover_background":"","ocean_menu_link_active_background":"","ocean_menu_social_links_bg":"","ocean_menu_social_hover_links_bg":"","ocean_menu_social_links_color":"","ocean_menu_social_hover_links_color":"","ocean_disable_title":"default","ocean_disable_heading":"default","ocean_post_title":"","ocean_post_subheading":"","ocean_post_title_style":"","ocean_post_title_background_color":"","ocean_post_title_background":0,"ocean_post_title_bg_image_position":"","ocean_post_title_bg_image_attachment":"","ocean_post_title_bg_image_repeat":"","ocean_post_title_bg_image_size":"","ocean_post_title_height":0,"ocean_post_title_bg_overlay":0.5,"ocean_post_title_bg_overlay_color":"","ocean_disable_breadcrumbs":"default","ocean_breadcrumbs_color":"","ocean_breadcrumbs_separator_color":"","ocean_breadcrumbs_links_color":"","ocean_breadcrumbs_links_hover_color":"","ocean_display_footer_widgets":"default","ocean_display_footer_bottom":"default","ocean_custom_footer_template":"0","ofc_meta_disable_footer_callout":"","ofc_meta_callout_button_url":"","ofc_meta_callout_button_txt":"","ofc_meta_callout_text":"","osh_disable_topbar_sticky":"default","osh_disable_header_sticky":"default","osh_sticky_header_style":"default","osh_sticky_header_effect":"","osh_custom_sticky_logo":0,"osh_custom_retina_sticky_logo":0,"osh_custom_sticky_logo_height":0,"osh_background_color":"","osh_links_color":"","osh_links_hover_color":"","osh_links_active_color":"","osh_links_bg_color":"","osh_links_hover_bg_color":"","osh_links_active_bg_color":"","osh_menu_social_links_color":"","osh_menu_social_hover_links_color":""},"product_brand":[],"product_cat":[144,148],"product_tag":[190,191,163],"class_list":{"0":"post-2325","1":"product","2":"type-product","3":"status-publish","4":"has-post-thumbnail","6":"product_cat-custom-springs","7":"product_cat-custom-spiral-springs","8":"product_tag-constant-force-springs","9":"product_tag-scroll-springs","10":"product_tag-spiral-spring","12":"entry","13":"has-media","15":"first","16":"instock","17":"shipping-taxable","18":"product-type-external","19":"col","20":"span_1_of_3","21":"owp-content-center","22":"owp-thumbs-layout-horizontal","23":"owp-btn-very-big","24":"owp-tabs-layout-horizontal","25":"circle-sale"},"_links":{"self":[{"href":"https:\/\/www.metalwireforms.com\/de\/wp-json\/wp\/v2\/product\/2325","targetHints":{"allow":["GET"]}}],"collection":[{"href":"https:\/\/www.metalwireforms.com\/de\/wp-json\/wp\/v2\/product"}],"about":[{"href":"https:\/\/www.metalwireforms.com\/de\/wp-json\/wp\/v2\/types\/product"}],"version-history":[{"count":2,"href":"https:\/\/www.metalwireforms.com\/de\/wp-json\/wp\/v2\/product\/2325\/revisions"}],"predecessor-version":[{"id":2333,"href":"https:\/\/www.metalwireforms.com\/de\/wp-json\/wp\/v2\/product\/2325\/revisions\/2333"}],"wp:featuredmedia":[{"embeddable":true,"href":"https:\/\/www.metalwireforms.com\/de\/wp-json\/wp\/v2\/media\/2330"}],"wp:attachment":[{"href":"https:\/\/www.metalwireforms.com\/de\/wp-json\/wp\/v2\/media?parent=2325"}],"wp:term":[{"taxonomy":"product_brand","embeddable":true,"href":"https:\/\/www.metalwireforms.com\/de\/wp-json\/wp\/v2\/product_brand?post=2325"},{"taxonomy":"product_cat","embeddable":true,"href":"https:\/\/www.metalwireforms.com\/de\/wp-json\/wp\/v2\/product_cat?post=2325"},{"taxonomy":"product_tag","embeddable":true,"href":"https:\/\/www.metalwireforms.com\/de\/wp-json\/wp\/v2\/product_tag?post=2325"}],"curies":[{"name":"wp","href":"https:\/\/api.w.org\/{rel}","templated":true}]}}