{"id":2312,"date":"2022-08-30T09:41:26","date_gmt":"2022-08-30T09:41:26","guid":{"rendered":"https:\/\/www.metalwireforms.com\/?post_type=product&#038;p=2312"},"modified":"2022-08-30T09:52:28","modified_gmt":"2022-08-30T09:52:28","slug":"custom-galvanized-steel-sheet-pp-packing-strapping-clips","status":"publish","type":"product","link":"https:\/\/www.metalwireforms.com\/de\/produkt\/custom-galvanized-steel-sheet-pp-packing-strapping-clips","title":{"rendered":"Kundenspezifische verzinkte Stahlblech-PP-Verpackungsumreifungsklammern"},"content":{"rendered":"<figure id=\"attachment_2313\" aria-describedby=\"caption-attachment-2313\" style=\"width: 1000px\" class=\"wp-caption alignnone\"><img fetchpriority=\"high\" decoding=\"async\" class=\"size-full wp-image-2313\" src=\"https:\/\/www.metalwireforms.com\/wp-content\/uploads\/2022\/08\/PP-strapping-clip-1.jpg\" alt=\"PP-Umreifungsklammer (1)\" width=\"1000\" height=\"563\" srcset=\"https:\/\/www.metalwireforms.com\/wp-content\/uploads\/2022\/08\/PP-strapping-clip-1.jpg 1000w, https:\/\/www.metalwireforms.com\/wp-content\/uploads\/2022\/08\/PP-strapping-clip-1-300x169.jpg 300w, https:\/\/www.metalwireforms.com\/wp-content\/uploads\/2022\/08\/PP-strapping-clip-1-150x84.jpg 150w, https:\/\/www.metalwireforms.com\/wp-content\/uploads\/2022\/08\/PP-strapping-clip-1-768x432.jpg 768w, https:\/\/www.metalwireforms.com\/wp-content\/uploads\/2022\/08\/PP-strapping-clip-1-18x10.jpg 18w, https:\/\/www.metalwireforms.com\/wp-content\/uploads\/2022\/08\/PP-strapping-clip-1-800x450.jpg 800w, https:\/\/www.metalwireforms.com\/wp-content\/uploads\/2022\/08\/PP-strapping-clip-1-600x338.jpg 600w\" sizes=\"(max-width: 1000px) 100vw, 1000px\" \/><figcaption id=\"caption-attachment-2313\" class=\"wp-caption-text\">PP-Umreifungsklammer (1)<\/figcaption><\/figure>\n<h3>Merkmal<\/h3>\n<p>1. PP Umreifungsklammer ist aus hochwertigem Material, aus Stahlblech und verzinkt auf der Oberfl\u00e4che, die Rost in einer bestimmten Umgebung verhindern kann.<br \/>\n2. Das Aussehen der Umreifungsklammer ist sch\u00f6n, korrosionsbest\u00e4ndig und hat gute Duktilit\u00e4t. Die Platte Oberfl\u00e4che ist flach, verzinkt gleichm\u00e4\u00dfig, und die Farbe ist hell und sch\u00f6n.<br \/>\n3. Die Klemmkraft des Umreifungsbandes ist stark, die gesamte glatte Oberfl\u00e4che ist frei von Farbe, und es ist nicht leicht zu rutschen. Der Effekt ist ausgezeichnet, wenn mit dem Verpackungsband verwendet.<br \/>\n4. Die kundenspezifische Umreifungsplombe ist weit verbreitet und eignet sich f\u00fcr allgemeine PP-Verpackungen auf dem Markt. Es wird mit PP-Verpackungsband unter 2,0 mm verwendet.<\/p>\n<h3>Vorteil<\/h3>\n<p>1. Wir haben unsere eigene Produktions- und Montagewerkstatt f\u00fcr PP-Band und PP-Umreifungsclips, mit kompletter Ausr\u00fcstung und exquisiter Technologie.<br \/>\n2. Es gibt ein professionelles technisches Team, in der Lage zu entwerfen und anpassen Verpackung G\u00fcrtel Clips, professionelle After-Sales-Service-Personal und strenge Qualit\u00e4tskontrolle System.<br \/>\n3. Alle Rohstoffe, die f\u00fcr die Packbandklemme verwendet werden, sind streng nach Qualit\u00e4t ausgew\u00e4hlt, nur um eine h\u00f6here Qualit\u00e4t Umreifungsklammern bieten<br \/>\n4. Wir verf\u00fcgen \u00fcber langj\u00e4hrige Erfahrung in der Herstellung und Verarbeitung von Verpackungsbandclips. Wir arbeiten mit vielen Dienstleistern zusammen. Verpackung G\u00fcrtel Clips unterst\u00fctzen spezielle Anpassung und Massenproduktion.<\/p>","protected":false},"excerpt":{"rendered":"<p>PP-Umreifungsklammern sind weit verbreitet f\u00fcr die Bindung und Befestigung von Produkten aus Ziegel, Holz, Metall, Papier, Waren, Bau, Stein, Textil, Hardware, M\u00f6bel, Holzkiste, Stahl, Stein, Stahldraht, Schwei\u00dfen, Aluminium-Barren, Zink-Barren-Verpackung und anderen Branchen.<\/p>","protected":false},"featured_media":2319,"template":"","meta":{"ocean_post_layout":"","ocean_both_sidebars_style":"","ocean_both_sidebars_content_width":0,"ocean_both_sidebars_sidebars_width":0,"ocean_sidebar":"0","ocean_second_sidebar":"0","ocean_disable_margins":"enable","ocean_add_body_class":"","ocean_shortcode_before_top_bar":"","ocean_shortcode_after_top_bar":"","ocean_shortcode_before_header":"","ocean_shortcode_after_header":"","ocean_has_shortcode":"","ocean_shortcode_after_title":"","ocean_shortcode_before_footer_widgets":"","ocean_shortcode_after_footer_widgets":"","ocean_shortcode_before_footer_bottom":"","ocean_shortcode_after_footer_bottom":"","ocean_display_top_bar":"default","ocean_display_header":"default","ocean_header_style":"","ocean_center_header_left_menu":"0","ocean_custom_header_template":"0","ocean_custom_logo":0,"ocean_custom_retina_logo":0,"ocean_custom_logo_max_width":0,"ocean_custom_logo_tablet_max_width":0,"ocean_custom_logo_mobile_max_width":0,"ocean_custom_logo_max_height":0,"ocean_custom_logo_tablet_max_height":0,"ocean_custom_logo_mobile_max_height":0,"ocean_header_custom_menu":"0","ocean_menu_typo_font_family":"0","ocean_menu_typo_font_subset":"","ocean_menu_typo_font_size":0,"ocean_menu_typo_font_size_tablet":0,"ocean_menu_typo_font_size_mobile":0,"ocean_menu_typo_font_size_unit":"px","ocean_menu_typo_font_weight":"","ocean_menu_typo_font_weight_tablet":"","ocean_menu_typo_font_weight_mobile":"","ocean_menu_typo_transform":"","ocean_menu_typo_transform_tablet":"","ocean_menu_typo_transform_mobile":"","ocean_menu_typo_line_height":0,"ocean_menu_typo_line_height_tablet":0,"ocean_menu_typo_line_height_mobile":0,"ocean_menu_typo_line_height_unit":"","ocean_menu_typo_spacing":0,"ocean_menu_typo_spacing_tablet":0,"ocean_menu_typo_spacing_mobile":0,"ocean_menu_typo_spacing_unit":"","ocean_menu_link_color":"","ocean_menu_link_color_hover":"","ocean_menu_link_color_active":"","ocean_menu_link_background":"","ocean_menu_link_hover_background":"","ocean_menu_link_active_background":"","ocean_menu_social_links_bg":"","ocean_menu_social_hover_links_bg":"","ocean_menu_social_links_color":"","ocean_menu_social_hover_links_color":"","ocean_disable_title":"default","ocean_disable_heading":"default","ocean_post_title":"","ocean_post_subheading":"","ocean_post_title_style":"","ocean_post_title_background_color":"","ocean_post_title_background":0,"ocean_post_title_bg_image_position":"","ocean_post_title_bg_image_attachment":"","ocean_post_title_bg_image_repeat":"","ocean_post_title_bg_image_size":"","ocean_post_title_height":0,"ocean_post_title_bg_overlay":0.5,"ocean_post_title_bg_overlay_color":"","ocean_disable_breadcrumbs":"default","ocean_breadcrumbs_color":"","ocean_breadcrumbs_separator_color":"","ocean_breadcrumbs_links_color":"","ocean_breadcrumbs_links_hover_color":"","ocean_display_footer_widgets":"default","ocean_display_footer_bottom":"default","ocean_custom_footer_template":"0","ofc_meta_disable_footer_callout":"","ofc_meta_callout_button_url":"","ofc_meta_callout_button_txt":"","ofc_meta_callout_text":"","osh_disable_topbar_sticky":"default","osh_disable_header_sticky":"default","osh_sticky_header_style":"default","osh_sticky_header_effect":"","osh_custom_sticky_logo":0,"osh_custom_retina_sticky_logo":0,"osh_custom_sticky_logo_height":0,"osh_background_color":"","osh_links_color":"","osh_links_hover_color":"","osh_links_active_color":"","osh_links_bg_color":"","osh_links_hover_bg_color":"","osh_links_active_bg_color":"","osh_menu_social_links_color":"","osh_menu_social_hover_links_color":""},"product_brand":[],"product_cat":[145,34],"product_tag":[187,188,189],"class_list":{"0":"post-2312","1":"product","2":"type-product","3":"status-publish","4":"has-post-thumbnail","6":"product_cat-custom-wire-fasteners","7":"product_cat-custom-other-clips","8":"product_tag-custom-strapping-clip","9":"product_tag-custom-strapping-seal","10":"product_tag-packaging-clip","12":"entry","13":"has-media","15":"first","16":"instock","17":"shipping-taxable","18":"product-type-external","19":"col","20":"span_1_of_3","21":"owp-content-center","22":"owp-thumbs-layout-horizontal","23":"owp-btn-very-big","24":"owp-tabs-layout-horizontal","25":"circle-sale"},"_links":{"self":[{"href":"https:\/\/www.metalwireforms.com\/de\/wp-json\/wp\/v2\/product\/2312","targetHints":{"allow":["GET"]}}],"collection":[{"href":"https:\/\/www.metalwireforms.com\/de\/wp-json\/wp\/v2\/product"}],"about":[{"href":"https:\/\/www.metalwireforms.com\/de\/wp-json\/wp\/v2\/types\/product"}],"version-history":[{"count":1,"href":"https:\/\/www.metalwireforms.com\/de\/wp-json\/wp\/v2\/product\/2312\/revisions"}],"predecessor-version":[{"id":2318,"href":"https:\/\/www.metalwireforms.com\/de\/wp-json\/wp\/v2\/product\/2312\/revisions\/2318"}],"wp:featuredmedia":[{"embeddable":true,"href":"https:\/\/www.metalwireforms.com\/de\/wp-json\/wp\/v2\/media\/2319"}],"wp:attachment":[{"href":"https:\/\/www.metalwireforms.com\/de\/wp-json\/wp\/v2\/media?parent=2312"}],"wp:term":[{"taxonomy":"product_brand","embeddable":true,"href":"https:\/\/www.metalwireforms.com\/de\/wp-json\/wp\/v2\/product_brand?post=2312"},{"taxonomy":"product_cat","embeddable":true,"href":"https:\/\/www.metalwireforms.com\/de\/wp-json\/wp\/v2\/product_cat?post=2312"},{"taxonomy":"product_tag","embeddable":true,"href":"https:\/\/www.metalwireforms.com\/de\/wp-json\/wp\/v2\/product_tag?post=2312"}],"curies":[{"name":"wp","href":"https:\/\/api.w.org\/{rel}","templated":true}]}}