{"id":2303,"date":"2022-08-29T02:22:15","date_gmt":"2022-08-29T02:22:15","guid":{"rendered":"https:\/\/www.metalwireforms.com\/?post_type=product&#038;p=2303"},"modified":"2022-08-29T02:28:37","modified_gmt":"2022-08-29T02:28:37","slug":"custom-steel-u-shaped-pipe-clamp-galvanized-saddle-clamp","status":"publish","type":"product","link":"https:\/\/www.metalwireforms.com\/de\/produkt\/custom-steel-u-shaped-pipe-clamp-galvanized-saddle-clamp","title":{"rendered":"Kundenspezifische U-f\u00f6rmige Rohrschelle aus Stahl Verzinkte Sattelschelle"},"content":{"rendered":"<figure id=\"attachment_2308\" aria-describedby=\"caption-attachment-2308\" style=\"width: 1000px\" class=\"wp-caption alignnone\"><img fetchpriority=\"high\" decoding=\"async\" class=\"size-full wp-image-2308\" src=\"https:\/\/www.metalwireforms.com\/wp-content\/uploads\/2022\/08\/Custom-Pipe-Clamps-5.jpg\" alt=\"Kundenspezifische Rohrschellen (5)\" width=\"1000\" height=\"563\" srcset=\"https:\/\/www.metalwireforms.com\/wp-content\/uploads\/2022\/08\/Custom-Pipe-Clamps-5.jpg 1000w, https:\/\/www.metalwireforms.com\/wp-content\/uploads\/2022\/08\/Custom-Pipe-Clamps-5-300x169.jpg 300w, https:\/\/www.metalwireforms.com\/wp-content\/uploads\/2022\/08\/Custom-Pipe-Clamps-5-150x84.jpg 150w, https:\/\/www.metalwireforms.com\/wp-content\/uploads\/2022\/08\/Custom-Pipe-Clamps-5-768x432.jpg 768w, https:\/\/www.metalwireforms.com\/wp-content\/uploads\/2022\/08\/Custom-Pipe-Clamps-5-18x10.jpg 18w, https:\/\/www.metalwireforms.com\/wp-content\/uploads\/2022\/08\/Custom-Pipe-Clamps-5-800x450.jpg 800w, https:\/\/www.metalwireforms.com\/wp-content\/uploads\/2022\/08\/Custom-Pipe-Clamps-5-600x338.jpg 600w\" sizes=\"(max-width: 1000px) 100vw, 1000px\" \/><figcaption id=\"caption-attachment-2308\" class=\"wp-caption-text\">Kundenspezifische Rohrschellen (5)<\/figcaption><\/figure>\n<h3>Merkmal<\/h3>\n<p>Gemeinsame Spezifikationen f\u00fcr Rohrschellen: \u03a68, \u03a610, \u03a612, \u03a614, \u03a616, \u03a618, \u03a620, \u03a622, \u03a625~1000 k\u00f6nnen entsprechend den Zeichnungen angepasst werden.<br \/>\nMaterial der Rohrschelle: Kohlenstoffstahl, rostfreier Stahl<br \/>\nTechnologie der Oberfl\u00e4chenbehandlung der Rohrschellen: wei\u00df verzinkt, farbig verzinkt, vernickelt, verchromt, geschw\u00e4rzt, dacromet, feuerverzinkt, feuerverzinkt, usw.<br \/>\nInstallationsmethode f\u00fcr Rohrschellen: je nach dem tats\u00e4chlichen Lochabstand des Produkts wird die Gr\u00f6\u00dfe bestimmt und dann mit Nieten, Schrauben, Punktschwei\u00dfen usw. befestigt.<br \/>\nHinweis:<br \/>\nVerwenden Sie keine Schwefels\u00e4ure oder saure L\u00f6sung, um die Oberfl\u00e4che der Rohrschelle zu reinigen.<br \/>\nVerwenden Sie keine Poliermaschine, um die Rohrschellen zu polieren.<br \/>\nVer\u00e4ndern Sie den Lochabstand der Rohrschelle nicht willk\u00fcrlich, um unn\u00f6tige Sch\u00e4den zu vermeiden.<br \/>\n\u00c4ndern Sie nicht willk\u00fcrlich die Teile der Rohrschelle, um Sch\u00e4den an der Rohrschelle zu vermeiden.<br \/>\nBitte verwenden Sie es entsprechend der Tragf\u00e4higkeit der Rohrschelle, um unn\u00f6tige Verluste durch \u00dcberlastung zu vermeiden.<\/p>\n<h3>Anmeldung<\/h3>\n<p>Wir liefern seit langem Produkte f\u00fcr die Metallurgie, den Schiffbau, die Schiffstechnik, den Schwermaschinenbau, die Baumaschinenindustrie, die Werkzeugmaschinenindustrie, die Elektrizit\u00e4tswirtschaft, die Papierherstellung, die Hydraulik, die Automobilindustrie, die Petrochemie, die Wasserwirtschaft und andere Industriezweige, die von den Kunden gut angenommen werden.<\/p>","protected":false},"excerpt":{"rendered":"<p>Wir stellen alle Arten von Rohrschellen her, darunter U-f\u00f6rmige Rohrschellen, Stahlrohrschellen, Flachstahlrohrschellen, Rohrschellen aus Aluminiumlegierungen, Rohrschellen f\u00fcr die Schifffahrt, leichte Rohrschellen, schwere Rohrschellen, leichte Rohrschellen, sto\u00dffeste Rohrschellen, hydraulische Rohrschellen, Rohrverbindungsst\u00fccke usw., 24 Serien mit Hunderten von Rohrschellen.<\/p>","protected":false},"featured_media":2305,"template":"","meta":{"ocean_post_layout":"","ocean_both_sidebars_style":"","ocean_both_sidebars_content_width":0,"ocean_both_sidebars_sidebars_width":0,"ocean_sidebar":"0","ocean_second_sidebar":"0","ocean_disable_margins":"enable","ocean_add_body_class":"","ocean_shortcode_before_top_bar":"","ocean_shortcode_after_top_bar":"","ocean_shortcode_before_header":"","ocean_shortcode_after_header":"","ocean_has_shortcode":"","ocean_shortcode_after_title":"","ocean_shortcode_before_footer_widgets":"","ocean_shortcode_after_footer_widgets":"","ocean_shortcode_before_footer_bottom":"","ocean_shortcode_after_footer_bottom":"","ocean_display_top_bar":"default","ocean_display_header":"default","ocean_header_style":"","ocean_center_header_left_menu":"0","ocean_custom_header_template":"0","ocean_custom_logo":0,"ocean_custom_retina_logo":0,"ocean_custom_logo_max_width":0,"ocean_custom_logo_tablet_max_width":0,"ocean_custom_logo_mobile_max_width":0,"ocean_custom_logo_max_height":0,"ocean_custom_logo_tablet_max_height":0,"ocean_custom_logo_mobile_max_height":0,"ocean_header_custom_menu":"0","ocean_menu_typo_font_family":"0","ocean_menu_typo_font_subset":"","ocean_menu_typo_font_size":0,"ocean_menu_typo_font_size_tablet":0,"ocean_menu_typo_font_size_mobile":0,"ocean_menu_typo_font_size_unit":"px","ocean_menu_typo_font_weight":"","ocean_menu_typo_font_weight_tablet":"","ocean_menu_typo_font_weight_mobile":"","ocean_menu_typo_transform":"","ocean_menu_typo_transform_tablet":"","ocean_menu_typo_transform_mobile":"","ocean_menu_typo_line_height":0,"ocean_menu_typo_line_height_tablet":0,"ocean_menu_typo_line_height_mobile":0,"ocean_menu_typo_line_height_unit":"","ocean_menu_typo_spacing":0,"ocean_menu_typo_spacing_tablet":0,"ocean_menu_typo_spacing_mobile":0,"ocean_menu_typo_spacing_unit":"","ocean_menu_link_color":"","ocean_menu_link_color_hover":"","ocean_menu_link_color_active":"","ocean_menu_link_background":"","ocean_menu_link_hover_background":"","ocean_menu_link_active_background":"","ocean_menu_social_links_bg":"","ocean_menu_social_hover_links_bg":"","ocean_menu_social_links_color":"","ocean_menu_social_hover_links_color":"","ocean_disable_title":"default","ocean_disable_heading":"default","ocean_post_title":"","ocean_post_subheading":"","ocean_post_title_style":"","ocean_post_title_background_color":"","ocean_post_title_background":0,"ocean_post_title_bg_image_position":"","ocean_post_title_bg_image_attachment":"","ocean_post_title_bg_image_repeat":"","ocean_post_title_bg_image_size":"","ocean_post_title_height":0,"ocean_post_title_bg_overlay":0.5,"ocean_post_title_bg_overlay_color":"","ocean_disable_breadcrumbs":"default","ocean_breadcrumbs_color":"","ocean_breadcrumbs_separator_color":"","ocean_breadcrumbs_links_color":"","ocean_breadcrumbs_links_hover_color":"","ocean_display_footer_widgets":"default","ocean_display_footer_bottom":"default","ocean_custom_footer_template":"0","ofc_meta_disable_footer_callout":"","ofc_meta_callout_button_url":"","ofc_meta_callout_button_txt":"","ofc_meta_callout_text":"","osh_disable_topbar_sticky":"default","osh_disable_header_sticky":"default","osh_sticky_header_style":"default","osh_sticky_header_effect":"","osh_custom_sticky_logo":0,"osh_custom_retina_sticky_logo":0,"osh_custom_sticky_logo_height":0,"osh_background_color":"","osh_links_color":"","osh_links_hover_color":"","osh_links_active_color":"","osh_links_bg_color":"","osh_links_hover_bg_color":"","osh_links_active_bg_color":"","osh_menu_social_links_color":"","osh_menu_social_hover_links_color":""},"product_brand":[],"product_cat":[34,145],"product_tag":[185,133,186],"class_list":{"0":"post-2303","1":"product","2":"type-product","3":"status-publish","4":"has-post-thumbnail","6":"product_cat-custom-other-clips","7":"product_cat-custom-wire-fasteners","8":"product_tag-custom-pipe-clamps","9":"product_tag-pipe-clamp","10":"product_tag-saddle-clamp","12":"entry","13":"has-media","15":"first","16":"instock","17":"shipping-taxable","18":"product-type-external","19":"col","20":"span_1_of_3","21":"owp-content-center","22":"owp-thumbs-layout-horizontal","23":"owp-btn-very-big","24":"owp-tabs-layout-horizontal","25":"circle-sale"},"_links":{"self":[{"href":"https:\/\/www.metalwireforms.com\/de\/wp-json\/wp\/v2\/product\/2303","targetHints":{"allow":["GET"]}}],"collection":[{"href":"https:\/\/www.metalwireforms.com\/de\/wp-json\/wp\/v2\/product"}],"about":[{"href":"https:\/\/www.metalwireforms.com\/de\/wp-json\/wp\/v2\/types\/product"}],"version-history":[{"count":1,"href":"https:\/\/www.metalwireforms.com\/de\/wp-json\/wp\/v2\/product\/2303\/revisions"}],"predecessor-version":[{"id":2309,"href":"https:\/\/www.metalwireforms.com\/de\/wp-json\/wp\/v2\/product\/2303\/revisions\/2309"}],"wp:featuredmedia":[{"embeddable":true,"href":"https:\/\/www.metalwireforms.com\/de\/wp-json\/wp\/v2\/media\/2305"}],"wp:attachment":[{"href":"https:\/\/www.metalwireforms.com\/de\/wp-json\/wp\/v2\/media?parent=2303"}],"wp:term":[{"taxonomy":"product_brand","embeddable":true,"href":"https:\/\/www.metalwireforms.com\/de\/wp-json\/wp\/v2\/product_brand?post=2303"},{"taxonomy":"product_cat","embeddable":true,"href":"https:\/\/www.metalwireforms.com\/de\/wp-json\/wp\/v2\/product_cat?post=2303"},{"taxonomy":"product_tag","embeddable":true,"href":"https:\/\/www.metalwireforms.com\/de\/wp-json\/wp\/v2\/product_tag?post=2303"}],"curies":[{"name":"wp","href":"https:\/\/api.w.org\/{rel}","templated":true}]}}