{"id":2206,"date":"2022-08-25T08:59:01","date_gmt":"2022-08-25T08:59:01","guid":{"rendered":"https:\/\/www.metalwireforms.com\/?post_type=product&#038;p=2206"},"modified":"2022-08-25T09:10:12","modified_gmt":"2022-08-25T09:10:12","slug":"custom-creative-metal-paper-clip-christmas-gift-box-set","status":"publish","type":"product","link":"https:\/\/www.metalwireforms.com\/de\/produkt\/custom-creative-metal-paper-clip-christmas-gift-box-set","title":{"rendered":"Benutzerdefinierte kreative Metall B\u00fcroklammer Weihnachten Geschenk-Box-Set"},"content":{"rendered":"<p><img fetchpriority=\"high\" decoding=\"async\" class=\"size-full wp-image-2212\" src=\"https:\/\/www.metalwireforms.com\/wp-content\/uploads\/2022\/08\/Christmas-paper-clip-5.jpg\" alt=\"Weihnachts-B\u00fcroklammer (5)\" width=\"1000\" height=\"563\" srcset=\"https:\/\/www.metalwireforms.com\/wp-content\/uploads\/2022\/08\/Christmas-paper-clip-5.jpg 1000w, https:\/\/www.metalwireforms.com\/wp-content\/uploads\/2022\/08\/Christmas-paper-clip-5-300x169.jpg 300w, https:\/\/www.metalwireforms.com\/wp-content\/uploads\/2022\/08\/Christmas-paper-clip-5-150x84.jpg 150w, https:\/\/www.metalwireforms.com\/wp-content\/uploads\/2022\/08\/Christmas-paper-clip-5-768x432.jpg 768w, https:\/\/www.metalwireforms.com\/wp-content\/uploads\/2022\/08\/Christmas-paper-clip-5-18x10.jpg 18w, https:\/\/www.metalwireforms.com\/wp-content\/uploads\/2022\/08\/Christmas-paper-clip-5-800x450.jpg 800w, https:\/\/www.metalwireforms.com\/wp-content\/uploads\/2022\/08\/Christmas-paper-clip-5-600x338.jpg 600w\" sizes=\"(max-width: 1000px) 100vw, 1000px\" \/><\/p>\n<h3>Benutzerdefiniert<\/h3>\n<p>1. Kunden bieten Zeichnungen oder Bilder von benutzerdefinierten B\u00fcroklammern, um die Bed\u00fcrfnisse zu veranschaulichen, und wir k\u00f6nnen auch Design-Zeichnungen bieten.<br \/>\n2. Wenn die Design-Zeichnung der benutzerdefinierten B\u00fcroklammer kein Problem ist, wenn es eine gro\u00dfe Bestellung ist, zahlt der Kunde die Probe Geb\u00fchr, wir machen die Probe und senden es an den Kunden.<br \/>\n3. Nachdem die Proben der benutzerdefinierten B\u00fcroklammern best\u00e4tigt sind, unterzeichnen wir einen Massenproduktionsvertrag mit dem Kunden, und unser Unternehmen wird die Massenproduktion arrangieren, nachdem der Kunde die Anzahlung zahlt.<br \/>\n4. Nach der Massenproduktion von benutzerdefinierten B\u00fcroklammern abgeschlossen ist, nehmen Sie Fotos oder senden Sie Proben der Masse an den Kunden zur Best\u00e4tigung, oder der Kunde kann die Waren pers\u00f6nlich zu inspizieren.<br \/>\n5. Nach der Zahlung des Restbetrags, wird unser Unternehmen die Lieferung zu arrangieren.<\/p>\n<h3>Anmeldung<\/h3>\n<p>1. Verwenden Sie kreative B\u00fcroklammern als kleine Geschenke und verschicken Sie zum richtigen Zeitpunkt eine Schachtel mit kreativen B\u00fcroklammern zwischen Kollegen oder Klassenkameraden, was sehr kreativ ist.<br \/>\n2. Verwenden Sie kreative B\u00fcroklammern als Lesezeichen, und nutzen Sie verschiedene kreative Formen, um Ihre Lesestimmung anzupassen.<br \/>\n3. Verwenden Sie kreative B\u00fcroklammern als DIY-Zubeh\u00f6r, und befestigen Sie eine kreative B\u00fcroklammer an Ihrem pers\u00f6nlichen DIY-Werk, um es einzigartig zu machen.<br \/>\n4. Verwenden Sie die kreative B\u00fcroklammer als Gru\u00dfkartendekoration. Stecken Sie eine kreative B\u00fcroklammer auf Ihre Gru\u00dfkarte, und Ihre Gru\u00dfkarte wird einzigartig sein.<br \/>\n5. Verwenden Sie kreative B\u00fcroklammern als B\u00fcromaterial, verwenden Sie sie in B\u00fcrosituationen, versch\u00f6nern Sie Ihre Dokumente und machen Sie die Menschen erfrischend.<br \/>\n6. Verwenden Sie kreative B\u00fcroklammern als Werbeartikel, Firmenwerbung, Souvenirs f\u00fcr Touristen usw.<\/p>","protected":false},"excerpt":{"rendered":"<p>Die B\u00fcroklammer ist aus galvanisiertem Stahldraht gefertigt, der langlebig, hell in der Farbe, einfach und elegant in der Form und stark in der Praktikabilit\u00e4t ist. Kreative benutzerdefinierte B\u00fcroklammern k\u00f6nnen in verschiedenen Szenarien wie Datenklassifizierung, B\u00fcromanagement, Dokumentenklassifizierung, etc. verwendet werden, so dass Ihr B\u00fcro oder Studie effizienter und bunt.<\/p>","protected":false},"featured_media":2208,"template":"","meta":{"ocean_post_layout":"","ocean_both_sidebars_style":"","ocean_both_sidebars_content_width":0,"ocean_both_sidebars_sidebars_width":0,"ocean_sidebar":"0","ocean_second_sidebar":"0","ocean_disable_margins":"enable","ocean_add_body_class":"","ocean_shortcode_before_top_bar":"","ocean_shortcode_after_top_bar":"","ocean_shortcode_before_header":"","ocean_shortcode_after_header":"","ocean_has_shortcode":"","ocean_shortcode_after_title":"","ocean_shortcode_before_footer_widgets":"","ocean_shortcode_after_footer_widgets":"","ocean_shortcode_before_footer_bottom":"","ocean_shortcode_after_footer_bottom":"","ocean_display_top_bar":"default","ocean_display_header":"default","ocean_header_style":"","ocean_center_header_left_menu":"0","ocean_custom_header_template":"0","ocean_custom_logo":0,"ocean_custom_retina_logo":0,"ocean_custom_logo_max_width":0,"ocean_custom_logo_tablet_max_width":0,"ocean_custom_logo_mobile_max_width":0,"ocean_custom_logo_max_height":0,"ocean_custom_logo_tablet_max_height":0,"ocean_custom_logo_mobile_max_height":0,"ocean_header_custom_menu":"0","ocean_menu_typo_font_family":"0","ocean_menu_typo_font_subset":"","ocean_menu_typo_font_size":0,"ocean_menu_typo_font_size_tablet":0,"ocean_menu_typo_font_size_mobile":0,"ocean_menu_typo_font_size_unit":"px","ocean_menu_typo_font_weight":"","ocean_menu_typo_font_weight_tablet":"","ocean_menu_typo_font_weight_mobile":"","ocean_menu_typo_transform":"","ocean_menu_typo_transform_tablet":"","ocean_menu_typo_transform_mobile":"","ocean_menu_typo_line_height":0,"ocean_menu_typo_line_height_tablet":0,"ocean_menu_typo_line_height_mobile":0,"ocean_menu_typo_line_height_unit":"","ocean_menu_typo_spacing":0,"ocean_menu_typo_spacing_tablet":0,"ocean_menu_typo_spacing_mobile":0,"ocean_menu_typo_spacing_unit":"","ocean_menu_link_color":"","ocean_menu_link_color_hover":"","ocean_menu_link_color_active":"","ocean_menu_link_background":"","ocean_menu_link_hover_background":"","ocean_menu_link_active_background":"","ocean_menu_social_links_bg":"","ocean_menu_social_hover_links_bg":"","ocean_menu_social_links_color":"","ocean_menu_social_hover_links_color":"","ocean_disable_title":"default","ocean_disable_heading":"default","ocean_post_title":"","ocean_post_subheading":"","ocean_post_title_style":"","ocean_post_title_background_color":"","ocean_post_title_background":0,"ocean_post_title_bg_image_position":"","ocean_post_title_bg_image_attachment":"","ocean_post_title_bg_image_repeat":"","ocean_post_title_bg_image_size":"","ocean_post_title_height":0,"ocean_post_title_bg_overlay":0.5,"ocean_post_title_bg_overlay_color":"","ocean_disable_breadcrumbs":"default","ocean_breadcrumbs_color":"","ocean_breadcrumbs_separator_color":"","ocean_breadcrumbs_links_color":"","ocean_breadcrumbs_links_hover_color":"","ocean_display_footer_widgets":"default","ocean_display_footer_bottom":"default","ocean_custom_footer_template":"0","ofc_meta_disable_footer_callout":"","ofc_meta_callout_button_url":"","ofc_meta_callout_button_txt":"","ofc_meta_callout_text":"","osh_disable_topbar_sticky":"default","osh_disable_header_sticky":"default","osh_sticky_header_style":"default","osh_sticky_header_effect":"","osh_custom_sticky_logo":0,"osh_custom_retina_sticky_logo":0,"osh_custom_sticky_logo_height":0,"osh_background_color":"","osh_links_color":"","osh_links_hover_color":"","osh_links_active_color":"","osh_links_bg_color":"","osh_links_hover_bg_color":"","osh_links_active_bg_color":"","osh_menu_social_links_color":"","osh_menu_social_hover_links_color":""},"product_brand":[],"product_cat":[145,152],"product_tag":[183,184,177],"class_list":{"0":"post-2206","1":"product","2":"type-product","3":"status-publish","4":"has-post-thumbnail","6":"product_cat-custom-wire-fasteners","7":"product_cat-custom-paper-clips","8":"product_tag-christmas-paper-clip","9":"product_tag-creative-paper-clip","10":"product_tag-custom-paper-clip","12":"entry","13":"has-media","15":"first","16":"instock","17":"shipping-taxable","18":"product-type-external","19":"col","20":"span_1_of_3","21":"owp-content-center","22":"owp-thumbs-layout-horizontal","23":"owp-btn-very-big","24":"owp-tabs-layout-horizontal","25":"circle-sale"},"_links":{"self":[{"href":"https:\/\/www.metalwireforms.com\/de\/wp-json\/wp\/v2\/product\/2206","targetHints":{"allow":["GET"]}}],"collection":[{"href":"https:\/\/www.metalwireforms.com\/de\/wp-json\/wp\/v2\/product"}],"about":[{"href":"https:\/\/www.metalwireforms.com\/de\/wp-json\/wp\/v2\/types\/product"}],"version-history":[{"count":2,"href":"https:\/\/www.metalwireforms.com\/de\/wp-json\/wp\/v2\/product\/2206\/revisions"}],"predecessor-version":[{"id":2214,"href":"https:\/\/www.metalwireforms.com\/de\/wp-json\/wp\/v2\/product\/2206\/revisions\/2214"}],"wp:featuredmedia":[{"embeddable":true,"href":"https:\/\/www.metalwireforms.com\/de\/wp-json\/wp\/v2\/media\/2208"}],"wp:attachment":[{"href":"https:\/\/www.metalwireforms.com\/de\/wp-json\/wp\/v2\/media?parent=2206"}],"wp:term":[{"taxonomy":"product_brand","embeddable":true,"href":"https:\/\/www.metalwireforms.com\/de\/wp-json\/wp\/v2\/product_brand?post=2206"},{"taxonomy":"product_cat","embeddable":true,"href":"https:\/\/www.metalwireforms.com\/de\/wp-json\/wp\/v2\/product_cat?post=2206"},{"taxonomy":"product_tag","embeddable":true,"href":"https:\/\/www.metalwireforms.com\/de\/wp-json\/wp\/v2\/product_tag?post=2206"}],"curies":[{"name":"wp","href":"https:\/\/api.w.org\/{rel}","templated":true}]}}