{"id":2195,"date":"2022-08-24T08:59:49","date_gmt":"2022-08-24T08:59:49","guid":{"rendered":"https:\/\/www.metalwireforms.com\/?post_type=product&#038;p=2195"},"modified":"2022-08-24T09:14:00","modified_gmt":"2022-08-24T09:14:00","slug":"custom-large-thick-wire-smooth-paper-clip-bookmark","status":"publish","type":"product","link":"https:\/\/www.metalwireforms.com\/de\/produkt\/custom-large-thick-wire-smooth-paper-clip-bookmark","title":{"rendered":"Benutzerdefinierte gro\u00dfen dicken Draht glatt B\u00fcroklammer Lesezeichen"},"content":{"rendered":"<figure id=\"attachment_2196\" aria-describedby=\"caption-attachment-2196\" style=\"width: 1000px\" class=\"wp-caption alignnone\"><img fetchpriority=\"high\" decoding=\"async\" class=\"size-full wp-image-2196\" src=\"https:\/\/www.metalwireforms.com\/wp-content\/uploads\/2022\/08\/large-paper-clip-1.jpg\" alt=\"gro\u00dfe B\u00fcroklammer (1)\" width=\"1000\" height=\"562\" srcset=\"https:\/\/www.metalwireforms.com\/wp-content\/uploads\/2022\/08\/large-paper-clip-1.jpg 1000w, https:\/\/www.metalwireforms.com\/wp-content\/uploads\/2022\/08\/large-paper-clip-1-300x169.jpg 300w, https:\/\/www.metalwireforms.com\/wp-content\/uploads\/2022\/08\/large-paper-clip-1-150x84.jpg 150w, https:\/\/www.metalwireforms.com\/wp-content\/uploads\/2022\/08\/large-paper-clip-1-768x432.jpg 768w, https:\/\/www.metalwireforms.com\/wp-content\/uploads\/2022\/08\/large-paper-clip-1-18x10.jpg 18w, https:\/\/www.metalwireforms.com\/wp-content\/uploads\/2022\/08\/large-paper-clip-1-800x450.jpg 800w, https:\/\/www.metalwireforms.com\/wp-content\/uploads\/2022\/08\/large-paper-clip-1-600x337.jpg 600w\" sizes=\"(max-width: 1000px) 100vw, 1000px\" \/><figcaption id=\"caption-attachment-2196\" class=\"wp-caption-text\">gro\u00dfe B\u00fcroklammer (1)<\/figcaption><\/figure>\n<h3>Merkmal<\/h3>\n<p>1. Es gibt mehrere Maschinen zur Herstellung von B\u00fcroklammern und eine automatische Verpackungslinie, die die Lieferung in kurzer Zeit erm\u00f6glichen.<br \/>\n2. Die Probe wird best\u00e4tigt, bevor die B\u00fcroklammer produziert wird, und es wird eine Qualit\u00e4tskontrolle vor dem Versand sein.<br \/>\n3. Wir haben ein Design-Team, wenn Sie nicht wissen, \u00fcber B\u00fcroklammer-Design, k\u00f6nnen Sie uns Bilder schicken und wir werden f\u00fcr Sie kostenlos entwerfen.<br \/>\n4. Wir haben viele B\u00fcroklammern hergestellt, und viele Arten von speziell geformten B\u00fcroklammern sind auf Lager. F\u00fcr B\u00fcroklammern, die nicht auf Lager sind, sind unsere Maschinen bereit, zu entwerfen und zu produzieren. Es ist auch optional f\u00fcr kunststoffbeschichteten Stahldraht oder galvanisch beschichteten Stahldraht.<\/p>\n<h3>Vorteil<\/h3>\n<p>Die B\u00fcroklammer kann zum Lesen von B\u00fcchern verwendet werden, sie kann fest auf die Innenseiten des Buches geklemmt werden, sie kann nicht so leicht abfallen und ist bequem zum Markieren beim Lesen. Regelm\u00e4\u00dfige oder unregelm\u00e4\u00dfige Formen und Gr\u00f6\u00dfen k\u00f6nnen hergestellt werden, und es gibt Werbefl\u00e4chen auf beiden Seiten, die den Ruf des Unternehmens f\u00f6rdern und verbessern k\u00f6nnen. Individuell gestaltete B\u00fcroklammern sind neu und einzigartig im Design und k\u00f6nnen auch als Dekoration verwendet werden. Sie eignen sich sehr gut als Werbeartikel in Buchl\u00e4den, Schreibwarengesch\u00e4ften, f\u00fcr Schulwerbung usw.<\/p>","protected":false},"excerpt":{"rendered":"<p>Unser Unternehmen stellt alle Arten von B\u00fcroklammern her, vor allem herk\u00f6mmliche B\u00fcroklammern aus kunststoffbeschichtetem Draht und galvanische B\u00fcroklammern. Wir k\u00f6nnen auch verschiedene B\u00fcroklammern nach den Anforderungen oder Bildern des Benutzers entwerfen und produzieren, einschlie\u00dflich: Tier-B\u00fcroklammern, Pflanzen-B\u00fcroklammern, Transport-B\u00fcroklammern, Haushalts-B\u00fcroklammern, Musiknoten-B\u00fcroklammern und so weiter. Die Produktverpackung umfasst Sch\u00fcttgut, Schachtel, Topf, Beutel, Saugkartenverpackung usw., die je nach Kundenwunsch verpackt werden k\u00f6nnen.<\/p>","protected":false},"featured_media":2199,"template":"","meta":{"ocean_post_layout":"","ocean_both_sidebars_style":"","ocean_both_sidebars_content_width":0,"ocean_both_sidebars_sidebars_width":0,"ocean_sidebar":"0","ocean_second_sidebar":"0","ocean_disable_margins":"enable","ocean_add_body_class":"","ocean_shortcode_before_top_bar":"","ocean_shortcode_after_top_bar":"","ocean_shortcode_before_header":"","ocean_shortcode_after_header":"","ocean_has_shortcode":"","ocean_shortcode_after_title":"","ocean_shortcode_before_footer_widgets":"","ocean_shortcode_after_footer_widgets":"","ocean_shortcode_before_footer_bottom":"","ocean_shortcode_after_footer_bottom":"","ocean_display_top_bar":"default","ocean_display_header":"default","ocean_header_style":"","ocean_center_header_left_menu":"0","ocean_custom_header_template":"0","ocean_custom_logo":0,"ocean_custom_retina_logo":0,"ocean_custom_logo_max_width":0,"ocean_custom_logo_tablet_max_width":0,"ocean_custom_logo_mobile_max_width":0,"ocean_custom_logo_max_height":0,"ocean_custom_logo_tablet_max_height":0,"ocean_custom_logo_mobile_max_height":0,"ocean_header_custom_menu":"0","ocean_menu_typo_font_family":"0","ocean_menu_typo_font_subset":"","ocean_menu_typo_font_size":0,"ocean_menu_typo_font_size_tablet":0,"ocean_menu_typo_font_size_mobile":0,"ocean_menu_typo_font_size_unit":"px","ocean_menu_typo_font_weight":"","ocean_menu_typo_font_weight_tablet":"","ocean_menu_typo_font_weight_mobile":"","ocean_menu_typo_transform":"","ocean_menu_typo_transform_tablet":"","ocean_menu_typo_transform_mobile":"","ocean_menu_typo_line_height":0,"ocean_menu_typo_line_height_tablet":0,"ocean_menu_typo_line_height_mobile":0,"ocean_menu_typo_line_height_unit":"","ocean_menu_typo_spacing":0,"ocean_menu_typo_spacing_tablet":0,"ocean_menu_typo_spacing_mobile":0,"ocean_menu_typo_spacing_unit":"","ocean_menu_link_color":"","ocean_menu_link_color_hover":"","ocean_menu_link_color_active":"","ocean_menu_link_background":"","ocean_menu_link_hover_background":"","ocean_menu_link_active_background":"","ocean_menu_social_links_bg":"","ocean_menu_social_hover_links_bg":"","ocean_menu_social_links_color":"","ocean_menu_social_hover_links_color":"","ocean_disable_title":"default","ocean_disable_heading":"default","ocean_post_title":"","ocean_post_subheading":"","ocean_post_title_style":"","ocean_post_title_background_color":"","ocean_post_title_background":0,"ocean_post_title_bg_image_position":"","ocean_post_title_bg_image_attachment":"","ocean_post_title_bg_image_repeat":"","ocean_post_title_bg_image_size":"","ocean_post_title_height":0,"ocean_post_title_bg_overlay":0.5,"ocean_post_title_bg_overlay_color":"","ocean_disable_breadcrumbs":"default","ocean_breadcrumbs_color":"","ocean_breadcrumbs_separator_color":"","ocean_breadcrumbs_links_color":"","ocean_breadcrumbs_links_hover_color":"","ocean_display_footer_widgets":"default","ocean_display_footer_bottom":"default","ocean_custom_footer_template":"0","ofc_meta_disable_footer_callout":"","ofc_meta_callout_button_url":"","ofc_meta_callout_button_txt":"","ofc_meta_callout_text":"","osh_disable_topbar_sticky":"default","osh_disable_header_sticky":"default","osh_sticky_header_style":"default","osh_sticky_header_effect":"","osh_custom_sticky_logo":0,"osh_custom_retina_sticky_logo":0,"osh_custom_sticky_logo_height":0,"osh_background_color":"","osh_links_color":"","osh_links_hover_color":"","osh_links_active_color":"","osh_links_bg_color":"","osh_links_hover_bg_color":"","osh_links_active_bg_color":"","osh_menu_social_links_color":"","osh_menu_social_hover_links_color":""},"product_brand":[],"product_cat":[145,152],"product_tag":[177,181,178],"class_list":{"0":"post-2195","1":"product","2":"type-product","3":"status-publish","4":"has-post-thumbnail","6":"product_cat-custom-wire-fasteners","7":"product_cat-custom-paper-clips","8":"product_tag-custom-paper-clip","9":"product_tag-large-paper-clip","10":"product_tag-paper-clip-design","12":"entry","13":"has-media","15":"first","16":"instock","17":"shipping-taxable","18":"product-type-external","19":"col","20":"span_1_of_3","21":"owp-content-center","22":"owp-thumbs-layout-horizontal","23":"owp-btn-very-big","24":"owp-tabs-layout-horizontal","25":"circle-sale"},"_links":{"self":[{"href":"https:\/\/www.metalwireforms.com\/de\/wp-json\/wp\/v2\/product\/2195","targetHints":{"allow":["GET"]}}],"collection":[{"href":"https:\/\/www.metalwireforms.com\/de\/wp-json\/wp\/v2\/product"}],"about":[{"href":"https:\/\/www.metalwireforms.com\/de\/wp-json\/wp\/v2\/types\/product"}],"version-history":[{"count":4,"href":"https:\/\/www.metalwireforms.com\/de\/wp-json\/wp\/v2\/product\/2195\/revisions"}],"predecessor-version":[{"id":2204,"href":"https:\/\/www.metalwireforms.com\/de\/wp-json\/wp\/v2\/product\/2195\/revisions\/2204"}],"wp:featuredmedia":[{"embeddable":true,"href":"https:\/\/www.metalwireforms.com\/de\/wp-json\/wp\/v2\/media\/2199"}],"wp:attachment":[{"href":"https:\/\/www.metalwireforms.com\/de\/wp-json\/wp\/v2\/media?parent=2195"}],"wp:term":[{"taxonomy":"product_brand","embeddable":true,"href":"https:\/\/www.metalwireforms.com\/de\/wp-json\/wp\/v2\/product_brand?post=2195"},{"taxonomy":"product_cat","embeddable":true,"href":"https:\/\/www.metalwireforms.com\/de\/wp-json\/wp\/v2\/product_cat?post=2195"},{"taxonomy":"product_tag","embeddable":true,"href":"https:\/\/www.metalwireforms.com\/de\/wp-json\/wp\/v2\/product_tag?post=2195"}],"curies":[{"name":"wp","href":"https:\/\/api.w.org\/{rel}","templated":true}]}}