{"id":2191,"date":"2022-08-20T09:30:51","date_gmt":"2022-08-20T09:30:51","guid":{"rendered":"https:\/\/www.metalwireforms.com\/?post_type=product&#038;p=2191"},"modified":"2022-12-12T08:49:38","modified_gmt":"2022-12-12T08:49:38","slug":"custom-large-wire-diameter-mechanical-compression-spring","status":"publish","type":"product","link":"https:\/\/www.metalwireforms.com\/de\/produkt\/custom-large-wire-diameter-mechanical-compression-spring","title":{"rendered":"Kundenspezifische mechanische Druckfeder mit gro\u00dfem Drahtdurchmesser"},"content":{"rendered":"<figure id=\"attachment_2192\" aria-describedby=\"caption-attachment-2192\" style=\"width: 1000px\" class=\"wp-caption alignnone\"><img fetchpriority=\"high\" decoding=\"async\" class=\"size-full wp-image-2192\" src=\"https:\/\/www.metalwireforms.com\/wp-content\/uploads\/2022\/08\/CNC-spring-making-machine.jpg\" alt=\"CNC-Federherstellungsmaschine\" width=\"1000\" height=\"562\" srcset=\"https:\/\/www.metalwireforms.com\/wp-content\/uploads\/2022\/08\/CNC-spring-making-machine.jpg 1000w, https:\/\/www.metalwireforms.com\/wp-content\/uploads\/2022\/08\/CNC-spring-making-machine-300x169.jpg 300w, https:\/\/www.metalwireforms.com\/wp-content\/uploads\/2022\/08\/CNC-spring-making-machine-150x84.jpg 150w, https:\/\/www.metalwireforms.com\/wp-content\/uploads\/2022\/08\/CNC-spring-making-machine-768x432.jpg 768w, https:\/\/www.metalwireforms.com\/wp-content\/uploads\/2022\/08\/CNC-spring-making-machine-18x10.jpg 18w, https:\/\/www.metalwireforms.com\/wp-content\/uploads\/2022\/08\/CNC-spring-making-machine-800x450.jpg 800w, https:\/\/www.metalwireforms.com\/wp-content\/uploads\/2022\/08\/CNC-spring-making-machine-600x337.jpg 600w\" sizes=\"(max-width: 1000px) 100vw, 1000px\" \/><figcaption id=\"caption-attachment-2192\" class=\"wp-caption-text\">CNC-Federherstellungsmaschine<\/figcaption><\/figure>\n<h3>Merkmal<\/h3>\n<p>1. Die Edelstahl-Druckfeder hat eine gute Elastizit\u00e4t, starke Erm\u00fcdungsfestigkeit und gute Korrosionsbest\u00e4ndigkeit<br \/>\n2. Die Druckfeder aus Federstahl ist verschlei\u00dffest und langlebig, mit glatter Oberfl\u00e4che, guter Elastizit\u00e4t und hoher Erm\u00fcdungsfestigkeit.<br \/>\n3. Der Unterschied zwischen Federn aus rostfreiem Stahl und Federn aus Federstahl: rostfreier Stahl ist rostfrei, weich, geeignet f\u00fcr elastische Anwendungen mit geringer St\u00e4rke und hat eine schw\u00e4chere Dauerelastizit\u00e4t. Der Federstahl ist nicht rostfrei, und das Material ist hart. Er ist f\u00fcr elastische Anwendungen mit hoher Festigkeit geeignet und hat eine lang anhaltende Elastizit\u00e4t.<br \/>\n4. Wir k\u00f6nnen verschiedene Oberfl\u00e4chenbehandlungen auf die Druckfeder anwenden, um die Oberfl\u00e4che der Feder fest zu machen, ihre Elastizit\u00e4t zu verbessern und ihre Lebensdauer zu verl\u00e4ngern.<\/p>\n<h3>Anmeldung<\/h3>\n<p>Kundenspezifische Druckfedern sind weit verbreitet und eignen sich f\u00fcr g\u00e4ngige Hardware, Fahrr\u00e4der, Elektrofahrzeuge, Motorr\u00e4der, Automobile, Schiffe, Ventile, elektrische Ger\u00e4te, Schalter, Spielzeug, elektronische Schalter, Autoteile und andere Industrien. Sie eignen sich auch f\u00fcr Lebensmittel, Verpackungen, medizinische Ger\u00e4te, Umweltschutz, Luft- und Raumfahrt, etc. Unsere Fabrik hat die IS9001-Qualit\u00e4tszertifizierung erhalten, und die Druckfederpr\u00fcfger\u00e4te sind komplett, wie z.B.: Projektor, Torsionspr\u00fcfmaschine, Druckspannungspr\u00fcfmaschine, Salzspr\u00fchnebelpr\u00fcfmaschine, Lebensdauerpr\u00fcfmaschine, etc. Die Ausbeute ist \u00fcber 99,8% kontrolliert.<\/p>","protected":false},"excerpt":{"rendered":"<p>Druckfedern gibt es in vielen verschiedenen Materialien und Ausf\u00fchrungen f\u00fcr unterschiedliche Umgebungen und Anwendungen. Durch Anpassung des Au\u00dfendurchmessers, des Drahtdurchmessers, der L\u00e4nge und der Steigung der Feder k\u00f6nnen wir eine nahezu unendliche Vielfalt an Druckfedern erzielen. Unsere Standard-Druckfedern haben Drahtdurchmesser von 0,2 mm bis 3 mm, und kundenspezifische Druckfedern haben Drahtdurchmesser von 0,08 mm bis 8,00 mm.<\/p>","protected":false},"featured_media":2187,"template":"","meta":{"ocean_post_layout":"","ocean_both_sidebars_style":"","ocean_both_sidebars_content_width":0,"ocean_both_sidebars_sidebars_width":0,"ocean_sidebar":"0","ocean_second_sidebar":"0","ocean_disable_margins":"enable","ocean_add_body_class":"","ocean_shortcode_before_top_bar":"","ocean_shortcode_after_top_bar":"","ocean_shortcode_before_header":"","ocean_shortcode_after_header":"","ocean_has_shortcode":"","ocean_shortcode_after_title":"","ocean_shortcode_before_footer_widgets":"","ocean_shortcode_after_footer_widgets":"","ocean_shortcode_before_footer_bottom":"","ocean_shortcode_after_footer_bottom":"","ocean_display_top_bar":"default","ocean_display_header":"default","ocean_header_style":"","ocean_center_header_left_menu":"0","ocean_custom_header_template":"0","ocean_custom_logo":0,"ocean_custom_retina_logo":0,"ocean_custom_logo_max_width":0,"ocean_custom_logo_tablet_max_width":0,"ocean_custom_logo_mobile_max_width":0,"ocean_custom_logo_max_height":0,"ocean_custom_logo_tablet_max_height":0,"ocean_custom_logo_mobile_max_height":0,"ocean_header_custom_menu":"0","ocean_menu_typo_font_family":"0","ocean_menu_typo_font_subset":"","ocean_menu_typo_font_size":0,"ocean_menu_typo_font_size_tablet":0,"ocean_menu_typo_font_size_mobile":0,"ocean_menu_typo_font_size_unit":"px","ocean_menu_typo_font_weight":"","ocean_menu_typo_font_weight_tablet":"","ocean_menu_typo_font_weight_mobile":"","ocean_menu_typo_transform":"","ocean_menu_typo_transform_tablet":"","ocean_menu_typo_transform_mobile":"","ocean_menu_typo_line_height":0,"ocean_menu_typo_line_height_tablet":0,"ocean_menu_typo_line_height_mobile":0,"ocean_menu_typo_line_height_unit":"","ocean_menu_typo_spacing":0,"ocean_menu_typo_spacing_tablet":0,"ocean_menu_typo_spacing_mobile":0,"ocean_menu_typo_spacing_unit":"","ocean_menu_link_color":"","ocean_menu_link_color_hover":"","ocean_menu_link_color_active":"","ocean_menu_link_background":"","ocean_menu_link_hover_background":"","ocean_menu_link_active_background":"","ocean_menu_social_links_bg":"","ocean_menu_social_hover_links_bg":"","ocean_menu_social_links_color":"","ocean_menu_social_hover_links_color":"","ocean_disable_title":"default","ocean_disable_heading":"default","ocean_post_title":"","ocean_post_subheading":"","ocean_post_title_style":"","ocean_post_title_background_color":"","ocean_post_title_background":0,"ocean_post_title_bg_image_position":"","ocean_post_title_bg_image_attachment":"","ocean_post_title_bg_image_repeat":"","ocean_post_title_bg_image_size":"","ocean_post_title_height":0,"ocean_post_title_bg_overlay":0.5,"ocean_post_title_bg_overlay_color":"","ocean_disable_breadcrumbs":"default","ocean_breadcrumbs_color":"","ocean_breadcrumbs_separator_color":"","ocean_breadcrumbs_links_color":"","ocean_breadcrumbs_links_hover_color":"","ocean_display_footer_widgets":"default","ocean_display_footer_bottom":"default","ocean_custom_footer_template":"0","ofc_meta_disable_footer_callout":"","ofc_meta_callout_button_url":"","ofc_meta_callout_button_txt":"","ofc_meta_callout_text":"","osh_disable_topbar_sticky":"default","osh_disable_header_sticky":"default","osh_sticky_header_style":"default","osh_sticky_header_effect":"","osh_custom_sticky_logo":0,"osh_custom_retina_sticky_logo":0,"osh_custom_sticky_logo_height":0,"osh_background_color":"","osh_links_color":"","osh_links_hover_color":"","osh_links_active_color":"","osh_links_bg_color":"","osh_links_hover_bg_color":"","osh_links_active_bg_color":"","osh_menu_social_links_color":"","osh_menu_social_hover_links_color":""},"product_brand":[],"product_cat":[144,25],"product_tag":[98,179,180],"class_list":{"0":"post-2191","1":"product","2":"type-product","3":"status-publish","4":"has-post-thumbnail","6":"product_cat-custom-springs","7":"product_cat-custom-compression-springs","8":"product_tag-compression-spring","9":"product_tag-customized-spring","10":"product_tag-large-compression-spring","12":"entry","13":"has-media","15":"first","16":"instock","17":"shipping-taxable","18":"product-type-external","19":"col","20":"span_1_of_3","21":"owp-content-center","22":"owp-thumbs-layout-horizontal","23":"owp-btn-very-big","24":"owp-tabs-layout-horizontal","25":"circle-sale"},"_links":{"self":[{"href":"https:\/\/www.metalwireforms.com\/de\/wp-json\/wp\/v2\/product\/2191","targetHints":{"allow":["GET"]}}],"collection":[{"href":"https:\/\/www.metalwireforms.com\/de\/wp-json\/wp\/v2\/product"}],"about":[{"href":"https:\/\/www.metalwireforms.com\/de\/wp-json\/wp\/v2\/types\/product"}],"version-history":[{"count":2,"href":"https:\/\/www.metalwireforms.com\/de\/wp-json\/wp\/v2\/product\/2191\/revisions"}],"predecessor-version":[{"id":2194,"href":"https:\/\/www.metalwireforms.com\/de\/wp-json\/wp\/v2\/product\/2191\/revisions\/2194"}],"wp:featuredmedia":[{"embeddable":true,"href":"https:\/\/www.metalwireforms.com\/de\/wp-json\/wp\/v2\/media\/2187"}],"wp:attachment":[{"href":"https:\/\/www.metalwireforms.com\/de\/wp-json\/wp\/v2\/media?parent=2191"}],"wp:term":[{"taxonomy":"product_brand","embeddable":true,"href":"https:\/\/www.metalwireforms.com\/de\/wp-json\/wp\/v2\/product_brand?post=2191"},{"taxonomy":"product_cat","embeddable":true,"href":"https:\/\/www.metalwireforms.com\/de\/wp-json\/wp\/v2\/product_cat?post=2191"},{"taxonomy":"product_tag","embeddable":true,"href":"https:\/\/www.metalwireforms.com\/de\/wp-json\/wp\/v2\/product_tag?post=2191"}],"curies":[{"name":"wp","href":"https:\/\/api.w.org\/{rel}","templated":true}]}}