{"id":2183,"date":"2022-08-19T09:30:21","date_gmt":"2022-08-19T09:30:21","guid":{"rendered":"https:\/\/www.metalwireforms.com\/?post_type=product&#038;p=2183"},"modified":"2022-08-19T09:35:16","modified_gmt":"2022-08-19T09:35:16","slug":"custom-creative-colorful-musical-special-shaped-paper-clip","status":"publish","type":"product","link":"https:\/\/www.metalwireforms.com\/de\/produkt\/custom-creative-colorful-musical-special-shaped-paper-clip","title":{"rendered":"Benutzerdefinierte kreative bunte musikalische speziell geformte B\u00fcroklammer"},"content":{"rendered":"<p>Eine B\u00fcroklammer ist ein St\u00fcck Papier, das durch Hin- und Herbiegen eines Metalldrahtes hergestellt wird. Die B\u00fcroklammer scheint die einfachste aller Erfindungen zu sein. Sie ist nichts anderes als ein kleines St\u00fcck gebogener Draht mit Papier. Aber die B\u00fcroklammer hat viele verschiedene Formen durchlaufen, bevor sie in die Form gebracht wurde, die wir heute benutzen.<\/p>\n<figure id=\"attachment_2175\" aria-describedby=\"caption-attachment-2175\" style=\"width: 1000px\" class=\"wp-caption alignnone\"><img fetchpriority=\"high\" decoding=\"async\" class=\"size-full wp-image-2175\" src=\"https:\/\/www.metalwireforms.com\/wp-content\/uploads\/2022\/08\/musical-note-paper-clip-8.jpg\" alt=\"Musiknote B\u00fcroklammer (8)\" width=\"1000\" height=\"563\" srcset=\"https:\/\/www.metalwireforms.com\/wp-content\/uploads\/2022\/08\/musical-note-paper-clip-8.jpg 1000w, https:\/\/www.metalwireforms.com\/wp-content\/uploads\/2022\/08\/musical-note-paper-clip-8-300x169.jpg 300w, https:\/\/www.metalwireforms.com\/wp-content\/uploads\/2022\/08\/musical-note-paper-clip-8-150x84.jpg 150w, https:\/\/www.metalwireforms.com\/wp-content\/uploads\/2022\/08\/musical-note-paper-clip-8-768x432.jpg 768w, https:\/\/www.metalwireforms.com\/wp-content\/uploads\/2022\/08\/musical-note-paper-clip-8-18x10.jpg 18w, https:\/\/www.metalwireforms.com\/wp-content\/uploads\/2022\/08\/musical-note-paper-clip-8-800x450.jpg 800w, https:\/\/www.metalwireforms.com\/wp-content\/uploads\/2022\/08\/musical-note-paper-clip-8-600x338.jpg 600w\" sizes=\"(max-width: 1000px) 100vw, 1000px\" \/><figcaption id=\"caption-attachment-2175\" class=\"wp-caption-text\">Musiknote B\u00fcroklammer (8)<\/figcaption><\/figure>\n<h3>Merkmal<\/h3>\n<p>1. Die Form der B\u00fcroklammer ist niedlich und lebensecht, und die eigene Form des Kunden kann angepasst werden, einschlie\u00dflich Gr\u00f6\u00dfe, Farbe und Material.<br \/>\n2. Sie k\u00f6nnen die Verpackung angeben, die den G\u00e4sten gef\u00e4llt.<br \/>\n3. Die f\u00fcr das Produkt verwendeten Materialien sind umweltfreundlich und ungiftig und entsprechen dem EU-Exportstandard.<br \/>\n4. Sch\u00f6ne B\u00fcroklammern bringen den Benutzern eine entspannte und angenehme Lern- oder B\u00fcroatmosph\u00e4re.<br \/>\n5. B\u00fcroklammern werden haupts\u00e4chlich f\u00fcr B\u00fcromaterial-Peripherieger\u00e4te und Notebook-unterst\u00fctzende Produkte, Schreibwaren-Geschenke verwendet.<\/p>\n<h3>Vorteil<\/h3>\n<p>1. Ein Teil der benutzerdefinierten B\u00fcroklammern sind aus Eisendraht oder Kohlenstoffstahl hergestellt. Die Oberfl\u00e4chenbehandlung umfasst PVC-Kunststoffbeschichtung, PET-Kunststoffbeschichtung, Galvanik Nickel, Farbe Galvanik, Backen Farbe, etc. Es ist umweltfreundlich und kann die europ\u00e4ische und amerikanische Umweltschutzpr\u00fcfung EN71 Standards passieren.<br \/>\n2. Die Gr\u00f6\u00dfe der benutzerdefinierten B\u00fcroklammer kann angepasst werden, die nach der Nachfrage und der Produktionskapazit\u00e4t der Maschine bestimmt werden muss. Und f\u00fcr die Form nur Sie nicht denken k\u00f6nnen, gibt es nichts, was wir nicht tun k\u00f6nnen.<br \/>\n3. Originaldokumente wie AI\/CDR\/PDF sollten f\u00fcr den Designentwurf der benutzerdefinierten B\u00fcroklammern zur Verf\u00fcgung gestellt werden. Wenn es keinen Originalentwurf gibt, sollten klare Bilder zur Verf\u00fcgung gestellt werden.<br \/>\n4. Zu den herk\u00f6mmlichen Verpackungen von B\u00fcroklammern geh\u00f6ren Papierkartens\u00e4tze, farbige Schachteln, PP-Schachteln, PS-Kunststoffschachteln, Eisenschachteln, Push-Pull-Schachteln usw.<\/p>","protected":false},"excerpt":{"rendered":"<p>Wir sind spezialisiert auf die Herstellung von B\u00fcroklammern, Werbe-Lesezeichen, Langschwanzklammern, schmiedeeisernen Notizklammern, Quittungshaltern, Visitenkartenhaltern aus Metall, Lesezeichen aus Edelstahl, Metallhaken, speziell geformten Federn, Rohrklammern, Klemmen, usw. Das Unternehmen verf\u00fcgt \u00fcber fast 10 Jahre Produktionserfahrung. Erschwinglicher Preis, garantierte Qualit\u00e4t.<\/p>","protected":false},"featured_media":2181,"template":"","meta":{"ocean_post_layout":"","ocean_both_sidebars_style":"","ocean_both_sidebars_content_width":0,"ocean_both_sidebars_sidebars_width":0,"ocean_sidebar":"0","ocean_second_sidebar":"0","ocean_disable_margins":"enable","ocean_add_body_class":"","ocean_shortcode_before_top_bar":"","ocean_shortcode_after_top_bar":"","ocean_shortcode_before_header":"","ocean_shortcode_after_header":"","ocean_has_shortcode":"","ocean_shortcode_after_title":"","ocean_shortcode_before_footer_widgets":"","ocean_shortcode_after_footer_widgets":"","ocean_shortcode_before_footer_bottom":"","ocean_shortcode_after_footer_bottom":"","ocean_display_top_bar":"default","ocean_display_header":"default","ocean_header_style":"","ocean_center_header_left_menu":"0","ocean_custom_header_template":"0","ocean_custom_logo":0,"ocean_custom_retina_logo":0,"ocean_custom_logo_max_width":0,"ocean_custom_logo_tablet_max_width":0,"ocean_custom_logo_mobile_max_width":0,"ocean_custom_logo_max_height":0,"ocean_custom_logo_tablet_max_height":0,"ocean_custom_logo_mobile_max_height":0,"ocean_header_custom_menu":"0","ocean_menu_typo_font_family":"0","ocean_menu_typo_font_subset":"","ocean_menu_typo_font_size":0,"ocean_menu_typo_font_size_tablet":0,"ocean_menu_typo_font_size_mobile":0,"ocean_menu_typo_font_size_unit":"px","ocean_menu_typo_font_weight":"","ocean_menu_typo_font_weight_tablet":"","ocean_menu_typo_font_weight_mobile":"","ocean_menu_typo_transform":"","ocean_menu_typo_transform_tablet":"","ocean_menu_typo_transform_mobile":"","ocean_menu_typo_line_height":0,"ocean_menu_typo_line_height_tablet":0,"ocean_menu_typo_line_height_mobile":0,"ocean_menu_typo_line_height_unit":"","ocean_menu_typo_spacing":0,"ocean_menu_typo_spacing_tablet":0,"ocean_menu_typo_spacing_mobile":0,"ocean_menu_typo_spacing_unit":"","ocean_menu_link_color":"","ocean_menu_link_color_hover":"","ocean_menu_link_color_active":"","ocean_menu_link_background":"","ocean_menu_link_hover_background":"","ocean_menu_link_active_background":"","ocean_menu_social_links_bg":"","ocean_menu_social_hover_links_bg":"","ocean_menu_social_links_color":"","ocean_menu_social_hover_links_color":"","ocean_disable_title":"default","ocean_disable_heading":"default","ocean_post_title":"","ocean_post_subheading":"","ocean_post_title_style":"","ocean_post_title_background_color":"","ocean_post_title_background":0,"ocean_post_title_bg_image_position":"","ocean_post_title_bg_image_attachment":"","ocean_post_title_bg_image_repeat":"","ocean_post_title_bg_image_size":"","ocean_post_title_height":0,"ocean_post_title_bg_overlay":0.5,"ocean_post_title_bg_overlay_color":"","ocean_disable_breadcrumbs":"default","ocean_breadcrumbs_color":"","ocean_breadcrumbs_separator_color":"","ocean_breadcrumbs_links_color":"","ocean_breadcrumbs_links_hover_color":"","ocean_display_footer_widgets":"default","ocean_display_footer_bottom":"default","ocean_custom_footer_template":"0","ofc_meta_disable_footer_callout":"","ofc_meta_callout_button_url":"","ofc_meta_callout_button_txt":"","ofc_meta_callout_text":"","osh_disable_topbar_sticky":"default","osh_disable_header_sticky":"default","osh_sticky_header_style":"default","osh_sticky_header_effect":"","osh_custom_sticky_logo":0,"osh_custom_retina_sticky_logo":0,"osh_custom_sticky_logo_height":0,"osh_background_color":"","osh_links_color":"","osh_links_hover_color":"","osh_links_active_color":"","osh_links_bg_color":"","osh_links_hover_bg_color":"","osh_links_active_bg_color":"","osh_menu_social_links_color":"","osh_menu_social_hover_links_color":""},"product_brand":[],"product_cat":[152,145],"product_tag":[177,109,178],"class_list":{"0":"post-2183","1":"product","2":"type-product","3":"status-publish","4":"has-post-thumbnail","6":"product_cat-custom-paper-clips","7":"product_cat-custom-wire-fasteners","8":"product_tag-custom-paper-clip","9":"product_tag-paper-clip","10":"product_tag-paper-clip-design","12":"entry","13":"has-media","15":"first","16":"instock","17":"shipping-taxable","18":"product-type-external","19":"col","20":"span_1_of_3","21":"owp-content-center","22":"owp-thumbs-layout-horizontal","23":"owp-btn-very-big","24":"owp-tabs-layout-horizontal","25":"circle-sale"},"_links":{"self":[{"href":"https:\/\/www.metalwireforms.com\/de\/wp-json\/wp\/v2\/product\/2183","targetHints":{"allow":["GET"]}}],"collection":[{"href":"https:\/\/www.metalwireforms.com\/de\/wp-json\/wp\/v2\/product"}],"about":[{"href":"https:\/\/www.metalwireforms.com\/de\/wp-json\/wp\/v2\/types\/product"}],"version-history":[{"count":2,"href":"https:\/\/www.metalwireforms.com\/de\/wp-json\/wp\/v2\/product\/2183\/revisions"}],"predecessor-version":[{"id":2185,"href":"https:\/\/www.metalwireforms.com\/de\/wp-json\/wp\/v2\/product\/2183\/revisions\/2185"}],"wp:featuredmedia":[{"embeddable":true,"href":"https:\/\/www.metalwireforms.com\/de\/wp-json\/wp\/v2\/media\/2181"}],"wp:attachment":[{"href":"https:\/\/www.metalwireforms.com\/de\/wp-json\/wp\/v2\/media?parent=2183"}],"wp:term":[{"taxonomy":"product_brand","embeddable":true,"href":"https:\/\/www.metalwireforms.com\/de\/wp-json\/wp\/v2\/product_brand?post=2183"},{"taxonomy":"product_cat","embeddable":true,"href":"https:\/\/www.metalwireforms.com\/de\/wp-json\/wp\/v2\/product_cat?post=2183"},{"taxonomy":"product_tag","embeddable":true,"href":"https:\/\/www.metalwireforms.com\/de\/wp-json\/wp\/v2\/product_tag?post=2183"}],"curies":[{"name":"wp","href":"https:\/\/api.w.org\/{rel}","templated":true}]}}