{"id":2070,"date":"2022-08-10T06:25:17","date_gmt":"2022-08-10T06:25:17","guid":{"rendered":"https:\/\/www.metalwireforms.com\/?post_type=product&#038;p=2070"},"modified":"2022-12-12T08:47:59","modified_gmt":"2022-12-12T08:47:59","slug":"custom-stainless-steel-301-power-spring-spiral-springs","status":"publish","type":"product","link":"https:\/\/www.metalwireforms.com\/de\/produkt\/custom-stainless-steel-301-power-spring-spiral-springs","title":{"rendered":"Kundenspezifische Edelstahl 301 Power Spring Spiralfedern"},"content":{"rendered":"<figure id=\"attachment_2093\" aria-describedby=\"caption-attachment-2093\" style=\"width: 1000px\" class=\"wp-caption alignnone\"><img fetchpriority=\"high\" decoding=\"async\" class=\"size-full wp-image-2093\" src=\"https:\/\/www.metalwireforms.com\/wp-content\/uploads\/2022\/08\/Spiral-springs-7.jpg\" alt=\"Spiralfedern (7)\" width=\"1000\" height=\"563\" srcset=\"https:\/\/www.metalwireforms.com\/wp-content\/uploads\/2022\/08\/Spiral-springs-7.jpg 1000w, https:\/\/www.metalwireforms.com\/wp-content\/uploads\/2022\/08\/Spiral-springs-7-300x169.jpg 300w, https:\/\/www.metalwireforms.com\/wp-content\/uploads\/2022\/08\/Spiral-springs-7-150x84.jpg 150w, https:\/\/www.metalwireforms.com\/wp-content\/uploads\/2022\/08\/Spiral-springs-7-768x432.jpg 768w, https:\/\/www.metalwireforms.com\/wp-content\/uploads\/2022\/08\/Spiral-springs-7-18x10.jpg 18w, https:\/\/www.metalwireforms.com\/wp-content\/uploads\/2022\/08\/Spiral-springs-7-800x450.jpg 800w, https:\/\/www.metalwireforms.com\/wp-content\/uploads\/2022\/08\/Spiral-springs-7-600x338.jpg 600w\" sizes=\"(max-width: 1000px) 100vw, 1000px\" \/><figcaption id=\"caption-attachment-2093\" class=\"wp-caption-text\">Spiralfedern (7)<\/figcaption><\/figure>\n<h3>Merkmal<\/h3>\n<p>Die Feder wurde mit einer speziellen Kantenbearbeitung f\u00fcr die Hauptfeder versehen, und die Oberfl\u00e4che des fertigen Produkts weist keine Grate auf.<br \/>\nAus hochwertigem SUS301-Edelstahl gefertigt, ist die Federkraft stabil. Wenn das Material Manganstahl verwendet wird, ist das Endprodukt kosteng\u00fcnstiger.<br \/>\nProfessioneller Hersteller, kurzer Lieferzyklus, schnelle Lieferung, sorgenfreier Kundendienst.<\/p>\n<h3>Anmeldung<\/h3>\n<p>Die Kraftfeder ist einziehbar und wird an einem Schwerkraftdissipator zwischen dem Auffanggurt und dem Anschlagpunkt im Inneren des Auffangger\u00e4ts angebracht. Die Funktion der Kraftfeder im Auffangger\u00e4t besteht darin, das Stahlseil f\u00fcr immer straff zu halten, um ein Verheddern des Stahlseils zu vermeiden und so die Sicherheit der Arbeiter zu gew\u00e4hrleisten.<br \/>\nDer Autosicherheitsgurt ist ebenfalls mit einer Kraftfeder ausgestattet. Sein Anwendungsprinzip ist das gleiche wie das der Absturzsicherung, die verhindern kann, dass sich der Sicherheitsgurt beim Herausziehen und Aufrollen verheddert und die Sperrfunktion beeinflusst, um die Sicherheit der Fahrg\u00e4ste zu gew\u00e4hrleisten.<\/p>","protected":false},"excerpt":{"rendered":"<p>Die Spiralfeder wird auch als Kraftfeder bezeichnet. Wenn der Draht herausgezogen wird, k\u00f6nnen sich die Welle und die Triebfeder relativ zueinander drehen, und die Triebfeder wird auf die Welle gewickelt und speichert kinetische Energie. Wenn die \u00e4u\u00dfere Kraft verschwindet, erzeugt die Triebfeder ein Drehmoment, um die Antriebswelle anzutreiben, so dass der Draht in die Box zur\u00fcckgezogen werden kann.<\/p>","protected":false},"featured_media":2089,"template":"","meta":{"ocean_post_layout":"","ocean_both_sidebars_style":"","ocean_both_sidebars_content_width":0,"ocean_both_sidebars_sidebars_width":0,"ocean_sidebar":"0","ocean_second_sidebar":"0","ocean_disable_margins":"enable","ocean_add_body_class":"","ocean_shortcode_before_top_bar":"","ocean_shortcode_after_top_bar":"","ocean_shortcode_before_header":"","ocean_shortcode_after_header":"","ocean_has_shortcode":"","ocean_shortcode_after_title":"","ocean_shortcode_before_footer_widgets":"","ocean_shortcode_after_footer_widgets":"","ocean_shortcode_before_footer_bottom":"","ocean_shortcode_after_footer_bottom":"","ocean_display_top_bar":"default","ocean_display_header":"default","ocean_header_style":"","ocean_center_header_left_menu":"0","ocean_custom_header_template":"0","ocean_custom_logo":0,"ocean_custom_retina_logo":0,"ocean_custom_logo_max_width":0,"ocean_custom_logo_tablet_max_width":0,"ocean_custom_logo_mobile_max_width":0,"ocean_custom_logo_max_height":0,"ocean_custom_logo_tablet_max_height":0,"ocean_custom_logo_mobile_max_height":0,"ocean_header_custom_menu":"0","ocean_menu_typo_font_family":"0","ocean_menu_typo_font_subset":"","ocean_menu_typo_font_size":0,"ocean_menu_typo_font_size_tablet":0,"ocean_menu_typo_font_size_mobile":0,"ocean_menu_typo_font_size_unit":"px","ocean_menu_typo_font_weight":"","ocean_menu_typo_font_weight_tablet":"","ocean_menu_typo_font_weight_mobile":"","ocean_menu_typo_transform":"","ocean_menu_typo_transform_tablet":"","ocean_menu_typo_transform_mobile":"","ocean_menu_typo_line_height":0,"ocean_menu_typo_line_height_tablet":0,"ocean_menu_typo_line_height_mobile":0,"ocean_menu_typo_line_height_unit":"","ocean_menu_typo_spacing":0,"ocean_menu_typo_spacing_tablet":0,"ocean_menu_typo_spacing_mobile":0,"ocean_menu_typo_spacing_unit":"","ocean_menu_link_color":"","ocean_menu_link_color_hover":"","ocean_menu_link_color_active":"","ocean_menu_link_background":"","ocean_menu_link_hover_background":"","ocean_menu_link_active_background":"","ocean_menu_social_links_bg":"","ocean_menu_social_hover_links_bg":"","ocean_menu_social_links_color":"","ocean_menu_social_hover_links_color":"","ocean_disable_title":"default","ocean_disable_heading":"default","ocean_post_title":"","ocean_post_subheading":"","ocean_post_title_style":"","ocean_post_title_background_color":"","ocean_post_title_background":0,"ocean_post_title_bg_image_position":"","ocean_post_title_bg_image_attachment":"","ocean_post_title_bg_image_repeat":"","ocean_post_title_bg_image_size":"","ocean_post_title_height":0,"ocean_post_title_bg_overlay":0.5,"ocean_post_title_bg_overlay_color":"","ocean_disable_breadcrumbs":"default","ocean_breadcrumbs_color":"","ocean_breadcrumbs_separator_color":"","ocean_breadcrumbs_links_color":"","ocean_breadcrumbs_links_hover_color":"","ocean_display_footer_widgets":"default","ocean_display_footer_bottom":"default","ocean_custom_footer_template":"0","ofc_meta_disable_footer_callout":"","ofc_meta_callout_button_url":"","ofc_meta_callout_button_txt":"","ofc_meta_callout_text":"","osh_disable_topbar_sticky":"default","osh_disable_header_sticky":"default","osh_sticky_header_style":"default","osh_sticky_header_effect":"","osh_custom_sticky_logo":0,"osh_custom_retina_sticky_logo":0,"osh_custom_sticky_logo_height":0,"osh_background_color":"","osh_links_color":"","osh_links_hover_color":"","osh_links_active_color":"","osh_links_bg_color":"","osh_links_hover_bg_color":"","osh_links_active_bg_color":"","osh_menu_social_links_color":"","osh_menu_social_hover_links_color":""},"product_brand":[],"product_cat":[144,148],"product_tag":[170,96,171],"class_list":{"0":"post-2070","1":"product","2":"type-product","3":"status-publish","4":"has-post-thumbnail","6":"product_cat-custom-springs","7":"product_cat-custom-spiral-springs","8":"product_tag-power-spring","9":"product_tag-scroll-spring","10":"product_tag-spiral-springs","12":"entry","13":"has-media","15":"first","16":"instock","17":"featured","18":"shipping-taxable","19":"product-type-external","20":"col","21":"span_1_of_3","22":"owp-content-center","23":"owp-thumbs-layout-horizontal","24":"owp-btn-very-big","25":"owp-tabs-layout-horizontal","26":"circle-sale"},"_links":{"self":[{"href":"https:\/\/www.metalwireforms.com\/de\/wp-json\/wp\/v2\/product\/2070","targetHints":{"allow":["GET"]}}],"collection":[{"href":"https:\/\/www.metalwireforms.com\/de\/wp-json\/wp\/v2\/product"}],"about":[{"href":"https:\/\/www.metalwireforms.com\/de\/wp-json\/wp\/v2\/types\/product"}],"version-history":[{"count":5,"href":"https:\/\/www.metalwireforms.com\/de\/wp-json\/wp\/v2\/product\/2070\/revisions"}],"predecessor-version":[{"id":2094,"href":"https:\/\/www.metalwireforms.com\/de\/wp-json\/wp\/v2\/product\/2070\/revisions\/2094"}],"wp:featuredmedia":[{"embeddable":true,"href":"https:\/\/www.metalwireforms.com\/de\/wp-json\/wp\/v2\/media\/2089"}],"wp:attachment":[{"href":"https:\/\/www.metalwireforms.com\/de\/wp-json\/wp\/v2\/media?parent=2070"}],"wp:term":[{"taxonomy":"product_brand","embeddable":true,"href":"https:\/\/www.metalwireforms.com\/de\/wp-json\/wp\/v2\/product_brand?post=2070"},{"taxonomy":"product_cat","embeddable":true,"href":"https:\/\/www.metalwireforms.com\/de\/wp-json\/wp\/v2\/product_cat?post=2070"},{"taxonomy":"product_tag","embeddable":true,"href":"https:\/\/www.metalwireforms.com\/de\/wp-json\/wp\/v2\/product_tag?post=2070"}],"curies":[{"name":"wp","href":"https:\/\/api.w.org\/{rel}","templated":true}]}}