{"id":2059,"date":"2022-08-05T09:33:15","date_gmt":"2022-08-05T09:33:15","guid":{"rendered":"https:\/\/www.metalwireforms.com\/?post_type=product&#038;p=2059"},"modified":"2022-09-01T06:47:23","modified_gmt":"2022-09-01T06:47:23","slug":"stamping-customized-copper-electrical-contacts-for-motor","status":"publish","type":"product","link":"https:\/\/www.metalwireforms.com\/de\/produkt\/stamping-customized-copper-electrical-contacts-for-motor","title":{"rendered":"Stanzen von kundenspezifischen elektrischen Kupferkontakten f\u00fcr Motoren"},"content":{"rendered":"<figure id=\"attachment_2064\" aria-describedby=\"caption-attachment-2064\" style=\"width: 1000px\" class=\"wp-caption alignnone\"><img fetchpriority=\"high\" decoding=\"async\" class=\"size-full wp-image-2064\" src=\"https:\/\/www.metalwireforms.com\/wp-content\/uploads\/2022\/08\/Electrical-contacts-5.jpg\" alt=\"Elektrische Kontakte (5)\" width=\"1000\" height=\"562\" srcset=\"https:\/\/www.metalwireforms.com\/wp-content\/uploads\/2022\/08\/Electrical-contacts-5.jpg 1000w, https:\/\/www.metalwireforms.com\/wp-content\/uploads\/2022\/08\/Electrical-contacts-5-300x169.jpg 300w, https:\/\/www.metalwireforms.com\/wp-content\/uploads\/2022\/08\/Electrical-contacts-5-150x84.jpg 150w, https:\/\/www.metalwireforms.com\/wp-content\/uploads\/2022\/08\/Electrical-contacts-5-768x432.jpg 768w, https:\/\/www.metalwireforms.com\/wp-content\/uploads\/2022\/08\/Electrical-contacts-5-18x10.jpg 18w, https:\/\/www.metalwireforms.com\/wp-content\/uploads\/2022\/08\/Electrical-contacts-5-800x450.jpg 800w, https:\/\/www.metalwireforms.com\/wp-content\/uploads\/2022\/08\/Electrical-contacts-5-600x337.jpg 600w\" sizes=\"(max-width: 1000px) 100vw, 1000px\" \/><figcaption id=\"caption-attachment-2064\" class=\"wp-caption-text\">Elektrische Kontakte (5)<\/figcaption><\/figure>\n<h3>Merkmal<\/h3>\n<p>1. Phosphorbronze, Rotkupfer, Messing, Eisen, Edelstahl, Aluminium und andere durch Stanzen und Biegen geformte Kontaktst\u00fccke.<br \/>\n2. Kundenspezifische 0,05mm-3,0mm elektrische Kontakte nach Kundenwunsch.<br \/>\nOberfl\u00e4chenbehandlung: entsprechend den Anforderungen des Kunden. Blanke Kupfer-, verzinnte, vergoldete, vernickelte, verzinkte und andere oberfl\u00e4chenbehandelte Kontakte.<br \/>\n3. Gute Leistung, hohe Ma\u00dfgenauigkeit der elektrischen Kontakte, und Materialien k\u00f6nnen auch nach Kundenwunsch ausgew\u00e4hlt werden.<\/p>\n<h3>Anmeldung<\/h3>\n<p>Die elektrischen Kontakte sind von hoher Qualit\u00e4t, und die Struktur ist stabil und fest und nicht leicht zu besch\u00e4digen. Es gibt einen ausgereiften Produktionsprozess, und nach mehreren Prozessen ist die Oberfl\u00e4che des Kontaktst\u00fccks glatt.<br \/>\nElektrische Kontakte werden h\u00e4ufig in Leistungsschaltern, Wechselstromsch\u00fctzen, Relais, Wandschaltern, Nickel-Cadmium-Batterien, Lithium-Ionen-Batterien, Mobiltelefonbatterien, Notebook-Batterien, mobilen Stromversorgungsbatterien, Stromversorgungsbatterien und anderen Industrien verwendet.<\/p>","protected":false},"excerpt":{"rendered":"<p>Die wichtigsten Arten von elektrischen Kontakten: Stahlklammern, Eisenklammern. Transformator-Kupferblech, Kupferband, Kupferwiderstand, Kupferkarte. PCB-Platte des Transformators, isolierende Bodenplatte. Batterieanschlussblech, wie z.B. reines Nickelblech, Aluminium-Nickelblech, vernickeltes Stahlblech, Goldblech, Schutzblech-Nickelblech, Transferschwei\u00df-Nickelblech, Spezial-Nickelblech f\u00fcr automatische Schutzblech-Punktschwei\u00dfmaschine.<\/p>","protected":false},"featured_media":2062,"template":"","meta":{"ocean_post_layout":"","ocean_both_sidebars_style":"","ocean_both_sidebars_content_width":0,"ocean_both_sidebars_sidebars_width":0,"ocean_sidebar":"0","ocean_second_sidebar":"0","ocean_disable_margins":"enable","ocean_add_body_class":"","ocean_shortcode_before_top_bar":"","ocean_shortcode_after_top_bar":"","ocean_shortcode_before_header":"","ocean_shortcode_after_header":"","ocean_has_shortcode":"","ocean_shortcode_after_title":"","ocean_shortcode_before_footer_widgets":"","ocean_shortcode_after_footer_widgets":"","ocean_shortcode_before_footer_bottom":"","ocean_shortcode_after_footer_bottom":"","ocean_display_top_bar":"default","ocean_display_header":"default","ocean_header_style":"","ocean_center_header_left_menu":"0","ocean_custom_header_template":"0","ocean_custom_logo":0,"ocean_custom_retina_logo":0,"ocean_custom_logo_max_width":0,"ocean_custom_logo_tablet_max_width":0,"ocean_custom_logo_mobile_max_width":0,"ocean_custom_logo_max_height":0,"ocean_custom_logo_tablet_max_height":0,"ocean_custom_logo_mobile_max_height":0,"ocean_header_custom_menu":"0","ocean_menu_typo_font_family":"0","ocean_menu_typo_font_subset":"","ocean_menu_typo_font_size":0,"ocean_menu_typo_font_size_tablet":0,"ocean_menu_typo_font_size_mobile":0,"ocean_menu_typo_font_size_unit":"px","ocean_menu_typo_font_weight":"","ocean_menu_typo_font_weight_tablet":"","ocean_menu_typo_font_weight_mobile":"","ocean_menu_typo_transform":"","ocean_menu_typo_transform_tablet":"","ocean_menu_typo_transform_mobile":"","ocean_menu_typo_line_height":0,"ocean_menu_typo_line_height_tablet":0,"ocean_menu_typo_line_height_mobile":0,"ocean_menu_typo_line_height_unit":"","ocean_menu_typo_spacing":0,"ocean_menu_typo_spacing_tablet":0,"ocean_menu_typo_spacing_mobile":0,"ocean_menu_typo_spacing_unit":"","ocean_menu_link_color":"","ocean_menu_link_color_hover":"","ocean_menu_link_color_active":"","ocean_menu_link_background":"","ocean_menu_link_hover_background":"","ocean_menu_link_active_background":"","ocean_menu_social_links_bg":"","ocean_menu_social_hover_links_bg":"","ocean_menu_social_links_color":"","ocean_menu_social_hover_links_color":"","ocean_disable_title":"default","ocean_disable_heading":"default","ocean_post_title":"","ocean_post_subheading":"","ocean_post_title_style":"","ocean_post_title_background_color":"","ocean_post_title_background":0,"ocean_post_title_bg_image_position":"","ocean_post_title_bg_image_attachment":"","ocean_post_title_bg_image_repeat":"","ocean_post_title_bg_image_size":"","ocean_post_title_height":0,"ocean_post_title_bg_overlay":0.5,"ocean_post_title_bg_overlay_color":"","ocean_disable_breadcrumbs":"default","ocean_breadcrumbs_color":"","ocean_breadcrumbs_separator_color":"","ocean_breadcrumbs_links_color":"","ocean_breadcrumbs_links_hover_color":"","ocean_display_footer_widgets":"default","ocean_display_footer_bottom":"default","ocean_custom_footer_template":"0","ofc_meta_disable_footer_callout":"","ofc_meta_callout_button_url":"","ofc_meta_callout_button_txt":"","ofc_meta_callout_text":"","osh_disable_topbar_sticky":"default","osh_disable_header_sticky":"default","osh_sticky_header_style":"default","osh_sticky_header_effect":"","osh_custom_sticky_logo":0,"osh_custom_retina_sticky_logo":0,"osh_custom_sticky_logo_height":0,"osh_background_color":"","osh_links_color":"","osh_links_hover_color":"","osh_links_active_color":"","osh_links_bg_color":"","osh_links_hover_bg_color":"","osh_links_active_bg_color":"","osh_menu_social_links_color":"","osh_menu_social_hover_links_color":""},"product_brand":[],"product_cat":[145,151],"product_tag":[169,168,105],"class_list":{"0":"post-2059","1":"product","2":"type-product","3":"status-publish","4":"has-post-thumbnail","6":"product_cat-custom-wire-fasteners","7":"product_cat-custom-contacts","8":"product_tag-contact-piece","9":"product_tag-electrical-contacts","10":"product_tag-flat-spring","12":"entry","13":"has-media","15":"first","16":"instock","17":"shipping-taxable","18":"product-type-external","19":"col","20":"span_1_of_3","21":"owp-content-center","22":"owp-thumbs-layout-horizontal","23":"owp-btn-very-big","24":"owp-tabs-layout-horizontal","25":"circle-sale"},"_links":{"self":[{"href":"https:\/\/www.metalwireforms.com\/de\/wp-json\/wp\/v2\/product\/2059","targetHints":{"allow":["GET"]}}],"collection":[{"href":"https:\/\/www.metalwireforms.com\/de\/wp-json\/wp\/v2\/product"}],"about":[{"href":"https:\/\/www.metalwireforms.com\/de\/wp-json\/wp\/v2\/types\/product"}],"version-history":[{"count":5,"href":"https:\/\/www.metalwireforms.com\/de\/wp-json\/wp\/v2\/product\/2059\/revisions"}],"predecessor-version":[{"id":2069,"href":"https:\/\/www.metalwireforms.com\/de\/wp-json\/wp\/v2\/product\/2059\/revisions\/2069"}],"wp:featuredmedia":[{"embeddable":true,"href":"https:\/\/www.metalwireforms.com\/de\/wp-json\/wp\/v2\/media\/2062"}],"wp:attachment":[{"href":"https:\/\/www.metalwireforms.com\/de\/wp-json\/wp\/v2\/media?parent=2059"}],"wp:term":[{"taxonomy":"product_brand","embeddable":true,"href":"https:\/\/www.metalwireforms.com\/de\/wp-json\/wp\/v2\/product_brand?post=2059"},{"taxonomy":"product_cat","embeddable":true,"href":"https:\/\/www.metalwireforms.com\/de\/wp-json\/wp\/v2\/product_cat?post=2059"},{"taxonomy":"product_tag","embeddable":true,"href":"https:\/\/www.metalwireforms.com\/de\/wp-json\/wp\/v2\/product_tag?post=2059"}],"curies":[{"name":"wp","href":"https:\/\/api.w.org\/{rel}","templated":true}]}}