{"id":2043,"date":"2022-08-01T09:33:10","date_gmt":"2022-08-01T09:33:10","guid":{"rendered":"https:\/\/www.metalwireforms.com\/?post_type=product&#038;p=2043"},"modified":"2022-12-12T08:49:47","modified_gmt":"2022-12-12T08:49:47","slug":"stainless-steel-plated-d-ring-customized-with-spot-welding","status":"publish","type":"product","link":"https:\/\/www.metalwireforms.com\/de\/produkt\/stainless-steel-plated-d-ring-customized-with-spot-welding","title":{"rendered":"Edelstahl plattiert D-Ring angepasst mit Punktschwei\u00dfung"},"content":{"rendered":"<p>Die Herstellung des D-Rings erfolgt aus Metallmaterial, das oxidationsbest\u00e4ndig, korrosionsbest\u00e4ndig, verschlei\u00dffest und langlebig ist.<br \/>\nDie Form des D-Rings ist fein ausgearbeitet, mit einer nat\u00fcrlichen Kante und einem glatten Griff.<br \/>\nDer D-Ring kann in mehreren Schichten poliert werden, und die galvanische Oberfl\u00e4che ist fein geschliffen und poliert, was langfristig verschlei\u00dffest ist und nicht leicht verblasst.<br \/>\nD-Ring kann je nach Kundenwunsch angepasst werden, um jede Gr\u00f6\u00dfe Anforderungen, verschiedene Farben, verschiedene Prozesse zu erf\u00fcllen.<\/p>\n<h3>Spezifikation<\/h3>\n<figure id=\"attachment_2056\" aria-describedby=\"caption-attachment-2056\" style=\"width: 1000px\" class=\"wp-caption alignnone\"><img fetchpriority=\"high\" decoding=\"async\" class=\"size-full wp-image-2056\" src=\"https:\/\/www.metalwireforms.com\/wp-content\/uploads\/2022\/08\/D-ring-spec.jpg\" alt=\"D-Ring Spezifikation\" width=\"1000\" height=\"1294\" srcset=\"https:\/\/www.metalwireforms.com\/wp-content\/uploads\/2022\/08\/D-ring-spec.jpg 1000w, https:\/\/www.metalwireforms.com\/wp-content\/uploads\/2022\/08\/D-ring-spec-232x300.jpg 232w, https:\/\/www.metalwireforms.com\/wp-content\/uploads\/2022\/08\/D-ring-spec-791x1024.jpg 791w, https:\/\/www.metalwireforms.com\/wp-content\/uploads\/2022\/08\/D-ring-spec-116x150.jpg 116w, https:\/\/www.metalwireforms.com\/wp-content\/uploads\/2022\/08\/D-ring-spec-768x994.jpg 768w, https:\/\/www.metalwireforms.com\/wp-content\/uploads\/2022\/08\/D-ring-spec-9x12.jpg 9w, https:\/\/www.metalwireforms.com\/wp-content\/uploads\/2022\/08\/D-ring-spec-600x776.jpg 600w\" sizes=\"(max-width: 1000px) 100vw, 1000px\" \/><figcaption id=\"caption-attachment-2056\" class=\"wp-caption-text\">D-Ring Spezifikation<\/figcaption><\/figure>\n<h3>Anmeldung<\/h3>\n<p>Haupts\u00e4chlich verwendet f\u00fcr Vorh\u00e4nge, Handtaschen, Hundestifte, Kleiderkn\u00f6pfe, Zelte, G\u00fcrtel, Dokumente usw. Es gibt eine Vielzahl von Beschichtungsfarben, wie reines Gold, Ros\u00e9gold, Hellgold, Chromfarbe, Eisenschwarz, Antikbronze, stummes Eisenschwarz, stummes Gold, vernickeltes Gold, imitiertes Nickel, vernickeltes Eisenschwarz, vernickeltes Hellgold, wei\u00dfe und blaue Patina, usw.<\/p>","protected":false},"excerpt":{"rendered":"<p>1. Die D-Schnalle ist von guter Qualit\u00e4t und g\u00fcnstigem Preis.<br \/>\n2. D-Ring Plattierung Farbe kann je nach Kundenwunsch angeordnet werden.<br \/>\n3. D-Ring kann entsprechend den Kundenanforderungen angepasst werden.<br \/>\n4. Die D-Ring-Verpackung kann je nach den besonderen Anforderungen gestaltet werden, z. B. unabh\u00e4ngige Verpackung, Aufkleben von Schutzfolie usw.<\/p>","protected":false},"featured_media":2047,"template":"","meta":{"ocean_post_layout":"","ocean_both_sidebars_style":"","ocean_both_sidebars_content_width":0,"ocean_both_sidebars_sidebars_width":0,"ocean_sidebar":"0","ocean_second_sidebar":"0","ocean_disable_margins":"enable","ocean_add_body_class":"","ocean_shortcode_before_top_bar":"","ocean_shortcode_after_top_bar":"","ocean_shortcode_before_header":"","ocean_shortcode_after_header":"","ocean_has_shortcode":"","ocean_shortcode_after_title":"","ocean_shortcode_before_footer_widgets":"","ocean_shortcode_after_footer_widgets":"","ocean_shortcode_before_footer_bottom":"","ocean_shortcode_after_footer_bottom":"","ocean_display_top_bar":"default","ocean_display_header":"default","ocean_header_style":"","ocean_center_header_left_menu":"0","ocean_custom_header_template":"0","ocean_custom_logo":0,"ocean_custom_retina_logo":0,"ocean_custom_logo_max_width":0,"ocean_custom_logo_tablet_max_width":0,"ocean_custom_logo_mobile_max_width":0,"ocean_custom_logo_max_height":0,"ocean_custom_logo_tablet_max_height":0,"ocean_custom_logo_mobile_max_height":0,"ocean_header_custom_menu":"0","ocean_menu_typo_font_family":"0","ocean_menu_typo_font_subset":"","ocean_menu_typo_font_size":0,"ocean_menu_typo_font_size_tablet":0,"ocean_menu_typo_font_size_mobile":0,"ocean_menu_typo_font_size_unit":"px","ocean_menu_typo_font_weight":"","ocean_menu_typo_font_weight_tablet":"","ocean_menu_typo_font_weight_mobile":"","ocean_menu_typo_transform":"","ocean_menu_typo_transform_tablet":"","ocean_menu_typo_transform_mobile":"","ocean_menu_typo_line_height":0,"ocean_menu_typo_line_height_tablet":0,"ocean_menu_typo_line_height_mobile":0,"ocean_menu_typo_line_height_unit":"","ocean_menu_typo_spacing":0,"ocean_menu_typo_spacing_tablet":0,"ocean_menu_typo_spacing_mobile":0,"ocean_menu_typo_spacing_unit":"","ocean_menu_link_color":"","ocean_menu_link_color_hover":"","ocean_menu_link_color_active":"","ocean_menu_link_background":"","ocean_menu_link_hover_background":"","ocean_menu_link_active_background":"","ocean_menu_social_links_bg":"","ocean_menu_social_hover_links_bg":"","ocean_menu_social_links_color":"","ocean_menu_social_hover_links_color":"","ocean_disable_title":"default","ocean_disable_heading":"default","ocean_post_title":"","ocean_post_subheading":"","ocean_post_title_style":"","ocean_post_title_background_color":"","ocean_post_title_background":0,"ocean_post_title_bg_image_position":"","ocean_post_title_bg_image_attachment":"","ocean_post_title_bg_image_repeat":"","ocean_post_title_bg_image_size":"","ocean_post_title_height":0,"ocean_post_title_bg_overlay":0.5,"ocean_post_title_bg_overlay_color":"","ocean_disable_breadcrumbs":"default","ocean_breadcrumbs_color":"","ocean_breadcrumbs_separator_color":"","ocean_breadcrumbs_links_color":"","ocean_breadcrumbs_links_hover_color":"","ocean_display_footer_widgets":"default","ocean_display_footer_bottom":"default","ocean_custom_footer_template":"0","ofc_meta_disable_footer_callout":"","ofc_meta_callout_button_url":"","ofc_meta_callout_button_txt":"","ofc_meta_callout_text":"","osh_disable_topbar_sticky":"default","osh_disable_header_sticky":"default","osh_sticky_header_style":"default","osh_sticky_header_effect":"","osh_custom_sticky_logo":0,"osh_custom_retina_sticky_logo":0,"osh_custom_sticky_logo_height":0,"osh_background_color":"","osh_links_color":"","osh_links_hover_color":"","osh_links_active_color":"","osh_links_bg_color":"","osh_links_hover_bg_color":"","osh_links_active_bg_color":"","osh_menu_social_links_color":"","osh_menu_social_hover_links_color":""},"product_brand":[],"product_cat":[145,33],"product_tag":[167,165,166],"class_list":{"0":"post-2043","1":"product","2":"type-product","3":"status-publish","4":"has-post-thumbnail","6":"product_cat-custom-wire-fasteners","7":"product_cat-custom-wire-buckles","8":"product_tag-custom-d-ring","9":"product_tag-d-ring","10":"product_tag-handbag-d-buckle","12":"entry","13":"has-media","15":"first","16":"instock","17":"shipping-taxable","18":"product-type-external","19":"col","20":"span_1_of_3","21":"owp-content-center","22":"owp-thumbs-layout-horizontal","23":"owp-btn-very-big","24":"owp-tabs-layout-horizontal","25":"circle-sale"},"_links":{"self":[{"href":"https:\/\/www.metalwireforms.com\/de\/wp-json\/wp\/v2\/product\/2043","targetHints":{"allow":["GET"]}}],"collection":[{"href":"https:\/\/www.metalwireforms.com\/de\/wp-json\/wp\/v2\/product"}],"about":[{"href":"https:\/\/www.metalwireforms.com\/de\/wp-json\/wp\/v2\/types\/product"}],"version-history":[{"count":6,"href":"https:\/\/www.metalwireforms.com\/de\/wp-json\/wp\/v2\/product\/2043\/revisions"}],"predecessor-version":[{"id":2096,"href":"https:\/\/www.metalwireforms.com\/de\/wp-json\/wp\/v2\/product\/2043\/revisions\/2096"}],"wp:featuredmedia":[{"embeddable":true,"href":"https:\/\/www.metalwireforms.com\/de\/wp-json\/wp\/v2\/media\/2047"}],"wp:attachment":[{"href":"https:\/\/www.metalwireforms.com\/de\/wp-json\/wp\/v2\/media?parent=2043"}],"wp:term":[{"taxonomy":"product_brand","embeddable":true,"href":"https:\/\/www.metalwireforms.com\/de\/wp-json\/wp\/v2\/product_brand?post=2043"},{"taxonomy":"product_cat","embeddable":true,"href":"https:\/\/www.metalwireforms.com\/de\/wp-json\/wp\/v2\/product_cat?post=2043"},{"taxonomy":"product_tag","embeddable":true,"href":"https:\/\/www.metalwireforms.com\/de\/wp-json\/wp\/v2\/product_tag?post=2043"}],"curies":[{"name":"wp","href":"https:\/\/api.w.org\/{rel}","templated":true}]}}