{"id":2037,"date":"2022-07-29T09:39:16","date_gmt":"2022-07-29T09:39:16","guid":{"rendered":"https:\/\/www.metalwireforms.com\/?post_type=product&#038;p=2037"},"modified":"2022-12-12T08:49:55","modified_gmt":"2022-12-12T08:49:55","slug":"factory-customized-0-03-10mm-oversized-scroll-spring","status":"publish","type":"product","link":"https:\/\/www.metalwireforms.com\/de\/produkt\/factory-customized-0-03-10mm-oversized-scroll-spring","title":{"rendered":"Factory Customized 0.03-10mm \u00dcbergro\u00dfe Spiralfeder"},"content":{"rendered":"<figure id=\"attachment_2038\" aria-describedby=\"caption-attachment-2038\" style=\"width: 1000px\" class=\"wp-caption alignnone\"><img fetchpriority=\"high\" decoding=\"async\" class=\"size-full wp-image-2038\" src=\"https:\/\/www.metalwireforms.com\/wp-content\/uploads\/2022\/07\/big-Spiral-spring-6.jpg\" alt=\"gro\u00dfe Spiralfeder (6)\" width=\"1000\" height=\"562\" srcset=\"https:\/\/www.metalwireforms.com\/wp-content\/uploads\/2022\/07\/big-Spiral-spring-6.jpg 1000w, https:\/\/www.metalwireforms.com\/wp-content\/uploads\/2022\/07\/big-Spiral-spring-6-300x169.jpg 300w, https:\/\/www.metalwireforms.com\/wp-content\/uploads\/2022\/07\/big-Spiral-spring-6-150x84.jpg 150w, https:\/\/www.metalwireforms.com\/wp-content\/uploads\/2022\/07\/big-Spiral-spring-6-768x432.jpg 768w, https:\/\/www.metalwireforms.com\/wp-content\/uploads\/2022\/07\/big-Spiral-spring-6-18x10.jpg 18w, https:\/\/www.metalwireforms.com\/wp-content\/uploads\/2022\/07\/big-Spiral-spring-6-800x450.jpg 800w, https:\/\/www.metalwireforms.com\/wp-content\/uploads\/2022\/07\/big-Spiral-spring-6-600x337.jpg 600w\" sizes=\"(max-width: 1000px) 100vw, 1000px\" \/><figcaption id=\"caption-attachment-2038\" class=\"wp-caption-text\">gro\u00dfe Spiralfeder (6)<\/figcaption><\/figure>\n<h3><strong>Merkmal<\/strong><\/h3>\n<p>Oberfl\u00e4chenbehandlung der Spiralfeder: Wei\u00dfverzinkung, Blauzinkung, Farbverzinkung, Schwarzverzinkung, Schwarzoxid, Vernickelung, Schwarzvernickelung, Verchromung, Vergoldung, Versilberung, elektrophoretische Schwarzbeschichtung, Dacromet (Salzspr\u00fchtest \u00fcber 500 Stunden).<br \/>\nSpiralfederwerkstoffe: Edelstahl, Federstahl, Kohlenstoffstahl, Klavierstahl, Phosphorbronze.<br \/>\nAusr\u00fcstung zur Herstellung von Spiralfedern: CNC-gesteuerte automatische Computer-Federformmaschine und Computer-Pr\u00fcfger\u00e4te, Computer-Federmaschine, Computer-Feder, Computer-Druckfeder-Maschine, Computer-Torsionsfeder-Maschine, gew\u00f6hnliche Druckfeder-Maschine, Knopfstanzmaschine, Kraftmessger\u00e4t, Hochtemperatur-Temperierofen.<\/p>\n<h3>Anmeldung<\/h3>\n<p>Die Spiralfeder ist eine schraubenf\u00f6rmige Feder aus einem Bandstahlmaterial. In verschiedenen Branchen wird die Spiralfeder auch anders genannt. Nun gibt es viele verschiedene Federn, die als Spiralfedern bezeichnet werden. Zum Beispiel wird eine Spiralfeder auch als Spiralfeder bezeichnet, was auf die Form der Feder zur\u00fcckzuf\u00fchren ist. Die Produkte werden haupts\u00e4chlich in verschiedenen Elektroger\u00e4ten, elektronischen Produkten, Computern, Kommunikationsger\u00e4ten, Spielzeugen, Beleuchtungen, Vorh\u00e4ngen, Regalen, Messger\u00e4ten, mechanischen Ger\u00e4ten, Auto- und Motorradzubeh\u00f6r, Bau- und Installationsarbeiten und anderen Branchen verwendet.<\/p>","protected":false},"excerpt":{"rendered":"<p>Wir k\u00f6nnen verschiedene Arten von Hochpr\u00e4zisionsfedern, Spiralfedern, Zugfedern, Torsionsfedern, Druckfedern, anisotropen Bl\u00e4ttern, Schrapnellen, Uhrwerken, Beschl\u00e4gen und anderem Zubeh\u00f6r von 0,08 mm bis 12 mm Drahtdurchmesser herstellen, und wir k\u00f6nnen sie entsprechend den Anforderungen der Kunden entwerfen und herstellen.<\/p>","protected":false},"featured_media":2040,"template":"","meta":{"ocean_post_layout":"","ocean_both_sidebars_style":"","ocean_both_sidebars_content_width":0,"ocean_both_sidebars_sidebars_width":0,"ocean_sidebar":"0","ocean_second_sidebar":"0","ocean_disable_margins":"enable","ocean_add_body_class":"","ocean_shortcode_before_top_bar":"","ocean_shortcode_after_top_bar":"","ocean_shortcode_before_header":"","ocean_shortcode_after_header":"","ocean_has_shortcode":"","ocean_shortcode_after_title":"","ocean_shortcode_before_footer_widgets":"","ocean_shortcode_after_footer_widgets":"","ocean_shortcode_before_footer_bottom":"","ocean_shortcode_after_footer_bottom":"","ocean_display_top_bar":"default","ocean_display_header":"default","ocean_header_style":"","ocean_center_header_left_menu":"0","ocean_custom_header_template":"0","ocean_custom_logo":0,"ocean_custom_retina_logo":0,"ocean_custom_logo_max_width":0,"ocean_custom_logo_tablet_max_width":0,"ocean_custom_logo_mobile_max_width":0,"ocean_custom_logo_max_height":0,"ocean_custom_logo_tablet_max_height":0,"ocean_custom_logo_mobile_max_height":0,"ocean_header_custom_menu":"0","ocean_menu_typo_font_family":"0","ocean_menu_typo_font_subset":"","ocean_menu_typo_font_size":0,"ocean_menu_typo_font_size_tablet":0,"ocean_menu_typo_font_size_mobile":0,"ocean_menu_typo_font_size_unit":"px","ocean_menu_typo_font_weight":"","ocean_menu_typo_font_weight_tablet":"","ocean_menu_typo_font_weight_mobile":"","ocean_menu_typo_transform":"","ocean_menu_typo_transform_tablet":"","ocean_menu_typo_transform_mobile":"","ocean_menu_typo_line_height":0,"ocean_menu_typo_line_height_tablet":0,"ocean_menu_typo_line_height_mobile":0,"ocean_menu_typo_line_height_unit":"","ocean_menu_typo_spacing":0,"ocean_menu_typo_spacing_tablet":0,"ocean_menu_typo_spacing_mobile":0,"ocean_menu_typo_spacing_unit":"","ocean_menu_link_color":"","ocean_menu_link_color_hover":"","ocean_menu_link_color_active":"","ocean_menu_link_background":"","ocean_menu_link_hover_background":"","ocean_menu_link_active_background":"","ocean_menu_social_links_bg":"","ocean_menu_social_hover_links_bg":"","ocean_menu_social_links_color":"","ocean_menu_social_hover_links_color":"","ocean_disable_title":"default","ocean_disable_heading":"default","ocean_post_title":"","ocean_post_subheading":"","ocean_post_title_style":"","ocean_post_title_background_color":"","ocean_post_title_background":0,"ocean_post_title_bg_image_position":"","ocean_post_title_bg_image_attachment":"","ocean_post_title_bg_image_repeat":"","ocean_post_title_bg_image_size":"","ocean_post_title_height":0,"ocean_post_title_bg_overlay":0.5,"ocean_post_title_bg_overlay_color":"","ocean_disable_breadcrumbs":"default","ocean_breadcrumbs_color":"","ocean_breadcrumbs_separator_color":"","ocean_breadcrumbs_links_color":"","ocean_breadcrumbs_links_hover_color":"","ocean_display_footer_widgets":"default","ocean_display_footer_bottom":"default","ocean_custom_footer_template":"0","ofc_meta_disable_footer_callout":"","ofc_meta_callout_button_url":"","ofc_meta_callout_button_txt":"","ofc_meta_callout_text":"","osh_disable_topbar_sticky":"default","osh_disable_header_sticky":"default","osh_sticky_header_style":"default","osh_sticky_header_effect":"","osh_custom_sticky_logo":0,"osh_custom_retina_sticky_logo":0,"osh_custom_sticky_logo_height":0,"osh_background_color":"","osh_links_color":"","osh_links_hover_color":"","osh_links_active_color":"","osh_links_bg_color":"","osh_links_hover_bg_color":"","osh_links_active_bg_color":"","osh_menu_social_links_color":"","osh_menu_social_hover_links_color":""},"product_brand":[],"product_cat":[144,148],"product_tag":[118,164,163],"class_list":{"0":"post-2037","1":"product","2":"type-product","3":"status-publish","4":"has-post-thumbnail","6":"product_cat-custom-springs","7":"product_cat-custom-spiral-springs","8":"product_tag-coil-spring","9":"product_tag-custom-spring","10":"product_tag-spiral-spring","12":"entry","13":"has-media","15":"first","16":"instock","17":"shipping-taxable","18":"product-type-external","19":"col","20":"span_1_of_3","21":"owp-content-center","22":"owp-thumbs-layout-horizontal","23":"owp-btn-very-big","24":"owp-tabs-layout-horizontal","25":"circle-sale"},"_links":{"self":[{"href":"https:\/\/www.metalwireforms.com\/de\/wp-json\/wp\/v2\/product\/2037","targetHints":{"allow":["GET"]}}],"collection":[{"href":"https:\/\/www.metalwireforms.com\/de\/wp-json\/wp\/v2\/product"}],"about":[{"href":"https:\/\/www.metalwireforms.com\/de\/wp-json\/wp\/v2\/types\/product"}],"version-history":[{"count":1,"href":"https:\/\/www.metalwireforms.com\/de\/wp-json\/wp\/v2\/product\/2037\/revisions"}],"predecessor-version":[{"id":2042,"href":"https:\/\/www.metalwireforms.com\/de\/wp-json\/wp\/v2\/product\/2037\/revisions\/2042"}],"wp:featuredmedia":[{"embeddable":true,"href":"https:\/\/www.metalwireforms.com\/de\/wp-json\/wp\/v2\/media\/2040"}],"wp:attachment":[{"href":"https:\/\/www.metalwireforms.com\/de\/wp-json\/wp\/v2\/media?parent=2037"}],"wp:term":[{"taxonomy":"product_brand","embeddable":true,"href":"https:\/\/www.metalwireforms.com\/de\/wp-json\/wp\/v2\/product_brand?post=2037"},{"taxonomy":"product_cat","embeddable":true,"href":"https:\/\/www.metalwireforms.com\/de\/wp-json\/wp\/v2\/product_cat?post=2037"},{"taxonomy":"product_tag","embeddable":true,"href":"https:\/\/www.metalwireforms.com\/de\/wp-json\/wp\/v2\/product_tag?post=2037"}],"curies":[{"name":"wp","href":"https:\/\/api.w.org\/{rel}","templated":true}]}}