{"id":2029,"date":"2022-07-26T09:26:34","date_gmt":"2022-07-26T09:26:34","guid":{"rendered":"https:\/\/www.metalwireforms.com\/?post_type=product&#038;p=2029"},"modified":"2022-08-11T02:53:56","modified_gmt":"2022-08-11T02:53:56","slug":"custom-phosphor-bronze-battery-contact-springs","status":"publish","type":"product","link":"https:\/\/www.metalwireforms.com\/de\/produkt\/custom-phosphor-bronze-battery-contact-springs","title":{"rendered":"Kundenspezifische Phosphorbronze-Batteriekontaktfedern"},"content":{"rendered":"<p><img fetchpriority=\"high\" decoding=\"async\" class=\"alignnone size-full wp-image-2030\" src=\"https:\/\/www.metalwireforms.com\/wp-content\/uploads\/2022\/07\/battery-contact-1.jpg\" alt=\"\" width=\"1000\" height=\"563\" srcset=\"https:\/\/www.metalwireforms.com\/wp-content\/uploads\/2022\/07\/battery-contact-1.jpg 1000w, https:\/\/www.metalwireforms.com\/wp-content\/uploads\/2022\/07\/battery-contact-1-300x169.jpg 300w, https:\/\/www.metalwireforms.com\/wp-content\/uploads\/2022\/07\/battery-contact-1-150x84.jpg 150w, https:\/\/www.metalwireforms.com\/wp-content\/uploads\/2022\/07\/battery-contact-1-768x432.jpg 768w, https:\/\/www.metalwireforms.com\/wp-content\/uploads\/2022\/07\/battery-contact-1-18x10.jpg 18w, https:\/\/www.metalwireforms.com\/wp-content\/uploads\/2022\/07\/battery-contact-1-800x450.jpg 800w, https:\/\/www.metalwireforms.com\/wp-content\/uploads\/2022\/07\/battery-contact-1-600x338.jpg 600w\" sizes=\"(max-width: 1000px) 100vw, 1000px\" \/><\/p>\n<h3>Merkmal<\/h3>\n<p>1. Wir w\u00e4hlen ausgezeichnete und vertrauensw\u00fcrdige Materialien, wie Messing, Bronze, Phosphorbronze, kaltgewalzter Bandstahl, Ammoniumkupfer, Edelstahl, Kohlenstoffstahl usw.<br \/>\n2. Unterst\u00fctzen Sie die kundenspezifische Produktion von Batteriekontaktblechen verschiedener Spezifikationen, entsprechend den Zeichnungen oder physischen Proben, die von Ihnen zur Verf\u00fcgung gestellt werden, mit feiner Verarbeitung und hoher Qualit\u00e4t.<br \/>\n3. Kann die Verwendung des Kontaktst\u00fccks zur Verf\u00fcgung stellen, das Sie ben\u00f6tigen, wir helfen Ihnen, zu analysieren, ob das Material und die Struktur angemessen sind, und empfehlen die beste L\u00f6sung f\u00fcr Sie.<br \/>\n4. Der gleiche Preis, wir haben die beste Qualit\u00e4t, die gleiche Qualit\u00e4t, wir haben den besten Preis.<\/p>\n<h3>Anmeldung<\/h3>\n<p>Weit verbreitet in elektronischem Spielzeug, Batterieboxen, Telefonen, Ladeger\u00e4ten, ferngesteuerten Spielkonsolen, Computern und anderen Branchen, vollst\u00e4ndige Spezifikationen, erschwingliche Preise. Das Batteriekontaktblech wird in strenger \u00dcbereinstimmung mit den internen Kontrollstandards der Fabrik hergestellt und entspricht der SGS, REACH Umweltzertifizierung. Wir w\u00e4hlen hochwertiges Edelstahl- oder Kupfermaterial, das eine gute Leitf\u00e4higkeit und Elastizit\u00e4t aufweist.<\/p>","protected":false},"excerpt":{"rendered":"<p>Wir konzentrieren uns auf die Herstellung von Spezialfedern, Kontakten, Schnallen und Halterungen f\u00fcr Spielzeug, Elektronik, Haushaltsger\u00e4te und andere Branchen. Die Fabrik verf\u00fcgt \u00fcber eine unabh\u00e4ngige und perfekte Ausr\u00fcstung f\u00fcr die Herstellung von kontinuierlichen Formen, mit schneller Produktionskapazit\u00e4t, stabiler Produktqualit\u00e4t und feiner Verarbeitung.<\/p>","protected":false},"featured_media":2031,"template":"","meta":{"ocean_post_layout":"","ocean_both_sidebars_style":"","ocean_both_sidebars_content_width":0,"ocean_both_sidebars_sidebars_width":0,"ocean_sidebar":"0","ocean_second_sidebar":"0","ocean_disable_margins":"enable","ocean_add_body_class":"","ocean_shortcode_before_top_bar":"","ocean_shortcode_after_top_bar":"","ocean_shortcode_before_header":"","ocean_shortcode_after_header":"","ocean_has_shortcode":"","ocean_shortcode_after_title":"","ocean_shortcode_before_footer_widgets":"","ocean_shortcode_after_footer_widgets":"","ocean_shortcode_before_footer_bottom":"","ocean_shortcode_after_footer_bottom":"","ocean_display_top_bar":"default","ocean_display_header":"default","ocean_header_style":"","ocean_center_header_left_menu":"0","ocean_custom_header_template":"0","ocean_custom_logo":0,"ocean_custom_retina_logo":0,"ocean_custom_logo_max_width":0,"ocean_custom_logo_tablet_max_width":0,"ocean_custom_logo_mobile_max_width":0,"ocean_custom_logo_max_height":0,"ocean_custom_logo_tablet_max_height":0,"ocean_custom_logo_mobile_max_height":0,"ocean_header_custom_menu":"0","ocean_menu_typo_font_family":"0","ocean_menu_typo_font_subset":"","ocean_menu_typo_font_size":0,"ocean_menu_typo_font_size_tablet":0,"ocean_menu_typo_font_size_mobile":0,"ocean_menu_typo_font_size_unit":"px","ocean_menu_typo_font_weight":"","ocean_menu_typo_font_weight_tablet":"","ocean_menu_typo_font_weight_mobile":"","ocean_menu_typo_transform":"","ocean_menu_typo_transform_tablet":"","ocean_menu_typo_transform_mobile":"","ocean_menu_typo_line_height":0,"ocean_menu_typo_line_height_tablet":0,"ocean_menu_typo_line_height_mobile":0,"ocean_menu_typo_line_height_unit":"","ocean_menu_typo_spacing":0,"ocean_menu_typo_spacing_tablet":0,"ocean_menu_typo_spacing_mobile":0,"ocean_menu_typo_spacing_unit":"","ocean_menu_link_color":"","ocean_menu_link_color_hover":"","ocean_menu_link_color_active":"","ocean_menu_link_background":"","ocean_menu_link_hover_background":"","ocean_menu_link_active_background":"","ocean_menu_social_links_bg":"","ocean_menu_social_hover_links_bg":"","ocean_menu_social_links_color":"","ocean_menu_social_hover_links_color":"","ocean_disable_title":"default","ocean_disable_heading":"default","ocean_post_title":"","ocean_post_subheading":"","ocean_post_title_style":"","ocean_post_title_background_color":"","ocean_post_title_background":0,"ocean_post_title_bg_image_position":"","ocean_post_title_bg_image_attachment":"","ocean_post_title_bg_image_repeat":"","ocean_post_title_bg_image_size":"","ocean_post_title_height":0,"ocean_post_title_bg_overlay":0.5,"ocean_post_title_bg_overlay_color":"","ocean_disable_breadcrumbs":"default","ocean_breadcrumbs_color":"","ocean_breadcrumbs_separator_color":"","ocean_breadcrumbs_links_color":"","ocean_breadcrumbs_links_hover_color":"","ocean_display_footer_widgets":"default","ocean_display_footer_bottom":"default","ocean_custom_footer_template":"0","ofc_meta_disable_footer_callout":"","ofc_meta_callout_button_url":"","ofc_meta_callout_button_txt":"","ofc_meta_callout_text":"","osh_disable_topbar_sticky":"default","osh_disable_header_sticky":"default","osh_sticky_header_style":"default","osh_sticky_header_effect":"","osh_custom_sticky_logo":0,"osh_custom_retina_sticky_logo":0,"osh_custom_sticky_logo_height":0,"osh_background_color":"","osh_links_color":"","osh_links_hover_color":"","osh_links_active_color":"","osh_links_bg_color":"","osh_links_hover_bg_color":"","osh_links_active_bg_color":"","osh_menu_social_links_color":"","osh_menu_social_hover_links_color":""},"product_brand":[],"product_cat":[145,151],"product_tag":[161,160,162],"class_list":{"0":"post-2029","1":"product","2":"type-product","3":"status-publish","4":"has-post-thumbnail","6":"product_cat-custom-wire-fasteners","7":"product_cat-custom-contacts","8":"product_tag-battery-contacts","9":"product_tag-contact-springs","10":"product_tag-custom-battery-contacts","12":"entry","13":"has-media","15":"first","16":"instock","17":"shipping-taxable","18":"product-type-external","19":"col","20":"span_1_of_3","21":"owp-content-center","22":"owp-thumbs-layout-horizontal","23":"owp-btn-very-big","24":"owp-tabs-layout-horizontal","25":"circle-sale"},"_links":{"self":[{"href":"https:\/\/www.metalwireforms.com\/de\/wp-json\/wp\/v2\/product\/2029","targetHints":{"allow":["GET"]}}],"collection":[{"href":"https:\/\/www.metalwireforms.com\/de\/wp-json\/wp\/v2\/product"}],"about":[{"href":"https:\/\/www.metalwireforms.com\/de\/wp-json\/wp\/v2\/types\/product"}],"version-history":[{"count":2,"href":"https:\/\/www.metalwireforms.com\/de\/wp-json\/wp\/v2\/product\/2029\/revisions"}],"predecessor-version":[{"id":2095,"href":"https:\/\/www.metalwireforms.com\/de\/wp-json\/wp\/v2\/product\/2029\/revisions\/2095"}],"wp:featuredmedia":[{"embeddable":true,"href":"https:\/\/www.metalwireforms.com\/de\/wp-json\/wp\/v2\/media\/2031"}],"wp:attachment":[{"href":"https:\/\/www.metalwireforms.com\/de\/wp-json\/wp\/v2\/media?parent=2029"}],"wp:term":[{"taxonomy":"product_brand","embeddable":true,"href":"https:\/\/www.metalwireforms.com\/de\/wp-json\/wp\/v2\/product_brand?post=2029"},{"taxonomy":"product_cat","embeddable":true,"href":"https:\/\/www.metalwireforms.com\/de\/wp-json\/wp\/v2\/product_cat?post=2029"},{"taxonomy":"product_tag","embeddable":true,"href":"https:\/\/www.metalwireforms.com\/de\/wp-json\/wp\/v2\/product_tag?post=2029"}],"curies":[{"name":"wp","href":"https:\/\/api.w.org\/{rel}","templated":true}]}}