{"id":1963,"date":"2021-11-16T07:29:05","date_gmt":"2021-11-16T07:29:05","guid":{"rendered":"https:\/\/www.xsmetalforming.com\/?post_type=product&#038;p=1963"},"modified":"2022-07-25T02:54:49","modified_gmt":"2022-07-25T02:54:49","slug":"custom-panel-lights-led-downlights-lamp-springs","status":"publish","type":"product","link":"https:\/\/www.metalwireforms.com\/de\/produkt\/custom-panel-lights-led-downlights-lamp-springs","title":{"rendered":"Custom Panel Lights LED Downlights Lampenfedern"},"content":{"rendered":"<p>Die Lampenfeder ist eine Torsionsfeder, die auch eine Art von Befestigungselement ist. Sie wird in der Wellennut oder Lochnut von verschiedenen Lampenarmaturen installiert und spielt eine Rolle bei der Verhinderung der axialen Bewegung der Teile auf der Welle oder dem Loch. Unsere Fabrik verwendet CNC-Federmaschinen zur automatischen Herstellung aller Arten von Lampenfedern. Die Produktionsgeschwindigkeit ist schnell und die Pr\u00e4zision ist hoch.<\/p>\n<figure id=\"attachment_1968\" aria-describedby=\"caption-attachment-1968\" style=\"width: 960px\" class=\"wp-caption alignnone\"><img fetchpriority=\"high\" decoding=\"async\" class=\"size-full wp-image-1968\" src=\"https:\/\/www.metalwireforms.com\/wp-content\/uploads\/2021\/11\/lamp-spring.jpg\" alt=\"Lampenfeder\" width=\"960\" height=\"698\" srcset=\"https:\/\/www.metalwireforms.com\/wp-content\/uploads\/2021\/11\/lamp-spring.jpg 960w, https:\/\/www.metalwireforms.com\/wp-content\/uploads\/2021\/11\/lamp-spring-300x218.jpg 300w, https:\/\/www.metalwireforms.com\/wp-content\/uploads\/2021\/11\/lamp-spring-150x109.jpg 150w, https:\/\/www.metalwireforms.com\/wp-content\/uploads\/2021\/11\/lamp-spring-768x558.jpg 768w, https:\/\/www.metalwireforms.com\/wp-content\/uploads\/2021\/11\/lamp-spring-18x12.jpg 18w, https:\/\/www.metalwireforms.com\/wp-content\/uploads\/2021\/11\/lamp-spring-600x436.jpg 600w\" sizes=\"(max-width: 960px) 100vw, 960px\" \/><figcaption id=\"caption-attachment-1968\" class=\"wp-caption-text\">Lampenfeder<\/figcaption><\/figure>\n<h3>Merkmal<\/h3>\n<p>Die Feder der Lampe besteht aus Federstahldraht, und die Oberfl\u00e4che ist mit hei\u00dfem galvanischem Nickel oder Edelstahl behandelt. Raffinierte und sorgf\u00e4ltige Federn interpretieren einmal mehr hochwertige Feinarbeit. Hochwertige Rohstoffe, gute Materialien k\u00f6nnen gute Produkte machen. Ausgezeichnete Handwerkskunst, Qualit\u00e4tssicherung, die Haltbarkeit der Feder kommt von der ausgezeichneten Handwerkskunst. Die sorgf\u00e4ltige Herstellung jedes einzelnen Gliedes schafft eine hohe Federh\u00e4rte.<\/p>\n<h3>Anmeldung<\/h3>\n<p>Lampenfedern werden h\u00e4ufig in LED-Downlights, Deckenleuchten, Beleuchtungszubeh\u00f6r, Deckengangleuchten usw. verwendet.<\/p>","protected":false},"excerpt":{"rendered":"<p>Professionelle Anpassung aller Arten von Lampenfedern in verschiedenen Gr\u00f6\u00dfen, allgemeine Federn f\u00fcr Downlights und Deckenleuchten.<\/p>","protected":false},"featured_media":1964,"template":"","meta":{"ocean_post_layout":"","ocean_both_sidebars_style":"","ocean_both_sidebars_content_width":0,"ocean_both_sidebars_sidebars_width":0,"ocean_sidebar":"0","ocean_second_sidebar":"0","ocean_disable_margins":"enable","ocean_add_body_class":"","ocean_shortcode_before_top_bar":"","ocean_shortcode_after_top_bar":"","ocean_shortcode_before_header":"","ocean_shortcode_after_header":"","ocean_has_shortcode":"","ocean_shortcode_after_title":"","ocean_shortcode_before_footer_widgets":"","ocean_shortcode_after_footer_widgets":"","ocean_shortcode_before_footer_bottom":"","ocean_shortcode_after_footer_bottom":"","ocean_display_top_bar":"default","ocean_display_header":"default","ocean_header_style":"","ocean_center_header_left_menu":"0","ocean_custom_header_template":"0","ocean_custom_logo":0,"ocean_custom_retina_logo":0,"ocean_custom_logo_max_width":0,"ocean_custom_logo_tablet_max_width":0,"ocean_custom_logo_mobile_max_width":0,"ocean_custom_logo_max_height":0,"ocean_custom_logo_tablet_max_height":0,"ocean_custom_logo_mobile_max_height":0,"ocean_header_custom_menu":"0","ocean_menu_typo_font_family":"0","ocean_menu_typo_font_subset":"","ocean_menu_typo_font_size":0,"ocean_menu_typo_font_size_tablet":0,"ocean_menu_typo_font_size_mobile":0,"ocean_menu_typo_font_size_unit":"px","ocean_menu_typo_font_weight":"","ocean_menu_typo_font_weight_tablet":"","ocean_menu_typo_font_weight_mobile":"","ocean_menu_typo_transform":"","ocean_menu_typo_transform_tablet":"","ocean_menu_typo_transform_mobile":"","ocean_menu_typo_line_height":0,"ocean_menu_typo_line_height_tablet":0,"ocean_menu_typo_line_height_mobile":0,"ocean_menu_typo_line_height_unit":"","ocean_menu_typo_spacing":0,"ocean_menu_typo_spacing_tablet":0,"ocean_menu_typo_spacing_mobile":0,"ocean_menu_typo_spacing_unit":"","ocean_menu_link_color":"","ocean_menu_link_color_hover":"","ocean_menu_link_color_active":"","ocean_menu_link_background":"","ocean_menu_link_hover_background":"","ocean_menu_link_active_background":"","ocean_menu_social_links_bg":"","ocean_menu_social_hover_links_bg":"","ocean_menu_social_links_color":"","ocean_menu_social_hover_links_color":"","ocean_disable_title":"default","ocean_disable_heading":"default","ocean_post_title":"","ocean_post_subheading":"","ocean_post_title_style":"","ocean_post_title_background_color":"","ocean_post_title_background":0,"ocean_post_title_bg_image_position":"","ocean_post_title_bg_image_attachment":"","ocean_post_title_bg_image_repeat":"","ocean_post_title_bg_image_size":"","ocean_post_title_height":0,"ocean_post_title_bg_overlay":0.5,"ocean_post_title_bg_overlay_color":"","ocean_disable_breadcrumbs":"default","ocean_breadcrumbs_color":"","ocean_breadcrumbs_separator_color":"","ocean_breadcrumbs_links_color":"","ocean_breadcrumbs_links_hover_color":"","ocean_display_footer_widgets":"default","ocean_display_footer_bottom":"default","ocean_custom_footer_template":"0","ofc_meta_disable_footer_callout":"","ofc_meta_callout_button_url":"","ofc_meta_callout_button_txt":"","ofc_meta_callout_text":"","osh_disable_topbar_sticky":"default","osh_disable_header_sticky":"default","osh_sticky_header_style":"default","osh_sticky_header_effect":"","osh_custom_sticky_logo":0,"osh_custom_retina_sticky_logo":0,"osh_custom_sticky_logo_height":0,"osh_background_color":"","osh_links_color":"","osh_links_hover_color":"","osh_links_active_color":"","osh_links_bg_color":"","osh_links_hover_bg_color":"","osh_links_active_bg_color":"","osh_menu_social_links_color":"","osh_menu_social_hover_links_color":""},"product_brand":[],"product_cat":[144,26],"product_tag":[142,141,54],"class_list":{"0":"post-1963","1":"product","2":"type-product","3":"status-publish","4":"has-post-thumbnail","6":"product_cat-custom-springs","7":"product_cat-custom-torsion-springs","8":"product_tag-downlight-spring","9":"product_tag-lamp-spring","10":"product_tag-torsion-spring","12":"entry","13":"has-media","15":"first","16":"instock","17":"shipping-taxable","18":"product-type-external","19":"col","20":"span_1_of_3","21":"owp-content-center","22":"owp-thumbs-layout-horizontal","23":"owp-btn-very-big","24":"owp-tabs-layout-horizontal","25":"circle-sale"},"_links":{"self":[{"href":"https:\/\/www.metalwireforms.com\/de\/wp-json\/wp\/v2\/product\/1963","targetHints":{"allow":["GET"]}}],"collection":[{"href":"https:\/\/www.metalwireforms.com\/de\/wp-json\/wp\/v2\/product"}],"about":[{"href":"https:\/\/www.metalwireforms.com\/de\/wp-json\/wp\/v2\/types\/product"}],"version-history":[{"count":1,"href":"https:\/\/www.metalwireforms.com\/de\/wp-json\/wp\/v2\/product\/1963\/revisions"}],"predecessor-version":[{"id":1969,"href":"https:\/\/www.metalwireforms.com\/de\/wp-json\/wp\/v2\/product\/1963\/revisions\/1969"}],"wp:featuredmedia":[{"embeddable":true,"href":"https:\/\/www.metalwireforms.com\/de\/wp-json\/wp\/v2\/media\/1964"}],"wp:attachment":[{"href":"https:\/\/www.metalwireforms.com\/de\/wp-json\/wp\/v2\/media?parent=1963"}],"wp:term":[{"taxonomy":"product_brand","embeddable":true,"href":"https:\/\/www.metalwireforms.com\/de\/wp-json\/wp\/v2\/product_brand?post=1963"},{"taxonomy":"product_cat","embeddable":true,"href":"https:\/\/www.metalwireforms.com\/de\/wp-json\/wp\/v2\/product_cat?post=1963"},{"taxonomy":"product_tag","embeddable":true,"href":"https:\/\/www.metalwireforms.com\/de\/wp-json\/wp\/v2\/product_tag?post=1963"}],"curies":[{"name":"wp","href":"https:\/\/api.w.org\/{rel}","templated":true}]}}