{"id":1940,"date":"2021-11-09T01:31:05","date_gmt":"2021-11-09T01:31:05","guid":{"rendered":"https:\/\/www.xsmetalforming.com\/?post_type=product&#038;p=1940"},"modified":"2022-07-25T02:54:35","modified_gmt":"2022-07-25T02:54:35","slug":"custom-stainless-steel-galvanized-spring-wire-pipe-clamp","status":"publish","type":"product","link":"https:\/\/www.metalwireforms.com\/de\/produkt\/custom-stainless-steel-galvanized-spring-wire-pipe-clamp","title":{"rendered":"Kundenspezifische Edelstahl verzinkte Feder Draht Rohrschelle"},"content":{"rendered":"<p>Die Rohrschelle ist eine Federklemme, die auch als Federschlauchschelle bezeichnet wird. Xinsheng Factory ist ein Hersteller, der Rohrschellen individuell gestalten kann. Wir verwenden mehrere CNC-Federmaschinen, um die Produktion zu automatisieren. Zus\u00e4tzlich zu Rohrschellen kann unsere Fabrik auch verschiedene Drahtbiegeformen Metallschellen und Federklemmen anpassen.<\/p>\n<figure id=\"attachment_1945\" aria-describedby=\"caption-attachment-1945\" style=\"width: 960px\" class=\"wp-caption alignnone\"><img fetchpriority=\"high\" decoding=\"async\" class=\"size-full wp-image-1945\" src=\"https:\/\/www.metalwireforms.com\/wp-content\/uploads\/2021\/11\/pipe-clip.jpg\" alt=\"Rohrschelle\" width=\"960\" height=\"494\" srcset=\"https:\/\/www.metalwireforms.com\/wp-content\/uploads\/2021\/11\/pipe-clip.jpg 960w, https:\/\/www.metalwireforms.com\/wp-content\/uploads\/2021\/11\/pipe-clip-300x154.jpg 300w, https:\/\/www.metalwireforms.com\/wp-content\/uploads\/2021\/11\/pipe-clip-150x77.jpg 150w, https:\/\/www.metalwireforms.com\/wp-content\/uploads\/2021\/11\/pipe-clip-768x395.jpg 768w, https:\/\/www.metalwireforms.com\/wp-content\/uploads\/2021\/11\/pipe-clip-18x9.jpg 18w, https:\/\/www.metalwireforms.com\/wp-content\/uploads\/2021\/11\/pipe-clip-600x309.jpg 600w\" sizes=\"(max-width: 960px) 100vw, 960px\" \/><figcaption id=\"caption-attachment-1945\" class=\"wp-caption-text\">Rohrschelle<\/figcaption><\/figure>\n<h3>Merkmal<\/h3>\n<p>Prozess der Rohrschellenanpassung: Nach den Zeichnungen oder Proben, die vom Kunden zur Verf\u00fcgung gestellt werden, ist es nach dem Material, Gr\u00f6\u00dfe und Oberfl\u00e4chenbehandlung Anforderungen des Kunden angepasst. In der Regel verwenden Sie Edelstahl, Federstahl, 65MN Stahl. Die Oberfl\u00e4chenbehandlung wird in Farbverzinkung oder blaue und wei\u00dfe Verzinkung unterteilt. Die zwei Windungen der Federklemme sind fest und nicht leicht zu lockern und zu verformen.<\/p>\n<h3>Anmeldung<\/h3>\n<p>Rohrschellen werden h\u00e4ufig f\u00fcr den Anschluss von Kraftstoffleitungen, Waschmaschinenabflussrohren, Reinigungsschl\u00e4uchen, Wasserhahnschl\u00e4uchen, Gummischl\u00e4uchen und anderen Rohrverbindungen verwendet.<\/p>","protected":false},"excerpt":{"rendered":"<p>Hochbelastbare, verzinkte Stahlschlaufe mit Federband zum Abquetschen von Kraftstoffschl\u00e4uchen, selbstklemmende Doppeldraht-Schlauchschellen.<\/p>","protected":false},"featured_media":1941,"template":"","meta":{"ocean_post_layout":"","ocean_both_sidebars_style":"","ocean_both_sidebars_content_width":0,"ocean_both_sidebars_sidebars_width":0,"ocean_sidebar":"0","ocean_second_sidebar":"0","ocean_disable_margins":"enable","ocean_add_body_class":"","ocean_shortcode_before_top_bar":"","ocean_shortcode_after_top_bar":"","ocean_shortcode_before_header":"","ocean_shortcode_after_header":"","ocean_has_shortcode":"","ocean_shortcode_after_title":"","ocean_shortcode_before_footer_widgets":"","ocean_shortcode_after_footer_widgets":"","ocean_shortcode_before_footer_bottom":"","ocean_shortcode_after_footer_bottom":"","ocean_display_top_bar":"default","ocean_display_header":"default","ocean_header_style":"","ocean_center_header_left_menu":"0","ocean_custom_header_template":"0","ocean_custom_logo":0,"ocean_custom_retina_logo":0,"ocean_custom_logo_max_width":0,"ocean_custom_logo_tablet_max_width":0,"ocean_custom_logo_mobile_max_width":0,"ocean_custom_logo_max_height":0,"ocean_custom_logo_tablet_max_height":0,"ocean_custom_logo_mobile_max_height":0,"ocean_header_custom_menu":"0","ocean_menu_typo_font_family":"0","ocean_menu_typo_font_subset":"","ocean_menu_typo_font_size":0,"ocean_menu_typo_font_size_tablet":0,"ocean_menu_typo_font_size_mobile":0,"ocean_menu_typo_font_size_unit":"px","ocean_menu_typo_font_weight":"","ocean_menu_typo_font_weight_tablet":"","ocean_menu_typo_font_weight_mobile":"","ocean_menu_typo_transform":"","ocean_menu_typo_transform_tablet":"","ocean_menu_typo_transform_mobile":"","ocean_menu_typo_line_height":0,"ocean_menu_typo_line_height_tablet":0,"ocean_menu_typo_line_height_mobile":0,"ocean_menu_typo_line_height_unit":"","ocean_menu_typo_spacing":0,"ocean_menu_typo_spacing_tablet":0,"ocean_menu_typo_spacing_mobile":0,"ocean_menu_typo_spacing_unit":"","ocean_menu_link_color":"","ocean_menu_link_color_hover":"","ocean_menu_link_color_active":"","ocean_menu_link_background":"","ocean_menu_link_hover_background":"","ocean_menu_link_active_background":"","ocean_menu_social_links_bg":"","ocean_menu_social_hover_links_bg":"","ocean_menu_social_links_color":"","ocean_menu_social_hover_links_color":"","ocean_disable_title":"default","ocean_disable_heading":"default","ocean_post_title":"","ocean_post_subheading":"","ocean_post_title_style":"","ocean_post_title_background_color":"","ocean_post_title_background":0,"ocean_post_title_bg_image_position":"","ocean_post_title_bg_image_attachment":"","ocean_post_title_bg_image_repeat":"","ocean_post_title_bg_image_size":"","ocean_post_title_height":0,"ocean_post_title_bg_overlay":0.5,"ocean_post_title_bg_overlay_color":"","ocean_disable_breadcrumbs":"default","ocean_breadcrumbs_color":"","ocean_breadcrumbs_separator_color":"","ocean_breadcrumbs_links_color":"","ocean_breadcrumbs_links_hover_color":"","ocean_display_footer_widgets":"default","ocean_display_footer_bottom":"default","ocean_custom_footer_template":"0","ofc_meta_disable_footer_callout":"","ofc_meta_callout_button_url":"","ofc_meta_callout_button_txt":"","ofc_meta_callout_text":"","osh_disable_topbar_sticky":"default","osh_disable_header_sticky":"default","osh_sticky_header_style":"default","osh_sticky_header_effect":"","osh_custom_sticky_logo":0,"osh_custom_retina_sticky_logo":0,"osh_custom_sticky_logo_height":0,"osh_background_color":"","osh_links_color":"","osh_links_hover_color":"","osh_links_active_color":"","osh_links_bg_color":"","osh_links_hover_bg_color":"","osh_links_active_bg_color":"","osh_menu_social_links_color":"","osh_menu_social_hover_links_color":""},"product_brand":[],"product_cat":[145,34],"product_tag":[134,135,133,114],"class_list":{"0":"post-1940","1":"product","2":"type-product","3":"status-publish","4":"has-post-thumbnail","6":"product_cat-custom-wire-fasteners","7":"product_cat-custom-other-clips","8":"product_tag-hose-clamp","9":"product_tag-hose-clip","10":"product_tag-pipe-clamp","11":"product_tag-spring-clip","13":"entry","14":"has-media","16":"first","17":"instock","18":"shipping-taxable","19":"product-type-external","20":"col","21":"span_1_of_3","22":"owp-content-center","23":"owp-thumbs-layout-horizontal","24":"owp-btn-very-big","25":"owp-tabs-layout-horizontal","26":"circle-sale"},"_links":{"self":[{"href":"https:\/\/www.metalwireforms.com\/de\/wp-json\/wp\/v2\/product\/1940","targetHints":{"allow":["GET"]}}],"collection":[{"href":"https:\/\/www.metalwireforms.com\/de\/wp-json\/wp\/v2\/product"}],"about":[{"href":"https:\/\/www.metalwireforms.com\/de\/wp-json\/wp\/v2\/types\/product"}],"version-history":[{"count":2,"href":"https:\/\/www.metalwireforms.com\/de\/wp-json\/wp\/v2\/product\/1940\/revisions"}],"predecessor-version":[{"id":1947,"href":"https:\/\/www.metalwireforms.com\/de\/wp-json\/wp\/v2\/product\/1940\/revisions\/1947"}],"wp:featuredmedia":[{"embeddable":true,"href":"https:\/\/www.metalwireforms.com\/de\/wp-json\/wp\/v2\/media\/1941"}],"wp:attachment":[{"href":"https:\/\/www.metalwireforms.com\/de\/wp-json\/wp\/v2\/media?parent=1940"}],"wp:term":[{"taxonomy":"product_brand","embeddable":true,"href":"https:\/\/www.metalwireforms.com\/de\/wp-json\/wp\/v2\/product_brand?post=1940"},{"taxonomy":"product_cat","embeddable":true,"href":"https:\/\/www.metalwireforms.com\/de\/wp-json\/wp\/v2\/product_cat?post=1940"},{"taxonomy":"product_tag","embeddable":true,"href":"https:\/\/www.metalwireforms.com\/de\/wp-json\/wp\/v2\/product_tag?post=1940"}],"curies":[{"name":"wp","href":"https:\/\/api.w.org\/{rel}","templated":true}]}}