{"id":1904,"date":"2021-10-30T07:41:48","date_gmt":"2021-10-30T07:41:48","guid":{"rendered":"https:\/\/www.xsmetalforming.com\/?post_type=product&#038;p=1904"},"modified":"2022-07-22T09:34:41","modified_gmt":"2022-07-22T09:34:41","slug":"custom-high-quality-square-rectangular-compression-spring","status":"publish","type":"product","link":"https:\/\/www.metalwireforms.com\/de\/produkt\/custom-high-quality-square-rectangular-compression-spring","title":{"rendered":"Kundenspezifisch Hochwertige Quadratische Rechteckige Druckfeder"},"content":{"rendered":"<p>Die rechteckige Feder ist eine besonders geformte Feder und auch eine Art Druckfeder, auch quadratische Feder genannt. Es gibt viele Arten von nicht kreisf\u00f6rmigen Schraubenfedern, und die am h\u00e4ufigsten verwendeten sind quadratisch, rechteckig, elliptisch und oval. Quadratische Federn werden im Allgemeinen nur dann verwendet, wenn der Platz sehr begrenzt ist oder wenn besondere Anforderungen an die Konstruktion gestellt werden. Nicht kreisf\u00f6rmige Schraubenfedern haben im Allgemeinen einen kreisf\u00f6rmigen Querschnitt, und ihre Kennlinien sind immer noch linear.<\/p>\n<figure id=\"attachment_1909\" aria-describedby=\"caption-attachment-1909\" style=\"width: 960px\" class=\"wp-caption alignnone\"><img fetchpriority=\"high\" decoding=\"async\" class=\"size-full wp-image-1909\" src=\"https:\/\/www.metalwireforms.com\/wp-content\/uploads\/2021\/10\/Rectangular-spring.jpg\" alt=\"rechteckige Feder\" width=\"960\" height=\"525\" srcset=\"https:\/\/www.metalwireforms.com\/wp-content\/uploads\/2021\/10\/Rectangular-spring.jpg 960w, https:\/\/www.metalwireforms.com\/wp-content\/uploads\/2021\/10\/Rectangular-spring-300x164.jpg 300w, https:\/\/www.metalwireforms.com\/wp-content\/uploads\/2021\/10\/Rectangular-spring-150x82.jpg 150w, https:\/\/www.metalwireforms.com\/wp-content\/uploads\/2021\/10\/Rectangular-spring-768x420.jpg 768w, https:\/\/www.metalwireforms.com\/wp-content\/uploads\/2021\/10\/Rectangular-spring-18x10.jpg 18w, https:\/\/www.metalwireforms.com\/wp-content\/uploads\/2021\/10\/Rectangular-spring-600x328.jpg 600w\" sizes=\"(max-width: 960px) 100vw, 960px\" \/><figcaption id=\"caption-attachment-1909\" class=\"wp-caption-text\">rechteckige Feder<\/figcaption><\/figure>\n<h3>Merkmal<\/h3>\n<p>Die zylindrische Spiraldruckfeder mit rechteckigem Querschnitt ist eine Strukturform der zylindrischen Spiraldruckfeder mit rechteckigem Querschnitt. Im Vergleich zu einer Feder mit kreisf\u00f6rmigem Querschnitt hat diese Feder eine gr\u00f6\u00dfere Querschnittsfl\u00e4che auf gleichem Raum und absorbiert mehr Energie. Sie kann als hochbelastbare Feder eingesetzt werden, die eine hohe Steifigkeit erfordert. Andererseits liegt ihre Kennlinie n\u00e4her an einer Geraden, d. h. die Federsteifigkeit ist n\u00e4her an einer festen Konstante. Daher werden f\u00fcr die Herstellung von Messger\u00e4ten in der Regel Federn mit rechteckigem Querschnitt verwendet, deren lange Seiten parallel zur Achse verlaufen.<\/p>\n<h3>Anmeldung<\/h3>\n<p>Rechteckige Federn werden h\u00e4ufig in Autoladeger\u00e4ten, kabellosen Ladeger\u00e4ten, elektrischen Tastschaltern, Leiterplatten, verschiedenen Schienenrutschen, Kinderleiterkissenk\u00f6rben usw. verwendet.<\/p>","protected":false},"excerpt":{"rendered":"<p>Die rechteckige Feder ist eine besonders geformte Feder und auch eine Art Druckfeder, auch quadratische Feder genannt.<\/p>","protected":false},"featured_media":1905,"template":"","meta":{"ocean_post_layout":"","ocean_both_sidebars_style":"","ocean_both_sidebars_content_width":0,"ocean_both_sidebars_sidebars_width":0,"ocean_sidebar":"","ocean_second_sidebar":"","ocean_disable_margins":"enable","ocean_add_body_class":"","ocean_shortcode_before_top_bar":"","ocean_shortcode_after_top_bar":"","ocean_shortcode_before_header":"","ocean_shortcode_after_header":"","ocean_has_shortcode":"","ocean_shortcode_after_title":"","ocean_shortcode_before_footer_widgets":"","ocean_shortcode_after_footer_widgets":"","ocean_shortcode_before_footer_bottom":"","ocean_shortcode_after_footer_bottom":"","ocean_display_top_bar":"default","ocean_display_header":"default","ocean_header_style":"","ocean_center_header_left_menu":"","ocean_custom_header_template":"","ocean_custom_logo":0,"ocean_custom_retina_logo":0,"ocean_custom_logo_max_width":0,"ocean_custom_logo_tablet_max_width":0,"ocean_custom_logo_mobile_max_width":0,"ocean_custom_logo_max_height":0,"ocean_custom_logo_tablet_max_height":0,"ocean_custom_logo_mobile_max_height":0,"ocean_header_custom_menu":"","ocean_menu_typo_font_family":"","ocean_menu_typo_font_subset":"","ocean_menu_typo_font_size":0,"ocean_menu_typo_font_size_tablet":0,"ocean_menu_typo_font_size_mobile":0,"ocean_menu_typo_font_size_unit":"px","ocean_menu_typo_font_weight":"","ocean_menu_typo_font_weight_tablet":"","ocean_menu_typo_font_weight_mobile":"","ocean_menu_typo_transform":"","ocean_menu_typo_transform_tablet":"","ocean_menu_typo_transform_mobile":"","ocean_menu_typo_line_height":0,"ocean_menu_typo_line_height_tablet":0,"ocean_menu_typo_line_height_mobile":0,"ocean_menu_typo_line_height_unit":"","ocean_menu_typo_spacing":0,"ocean_menu_typo_spacing_tablet":0,"ocean_menu_typo_spacing_mobile":0,"ocean_menu_typo_spacing_unit":"","ocean_menu_link_color":"","ocean_menu_link_color_hover":"","ocean_menu_link_color_active":"","ocean_menu_link_background":"","ocean_menu_link_hover_background":"","ocean_menu_link_active_background":"","ocean_menu_social_links_bg":"","ocean_menu_social_hover_links_bg":"","ocean_menu_social_links_color":"","ocean_menu_social_hover_links_color":"","ocean_disable_title":"default","ocean_disable_heading":"default","ocean_post_title":"","ocean_post_subheading":"","ocean_post_title_style":"","ocean_post_title_background_color":"","ocean_post_title_background":0,"ocean_post_title_bg_image_position":"","ocean_post_title_bg_image_attachment":"","ocean_post_title_bg_image_repeat":"","ocean_post_title_bg_image_size":"","ocean_post_title_height":0,"ocean_post_title_bg_overlay":0.5,"ocean_post_title_bg_overlay_color":"","ocean_disable_breadcrumbs":"default","ocean_breadcrumbs_color":"","ocean_breadcrumbs_separator_color":"","ocean_breadcrumbs_links_color":"","ocean_breadcrumbs_links_hover_color":"","ocean_display_footer_widgets":"default","ocean_display_footer_bottom":"default","ocean_custom_footer_template":"","ofc_meta_disable_footer_callout":"","ofc_meta_callout_button_url":"","ofc_meta_callout_button_txt":"","ofc_meta_callout_text":"","osh_disable_topbar_sticky":"default","osh_disable_header_sticky":"default","osh_sticky_header_style":"default","osh_sticky_header_effect":"","osh_custom_sticky_logo":0,"osh_custom_retina_sticky_logo":0,"osh_custom_sticky_logo_height":0,"osh_background_color":"","osh_links_color":"","osh_links_hover_color":"","osh_links_active_color":"","osh_links_bg_color":"","osh_links_hover_bg_color":"","osh_links_active_bg_color":"","osh_menu_social_links_color":"","osh_menu_social_hover_links_color":""},"product_brand":[],"product_cat":[25,144],"product_tag":[98,126,127],"class_list":{"0":"post-1904","1":"product","2":"type-product","3":"status-publish","4":"has-post-thumbnail","6":"product_cat-custom-compression-springs","7":"product_cat-custom-springs","8":"product_tag-compression-spring","9":"product_tag-rectangular-spring","10":"product_tag-square-spring","12":"entry","13":"has-media","15":"first","16":"instock","17":"shipping-taxable","18":"product-type-external","19":"col","20":"span_1_of_3","21":"owp-content-center","22":"owp-thumbs-layout-horizontal","23":"owp-btn-very-big","24":"owp-tabs-layout-horizontal","25":"circle-sale"},"_links":{"self":[{"href":"https:\/\/www.metalwireforms.com\/de\/wp-json\/wp\/v2\/product\/1904","targetHints":{"allow":["GET"]}}],"collection":[{"href":"https:\/\/www.metalwireforms.com\/de\/wp-json\/wp\/v2\/product"}],"about":[{"href":"https:\/\/www.metalwireforms.com\/de\/wp-json\/wp\/v2\/types\/product"}],"version-history":[{"count":1,"href":"https:\/\/www.metalwireforms.com\/de\/wp-json\/wp\/v2\/product\/1904\/revisions"}],"predecessor-version":[{"id":1910,"href":"https:\/\/www.metalwireforms.com\/de\/wp-json\/wp\/v2\/product\/1904\/revisions\/1910"}],"wp:featuredmedia":[{"embeddable":true,"href":"https:\/\/www.metalwireforms.com\/de\/wp-json\/wp\/v2\/media\/1905"}],"wp:attachment":[{"href":"https:\/\/www.metalwireforms.com\/de\/wp-json\/wp\/v2\/media?parent=1904"}],"wp:term":[{"taxonomy":"product_brand","embeddable":true,"href":"https:\/\/www.metalwireforms.com\/de\/wp-json\/wp\/v2\/product_brand?post=1904"},{"taxonomy":"product_cat","embeddable":true,"href":"https:\/\/www.metalwireforms.com\/de\/wp-json\/wp\/v2\/product_cat?post=1904"},{"taxonomy":"product_tag","embeddable":true,"href":"https:\/\/www.metalwireforms.com\/de\/wp-json\/wp\/v2\/product_tag?post=1904"}],"curies":[{"name":"wp","href":"https:\/\/api.w.org\/{rel}","templated":true}]}}