{"id":1897,"date":"2021-10-29T09:19:28","date_gmt":"2021-10-29T09:19:28","guid":{"rendered":"https:\/\/www.xsmetalforming.com\/?post_type=product&#038;p=1897"},"modified":"2022-07-25T03:46:00","modified_gmt":"2022-07-25T03:46:00","slug":"custom-stainless-steel-double-hook-trampoline-spring","status":"publish","type":"product","link":"https:\/\/www.metalwireforms.com\/de\/produkt\/custom-stainless-steel-double-hook-trampoline-spring","title":{"rendered":"Custom Edelstahl Doppelhaken Trampolin Fr\u00fchling"},"content":{"rendered":"<p>Die Trampolinfeder ist eine Art Zugfeder mit einem Haken an jedem Ende. Ein Haken wird am Rahmen und der andere Haken an der Verbindungsschlaufe des Springers eingeh\u00e4ngt. Das Ende des Hakens, an dem die Verbindungsschlaufe eingehakt wird, liegt am Umfang. Durch die Verj\u00fcngung des Durchmessers zur Biegung k\u00f6nnen Kratzer und Entkopplungen wirksam vermieden werden. Die Verbindung zwischen dem Rahmen des Trampolins und dem Sprungtuch erfolgt in der Regel \u00fcber eine Stahlfeder aus elastischem Stahldraht.<\/p>\n<figure id=\"attachment_1902\" aria-describedby=\"caption-attachment-1902\" style=\"width: 960px\" class=\"wp-caption alignnone\"><img fetchpriority=\"high\" decoding=\"async\" class=\"size-full wp-image-1902\" src=\"https:\/\/www.metalwireforms.com\/wp-content\/uploads\/2021\/10\/Trampoline-spring.jpg\" alt=\"Trampolin Feder\" width=\"960\" height=\"800\" srcset=\"https:\/\/www.metalwireforms.com\/wp-content\/uploads\/2021\/10\/Trampoline-spring.jpg 960w, https:\/\/www.metalwireforms.com\/wp-content\/uploads\/2021\/10\/Trampoline-spring-300x250.jpg 300w, https:\/\/www.metalwireforms.com\/wp-content\/uploads\/2021\/10\/Trampoline-spring-150x125.jpg 150w, https:\/\/www.metalwireforms.com\/wp-content\/uploads\/2021\/10\/Trampoline-spring-768x640.jpg 768w, https:\/\/www.metalwireforms.com\/wp-content\/uploads\/2021\/10\/Trampoline-spring-14x12.jpg 14w, https:\/\/www.metalwireforms.com\/wp-content\/uploads\/2021\/10\/Trampoline-spring-600x500.jpg 600w\" sizes=\"(max-width: 960px) 100vw, 960px\" \/><figcaption id=\"caption-attachment-1902\" class=\"wp-caption-text\">Trampolin Feder<\/figcaption><\/figure>\n<h3>Merkmal<\/h3>\n<p>Die Trampolinfeder verwendet hochwertige Rohstoffe und hat eine lange Lebensdauer. Moderne Produktionsanlagen sorgen f\u00fcr hohe Pr\u00e4zision und Genauigkeit in der Produktion. Gute Wetterbest\u00e4ndigkeit, gute Korrosionsbest\u00e4ndigkeit, wenn sie rauen Umgebungen ausgesetzt sind. Die Oberfl\u00e4che der Feder wurde mit einer guten Anti-Rost-Wirkung behandelt. Die Oberfl\u00e4che hat keine Grate, Flecken und hohen Glanz. Verst\u00e4rkte Konstruktion, hohe Temperaturbest\u00e4ndigkeit, starke Druckpr\u00fcfung, lange Lebensdauer.<\/p>\n<h3>Anmeldung<\/h3>\n<p>Trampolinfedern werden in verschiedenen Spielplatztrampolinen, Netztrampolinen f\u00fcr den Au\u00dfenbereich, Sprungbetten, H\u00e4ngesesseln, Sportger\u00e4ten, Fitnessger\u00e4ten usw. eingesetzt.<\/p>","protected":false},"excerpt":{"rendered":"<p>Die Trampolinfeder ist eine Art Zugfeder mit einem Haken an jedem Ende. Ein Haken wird am Rahmen und der andere Haken an der Verbindungsschlaufe am Jumper eingeh\u00e4ngt.<\/p>","protected":false},"featured_media":1898,"template":"","meta":{"ocean_post_layout":"","ocean_both_sidebars_style":"","ocean_both_sidebars_content_width":0,"ocean_both_sidebars_sidebars_width":0,"ocean_sidebar":"0","ocean_second_sidebar":"0","ocean_disable_margins":"enable","ocean_add_body_class":"","ocean_shortcode_before_top_bar":"","ocean_shortcode_after_top_bar":"","ocean_shortcode_before_header":"","ocean_shortcode_after_header":"","ocean_has_shortcode":"","ocean_shortcode_after_title":"","ocean_shortcode_before_footer_widgets":"","ocean_shortcode_after_footer_widgets":"","ocean_shortcode_before_footer_bottom":"","ocean_shortcode_after_footer_bottom":"","ocean_display_top_bar":"default","ocean_display_header":"default","ocean_header_style":"","ocean_center_header_left_menu":"0","ocean_custom_header_template":"0","ocean_custom_logo":0,"ocean_custom_retina_logo":0,"ocean_custom_logo_max_width":0,"ocean_custom_logo_tablet_max_width":0,"ocean_custom_logo_mobile_max_width":0,"ocean_custom_logo_max_height":0,"ocean_custom_logo_tablet_max_height":0,"ocean_custom_logo_mobile_max_height":0,"ocean_header_custom_menu":"0","ocean_menu_typo_font_family":"0","ocean_menu_typo_font_subset":"","ocean_menu_typo_font_size":0,"ocean_menu_typo_font_size_tablet":0,"ocean_menu_typo_font_size_mobile":0,"ocean_menu_typo_font_size_unit":"px","ocean_menu_typo_font_weight":"","ocean_menu_typo_font_weight_tablet":"","ocean_menu_typo_font_weight_mobile":"","ocean_menu_typo_transform":"","ocean_menu_typo_transform_tablet":"","ocean_menu_typo_transform_mobile":"","ocean_menu_typo_line_height":0,"ocean_menu_typo_line_height_tablet":0,"ocean_menu_typo_line_height_mobile":0,"ocean_menu_typo_line_height_unit":"","ocean_menu_typo_spacing":0,"ocean_menu_typo_spacing_tablet":0,"ocean_menu_typo_spacing_mobile":0,"ocean_menu_typo_spacing_unit":"","ocean_menu_link_color":"","ocean_menu_link_color_hover":"","ocean_menu_link_color_active":"","ocean_menu_link_background":"","ocean_menu_link_hover_background":"","ocean_menu_link_active_background":"","ocean_menu_social_links_bg":"","ocean_menu_social_hover_links_bg":"","ocean_menu_social_links_color":"","ocean_menu_social_hover_links_color":"","ocean_disable_title":"default","ocean_disable_heading":"default","ocean_post_title":"","ocean_post_subheading":"","ocean_post_title_style":"","ocean_post_title_background_color":"","ocean_post_title_background":0,"ocean_post_title_bg_image_position":"","ocean_post_title_bg_image_attachment":"","ocean_post_title_bg_image_repeat":"","ocean_post_title_bg_image_size":"","ocean_post_title_height":0,"ocean_post_title_bg_overlay":0.5,"ocean_post_title_bg_overlay_color":"","ocean_disable_breadcrumbs":"default","ocean_breadcrumbs_color":"","ocean_breadcrumbs_separator_color":"","ocean_breadcrumbs_links_color":"","ocean_breadcrumbs_links_hover_color":"","ocean_display_footer_widgets":"default","ocean_display_footer_bottom":"default","ocean_custom_footer_template":"0","ofc_meta_disable_footer_callout":"","ofc_meta_callout_button_url":"","ofc_meta_callout_button_txt":"","ofc_meta_callout_text":"","osh_disable_topbar_sticky":"default","osh_disable_header_sticky":"default","osh_sticky_header_style":"default","osh_sticky_header_effect":"","osh_custom_sticky_logo":0,"osh_custom_retina_sticky_logo":0,"osh_custom_sticky_logo_height":0,"osh_background_color":"","osh_links_color":"","osh_links_hover_color":"","osh_links_active_color":"","osh_links_bg_color":"","osh_links_hover_bg_color":"","osh_links_active_bg_color":"","osh_menu_social_links_color":"","osh_menu_social_hover_links_color":""},"product_brand":[],"product_cat":[144,27],"product_tag":[124,125,123],"class_list":{"0":"post-1897","1":"product","2":"type-product","3":"status-publish","4":"has-post-thumbnail","6":"product_cat-custom-springs","7":"product_cat-custom-tension-springs","8":"product_tag-double-hook-spring","9":"product_tag-stainless-steel-spring","10":"product_tag-trampoline-spring","12":"entry","13":"has-media","15":"first","16":"instock","17":"shipping-taxable","18":"product-type-external","19":"col","20":"span_1_of_3","21":"owp-content-center","22":"owp-thumbs-layout-horizontal","23":"owp-btn-very-big","24":"owp-tabs-layout-horizontal","25":"circle-sale"},"_links":{"self":[{"href":"https:\/\/www.metalwireforms.com\/de\/wp-json\/wp\/v2\/product\/1897","targetHints":{"allow":["GET"]}}],"collection":[{"href":"https:\/\/www.metalwireforms.com\/de\/wp-json\/wp\/v2\/product"}],"about":[{"href":"https:\/\/www.metalwireforms.com\/de\/wp-json\/wp\/v2\/types\/product"}],"version-history":[{"count":1,"href":"https:\/\/www.metalwireforms.com\/de\/wp-json\/wp\/v2\/product\/1897\/revisions"}],"predecessor-version":[{"id":1903,"href":"https:\/\/www.metalwireforms.com\/de\/wp-json\/wp\/v2\/product\/1897\/revisions\/1903"}],"wp:featuredmedia":[{"embeddable":true,"href":"https:\/\/www.metalwireforms.com\/de\/wp-json\/wp\/v2\/media\/1898"}],"wp:attachment":[{"href":"https:\/\/www.metalwireforms.com\/de\/wp-json\/wp\/v2\/media?parent=1897"}],"wp:term":[{"taxonomy":"product_brand","embeddable":true,"href":"https:\/\/www.metalwireforms.com\/de\/wp-json\/wp\/v2\/product_brand?post=1897"},{"taxonomy":"product_cat","embeddable":true,"href":"https:\/\/www.metalwireforms.com\/de\/wp-json\/wp\/v2\/product_cat?post=1897"},{"taxonomy":"product_tag","embeddable":true,"href":"https:\/\/www.metalwireforms.com\/de\/wp-json\/wp\/v2\/product_tag?post=1897"}],"curies":[{"name":"wp","href":"https:\/\/api.w.org\/{rel}","templated":true}]}}